{"id":12612,"date":"2024-08-15T09:46:40","date_gmt":"2024-08-15T09:46:40","guid":{"rendered":"https:\/\/myreplicawatches.io\/product\/richard-mille-le-mans-replik-bester-klon-rm-1103\/"},"modified":"2025-10-15T14:39:20","modified_gmt":"2025-10-15T14:39:20","slug":"richard-mille-le-mans-replik-bester-klon-rm-1103","status":"publish","type":"product","link":"https:\/\/myreplicawatches.io\/de\/product\/richard-mille-le-mans-replik-bester-klon-rm-1103\/","title":{"rendered":"Richard Mille Le Mans Replik &#8211; Bester Klon RM 1103"},"content":{"rendered":"<h2>Richard Mille Le Mans Replik &#8211; Bester Klon RM 1103<\/h2>\n<p>&nbsp;<\/p>\n<h3>Vorteile des Besitzes einer Richard Mille Le Mans Replik &#8211; Best Clone RM 1103 :<\/h3>\n<ul>\n<li>Eine Replik kann zu einem weitaus g\u00fcnstigeren Preis als eine echte Uhr erworben werden, aber eine Replik sieht genauso aus und f\u00fchlt sich genauso an wie das Original.<\/li>\n<li>Das Letzte, was man will, ist ein Verm\u00f6gen f\u00fcr eine Luxusuhr auszugeben, die nur geringe Unterschiede zu unseren Replikaten aufweist.<\/li>\n<li>Viele Uhrenliebhaber wollen nicht Tausende von Dollar f\u00fcr Uhren ausgeben und m\u00f6chten das gro\u00dfartige Gef\u00fchl haben, eine gro\u00dfartige Luxusmarkenuhr zu besitzen. Hier kommt <a href=\"https:\/\/myreplicawatches.io\/de\/\">myreplicawatches.io<\/a> ins Spiel und bietet seinen Kunden dieses Gef\u00fchl.<\/li>\n<li>Besitzen Sie bereits eine echte High End Uhr, die Sie aus Sicherheitsgr\u00fcnden oder aus Gr\u00fcnden der Abwertung bei bestimmten Anl\u00e4ssen nicht tragen m\u00f6chten? Tragen Sie Ihre High Quality Richard Mille Le Mans Replica &#8211; Best Clone RM 1103 Uhr und f\u00fchlen Sie sich sicherer, haben Sie das gleiche Vertrauen und sch\u00fctzen Sie Ihre Wertsachen<\/li>\n<\/ul>\n<table id=\"tablepress-596\" class=\"tablepress tablepress-id-596\">\n<tbody class=\"row-hover\">\n<tr class=\"row-2 even\">\n<td class=\"column-1\"><b>MARKE<\/b><\/td>\n<td class=\"column-2\">Richard Mille<\/td>\n<\/tr>\n<tr class=\"row-3 odd\">\n<td class=\"column-1\"><b>FAMILIE<\/b><\/td>\n<td class=\"column-2\">N\/A<\/td>\n<\/tr>\n<tr class=\"row-4 even\">\n<td class=\"column-1\"><b>MODELL NR.<\/b><\/td>\n<td class=\"column-2\">RM11-03<\/td>\n<\/tr>\n<tr class=\"row-5 odd\">\n<td class=\"column-1\" colspan=\"2\"><b>MECHANISMUS<\/b><\/td>\n<\/tr>\n<tr class=\"row-6 even\">\n<td class=\"column-1\">Uhrwerk<\/td>\n<td class=\"column-2\">Automatisch<\/td>\n<\/tr>\n<tr class=\"row-7 odd\">\n<td class=\"column-1\">Kaliber<\/td>\n<td class=\"column-2\">RMAC3<\/td>\n<\/tr>\n<tr class=\"row-8 even\">\n<td class=\"column-1\">Leistungsreserve<\/td>\n<td class=\"column-2\">60 Stunden (Ungef\u00e4hr)<\/td>\n<\/tr>\n<tr class=\"row-9 odd\">\n<td class=\"column-1\">Pr\u00e4zision<\/td>\n<td class=\"column-2\">(-3\/+3 Sek.\/Tag) Innerhalb der COSC-Zertifizierungsgrenzen<\/td>\n<\/tr>\n<tr class=\"row-10 even\">\n<td class=\"column-1\">Zweite Hand<\/td>\n<td class=\"column-2\">Wischbewegung<\/td>\n<\/tr>\n<tr class=\"row-11 odd\">\n<td class=\"column-1\" colspan=\"2\"><b>CASE<\/b><\/td>\n<\/tr>\n<tr class=\"row-12 even\">\n<td class=\"column-1\">Material<\/td>\n<td class=\"column-2\">904L rostfreier Stahl<\/td>\n<\/tr>\n<tr class=\"row-13 odd\">\n<td class=\"column-1\">Farbe<\/td>\n<td class=\"column-2\">Transparent<\/td>\n<\/tr>\n<tr class=\"row-14 even\">\n<td class=\"column-1\">L\u00fcnette Material<\/td>\n<td class=\"column-2\">Keramik<\/td>\n<\/tr>\n<tr class=\"row-15 odd\">\n<td class=\"column-1\">Farbe L\u00fcnette<\/td>\n<td class=\"column-2\">Wei\u00df<\/td>\n<\/tr>\n<tr class=\"row-16 even\">\n<td class=\"column-1\">Kristall<\/td>\n<td class=\"column-2\">Saphir-Kristall<\/td>\n<\/tr>\n<tr class=\"row-17 odd\">\n<td class=\"column-1\">Gr\u00f6\u00dfe<\/td>\n<td class=\"column-2\">50.00 mm<\/td>\n<\/tr>\n<tr class=\"row-18 even\">\n<td class=\"column-1\">Dicke<\/td>\n<td class=\"column-2\">16.50 mm<\/td>\n<\/tr>\n<tr class=\"row-19 odd\">\n<td class=\"column-1\" colspan=\"2\"><b>BRACELET<\/b><\/td>\n<\/tr>\n<tr class=\"row-20 even\">\n<td class=\"column-1\">Material<\/td>\n<td class=\"column-2\">Gummi<\/td>\n<\/tr>\n<tr class=\"row-21 odd\">\n<td class=\"column-1\">Typ<\/td>\n<td class=\"column-2\">Gummi<\/td>\n<\/tr>\n<tr class=\"row-22 even\">\n<td class=\"column-1\">Farbe<\/td>\n<td class=\"column-2\">Wei\u00df<\/td>\n<\/tr>\n<tr class=\"row-23 odd\">\n<td class=\"column-1\">Gr\u00f6\u00dfe<\/td>\n<td class=\"column-2\">Einstellbare Glieder als Original f\u00fcr alle Gr\u00f6\u00dfen<\/td>\n<\/tr>\n<tr class=\"row-24 even\">\n<td class=\"column-1\">Material der Schlie\u00dfe<\/td>\n<td class=\"column-2\">904L Edelstahl<\/td>\n<\/tr>\n<tr class=\"row-25 odd\">\n<td class=\"column-1\">Verschluss Typ<\/td>\n<td class=\"column-2\">Doppelt gefaltete Schlie\u00dfe<\/td>\n<\/tr>\n<tr class=\"row-26 even\">\n<td class=\"column-1\">Farbe der Schlie\u00dfe<\/td>\n<td class=\"column-2\">Stahl<\/td>\n<\/tr>\n<tr class=\"row-27 odd\">\n<td class=\"column-1\" colspan=\"2\"><b>DIAL<\/b><\/td>\n<\/tr>\n<tr class=\"row-28 even\">\n<td class=\"column-1\">Spitzname<\/td>\n<td class=\"column-2\">k.A.<\/td>\n<\/tr>\n<tr class=\"row-29 odd\">\n<td class=\"column-1\">Farbe<\/td>\n<td class=\"column-2\">Silber<\/td>\n<\/tr>\n<tr class=\"row-30 even\">\n<td class=\"column-1\">Indizes<\/td>\n<td class=\"column-2\">Arabische Ziffern<\/td>\n<\/tr>\n<tr class=\"row-31 odd\">\n<td class=\"column-1\">Material der Stundenmarkierungen<\/td>\n<td class=\"column-2\">904L Edelstahl<\/td>\n<\/tr>\n<tr class=\"row-32 even\">\n<td class=\"column-1\">Stundenmarker Typ<\/td>\n<td class=\"column-2\">Anzahl<\/td>\n<\/tr>\n<tr class=\"row-33 odd\">\n<td class=\"column-1\">Material der Zeiger<\/td>\n<td class=\"column-2\">904L Edelstahl<\/td>\n<\/tr>\n<tr class=\"row-34 even\">\n<td class=\"column-1\">H\u00e4nde Typ<\/td>\n<td class=\"column-2\">Stick<\/td>\n<\/tr>\n<tr class=\"row-35 odd\">\n<td class=\"column-1\"><b>FUNKTIONEN<\/b><\/td>\n<td class=\"column-2\">Stunden, Minuten, Sekunden |Chronograph, Jahreskalender<\/td>\n<\/tr>\n<tr class=\"row-36 even\">\n<td class=\"column-1\"><b>WASSERBEST\u00c4NDIGKEIT<\/b><\/td>\n<td class=\"column-2\">Hat den 30m-Wasserdichtigkeitstest bestanden. (Der Test wurde unter einem Druck von 3 atm\/30 Metern durchgef\u00fchrt. Schwimmen wird jedoch f\u00fcr keine Uhr empfohlen, weder f\u00fcr eine echte noch f\u00fcr eine Replik).<\/td>\n<\/tr>\n<tr class=\"row-37 odd\">\n<td class=\"column-1\"><b>PERFEKTION<\/b><\/td>\n<td class=\"column-2\">&#8211; Die gleichen arrangierbaren Seriennummern und Karten<br \/>\n&#8211; Die gleiche Schriftart, Punto und Verarbeitung f\u00fcr Schriften und Markierungen<br \/>\n&#8211; Die gleiche Dicke und Gr\u00f6\u00dfe<br \/>\n&#8211; Das gleiche leistungsstarke Uhrwerk und Kaliber<br \/>\nKurz gesagt, es ist die gleiche authentische Uhr! Das ist die Perfektion unserer 1:1-Superklone von Uhren mit Schweizer Mechanismus! Nicht einmal Ihr Juwelier kann den Unterschied feststellen!<\/td>\n<\/tr>\n<tr class=\"row-38 even\">\n<td class=\"column-1\"><b>GARANTIE<\/b><\/td>\n<td class=\"column-2\">Auf alle unsere Uhren mit Schweizer Mechanismus gew\u00e4hren wir eine 2-j\u00e4hrige internationale Garantie.<\/td>\n<\/tr>\n<tr class=\"row-39 odd\">\n<td class=\"column-1\"><b>ACHTUNG BITTE<br \/>\n<\/b><\/td>\n<td class=\"column-2\">Sehr geehrte Kunden, bei den Uhren mit japanischem Mechanismus k\u00f6nnen sich die Materialien und Uhrwerke von denen der Uhren mit Schweizer Mechanismus unterscheiden.<br \/>\nBitte kontaktieren Sie unser Support-Team, um weitere Informationen und Videos zu den Uhren zu erhalten.<br \/>\n(Die Merkmale in der Liste sind f\u00fcr Uhren mit Schweizer Mechanismus vorbereitet).<\/td>\n<\/tr>\n<\/tbody>\n<\/table>\n<p>&nbsp;<\/p>\n<h2><span class=\"propery-des\" title=\"Modell\"><strong>Garantie<\/strong> <\/span><\/h2>\n<div><span class=\"propery-des\" title=\"Modell\">100%ige Zufriedenheitsgarantie! Sollten Sie mit Ihrer ersten <a href=\"https:\/\/myreplicawatches.io\/de\/\">myreplicawatches<\/a> Uhr nicht zu 100% zufrieden sein, versprechen wir Ihnen, alles richtig zu machen. <\/span><\/div>\n<div><\/div>\n<div><\/div>\n<h2><span class=\"propery-des\" title=\"Modell\">Lieferung<\/span><\/h2>\n<div><\/div>\n<div>\n<p>Weltweiter Fedex-Versand &#8211; 3 bis 10 Tage gesch\u00e4tzte Ankunftszeit Nachdem Sie Ihre Bestellung aufgegeben haben, erlauben Sie uns bitte 2-3 Tage, um Ihr Produkt zu versenden. Sie erhalten Ihre Tracking-Nummer sofort nach dem Versand Ihres Produkts.<\/p>\n<\/div>\n","protected":false},"excerpt":{"rendered":"<p>Richard Mille Le Mans Replik &#8211; Bester Klon RM 1103 &nbsp; Vorteile des Besitzes einer Richard Mille Le Mans Replik &#8211; Best Clone RM 1103 : Eine Replik kann zu einem weitaus g\u00fcnstigeren Preis als eine echte Uhr erworben werden, aber eine Replik sieht genauso aus und f\u00fchlt sich genauso an wie das Original. Das<\/p>\n","protected":false},"featured_media":12613,"comment_status":"open","ping_status":"closed","template":"","meta":{"_uag_custom_page_level_css":"","site-sidebar-layout":"default","site-content-layout":"","ast-site-content-layout":"default","site-content-style":"default","site-sidebar-style":"default","ast-global-header-display":"","ast-banner-title-visibility":"","ast-main-header-display":"","ast-hfb-above-header-display":"","ast-hfb-below-header-display":"","ast-hfb-mobile-header-display":"","site-post-title":"","ast-breadcrumbs-content":"","ast-featured-img":"","footer-sml-layout":"","theme-transparent-header-meta":"default","adv-header-id-meta":"","stick-header-meta":"default","header-above-stick-meta":"","header-main-stick-meta":"","header-below-stick-meta":"","astra-migrate-meta-layouts":"set","ast-page-background-enabled":"default","ast-page-background-meta":{"desktop":{"background-color":"var(--ast-global-color-4)","background-image":"","background-repeat":"repeat","background-position":"center center","background-size":"auto","background-attachment":"scroll","background-type":"","background-media":"","overlay-type":"","overlay-color":"","overlay-opacity":"","overlay-gradient":""},"tablet":{"background-color":"","background-image":"","background-repeat":"repeat","background-position":"center center","background-size":"auto","background-attachment":"scroll","background-type":"","background-media":"","overlay-type":"","overlay-color":"","overlay-opacity":"","overlay-gradient":""},"mobile":{"background-color":"","background-image":"","background-repeat":"repeat","background-position":"center center","background-size":"auto","background-attachment":"scroll","background-type":"","background-media":"","overlay-type":"","overlay-color":"","overlay-opacity":"","overlay-gradient":""}},"ast-content-background-meta":{"desktop":{"background-color":"var(--ast-global-color-5)","background-image":"","background-repeat":"repeat","background-position":"center center","background-size":"auto","background-attachment":"scroll","background-type":"","background-media":"","overlay-type":"","overlay-color":"","overlay-opacity":"","overlay-gradient":""},"tablet":{"background-color":"var(--ast-global-color-5)","background-image":"","background-repeat":"repeat","background-position":"center center","background-size":"auto","background-attachment":"scroll","background-type":"","background-media":"","overlay-type":"","overlay-color":"","overlay-opacity":"","overlay-gradient":""},"mobile":{"background-color":"var(--ast-global-color-5)","background-image":"","background-repeat":"repeat","background-position":"center center","background-size":"auto","background-attachment":"scroll","background-type":"","background-media":"","overlay-type":"","overlay-color":"","overlay-opacity":"","overlay-gradient":""}}},"product_brand":[],"product_cat":[290,287,288,369,397],"product_tag":[916,918,902,904,1138,895,894,897,1237,889,890,899,1115,885,1239,901,896,323],"class_list":{"0":"post-12612","1":"product","2":"type-product","3":"status-publish","4":"has-post-thumbnail","6":"product_cat-neue-kollektion-2024","7":"product_cat-replik-richard-mille","8":"product_cat-super-klon-uhren","9":"product_cat-newest-products-de","10":"product_cat-super-clone-richard-mille-replica-de","11":"product_tag-chronograph-de","12":"product_tag-classic-de","13":"product_tag-elegant-de","14":"product_tag-exclusive-de","15":"product_tag-exclusive-piece","16":"product_tag-fashion-de","17":"product_tag-high-quality-de","18":"product_tag-jewelry-de","19":"product_tag-le-mans","20":"product_tag-luxury-de","21":"product_tag-mens-de","22":"product_tag-prestigious-de","23":"product_tag-replica-de","24":"product_tag-richard-mille-de","25":"product_tag-rm-1103","26":"product_tag-sporty-de","27":"product_tag-timepiece-de","28":"product_tag-watch-de","29":"desktop-align-left","30":"tablet-align-left","31":"mobile-align-left","32":"ast-product-gallery-layout-vertical-slider","34":"first","35":"instock","36":"sale","37":"shipping-taxable","38":"purchasable","39":"product-type-simple"},"uagb_featured_image_src":{"full":["https:\/\/myreplicawatches.io\/wp-content\/uploads\/2024\/08\/Screenshot-2024-08-15-at-12.35.14-PM.jpg",872,838,false],"thumbnail":["https:\/\/myreplicawatches.io\/wp-content\/uploads\/2024\/08\/Screenshot-2024-08-15-at-12.35.14-PM-150x150.png",150,150,true],"medium":["https:\/\/myreplicawatches.io\/wp-content\/uploads\/2024\/08\/Screenshot-2024-08-15-at-12.35.14-PM-300x288.png",300,288,true],"medium_large":["https:\/\/myreplicawatches.io\/wp-content\/uploads\/2024\/08\/Screenshot-2024-08-15-at-12.35.14-PM-768x738.png",768,738,true],"large":["https:\/\/myreplicawatches.io\/wp-content\/uploads\/2024\/08\/Screenshot-2024-08-15-at-12.35.14-PM.jpg",872,838,false],"1536x1536":["https:\/\/myreplicawatches.io\/wp-content\/uploads\/2024\/08\/Screenshot-2024-08-15-at-12.35.14-PM.jpg",872,838,false],"2048x2048":["https:\/\/myreplicawatches.io\/wp-content\/uploads\/2024\/08\/Screenshot-2024-08-15-at-12.35.14-PM.jpg",872,838,false],"woocommerce_thumbnail":["https:\/\/myreplicawatches.io\/wp-content\/uploads\/2024\/08\/Screenshot-2024-08-15-at-12.35.14-PM-300x300.jpg",300,300,true],"woocommerce_single":["https:\/\/myreplicawatches.io\/wp-content\/uploads\/2024\/08\/Screenshot-2024-08-15-at-12.35.14-PM-600x577.jpg",600,577,true],"woocommerce_gallery_thumbnail":["https:\/\/myreplicawatches.io\/wp-content\/uploads\/2024\/08\/Screenshot-2024-08-15-at-12.35.14-PM-100x100.jpg",100,100,true],"variation_swatches_image_size":["https:\/\/myreplicawatches.io\/wp-content\/uploads\/2024\/08\/Screenshot-2024-08-15-at-12.35.14-PM-50x50.png",50,50,true],"variation_swatches_tooltip_size":["https:\/\/myreplicawatches.io\/wp-content\/uploads\/2024\/08\/Screenshot-2024-08-15-at-12.35.14-PM-100x100.png",100,100,true],"dgwt-wcas-product-suggestion":["https:\/\/myreplicawatches.io\/wp-content\/uploads\/2024\/08\/Screenshot-2024-08-15-at-12.35.14-PM-64x62.jpg",64,62,true]},"uagb_author_info":{"display_name":"admin","author_link":"https:\/\/myreplicawatches.io\/de\/author\/"},"uagb_comment_info":0,"uagb_excerpt":"Richard Mille Le Mans Replik &#8211; Bester Klon RM 1103 &nbsp; Vorteile des Besitzes einer Richard Mille Le Mans Replik &#8211; Best Clone RM 1103 : Eine Replik kann zu einem weitaus g\u00fcnstigeren Preis als eine echte Uhr erworben werden, aber eine Replik sieht genauso aus und f\u00fchlt sich genauso an wie das Original. Das","jetpack_sharing_enabled":true,"_links":{"self":[{"href":"https:\/\/myreplicawatches.io\/de\/wp-json\/wp\/v2\/product\/12612","targetHints":{"allow":["GET"]}}],"collection":[{"href":"https:\/\/myreplicawatches.io\/de\/wp-json\/wp\/v2\/product"}],"about":[{"href":"https:\/\/myreplicawatches.io\/de\/wp-json\/wp\/v2\/types\/product"}],"replies":[{"embeddable":true,"href":"https:\/\/myreplicawatches.io\/de\/wp-json\/wp\/v2\/comments?post=12612"}],"wp:featuredmedia":[{"embeddable":true,"href":"https:\/\/myreplicawatches.io\/de\/wp-json\/wp\/v2\/media\/12613"}],"wp:attachment":[{"href":"https:\/\/myreplicawatches.io\/de\/wp-json\/wp\/v2\/media?parent=12612"}],"wp:term":[{"taxonomy":"product_brand","embeddable":true,"href":"https:\/\/myreplicawatches.io\/de\/wp-json\/wp\/v2\/product_brand?post=12612"},{"taxonomy":"product_cat","embeddable":true,"href":"https:\/\/myreplicawatches.io\/de\/wp-json\/wp\/v2\/product_cat?post=12612"},{"taxonomy":"product_tag","embeddable":true,"href":"https:\/\/myreplicawatches.io\/de\/wp-json\/wp\/v2\/product_tag?post=12612"}],"curies":[{"name":"wp","href":"https:\/\/api.w.org\/{rel}","templated":true}]}}