{"id":12563,"date":"2024-08-22T21:40:58","date_gmt":"2024-08-22T21:40:58","guid":{"rendered":"https:\/\/myreplicawatches.io\/product\/replik-audemars-piguet-royal-oak-offshore-ghost-42-mm-silberfarben\/"},"modified":"2025-09-19T22:19:14","modified_gmt":"2025-09-19T22:19:14","slug":"replik-audemars-piguet-royal-oak-offshore-ghost-42-mm-silberfarben","status":"publish","type":"product","link":"https:\/\/myreplicawatches.io\/de\/product\/replik-audemars-piguet-royal-oak-offshore-ghost-42-mm-silberfarben\/","title":{"rendered":"Replik Audemars Piguet Royal Oak Offshore Ghost 42 mm, Silberfarben"},"content":{"rendered":"<h2>Replik Audemars Piguet Royal Oak Offshore Ghost 42 mm, silberfarben &#8211; Bester Replik Klon AP Offshore<\/h2>\n<p>&nbsp;<\/p>\n<table>\n<tbody>\n<tr>\n<td>\n<h3>Grundlegende Informationen<\/h3>\n<\/td>\n<\/tr>\n<tr>\n<td><strong>Marke:<\/strong><\/td>\n<td>Audemars Piguet<\/td>\n<\/tr>\n<tr>\n<td><strong>Kollektion:<\/strong><\/td>\n<td>Royal Oak Offshore<\/td>\n<\/tr>\n<tr>\n<td><strong>Modell:<\/strong><\/td>\n<td>Royal Oak Offshore Masato<\/td>\n<\/tr>\n<tr>\n<td><strong>Referenznummer:<\/strong><\/td>\n<td>26470IO.OO.A006CA.01<\/td>\n<\/tr>\n<tr>\n<td><strong>Zifferblatt Farbe:<\/strong><\/td>\n<td>Silberfarben<\/td>\n<\/tr>\n<tr>\n<td><strong>Geh\u00e4use-Durchmesser:<\/strong><\/td>\n<td>42 mm<\/td>\n<\/tr>\n<tr>\n<td><strong>Geh\u00e4use-Material:<\/strong><\/td>\n<td>Rostfreier Stahl<\/td>\n<\/tr>\n<tr>\n<td><strong>Material des Armbands:<\/strong><\/td>\n<td>Gummi<\/td>\n<\/tr>\n<tr>\n<td><strong>Farbe des Armbands:<\/strong><\/td>\n<td>Dunkelgrau<\/td>\n<\/tr>\n<tr>\n<td><strong>Glas:<\/strong><\/td>\n<td>Saphirglas<\/td>\n<\/tr>\n<\/tbody>\n<\/table>\n<h3><\/h3>\n<h3>Vorteile des Besitzes der Replica Audemars Piguet Royal Oak Offshore Ghost 42 mm, Silver-Toned:<\/h3>\n<ul>\n<li>Eine Replik kann zu einem weitaus g\u00fcnstigeren Preis als eine echte Uhr erworben werden, aber eine Replik sieht genauso aus und f\u00fchlt sich genauso an wie das Original.<\/li>\n<li>Das Letzte, was man will, ist ein Verm\u00f6gen f\u00fcr eine Luxusuhr auszugeben, die nur geringe Unterschiede zu unseren Replikaten aufweist.<\/li>\n<li>Viele Uhrenliebhaber m\u00f6chten nicht Tausende von Dollars f\u00fcr Uhren ausgeben und w\u00fcnschen sich das gro\u00dfartige Gef\u00fchl, eine gro\u00dfartige Luxusmarkenuhr zu besitzen. Hier kommt myreplicawatches ins Spiel und bietet seinen Kunden dieses Gef\u00fchl.<\/li>\n<li>Besitzen Sie bereits eine echte High End-Uhr, die Sie aus Sicherheitsgr\u00fcnden oder aus Gr\u00fcnden der Abwertung bei bestimmten Anl\u00e4ssen nicht tragen m\u00f6chten? Tragen Sie Ihre High QualityReplica Audemars Piguet Royal Oak Offshore Ghost 42 mm, Silver-Toned und f\u00fchlen Sie sich sicherer, haben Sie das gleiche Vertrauen, sch\u00fctzen Sie Ihre Wertsachen<\/li>\n<\/ul>\n<h4>Profis<\/h4>\n<ul>\n<li>Viele Uhrenliebhaber wollen nicht Tausende von Dollars f\u00fcr Uhren ausgeben und m\u00f6chten das gro\u00dfartige Gef\u00fchl haben, eine gro\u00dfe Luxusmarkenuhr zu besitzen. Hier kommt myreplicawatches ins Spiel und bietet seinen Kunden dieses Gef\u00fchl.<\/li>\n<\/ul>\n","protected":false},"excerpt":{"rendered":"<p>Replik Audemars Piguet Royal Oak Offshore Ghost 42 mm, silberfarben &#8211; Bester Replik Klon AP Offshore &nbsp; Grundlegende Informationen Marke: Audemars Piguet Kollektion: Royal Oak Offshore Modell: Royal Oak Offshore Masato Referenznummer: 26470IO.OO.A006CA.01 Zifferblatt Farbe: Silberfarben Geh\u00e4use-Durchmesser: 42 mm Geh\u00e4use-Material: Rostfreier Stahl Material des Armbands: Gummi Farbe des Armbands: Dunkelgrau Glas: Saphirglas Vorteile des Besitzes<\/p>\n","protected":false},"featured_media":12565,"comment_status":"open","ping_status":"closed","template":"","meta":{"_uag_custom_page_level_css":"","site-sidebar-layout":"default","site-content-layout":"","ast-site-content-layout":"default","site-content-style":"default","site-sidebar-style":"default","ast-global-header-display":"","ast-banner-title-visibility":"","ast-main-header-display":"","ast-hfb-above-header-display":"","ast-hfb-below-header-display":"","ast-hfb-mobile-header-display":"","site-post-title":"","ast-breadcrumbs-content":"","ast-featured-img":"","footer-sml-layout":"","theme-transparent-header-meta":"default","adv-header-id-meta":"","stick-header-meta":"default","header-above-stick-meta":"","header-main-stick-meta":"","header-below-stick-meta":"","astra-migrate-meta-layouts":"set","ast-page-background-enabled":"default","ast-page-background-meta":{"desktop":{"background-color":"var(--ast-global-color-4)","background-image":"","background-repeat":"repeat","background-position":"center center","background-size":"auto","background-attachment":"scroll","background-type":"","background-media":"","overlay-type":"","overlay-color":"","overlay-opacity":"","overlay-gradient":""},"tablet":{"background-color":"","background-image":"","background-repeat":"repeat","background-position":"center center","background-size":"auto","background-attachment":"scroll","background-type":"","background-media":"","overlay-type":"","overlay-color":"","overlay-opacity":"","overlay-gradient":""},"mobile":{"background-color":"","background-image":"","background-repeat":"repeat","background-position":"center center","background-size":"auto","background-attachment":"scroll","background-type":"","background-media":"","overlay-type":"","overlay-color":"","overlay-opacity":"","overlay-gradient":""}},"ast-content-background-meta":{"desktop":{"background-color":"var(--ast-global-color-5)","background-image":"","background-repeat":"repeat","background-position":"center center","background-size":"auto","background-attachment":"scroll","background-type":"","background-media":"","overlay-type":"","overlay-color":"","overlay-opacity":"","overlay-gradient":""},"tablet":{"background-color":"var(--ast-global-color-5)","background-image":"","background-repeat":"repeat","background-position":"center center","background-size":"auto","background-attachment":"scroll","background-type":"","background-media":"","overlay-type":"","overlay-color":"","overlay-opacity":"","overlay-gradient":""},"mobile":{"background-color":"var(--ast-global-color-5)","background-image":"","background-repeat":"repeat","background-position":"center center","background-size":"auto","background-attachment":"scroll","background-type":"","background-media":"","overlay-type":"","overlay-color":"","overlay-opacity":"","overlay-gradient":""}}},"product_brand":[],"product_cat":[289,290,288,369],"product_tag":[7326,7265,7343,7350,7266,7349,7348,7325,7259,7267,7347,7262,7321],"class_list":{"0":"post-12563","1":"product","2":"type-product","3":"status-publish","4":"has-post-thumbnail","6":"product_cat-replik-audemars-piguet","7":"product_cat-neue-kollektion-2024","8":"product_cat-super-klon-uhren","9":"product_cat-newest-products-de","10":"product_tag-affordable-audemars-piguet-royal-oak-offshore-replica","11":"product_tag-ap-royal-oak-counterfeit","12":"product_tag-ap-royal-oak-offshore-ghost-42-mm-fake-de","13":"product_tag-ap-royal-oak-offshore-ghost-silver-toned-for-sale","14":"product_tag-audemars-piguet-homage-watch","15":"product_tag-audemars-piguet-offshore-ghost-silver-toned-knockoff","16":"product_tag-best-audemars-piguet-offshore-ghost-clone","17":"product_tag-high-quality-ap-offshore-replica","18":"product_tag-luxury-audemars-piguet-replica","19":"product_tag-premium-replica-audemars-piguet","20":"product_tag-replica-audemars-piguet-royal-oak-offshore-ghost-42-mm-silver-toned","21":"product_tag-swiss-replica-audemars-piguet","22":"product_tag-top-audemars-piguet-offshore-super-clone-de","23":"desktop-align-left","24":"tablet-align-left","25":"mobile-align-left","26":"ast-product-gallery-layout-vertical-slider","27":"ast-product-single-variable","29":"first","30":"instock","31":"sale","32":"shipping-taxable","33":"purchasable","34":"product-type-variable"},"uagb_featured_image_src":{"full":["https:\/\/myreplicawatches.io\/wp-content\/uploads\/2024\/08\/Screenshot-2024-08-23-at-12.39.16-AM.jpg",910,910,false],"thumbnail":["https:\/\/myreplicawatches.io\/wp-content\/uploads\/2024\/08\/Screenshot-2024-08-23-at-12.39.16-AM-150x150.png",150,150,true],"medium":["https:\/\/myreplicawatches.io\/wp-content\/uploads\/2024\/08\/Screenshot-2024-08-23-at-12.39.16-AM-300x300.png",300,300,true],"medium_large":["https:\/\/myreplicawatches.io\/wp-content\/uploads\/2024\/08\/Screenshot-2024-08-23-at-12.39.16-AM-768x768.png",768,768,true],"large":["https:\/\/myreplicawatches.io\/wp-content\/uploads\/2024\/08\/Screenshot-2024-08-23-at-12.39.16-AM.jpg",910,910,false],"1536x1536":["https:\/\/myreplicawatches.io\/wp-content\/uploads\/2024\/08\/Screenshot-2024-08-23-at-12.39.16-AM.jpg",910,910,false],"2048x2048":["https:\/\/myreplicawatches.io\/wp-content\/uploads\/2024\/08\/Screenshot-2024-08-23-at-12.39.16-AM.jpg",910,910,false],"woocommerce_thumbnail":["https:\/\/myreplicawatches.io\/wp-content\/uploads\/2024\/08\/Screenshot-2024-08-23-at-12.39.16-AM-300x300.jpg",300,300,true],"woocommerce_single":["https:\/\/myreplicawatches.io\/wp-content\/uploads\/2024\/08\/Screenshot-2024-08-23-at-12.39.16-AM-600x600.jpg",600,600,true],"woocommerce_gallery_thumbnail":["https:\/\/myreplicawatches.io\/wp-content\/uploads\/2024\/08\/Screenshot-2024-08-23-at-12.39.16-AM-100x100.jpg",100,100,true],"variation_swatches_image_size":["https:\/\/myreplicawatches.io\/wp-content\/uploads\/2024\/08\/Screenshot-2024-08-23-at-12.39.16-AM-50x50.png",50,50,true],"variation_swatches_tooltip_size":["https:\/\/myreplicawatches.io\/wp-content\/uploads\/2024\/08\/Screenshot-2024-08-23-at-12.39.16-AM-100x100.png",100,100,true],"dgwt-wcas-product-suggestion":["https:\/\/myreplicawatches.io\/wp-content\/uploads\/2024\/08\/Screenshot-2024-08-23-at-12.39.16-AM-64x64.jpg",64,64,true]},"uagb_author_info":{"display_name":"admin","author_link":"https:\/\/myreplicawatches.io\/de\/author\/"},"uagb_comment_info":0,"uagb_excerpt":"Replik Audemars Piguet Royal Oak Offshore Ghost 42 mm, silberfarben &#8211; Bester Replik Klon AP Offshore &nbsp; Grundlegende Informationen Marke: Audemars Piguet Kollektion: Royal Oak Offshore Modell: Royal Oak Offshore Masato Referenznummer: 26470IO.OO.A006CA.01 Zifferblatt Farbe: Silberfarben Geh\u00e4use-Durchmesser: 42 mm Geh\u00e4use-Material: Rostfreier Stahl Material des Armbands: Gummi Farbe des Armbands: Dunkelgrau Glas: Saphirglas Vorteile des Besitzes","jetpack_sharing_enabled":true,"_links":{"self":[{"href":"https:\/\/myreplicawatches.io\/de\/wp-json\/wp\/v2\/product\/12563","targetHints":{"allow":["GET"]}}],"collection":[{"href":"https:\/\/myreplicawatches.io\/de\/wp-json\/wp\/v2\/product"}],"about":[{"href":"https:\/\/myreplicawatches.io\/de\/wp-json\/wp\/v2\/types\/product"}],"replies":[{"embeddable":true,"href":"https:\/\/myreplicawatches.io\/de\/wp-json\/wp\/v2\/comments?post=12563"}],"wp:featuredmedia":[{"embeddable":true,"href":"https:\/\/myreplicawatches.io\/de\/wp-json\/wp\/v2\/media\/12565"}],"wp:attachment":[{"href":"https:\/\/myreplicawatches.io\/de\/wp-json\/wp\/v2\/media?parent=12563"}],"wp:term":[{"taxonomy":"product_brand","embeddable":true,"href":"https:\/\/myreplicawatches.io\/de\/wp-json\/wp\/v2\/product_brand?post=12563"},{"taxonomy":"product_cat","embeddable":true,"href":"https:\/\/myreplicawatches.io\/de\/wp-json\/wp\/v2\/product_cat?post=12563"},{"taxonomy":"product_tag","embeddable":true,"href":"https:\/\/myreplicawatches.io\/de\/wp-json\/wp\/v2\/product_tag?post=12563"}],"curies":[{"name":"wp","href":"https:\/\/api.w.org\/{rel}","templated":true}]}}