{"id":12513,"date":"2024-08-18T21:41:46","date_gmt":"2024-08-18T21:41:46","guid":{"rendered":"https:\/\/myreplicawatches.io\/product\/replik-omega-seamaster-300m-schwarz-schwarz-keramikgehaeuse-super-clone-replik\/"},"modified":"2025-09-19T22:19:42","modified_gmt":"2025-09-19T22:19:42","slug":"replik-omega-seamaster-300m-schwarz-schwarz-keramikgehaeuse-super-clone-replik","status":"publish","type":"product","link":"https:\/\/myreplicawatches.io\/de\/product\/replik-omega-seamaster-300m-schwarz-schwarz-keramikgehaeuse-super-clone-replik\/","title":{"rendered":"Replik Omega Seamaster 300M &#8222;Schwarz Schwarz&#8220; Keramikgeh\u00e4use Super Clone Replik"},"content":{"rendered":"<h2>Replik Omega Seamaster 300M &#8222;Schwarz Schwarz&#8220; Keramikgeh\u00e4use Super Clone Replik<\/h2>\n<p>&nbsp;<\/p>\n<h5>Vorteile des Besitzes der Replik Omega Seamaster 300M &#8222;Black Black&#8220; Keramikgeh\u00e4use Super Clone Replik<\/h5>\n<ul>\n<li>Eine Replik kann zu einem weitaus g\u00fcnstigeren Preis als eine echte Uhr erworben werden, aber eine Replik sieht genauso aus und f\u00fchlt sich genauso an wie das Original.<\/li>\n<li>Das Letzte, was man will, ist ein Verm\u00f6gen f\u00fcr eine Luxusuhr auszugeben, die nur geringe Unterschiede zu unseren Replikaten aufweist.<\/li>\n<li>Viele Uhrenliebhaber wollen nicht Tausende von Dollar f\u00fcr Uhren ausgeben und m\u00f6chten das gro\u00dfartige Gef\u00fchl haben, eine gro\u00dfe Luxusmarkenuhr zu besitzen. Hier kommt myreplicawatches.io Uhren ins Spiel und bietet seinen Kunden dieses Gef\u00fchl.<\/li>\n<li>Besitzen Sie bereits eine echte High End Uhr, die Sie aus Sicherheitsgr\u00fcnden oder aus Gr\u00fcnden der Abwertung bei bestimmten Anl\u00e4ssen nicht tragen m\u00f6chten? Tragen Sie Ihre hochwertige Replik Omega Seamaster 300M &#8222;Black Black&#8220; Ceramic Case Super Clone ReplicaWatch und f\u00fchlen Sie sich sicherer, haben Sie das gleiche Vertrauen, sch\u00fctzen Sie Ihre Wertsachen<\/li>\n<\/ul>\n<p>&nbsp;<\/p>\n<p>Replica Omega Seamaster 300M &#8222;Black Black&#8220; Ceramic Case Swiss 1:1 Mirror Replica Watch Die beste Replikation dieses Modells bis zum heutigen Tag f\u00fcr dieses Modell. Ref# 210.92.44.20.01.003 Alle Teile austauschbar mit den Originalen Original Schweizer Cal.8806 Uhrwerk in dieser Uhr mit Maschinen Ausrichtung genau wie die Originale Ein St\u00fcck Keramik-Geh\u00e4use komplett mit allen Markierungen und Gravuren. Keramikr\u00fcckseite mit durchsichtigem Saphirglas Schwarzes Keramik-Zifferblatt mit Wellenstruktur, Datumsanzeige und gr\u00fcnen Superlumineszenzzeigern mit blauen Superlumineszenz-Stundenmarkierungen Schwarze, einseitig drehbare L\u00fcnette Saphirglas mit doppelter Anti-Reflex-Beschichtung Schwarzes Kautschukarmband mit Dornschlie\u00dfe, komplett mit Omega-Markierungen und -Gravuren 43,50 mm<\/p>\n<p>&nbsp;<\/p>\n<div id=\"elementor-tab-title-4231\" class=\"elementor-tab-title elementor-active\" tabindex=\"0\" role=\"button\" data-tab=\"1\" aria-controls=\"elementor-tab-content-4231\" aria-expanded=\"true\" aria-selected=\"true\"><a class=\"elementor-toggle-title\" tabindex=\"0\">Versandzeit<\/a><\/div>\n<div id=\"elementor-tab-content-4231\" class=\"elementor-tab-content elementor-clearfix elementor-active\" role=\"region\" data-tab=\"1\" aria-labelledby=\"elementor-tab-title-4231\">\n<p>Die gesch\u00e4tzte Ankunftszeit betr\u00e4gt 4-12 Tage nach dem Versand. Sie erhalten Ihre Tracking-Nummer innerhalb von 2-3 Tagen nach Ihrer Bestellung.<\/p>\n<\/div>\n","protected":false},"excerpt":{"rendered":"<p>Replik Omega Seamaster 300M &#8222;Schwarz Schwarz&#8220; Keramikgeh\u00e4use Super Clone Replik &nbsp; Vorteile des Besitzes der Replik Omega Seamaster 300M &#8222;Black Black&#8220; Keramikgeh\u00e4use Super Clone Replik Eine Replik kann zu einem weitaus g\u00fcnstigeren Preis als eine echte Uhr erworben werden, aber eine Replik sieht genauso aus und f\u00fchlt sich genauso an wie das Original. Das Letzte,<\/p>\n","protected":false},"featured_media":12515,"comment_status":"open","ping_status":"closed","template":"","meta":{"_uag_custom_page_level_css":"","site-sidebar-layout":"default","site-content-layout":"","ast-site-content-layout":"default","site-content-style":"default","site-sidebar-style":"default","ast-global-header-display":"","ast-banner-title-visibility":"","ast-main-header-display":"","ast-hfb-above-header-display":"","ast-hfb-below-header-display":"","ast-hfb-mobile-header-display":"","site-post-title":"","ast-breadcrumbs-content":"","ast-featured-img":"","footer-sml-layout":"","theme-transparent-header-meta":"default","adv-header-id-meta":"","stick-header-meta":"default","header-above-stick-meta":"","header-main-stick-meta":"","header-below-stick-meta":"","astra-migrate-meta-layouts":"set","ast-page-background-enabled":"default","ast-page-background-meta":{"desktop":{"background-color":"var(--ast-global-color-4)","background-image":"","background-repeat":"repeat","background-position":"center center","background-size":"auto","background-attachment":"scroll","background-type":"","background-media":"","overlay-type":"","overlay-color":"","overlay-opacity":"","overlay-gradient":""},"tablet":{"background-color":"","background-image":"","background-repeat":"repeat","background-position":"center center","background-size":"auto","background-attachment":"scroll","background-type":"","background-media":"","overlay-type":"","overlay-color":"","overlay-opacity":"","overlay-gradient":""},"mobile":{"background-color":"","background-image":"","background-repeat":"repeat","background-position":"center center","background-size":"auto","background-attachment":"scroll","background-type":"","background-media":"","overlay-type":"","overlay-color":"","overlay-opacity":"","overlay-gradient":""}},"ast-content-background-meta":{"desktop":{"background-color":"var(--ast-global-color-5)","background-image":"","background-repeat":"repeat","background-position":"center center","background-size":"auto","background-attachment":"scroll","background-type":"","background-media":"","overlay-type":"","overlay-color":"","overlay-opacity":"","overlay-gradient":""},"tablet":{"background-color":"var(--ast-global-color-5)","background-image":"","background-repeat":"repeat","background-position":"center center","background-size":"auto","background-attachment":"scroll","background-type":"","background-media":"","overlay-type":"","overlay-color":"","overlay-opacity":"","overlay-gradient":""},"mobile":{"background-color":"var(--ast-global-color-5)","background-image":"","background-repeat":"repeat","background-position":"center center","background-size":"auto","background-attachment":"scroll","background-type":"","background-media":"","overlay-type":"","overlay-color":"","overlay-opacity":"","overlay-gradient":""}}},"product_brand":[],"product_cat":[302,290,296,288,369],"product_tag":[7427],"class_list":{"0":"post-12513","1":"product","2":"type-product","3":"status-publish","4":"has-post-thumbnail","6":"product_cat-replik-omega-seamaster","7":"product_cat-neue-kollektion-2024","8":"product_cat-super-klon-omega","9":"product_cat-super-klon-uhren","10":"product_cat-newest-products-de","11":"product_tag-top-omega-seamaster-300m-super-clone-de","12":"desktop-align-left","13":"tablet-align-left","14":"mobile-align-left","15":"ast-product-gallery-layout-vertical-slider","16":"ast-product-single-variable","18":"first","19":"instock","20":"sale","21":"shipping-taxable","22":"purchasable","23":"product-type-variable"},"uagb_featured_image_src":{"full":["https:\/\/myreplicawatches.io\/wp-content\/uploads\/2024\/08\/Screenshot-2024-08-19-at-12.40.20-AM.jpg",736,740,false],"thumbnail":["https:\/\/myreplicawatches.io\/wp-content\/uploads\/2024\/08\/Screenshot-2024-08-19-at-12.40.20-AM-150x150.png",150,150,true],"medium":["https:\/\/myreplicawatches.io\/wp-content\/uploads\/2024\/08\/Screenshot-2024-08-19-at-12.40.20-AM-298x300.png",298,300,true],"medium_large":["https:\/\/myreplicawatches.io\/wp-content\/uploads\/2024\/08\/Screenshot-2024-08-19-at-12.40.20-AM.jpg",736,740,false],"large":["https:\/\/myreplicawatches.io\/wp-content\/uploads\/2024\/08\/Screenshot-2024-08-19-at-12.40.20-AM.jpg",736,740,false],"1536x1536":["https:\/\/myreplicawatches.io\/wp-content\/uploads\/2024\/08\/Screenshot-2024-08-19-at-12.40.20-AM.jpg",736,740,false],"2048x2048":["https:\/\/myreplicawatches.io\/wp-content\/uploads\/2024\/08\/Screenshot-2024-08-19-at-12.40.20-AM.jpg",736,740,false],"woocommerce_thumbnail":["https:\/\/myreplicawatches.io\/wp-content\/uploads\/2024\/08\/Screenshot-2024-08-19-at-12.40.20-AM-300x300.jpg",300,300,true],"woocommerce_single":["https:\/\/myreplicawatches.io\/wp-content\/uploads\/2024\/08\/Screenshot-2024-08-19-at-12.40.20-AM-600x603.jpg",600,603,true],"woocommerce_gallery_thumbnail":["https:\/\/myreplicawatches.io\/wp-content\/uploads\/2024\/08\/Screenshot-2024-08-19-at-12.40.20-AM-100x100.jpg",100,100,true],"variation_swatches_image_size":["https:\/\/myreplicawatches.io\/wp-content\/uploads\/2024\/08\/Screenshot-2024-08-19-at-12.40.20-AM-50x50.png",50,50,true],"variation_swatches_tooltip_size":["https:\/\/myreplicawatches.io\/wp-content\/uploads\/2024\/08\/Screenshot-2024-08-19-at-12.40.20-AM-100x100.png",100,100,true],"dgwt-wcas-product-suggestion":["https:\/\/myreplicawatches.io\/wp-content\/uploads\/2024\/08\/Screenshot-2024-08-19-at-12.40.20-AM-64x64.jpg",64,64,true]},"uagb_author_info":{"display_name":"admin","author_link":"https:\/\/myreplicawatches.io\/de\/author\/"},"uagb_comment_info":0,"uagb_excerpt":"Replik Omega Seamaster 300M &#8222;Schwarz Schwarz&#8220; Keramikgeh\u00e4use Super Clone Replik &nbsp; Vorteile des Besitzes der Replik Omega Seamaster 300M &#8222;Black Black&#8220; Keramikgeh\u00e4use Super Clone Replik Eine Replik kann zu einem weitaus g\u00fcnstigeren Preis als eine echte Uhr erworben werden, aber eine Replik sieht genauso aus und f\u00fchlt sich genauso an wie das Original. Das Letzte,","jetpack_sharing_enabled":true,"_links":{"self":[{"href":"https:\/\/myreplicawatches.io\/de\/wp-json\/wp\/v2\/product\/12513","targetHints":{"allow":["GET"]}}],"collection":[{"href":"https:\/\/myreplicawatches.io\/de\/wp-json\/wp\/v2\/product"}],"about":[{"href":"https:\/\/myreplicawatches.io\/de\/wp-json\/wp\/v2\/types\/product"}],"replies":[{"embeddable":true,"href":"https:\/\/myreplicawatches.io\/de\/wp-json\/wp\/v2\/comments?post=12513"}],"wp:featuredmedia":[{"embeddable":true,"href":"https:\/\/myreplicawatches.io\/de\/wp-json\/wp\/v2\/media\/12515"}],"wp:attachment":[{"href":"https:\/\/myreplicawatches.io\/de\/wp-json\/wp\/v2\/media?parent=12513"}],"wp:term":[{"taxonomy":"product_brand","embeddable":true,"href":"https:\/\/myreplicawatches.io\/de\/wp-json\/wp\/v2\/product_brand?post=12513"},{"taxonomy":"product_cat","embeddable":true,"href":"https:\/\/myreplicawatches.io\/de\/wp-json\/wp\/v2\/product_cat?post=12513"},{"taxonomy":"product_tag","embeddable":true,"href":"https:\/\/myreplicawatches.io\/de\/wp-json\/wp\/v2\/product_tag?post=12513"}],"curies":[{"name":"wp","href":"https:\/\/api.w.org\/{rel}","templated":true}]}}