{"id":12494,"date":"2024-08-18T21:14:07","date_gmt":"2024-08-18T21:14:07","guid":{"rendered":"https:\/\/myreplicawatches.io\/product\/replik-rolex-1908-39-mm-gelbgold-mit-einem-alligatorlederarmband\/"},"modified":"2025-09-19T22:19:48","modified_gmt":"2025-09-19T22:19:48","slug":"replik-rolex-1908-39-mm-gelbgold-mit-einem-alligatorlederarmband","status":"publish","type":"product","link":"https:\/\/myreplicawatches.io\/de\/product\/replik-rolex-1908-39-mm-gelbgold-mit-einem-alligatorlederarmband\/","title":{"rendered":"Replik Rolex 1908: 39 mm, Gelbgold mit einem Alligatorlederarmband"},"content":{"rendered":"<h2>Replik Rolex 1908: 39 mm, Gelbgold mit einem Alligatorlederarmband<\/h2>\n<p>&nbsp;<\/p>\n<table>\n<tbody>\n<tr>\n<th>Brand<\/th>\n<td>Rolex<\/td>\n<\/tr>\n<tr>\n<th>Collection<\/th>\n<td>1908<\/td>\n<\/tr>\n<tr>\n<th>Model<\/th>\n<td>m52508-0006<\/td>\n<\/tr>\n<tr>\n<th>Gender<\/th>\n<td>Mens<\/td>\n<\/tr>\n<tr>\n<th>Movement<\/th>\n<td>Automatic<\/td>\n<\/tr>\n<tr>\n<th>Geh\u00e4use Gr\u00f6\u00dfe<\/th>\n<td>39 MM<\/td>\n<\/tr>\n<tr>\n<th>Material Geh\u00e4use<\/th>\n<td>Edelstahl 316<\/td>\n<\/tr>\n<tr>\n<th>Material des Armbands<\/th>\n<td>Leder<\/td>\n<\/tr>\n<tr>\n<th>Zifferblatt Typ<\/th>\n<td>Wei\u00dfes Zifferblatt<\/td>\n<\/tr>\n<\/tbody>\n<\/table>\n<p>&nbsp;<\/p>\n<h3>Vorteile des Besitzes einer Replica Rolex 1908: 39 mm, Gelbgold mit einem Alligatorlederarmband:<\/h3>\n<ul>\n<li>Eine Replik kann zu einem weitaus g\u00fcnstigeren Preis als eine echte Uhr erworben werden, aber eine Replik sieht genauso aus und f\u00fchlt sich genauso an wie das Original.<\/li>\n<li>Das Letzte, was man will, ist ein Verm\u00f6gen f\u00fcr eine Luxusuhr auszugeben, die nur geringe Unterschiede zu unseren Replikaten aufweist.<\/li>\n<li>Viele Uhrenliebhaber m\u00f6chten nicht Tausende von Dollars f\u00fcr Uhren ausgeben und w\u00fcnschen sich das gro\u00dfartige Gef\u00fchl, eine gro\u00dfartige Luxusmarkenuhr zu besitzen. Hier kommt myreplica watches ins Spiel und bietet seinen Kunden dieses Gef\u00fchl.<\/li>\n<li>Besitzen Sie bereits eine echte High End Uhr, die Sie aus Sicherheitsgr\u00fcnden oder aus Gr\u00fcnden der Abwertung bei bestimmten Anl\u00e4ssen nicht tragen m\u00f6chten? Tragen Sie Ihre High Quality Replica Rolex 1908: 39 mm, Gelbgold mit einem Alligatorlederarmband und f\u00fchlen Sie sich sicherer, haben Sie das gleiche Vertrauen, sch\u00fctzen Sie Ihre Wertsachen<\/li>\n<\/ul>\n<p>Die Rolex Perpetual 1908 verf\u00fcgt \u00fcber ein strahlend wei\u00dfes Zifferblatt, ein kleines Kunstwerk aus Farbe, Reflexen und Oberfl\u00e4chenstruktur. Die Kreation und Herstellung des Zifferblatts erfolgt im eigenen Haus und erfordert Fachwissen in der Emaillierung und Spitzentechnologien wie Magnetron-Sputtering. Das schlanke Geh\u00e4use der Uhr verf\u00fcgt \u00fcber eine gew\u00f6lbte und geriffelte L\u00fcnette, wobei der untere Teil geriffelt und der obere Teil gew\u00f6lbt ist. Die Uhr ist mit einem Alligatorlederarmband in Mattbraun oder Mattschwarz mit gr\u00fcnem Futter und Ton-in-Ton-N\u00e4hten ausgestattet.<\/p>\n","protected":false},"excerpt":{"rendered":"<p>Replik Rolex 1908: 39 mm, Gelbgold mit einem Alligatorlederarmband &nbsp; Brand Rolex Collection 1908 Model m52508-0006 Gender Mens Movement Automatic Geh\u00e4use Gr\u00f6\u00dfe 39 MM Material Geh\u00e4use Edelstahl 316 Material des Armbands Leder Zifferblatt Typ Wei\u00dfes Zifferblatt &nbsp; Vorteile des Besitzes einer Replica Rolex 1908: 39 mm, Gelbgold mit einem Alligatorlederarmband: Eine Replik kann zu einem<\/p>\n","protected":false},"featured_media":12500,"comment_status":"open","ping_status":"closed","template":"","meta":{"_uag_custom_page_level_css":"","site-sidebar-layout":"default","site-content-layout":"","ast-site-content-layout":"default","site-content-style":"default","site-sidebar-style":"default","ast-global-header-display":"","ast-banner-title-visibility":"","ast-main-header-display":"","ast-hfb-above-header-display":"","ast-hfb-below-header-display":"","ast-hfb-mobile-header-display":"","site-post-title":"","ast-breadcrumbs-content":"","ast-featured-img":"","footer-sml-layout":"","theme-transparent-header-meta":"default","adv-header-id-meta":"","stick-header-meta":"default","header-above-stick-meta":"","header-main-stick-meta":"","header-below-stick-meta":"","astra-migrate-meta-layouts":"set","ast-page-background-enabled":"default","ast-page-background-meta":{"desktop":{"background-color":"var(--ast-global-color-4)","background-image":"","background-repeat":"repeat","background-position":"center center","background-size":"auto","background-attachment":"scroll","background-type":"","background-media":"","overlay-type":"","overlay-color":"","overlay-opacity":"","overlay-gradient":""},"tablet":{"background-color":"","background-image":"","background-repeat":"repeat","background-position":"center center","background-size":"auto","background-attachment":"scroll","background-type":"","background-media":"","overlay-type":"","overlay-color":"","overlay-opacity":"","overlay-gradient":""},"mobile":{"background-color":"","background-image":"","background-repeat":"repeat","background-position":"center center","background-size":"auto","background-attachment":"scroll","background-type":"","background-media":"","overlay-type":"","overlay-color":"","overlay-opacity":"","overlay-gradient":""}},"ast-content-background-meta":{"desktop":{"background-color":"var(--ast-global-color-5)","background-image":"","background-repeat":"repeat","background-position":"center center","background-size":"auto","background-attachment":"scroll","background-type":"","background-media":"","overlay-type":"","overlay-color":"","overlay-opacity":"","overlay-gradient":""},"tablet":{"background-color":"var(--ast-global-color-5)","background-image":"","background-repeat":"repeat","background-position":"center center","background-size":"auto","background-attachment":"scroll","background-type":"","background-media":"","overlay-type":"","overlay-color":"","overlay-opacity":"","overlay-gradient":""},"mobile":{"background-color":"var(--ast-global-color-5)","background-image":"","background-repeat":"repeat","background-position":"center center","background-size":"auto","background-attachment":"scroll","background-type":"","background-media":"","overlay-type":"","overlay-color":"","overlay-opacity":"","overlay-gradient":""}}},"product_brand":[],"product_cat":[290,293,299,369],"product_tag":[1219,1221,918,902,904,1138,895,894,897,889,890,899,1115,1218,896,323],"class_list":{"0":"post-12494","1":"product","2":"type-product","3":"status-publish","4":"has-post-thumbnail","6":"product_cat-neue-kollektion-2024","7":"product_cat-replik-rolex","8":"product_cat-rolex-replik-1908","9":"product_cat-newest-products-de","10":"product_tag-1908-de","11":"product_tag-39mm-de","12":"product_tag-classic-de","13":"product_tag-elegant-de","14":"product_tag-exclusive-de","15":"product_tag-exclusive-piece","16":"product_tag-fashion-de","17":"product_tag-high-quality-de","18":"product_tag-jewelry-de","19":"product_tag-luxury-de","20":"product_tag-mens-de","21":"product_tag-prestigious-de","22":"product_tag-replica-de","23":"product_tag-rolex-de-2","24":"product_tag-timepiece-de","25":"product_tag-watch-de","26":"desktop-align-left","27":"tablet-align-left","28":"mobile-align-left","29":"ast-product-gallery-layout-vertical-slider","30":"ast-product-single-variable","32":"first","33":"instock","34":"sale","35":"shipping-taxable","36":"purchasable","37":"product-type-variable"},"uagb_featured_image_src":{"full":["https:\/\/myreplicawatches.io\/wp-content\/uploads\/2024\/08\/Screenshot-2024-08-19-at-12.04.12-AM.jpg",724,728,false],"thumbnail":["https:\/\/myreplicawatches.io\/wp-content\/uploads\/2024\/08\/Screenshot-2024-08-19-at-12.04.12-AM-150x150.png",150,150,true],"medium":["https:\/\/myreplicawatches.io\/wp-content\/uploads\/2024\/08\/Screenshot-2024-08-19-at-12.04.12-AM-298x300.png",298,300,true],"medium_large":["https:\/\/myreplicawatches.io\/wp-content\/uploads\/2024\/08\/Screenshot-2024-08-19-at-12.04.12-AM.jpg",724,728,false],"large":["https:\/\/myreplicawatches.io\/wp-content\/uploads\/2024\/08\/Screenshot-2024-08-19-at-12.04.12-AM.jpg",724,728,false],"1536x1536":["https:\/\/myreplicawatches.io\/wp-content\/uploads\/2024\/08\/Screenshot-2024-08-19-at-12.04.12-AM.jpg",724,728,false],"2048x2048":["https:\/\/myreplicawatches.io\/wp-content\/uploads\/2024\/08\/Screenshot-2024-08-19-at-12.04.12-AM.jpg",724,728,false],"woocommerce_thumbnail":["https:\/\/myreplicawatches.io\/wp-content\/uploads\/2024\/08\/Screenshot-2024-08-19-at-12.04.12-AM-300x300.jpg",300,300,true],"woocommerce_single":["https:\/\/myreplicawatches.io\/wp-content\/uploads\/2024\/08\/Screenshot-2024-08-19-at-12.04.12-AM-600x603.jpg",600,603,true],"woocommerce_gallery_thumbnail":["https:\/\/myreplicawatches.io\/wp-content\/uploads\/2024\/08\/Screenshot-2024-08-19-at-12.04.12-AM-100x100.jpg",100,100,true],"variation_swatches_image_size":["https:\/\/myreplicawatches.io\/wp-content\/uploads\/2024\/08\/Screenshot-2024-08-19-at-12.04.12-AM-50x50.png",50,50,true],"variation_swatches_tooltip_size":["https:\/\/myreplicawatches.io\/wp-content\/uploads\/2024\/08\/Screenshot-2024-08-19-at-12.04.12-AM-100x100.png",100,100,true],"dgwt-wcas-product-suggestion":["https:\/\/myreplicawatches.io\/wp-content\/uploads\/2024\/08\/Screenshot-2024-08-19-at-12.04.12-AM-64x64.jpg",64,64,true]},"uagb_author_info":{"display_name":"admin","author_link":"https:\/\/myreplicawatches.io\/de\/author\/"},"uagb_comment_info":0,"uagb_excerpt":"Replik Rolex 1908: 39 mm, Gelbgold mit einem Alligatorlederarmband &nbsp; Brand Rolex Collection 1908 Model m52508-0006 Gender Mens Movement Automatic Geh\u00e4use Gr\u00f6\u00dfe 39 MM Material Geh\u00e4use Edelstahl 316 Material des Armbands Leder Zifferblatt Typ Wei\u00dfes Zifferblatt &nbsp; Vorteile des Besitzes einer Replica Rolex 1908: 39 mm, Gelbgold mit einem Alligatorlederarmband: Eine Replik kann zu einem","jetpack_sharing_enabled":true,"_links":{"self":[{"href":"https:\/\/myreplicawatches.io\/de\/wp-json\/wp\/v2\/product\/12494","targetHints":{"allow":["GET"]}}],"collection":[{"href":"https:\/\/myreplicawatches.io\/de\/wp-json\/wp\/v2\/product"}],"about":[{"href":"https:\/\/myreplicawatches.io\/de\/wp-json\/wp\/v2\/types\/product"}],"replies":[{"embeddable":true,"href":"https:\/\/myreplicawatches.io\/de\/wp-json\/wp\/v2\/comments?post=12494"}],"wp:featuredmedia":[{"embeddable":true,"href":"https:\/\/myreplicawatches.io\/de\/wp-json\/wp\/v2\/media\/12500"}],"wp:attachment":[{"href":"https:\/\/myreplicawatches.io\/de\/wp-json\/wp\/v2\/media?parent=12494"}],"wp:term":[{"taxonomy":"product_brand","embeddable":true,"href":"https:\/\/myreplicawatches.io\/de\/wp-json\/wp\/v2\/product_brand?post=12494"},{"taxonomy":"product_cat","embeddable":true,"href":"https:\/\/myreplicawatches.io\/de\/wp-json\/wp\/v2\/product_cat?post=12494"},{"taxonomy":"product_tag","embeddable":true,"href":"https:\/\/myreplicawatches.io\/de\/wp-json\/wp\/v2\/product_tag?post=12494"}],"curies":[{"name":"wp","href":"https:\/\/api.w.org\/{rel}","templated":true}]}}