{"id":12483,"date":"2024-08-22T22:09:03","date_gmt":"2024-08-22T22:09:03","guid":{"rendered":"https:\/\/myreplicawatches.io\/product\/replik-rolex-sea-dweller-126603-2019-zweifarbiger-klon\/"},"modified":"2025-09-19T22:19:01","modified_gmt":"2025-09-19T22:19:01","slug":"replik-rolex-sea-dweller-126603-2019-zweifarbiger-klon","status":"publish","type":"product","link":"https:\/\/myreplicawatches.io\/de\/product\/replik-rolex-sea-dweller-126603-2019-zweifarbiger-klon\/","title":{"rendered":"Replik Rolex Sea-Dweller 126603 2019 Zweifarbiger Klon"},"content":{"rendered":"<h2>Replik Rolex Sea-Dweller 126603 2019 Zweifarbiger Klon &#8211; Beste Qualit\u00e4t Replik<\/h2>\n<p>&nbsp;<\/p>\n<table id=\"specifications\" border=\"0\" cellspacing=\"0\" cellpadding=\"0\">\n<tbody>\n<tr>\n<td class=\"parent\"><strong>Gr\u00f6\u00dfe<\/strong><\/td>\n<td>43mm<\/td>\n<\/tr>\n<tr>\n<td class=\"parent\"><strong>Uhrwerk<\/strong><\/td>\n<td>Asian 2824 Automatikwerk mit 28800 Halbschwingungen pro Stunde<\/td>\n<\/tr>\n<tr>\n<td class=\"parent\"><strong>Funktionen<\/strong><\/td>\n<td>Anzeige von Stunden, Minuten, Sekunden und Datum<\/td>\n<\/tr>\n<tr>\n<td class=\"parent\"><strong>Geh\u00e4use Massiv<\/strong><\/td>\n<td>Geh\u00e4use aus 904L-Edelstahl<\/td>\n<\/tr>\n<tr>\n<td class=\"parent\"><strong>Kristall<\/strong><\/td>\n<td>Kratzfestes Saphirglas mit halb unsichtbarer Krone bei 6<\/td>\n<\/tr>\n<tr>\n<td class=\"parent\"><strong>Zifferblatt<\/strong><\/td>\n<td>Schwarzes Superlumineszenz-Zifferblatt und Zeiger in der richtigen blauen Farbe<\/td>\n<\/tr>\n<tr>\n<td class=\"parent\"><strong>L\u00fcnette<\/strong><\/td>\n<td>Hochwertige, unidirektional drehbare L\u00fcnette aus schwarzer Keramik mit 18 Karat Gelbgoldauflage, korrekter Goldfarbe, Schriftart und aktualisierten Tiefenmarkierungen auf der L\u00fcnette<\/td>\n<\/tr>\n<tr>\n<td class=\"parent\"><strong>Armband<\/strong><\/td>\n<td>Massives 904L-Edelstahlarmband, 18K gelbvergoldete Mittelglieder, mit perfektem SEL, Schlie\u00dfe und Verl\u00e4ngerung und glatten Schrauben (The Best Bracelet EVER)<\/td>\n<\/tr>\n<tr>\n<td class=\"parent\"><strong>Schlie\u00dfe<\/strong><\/td>\n<td>Flip-Lock-Verschluss im neuen Stil mit poliertem Rollie-Kronen-Logo.<br \/>\nPolierte innere Schlie\u00dfe und schwarze Keramikfederkugeln wie bei der neuesten SUB-Version.<\/td>\n<\/tr>\n<tr>\n<td class=\"parent\"><strong>Wasserdichtigkeit<\/strong><\/td>\n<td>&gt;50 Meter<\/td>\n<\/tr>\n<\/tbody>\n<\/table>\n<p>&nbsp;<\/p>\n<h5>Vorteile des Besitzes der Replica Rolex Sea-Dweller 126603 2019 Two-Tone Clone:<\/h5>\n<ul>\n<li>Eine Replik kann zu einem weitaus g\u00fcnstigeren Preis als eine echte Uhr erworben werden, aber eine Replik sieht genauso aus und f\u00fchlt sich genauso an wie das Original.<\/li>\n<li>Das Letzte, was man will, ist ein Verm\u00f6gen f\u00fcr eine Luxusuhr auszugeben, die nur geringe Unterschiede zu unseren Replikaten aufweist.<\/li>\n<li>\n<ul>\n<li>Viele Uhrenliebhaber wollen nicht Tausende von Dollar f\u00fcr Uhren ausgeben und m\u00f6chten das gro\u00dfartige Gef\u00fchl haben, eine gro\u00dfe Luxusmarkenuhr zu besitzen. Hier kommt MYREPLICAWATCHES.IO Uhren ins Spiel und bietet seinen Kunden dieses Gef\u00fchl.<\/li>\n<li>Besitzen Sie bereits eine echte High End Uhr, die Sie aus Sicherheitsgr\u00fcnden oder aus Gr\u00fcnden der Abwertung bei bestimmten Anl\u00e4ssen nicht tragen m\u00f6chten? Tragen Sie Ihre High Quality Replica Rolex Sea-Dweller 126603 2019 Two-Tone Clone Uhr und f\u00fchlen Sie sich sicherer, haben Sie das gleiche Vertrauen und sch\u00fctzen Sie Ihre Wertsachen<\/li>\n<\/ul>\n<\/li>\n<\/ul>\n<h2>Garantie<\/h2>\n<p>100%ige Zufriedenheitsgarantie! Sollten Sie mit Ihrer ersten MYREPLICAWATCHES.IO Uhr nicht zu 100% zufrieden sein, versprechen wir Ihnen, alles richtig zu machen.<\/p>\n<h2>Lieferung<\/h2>\n<p>Weltweiter DHL Versand &#8211; 3 bis 10 Tage gesch\u00e4tzte Ankunftszeit Nachdem Sie Ihre Bestellung aufgegeben haben, erlauben Sie uns bitte 2-3 Tage, um Ihr Produkt zu versenden. Sie erhalten Ihre Tracking-Nummer sofort nach dem Versand Ihres Produkts.<\/p>\n","protected":false},"excerpt":{"rendered":"<p>Replik Rolex Sea-Dweller 126603 2019 Zweifarbiger Klon &#8211; Beste Qualit\u00e4t Replik &nbsp; Gr\u00f6\u00dfe 43mm Uhrwerk Asian 2824 Automatikwerk mit 28800 Halbschwingungen pro Stunde Funktionen Anzeige von Stunden, Minuten, Sekunden und Datum Geh\u00e4use Massiv Geh\u00e4use aus 904L-Edelstahl Kristall Kratzfestes Saphirglas mit halb unsichtbarer Krone bei 6 Zifferblatt Schwarzes Superlumineszenz-Zifferblatt und Zeiger in der richtigen blauen Farbe<\/p>\n","protected":false},"featured_media":12484,"comment_status":"open","ping_status":"closed","template":"","meta":{"_uag_custom_page_level_css":"","site-sidebar-layout":"default","site-content-layout":"","ast-site-content-layout":"default","site-content-style":"default","site-sidebar-style":"default","ast-global-header-display":"","ast-banner-title-visibility":"","ast-main-header-display":"","ast-hfb-above-header-display":"","ast-hfb-below-header-display":"","ast-hfb-mobile-header-display":"","site-post-title":"","ast-breadcrumbs-content":"","ast-featured-img":"","footer-sml-layout":"","theme-transparent-header-meta":"default","adv-header-id-meta":"","stick-header-meta":"default","header-above-stick-meta":"","header-main-stick-meta":"","header-below-stick-meta":"","astra-migrate-meta-layouts":"set","ast-page-background-enabled":"default","ast-page-background-meta":{"desktop":{"background-color":"var(--ast-global-color-4)","background-image":"","background-repeat":"repeat","background-position":"center center","background-size":"auto","background-attachment":"scroll","background-type":"","background-media":"","overlay-type":"","overlay-color":"","overlay-opacity":"","overlay-gradient":""},"tablet":{"background-color":"","background-image":"","background-repeat":"repeat","background-position":"center center","background-size":"auto","background-attachment":"scroll","background-type":"","background-media":"","overlay-type":"","overlay-color":"","overlay-opacity":"","overlay-gradient":""},"mobile":{"background-color":"","background-image":"","background-repeat":"repeat","background-position":"center center","background-size":"auto","background-attachment":"scroll","background-type":"","background-media":"","overlay-type":"","overlay-color":"","overlay-opacity":"","overlay-gradient":""}},"ast-content-background-meta":{"desktop":{"background-color":"var(--ast-global-color-5)","background-image":"","background-repeat":"repeat","background-position":"center center","background-size":"auto","background-attachment":"scroll","background-type":"","background-media":"","overlay-type":"","overlay-color":"","overlay-opacity":"","overlay-gradient":""},"tablet":{"background-color":"var(--ast-global-color-5)","background-image":"","background-repeat":"repeat","background-position":"center center","background-size":"auto","background-attachment":"scroll","background-type":"","background-media":"","overlay-type":"","overlay-color":"","overlay-opacity":"","overlay-gradient":""},"mobile":{"background-color":"var(--ast-global-color-5)","background-image":"","background-repeat":"repeat","background-position":"center center","background-size":"auto","background-attachment":"scroll","background-type":"","background-media":"","overlay-type":"","overlay-color":"","overlay-opacity":"","overlay-gradient":""}}},"product_brand":[],"product_cat":[387,290,294,369],"product_tag":[],"class_list":{"0":"post-12483","1":"product","2":"type-product","3":"status-publish","4":"has-post-thumbnail","6":"product_cat-replica-deepsea-rolex-watches-aaa-de","7":"product_cat-neue-kollektion-2024","8":"product_cat-super-klon-rolex","9":"product_cat-newest-products-de","10":"desktop-align-left","11":"tablet-align-left","12":"mobile-align-left","13":"ast-product-gallery-layout-vertical-slider","14":"ast-product-single-variable","16":"first","17":"instock","18":"sale","19":"shipping-taxable","20":"purchasable","21":"product-type-variable"},"uagb_featured_image_src":{"full":["https:\/\/myreplicawatches.io\/wp-content\/uploads\/2024\/08\/Screenshot-2024-08-23-at-1.02.38-AM.jpg",832,868,false],"thumbnail":["https:\/\/myreplicawatches.io\/wp-content\/uploads\/2024\/08\/Screenshot-2024-08-23-at-1.02.38-AM-150x150.png",150,150,true],"medium":["https:\/\/myreplicawatches.io\/wp-content\/uploads\/2024\/08\/Screenshot-2024-08-23-at-1.02.38-AM-288x300.png",288,300,true],"medium_large":["https:\/\/myreplicawatches.io\/wp-content\/uploads\/2024\/08\/Screenshot-2024-08-23-at-1.02.38-AM-768x801.png",768,801,true],"large":["https:\/\/myreplicawatches.io\/wp-content\/uploads\/2024\/08\/Screenshot-2024-08-23-at-1.02.38-AM.jpg",832,868,false],"1536x1536":["https:\/\/myreplicawatches.io\/wp-content\/uploads\/2024\/08\/Screenshot-2024-08-23-at-1.02.38-AM.jpg",832,868,false],"2048x2048":["https:\/\/myreplicawatches.io\/wp-content\/uploads\/2024\/08\/Screenshot-2024-08-23-at-1.02.38-AM.jpg",832,868,false],"woocommerce_thumbnail":["https:\/\/myreplicawatches.io\/wp-content\/uploads\/2024\/08\/Screenshot-2024-08-23-at-1.02.38-AM-300x300.jpg",300,300,true],"woocommerce_single":["https:\/\/myreplicawatches.io\/wp-content\/uploads\/2024\/08\/Screenshot-2024-08-23-at-1.02.38-AM-600x626.jpg",600,626,true],"woocommerce_gallery_thumbnail":["https:\/\/myreplicawatches.io\/wp-content\/uploads\/2024\/08\/Screenshot-2024-08-23-at-1.02.38-AM-100x100.jpg",100,100,true],"variation_swatches_image_size":["https:\/\/myreplicawatches.io\/wp-content\/uploads\/2024\/08\/Screenshot-2024-08-23-at-1.02.38-AM-50x50.png",50,50,true],"variation_swatches_tooltip_size":["https:\/\/myreplicawatches.io\/wp-content\/uploads\/2024\/08\/Screenshot-2024-08-23-at-1.02.38-AM-100x100.png",100,100,true],"dgwt-wcas-product-suggestion":["https:\/\/myreplicawatches.io\/wp-content\/uploads\/2024\/08\/Screenshot-2024-08-23-at-1.02.38-AM-64x67.jpg",64,67,true]},"uagb_author_info":{"display_name":"admin","author_link":"https:\/\/myreplicawatches.io\/de\/author\/"},"uagb_comment_info":0,"uagb_excerpt":"Replik Rolex Sea-Dweller 126603 2019 Zweifarbiger Klon &#8211; Beste Qualit\u00e4t Replik &nbsp; Gr\u00f6\u00dfe 43mm Uhrwerk Asian 2824 Automatikwerk mit 28800 Halbschwingungen pro Stunde Funktionen Anzeige von Stunden, Minuten, Sekunden und Datum Geh\u00e4use Massiv Geh\u00e4use aus 904L-Edelstahl Kristall Kratzfestes Saphirglas mit halb unsichtbarer Krone bei 6 Zifferblatt Schwarzes Superlumineszenz-Zifferblatt und Zeiger in der richtigen blauen Farbe","jetpack_sharing_enabled":true,"_links":{"self":[{"href":"https:\/\/myreplicawatches.io\/de\/wp-json\/wp\/v2\/product\/12483","targetHints":{"allow":["GET"]}}],"collection":[{"href":"https:\/\/myreplicawatches.io\/de\/wp-json\/wp\/v2\/product"}],"about":[{"href":"https:\/\/myreplicawatches.io\/de\/wp-json\/wp\/v2\/types\/product"}],"replies":[{"embeddable":true,"href":"https:\/\/myreplicawatches.io\/de\/wp-json\/wp\/v2\/comments?post=12483"}],"wp:featuredmedia":[{"embeddable":true,"href":"https:\/\/myreplicawatches.io\/de\/wp-json\/wp\/v2\/media\/12484"}],"wp:attachment":[{"href":"https:\/\/myreplicawatches.io\/de\/wp-json\/wp\/v2\/media?parent=12483"}],"wp:term":[{"taxonomy":"product_brand","embeddable":true,"href":"https:\/\/myreplicawatches.io\/de\/wp-json\/wp\/v2\/product_brand?post=12483"},{"taxonomy":"product_cat","embeddable":true,"href":"https:\/\/myreplicawatches.io\/de\/wp-json\/wp\/v2\/product_cat?post=12483"},{"taxonomy":"product_tag","embeddable":true,"href":"https:\/\/myreplicawatches.io\/de\/wp-json\/wp\/v2\/product_tag?post=12483"}],"curies":[{"name":"wp","href":"https:\/\/api.w.org\/{rel}","templated":true}]}}