{"id":11641,"date":"2023-10-03T21:31:09","date_gmt":"2023-10-03T21:31:09","guid":{"rendered":"https:\/\/myreplicawatches.io\/product\/tarjeta-de-garantia-personalizada-audemars-piguet-replica\/"},"modified":"2025-07-27T11:48:11","modified_gmt":"2025-07-27T11:48:11","slug":"tarjeta-de-garantia-personalizada-audemars-piguet-replica","status":"publish","type":"product","link":"https:\/\/myreplicawatches.io\/de\/product\/tarjeta-de-garantia-personalizada-audemars-piguet-replica\/","title":{"rendered":"Tarjeta de garant\u00eda personalizada Audemars Piguet Replica"},"content":{"rendered":"<h2 style=\"text-align: center;\">Audemars Piguet Replica Tarjeta de garant\u00eda personalizada &#8211; R\u00e9plica de la mejor calidad<\/h2>\n<p>&nbsp;<\/p>\n<p>Puedes personalizar el N\u00famero de serie, el N\u00famero de garant\u00eda y la Descripci\u00f3n<\/p>\n<p>Si lo pides sin completar la informaci\u00f3n anterior, escribiremos el mismo n\u00famero de serie que el reloj que vas a pedir.<\/p>\n<p>Por favor, rellena lo siguiente :<\/p>\n<p><strong>N\u00famero de serie: <\/strong><\/p>\n<p><strong>N\u00famero de garant\u00eda :<\/strong><\/p>\n<p><b>Descripci\u00f3n<\/b><strong> N\u00famero:<\/strong><\/p>\n<p>Rellena la informaci\u00f3n anterior y p\u00e9gala en las notas del pedido para que podamos imprimirla y envi\u00e1rtela<\/p>\n","protected":false},"excerpt":{"rendered":"<p>Audemars Piguet Replica Tarjeta de garant\u00eda personalizada &#8211; R\u00e9plica de la mejor calidad &nbsp; Puedes personalizar el N\u00famero de serie, el N\u00famero de garant\u00eda y la Descripci\u00f3n Si lo pides sin completar la informaci\u00f3n anterior, escribiremos el mismo n\u00famero de serie que el reloj que vas a pedir. Por favor, rellena lo siguiente : N\u00famero<\/p>\n","protected":false},"featured_media":8676,"comment_status":"open","ping_status":"closed","template":"","meta":{"_uag_custom_page_level_css":"","site-sidebar-layout":"default","site-content-layout":"","ast-site-content-layout":"default","site-content-style":"default","site-sidebar-style":"default","ast-global-header-display":"","ast-banner-title-visibility":"","ast-main-header-display":"","ast-hfb-above-header-display":"","ast-hfb-below-header-display":"","ast-hfb-mobile-header-display":"","site-post-title":"","ast-breadcrumbs-content":"","ast-featured-img":"","footer-sml-layout":"","theme-transparent-header-meta":"default","adv-header-id-meta":"","stick-header-meta":"default","header-above-stick-meta":"","header-main-stick-meta":"","header-below-stick-meta":"","astra-migrate-meta-layouts":"set","ast-page-background-enabled":"default","ast-page-background-meta":{"desktop":{"background-color":"var(--ast-global-color-4)","background-image":"","background-repeat":"repeat","background-position":"center center","background-size":"auto","background-attachment":"scroll","background-type":"","background-media":"","overlay-type":"","overlay-color":"","overlay-opacity":"","overlay-gradient":""},"tablet":{"background-color":"","background-image":"","background-repeat":"repeat","background-position":"center center","background-size":"auto","background-attachment":"scroll","background-type":"","background-media":"","overlay-type":"","overlay-color":"","overlay-opacity":"","overlay-gradient":""},"mobile":{"background-color":"","background-image":"","background-repeat":"repeat","background-position":"center center","background-size":"auto","background-attachment":"scroll","background-type":"","background-media":"","overlay-type":"","overlay-color":"","overlay-opacity":"","overlay-gradient":""}},"ast-content-background-meta":{"desktop":{"background-color":"var(--ast-global-color-5)","background-image":"","background-repeat":"repeat","background-position":"center center","background-size":"auto","background-attachment":"scroll","background-type":"","background-media":"","overlay-type":"","overlay-color":"","overlay-opacity":"","overlay-gradient":""},"tablet":{"background-color":"var(--ast-global-color-5)","background-image":"","background-repeat":"repeat","background-position":"center center","background-size":"auto","background-attachment":"scroll","background-type":"","background-media":"","overlay-type":"","overlay-color":"","overlay-opacity":"","overlay-gradient":""},"mobile":{"background-color":"var(--ast-global-color-5)","background-image":"","background-repeat":"repeat","background-position":"center center","background-size":"auto","background-attachment":"scroll","background-type":"","background-media":"","overlay-type":"","overlay-color":"","overlay-opacity":"","overlay-gradient":""}}},"product_brand":[],"product_cat":[149],"product_tag":[5388,5391,5382,5396,5393,5386,5390,5380,5395,5398,5384,5392,5394,5397,5389],"class_list":{"0":"post-11641","1":"product","2":"type-product","3":"status-publish","4":"has-post-thumbnail","6":"product_cat-relojes-replica-audemars-piguet","7":"product_tag-ap-clone-warranty-card","8":"product_tag-ap-fake-warranty-card","9":"product_tag-ap-replica-warranty-card","10":"product_tag-ap-super-clone-warranty-card","11":"product_tag-audemars-piguet-copy-warranty-card","12":"product_tag-audemars-piguet-fake-warranty-card","13":"product_tag-audemars-piguet-replica-authentication-card","14":"product_tag-audemars-piguet-replica-custom-warranty-card","15":"product_tag-best-ap-replica-warranty-card","16":"product_tag-custom-authentication-card-audemars-piguet-replica","17":"product_tag-custom-warranty-card-for-ap-replica","18":"product_tag-high-quality-ap-replica-warranty-card","19":"product_tag-luxury-ap-replica-guarantee-card","20":"product_tag-personalized-warranty-card-for-ap-replica","21":"product_tag-replica-ap-custom-guarantee-card","22":"desktop-align-left","23":"tablet-align-left","24":"mobile-align-left","25":"ast-product-gallery-layout-vertical-slider","27":"first","28":"instock","29":"sale","30":"shipping-taxable","31":"purchasable","32":"product-type-simple"},"uagb_featured_image_src":{"full":["https:\/\/myreplicawatches.io\/wp-content\/uploads\/2023\/10\/Replica-rolex-Sky-dweller-rose-gold-100.jpg",1080,1080,false],"thumbnail":["https:\/\/myreplicawatches.io\/wp-content\/uploads\/2023\/10\/Replica-rolex-Sky-dweller-rose-gold-100-150x150.jpg",150,150,true],"medium":["https:\/\/myreplicawatches.io\/wp-content\/uploads\/2023\/10\/Replica-rolex-Sky-dweller-rose-gold-100-300x300.jpg",300,300,true],"medium_large":["https:\/\/myreplicawatches.io\/wp-content\/uploads\/2023\/10\/Replica-rolex-Sky-dweller-rose-gold-100-768x768.jpg",768,768,true],"large":["https:\/\/myreplicawatches.io\/wp-content\/uploads\/2023\/10\/Replica-rolex-Sky-dweller-rose-gold-100-1024x1024.jpg",1024,1024,true],"1536x1536":["https:\/\/myreplicawatches.io\/wp-content\/uploads\/2023\/10\/Replica-rolex-Sky-dweller-rose-gold-100.jpg",1080,1080,false],"2048x2048":["https:\/\/myreplicawatches.io\/wp-content\/uploads\/2023\/10\/Replica-rolex-Sky-dweller-rose-gold-100.jpg",1080,1080,false],"woocommerce_thumbnail":["https:\/\/myreplicawatches.io\/wp-content\/uploads\/2023\/10\/Replica-rolex-Sky-dweller-rose-gold-100-300x300.jpg",300,300,true],"woocommerce_single":["https:\/\/myreplicawatches.io\/wp-content\/uploads\/2023\/10\/Replica-rolex-Sky-dweller-rose-gold-100-600x600.jpg",600,600,true],"woocommerce_gallery_thumbnail":["https:\/\/myreplicawatches.io\/wp-content\/uploads\/2023\/10\/Replica-rolex-Sky-dweller-rose-gold-100-100x100.jpg",100,100,true],"variation_swatches_image_size":["https:\/\/myreplicawatches.io\/wp-content\/uploads\/2023\/10\/Replica-rolex-Sky-dweller-rose-gold-100-50x50.jpg",50,50,true],"variation_swatches_tooltip_size":["https:\/\/myreplicawatches.io\/wp-content\/uploads\/2023\/10\/Replica-rolex-Sky-dweller-rose-gold-100-100x100.jpg",100,100,true],"dgwt-wcas-product-suggestion":["https:\/\/myreplicawatches.io\/wp-content\/uploads\/2023\/10\/Replica-rolex-Sky-dweller-rose-gold-100-64x64.jpg",64,64,true]},"uagb_author_info":{"display_name":"admin","author_link":"https:\/\/myreplicawatches.io\/de\/author\/"},"uagb_comment_info":0,"uagb_excerpt":"Audemars Piguet Replica Tarjeta de garant\u00eda personalizada &#8211; R\u00e9plica de la mejor calidad &nbsp; Puedes personalizar el N\u00famero de serie, el N\u00famero de garant\u00eda y la Descripci\u00f3n Si lo pides sin completar la informaci\u00f3n anterior, escribiremos el mismo n\u00famero de serie que el reloj que vas a pedir. Por favor, rellena lo siguiente : N\u00famero","jetpack_sharing_enabled":true,"_links":{"self":[{"href":"https:\/\/myreplicawatches.io\/de\/wp-json\/wp\/v2\/product\/11641","targetHints":{"allow":["GET"]}}],"collection":[{"href":"https:\/\/myreplicawatches.io\/de\/wp-json\/wp\/v2\/product"}],"about":[{"href":"https:\/\/myreplicawatches.io\/de\/wp-json\/wp\/v2\/types\/product"}],"replies":[{"embeddable":true,"href":"https:\/\/myreplicawatches.io\/de\/wp-json\/wp\/v2\/comments?post=11641"}],"wp:featuredmedia":[{"embeddable":true,"href":"https:\/\/myreplicawatches.io\/de\/wp-json\/wp\/v2\/media\/8676"}],"wp:attachment":[{"href":"https:\/\/myreplicawatches.io\/de\/wp-json\/wp\/v2\/media?parent=11641"}],"wp:term":[{"taxonomy":"product_brand","embeddable":true,"href":"https:\/\/myreplicawatches.io\/de\/wp-json\/wp\/v2\/product_brand?post=11641"},{"taxonomy":"product_cat","embeddable":true,"href":"https:\/\/myreplicawatches.io\/de\/wp-json\/wp\/v2\/product_cat?post=11641"},{"taxonomy":"product_tag","embeddable":true,"href":"https:\/\/myreplicawatches.io\/de\/wp-json\/wp\/v2\/product_tag?post=11641"}],"curies":[{"name":"wp","href":"https:\/\/api.w.org\/{rel}","templated":true}]}}