{"id":11587,"date":"2023-10-03T21:32:18","date_gmt":"2023-10-03T21:32:18","guid":{"rendered":"https:\/\/myreplicawatches.io\/product\/mejor-clon-suizo-rolex-replica-gmt-meteorito-dial\/"},"modified":"2025-11-16T12:38:22","modified_gmt":"2025-11-16T12:38:22","slug":"mejor-clon-suizo-rolex-replica-gmt-meteorito-dial","status":"publish","type":"product","link":"https:\/\/myreplicawatches.io\/de\/product\/mejor-clon-suizo-rolex-replica-gmt-meteorito-dial\/","title":{"rendered":"Mejor Clon Suizo Rolex Replica GMT Meteorito dial"},"content":{"rendered":"<h2 style=\"text-align: center;\">Mejor Clon Suizo Rolex R\u00e9plica GMT Esfera Meteorito &#8211; Mejor Versi\u00f3n Clonada<\/h2>\n<h2 style=\"text-align: center;\"><span style=\"color: #e25041;\">Los pedidos mediante BitCoin y transferencias bancarias directas incluyen un gran descuento <\/span><span style=\"color: #e25041;\">Contacta con nosotros para m\u00e1s informaci\u00f3n <\/span><\/h2>\n<p style=\"text-align: center;\"><span style=\"color: #000000; background-color: #ffffff; font-size: 18px; font-family: Futura, sans-serif;\"><strong>Caja del reloj con papeles y documentos incluidos.<\/strong><\/span><\/p>\n<p><span style=\"color: #212b36; background-color: #ffffff; font-size: 14px; font-family: -apple-system, system-ui,;\"><strong><ins>Los Pedidos por Transferencia Bancaria Directa incluyen un gran Descuento ( Contacta con nosotros para m\u00e1s informaci\u00f3n )<\/ins><\/strong><\/span><\/p>\n<p style=\"text-align: left;\"><span style=\"color: #212b36; background-color: #ffffff; font-size: 14px; font-family: -apple-system, system-ui,;\"><strong>Todos los relojes tienen 1 a\u00f1o de garant\u00eda <\/strong><\/span><\/p>\n<p style=\"text-align: left;\"><span style=\"color: #212b36; background-color: #ffffff; font-size: 14px; font-family: -apple-system, system-ui,;\"><strong>Todos los relojes vienen con cajas de reloj originales con papeles y documentaci\u00f3n.RELOJES HECHOS EN JAP\u00d3N Clon 1:1<\/strong><\/span><\/p>\n<p style=\"text-align: left;\"><span style=\"color: #212b36; background-color: #ffffff; font-size: 14px; font-family: -apple-system, system-ui,;\"><ins>RELOJES HECHOS EN JAP\u00d3N Clon 1:1 del Mejor Clon Suizo Rolex R\u00e9plica GMT esfera Meteorito<\/ins><\/span><\/p>\n<ul>\n<li><span style=\"color: #212b36; background-color: #ffffff; font-size: 14px; font-family: -apple-system, system-ui,;\">Se ve y se siente exactamente igual. \u2714<\/span><\/li>\n<li><span style=\"color: #212b36; background-color: #ffffff; font-size: 14px; font-family: -apple-system, system-ui,;\">No se puede diferenciar entre el verdadero \u2714<\/span><\/li>\n<li><span style=\"color: #212b36; background-color: #ffffff; font-size: 14px; font-family: -apple-system, system-ui,;\">Resistente al agua 100 m \u2714<\/span><\/li>\n<li><span style=\"color: #212b36; background-color: #ffffff; font-size: 14px; font-family: -apple-system, system-ui,;\">Cristal de zafiro antirrayado con revestimiento AR \u2714<\/span><\/li>\n<li><span style=\"color: #212b36; background-color: #ffffff; font-size: 14px; font-family: -apple-system, system-ui,;\">Relojes de acero 904L y chapados en oro aut\u00e9ntico. \u2714<\/span><\/li>\n<li><span style=\"color: #212b36; background-color: #ffffff; font-size: 14px; font-family: -apple-system, system-ui,;\">Mismo peso que el original. \u2714<\/span><\/li>\n<li><span style=\"color: #212b36; background-color: #ffffff; font-size: 14px; font-family: -apple-system, system-ui,;\">Mismo Mecanismo que el Real \u2716 ( Mejor Movimiento Autom\u00e1tico Japon\u00e9s, peque\u00f1a diferencia detallada en el mecanismo ) <\/span><\/li>\n<li><span style=\"color: #212b36; background-color: #ffffff; font-size: 14px; font-family: -apple-system, system-ui,;\">Movimiento Autom\u00e1tico \u2714 ( El segundero no hace tictac, se mueve suavemente como el original )<\/span><\/li>\n<\/ul>\n<p style=\"text-align: left;\"><span style=\"color: #212b36; background-color: #ffffff; font-size: 14px; font-family: -apple-system, system-ui,;\"><ins>RELOJES DE FABRICACI\u00f3N SUIZA Clon 1:1 del Mejor Clon Suizo Rolex R\u00e9plica GMT esfera Meteorito<\/ins><\/span><\/p>\n<ul>\n<li><span style=\"color: #212b36; background-color: #ffffff; font-size: 14px; font-family: -apple-system, system-ui,;\">Se ve y se siente exactamente igual. \u2714<\/span><\/li>\n<li><span style=\"color: #212b36; background-color: #ffffff; font-size: 14px; font-family: -apple-system, system-ui,;\">No se puede diferenciar entre el verdadero \u2714<\/span><\/li>\n<li><span style=\"color: #212b36; background-color: #ffffff; font-size: 14px; font-family: -apple-system, system-ui,;\">Resistente al agua 300 m \u2714<\/span><\/li>\n<li><span style=\"color: #212b36; background-color: #ffffff; font-size: 14px; font-family: -apple-system, system-ui,;\">Cristal de zafiro antirrayado con revestimiento AR \u2714<\/span><\/li>\n<li><span style=\"color: #212b36; background-color: #ffffff; font-size: 14px; font-family: -apple-system, system-ui,;\">Relojes de acero 904L y oro aut\u00e9ntico. \u2714<\/span><\/li>\n<li><span style=\"color: #212b36; background-color: #ffffff; font-size: 14px; font-family: -apple-system, system-ui,;\">Mismo peso que el original. \u2714<\/span><\/li>\n<li><span style=\"color: #212b36; background-color: #ffffff; font-size: 14px; font-family: -apple-system, system-ui,;\">Mismo Mecanismo que el Real \u2714 ( MISMO Movimiento SUIZO, Exactamente igual que el real ) <\/span><\/li>\n<li><span style=\"color: #212b36; background-color: #ffffff; font-size: 14px; font-family: -apple-system, system-ui,;\">Movimiento Autom\u00e1tico \u2714 ( El segundero no hace tictac, se mueve suavemente como el original )<\/span><\/li>\n<\/ul>\n<p><strong><img decoding=\"async\" class=\"aligncenter\" src=\"https:\/\/cdn.shopify.com\/s\/files\/1\/0027\/0748\/8883\/files\/checkout_icon_02b92492-cff8-4474-b98b-81bbaa03a415_large.png?v=1529695134\" alt=\"\" title=\"\"><\/strong><\/p>\n<p>&nbsp;<\/p>\n<h5><strong>Descripci\u00f3n<\/strong><\/h5>\n<ul>\n<li>Ref.126719BLRO | 126719<\/li>\n<li>Di\u00e1metro: 40 mm R\u00e9plica de reloj Rolex GMT Master II con esfera de meteorito para hombre<\/li>\n<li>Pulsera: Pulsera Oyster de acero inoxidable con cierre desplegable con el logotipo de Rolex grabado en Rolex<\/li>\n<li>Esfera del reloj: Esfera de meteorito gris<\/li>\n<li>Bisel del reloj: Bisel graduado giratorio de 24 horas. Bisel Pepsi rojo y azul de dos colores, n\u00fameros grabados y graduaciones.<\/li>\n<li>Movimiento: Movimiento autom\u00e1tico Ming Zhu asi\u00e1tico de alta calidad con segundero de barrido suave, tambi\u00e9n llamado ETA2813 \/DG2813. 21600 bph. 21 joyas para esta r\u00e9plica de reloj Rolex GMT Master II. GMT totalmente funcional (manecilla GMT ajustable independientemente)<\/li>\n<li>Caja del reloj: Caja y pulsera del reloj de acero inoxidable 316L de nuevo estilo.<\/li>\n<li>Impermeable<\/li>\n<\/ul>\n<h5>Garant\u00eda<\/h5>\n<p>100% de satisfacci\u00f3n garantizada Si no est\u00e1s satisfecho al 100% con tu primer myreplicawatch, prometemos arreglarlo todo.<\/p>\n<h5>Entrega<\/h5>\n<p>Env\u00edo DHL a todo el mundo &#8211; De 3 a 10 d\u00edas estimaci\u00f3n de llegada Despu\u00e9s de hacer tu pedido, por favor, deja pasar 2-3 d\u00edas para el env\u00edo de tu producto. Recibir\u00e1s tu n\u00famero de seguimiento inmediatamente despu\u00e9s de que enviemos tu producto. <img fetchpriority=\"high\" decoding=\"async\" class=\"aligncenter\" src=\"https:\/\/cdn.shopify.com\/s\/files\/1\/0027\/0748\/8883\/files\/product_desc_below_large_large_a32e7262-b9bf-4a85-ac82-2638c1f67ae1_large.png?v=1529766426\" alt=\"\" width=\"430\" height=\"159\" title=\"\"><\/p>\n","protected":false},"excerpt":{"rendered":"<p>Mejor Clon Suizo Rolex R\u00e9plica GMT Esfera Meteorito &#8211; Mejor Versi\u00f3n Clonada Los pedidos mediante BitCoin y transferencias bancarias directas incluyen un gran descuento Contacta con nosotros para m\u00e1s informaci\u00f3n Caja del reloj con papeles y documentos incluidos. Los Pedidos por Transferencia Bancaria Directa incluyen un gran Descuento ( Contacta con nosotros para m\u00e1s informaci\u00f3n<\/p>\n","protected":false},"featured_media":6506,"comment_status":"open","ping_status":"closed","template":"","meta":{"_uag_custom_page_level_css":"","site-sidebar-layout":"default","site-content-layout":"","ast-site-content-layout":"default","site-content-style":"default","site-sidebar-style":"default","ast-global-header-display":"","ast-banner-title-visibility":"","ast-main-header-display":"","ast-hfb-above-header-display":"","ast-hfb-below-header-display":"","ast-hfb-mobile-header-display":"","site-post-title":"","ast-breadcrumbs-content":"","ast-featured-img":"","footer-sml-layout":"","theme-transparent-header-meta":"default","adv-header-id-meta":"","stick-header-meta":"default","header-above-stick-meta":"","header-main-stick-meta":"","header-below-stick-meta":"","astra-migrate-meta-layouts":"set","ast-page-background-enabled":"default","ast-page-background-meta":{"desktop":{"background-color":"var(--ast-global-color-4)","background-image":"","background-repeat":"repeat","background-position":"center center","background-size":"auto","background-attachment":"scroll","background-type":"","background-media":"","overlay-type":"","overlay-color":"","overlay-opacity":"","overlay-gradient":""},"tablet":{"background-color":"","background-image":"","background-repeat":"repeat","background-position":"center center","background-size":"auto","background-attachment":"scroll","background-type":"","background-media":"","overlay-type":"","overlay-color":"","overlay-opacity":"","overlay-gradient":""},"mobile":{"background-color":"","background-image":"","background-repeat":"repeat","background-position":"center center","background-size":"auto","background-attachment":"scroll","background-type":"","background-media":"","overlay-type":"","overlay-color":"","overlay-opacity":"","overlay-gradient":""}},"ast-content-background-meta":{"desktop":{"background-color":"var(--ast-global-color-5)","background-image":"","background-repeat":"repeat","background-position":"center center","background-size":"auto","background-attachment":"scroll","background-type":"","background-media":"","overlay-type":"","overlay-color":"","overlay-opacity":"","overlay-gradient":""},"tablet":{"background-color":"var(--ast-global-color-5)","background-image":"","background-repeat":"repeat","background-position":"center center","background-size":"auto","background-attachment":"scroll","background-type":"","background-media":"","overlay-type":"","overlay-color":"","overlay-opacity":"","overlay-gradient":""},"mobile":{"background-color":"var(--ast-global-color-5)","background-image":"","background-repeat":"repeat","background-position":"center center","background-size":"auto","background-attachment":"scroll","background-type":"","background-media":"","overlay-type":"","overlay-color":"","overlay-opacity":"","overlay-gradient":""}}},"product_brand":[],"product_cat":[168,154,174,158],"product_tag":[647,1957,561,648,559,873,876,565,555,474,875,560,187,173,567],"class_list":{"0":"post-11587","1":"product","2":"type-product","3":"status-publish","4":"has-post-thumbnail","6":"product_cat-productos-mas-nuevos","7":"product_cat-replicas-de-relojes-mas-vendidas","8":"product_cat-replica-de-rolex-gmt-master-aaa","9":"product_cat-superclones","10":"product_tag-automatic-watch-es","11":"product_tag-best-swiss-clone-es","12":"product_tag-collectible","13":"product_tag-elegant-es","14":"product_tag-exclusive","15":"product_tag-gmt","16":"product_tag-gmt-master-es","17":"product_tag-high-quality-es","18":"product_tag-limited-edition","19":"product_tag-mens-watch","20":"product_tag-meteorite-dial","21":"product_tag-premium","22":"product_tag-rolex-es","23":"product_tag-rolex-suizo","24":"product_tag-stylish-es","25":"desktop-align-left","26":"tablet-align-left","27":"mobile-align-left","28":"ast-product-gallery-layout-vertical-slider","29":"ast-product-single-variable","31":"first","32":"instock","33":"sale","34":"shipping-taxable","35":"purchasable","36":"product-type-variable"},"uagb_featured_image_src":{"full":["https:\/\/myreplicawatches.io\/wp-content\/uploads\/2023\/10\/image_b793f7e2-02e7-4b44-beb7-8a00d4c82dc0.jpg",994,1234,false],"thumbnail":["https:\/\/myreplicawatches.io\/wp-content\/uploads\/2023\/10\/image_b793f7e2-02e7-4b44-beb7-8a00d4c82dc0-150x150.jpg",150,150,true],"medium":["https:\/\/myreplicawatches.io\/wp-content\/uploads\/2023\/10\/image_b793f7e2-02e7-4b44-beb7-8a00d4c82dc0-242x300.jpg",242,300,true],"medium_large":["https:\/\/myreplicawatches.io\/wp-content\/uploads\/2023\/10\/image_b793f7e2-02e7-4b44-beb7-8a00d4c82dc0-768x953.jpg",768,953,true],"large":["https:\/\/myreplicawatches.io\/wp-content\/uploads\/2023\/10\/image_b793f7e2-02e7-4b44-beb7-8a00d4c82dc0-825x1024.jpg",825,1024,true],"1536x1536":["https:\/\/myreplicawatches.io\/wp-content\/uploads\/2023\/10\/image_b793f7e2-02e7-4b44-beb7-8a00d4c82dc0.jpg",994,1234,false],"2048x2048":["https:\/\/myreplicawatches.io\/wp-content\/uploads\/2023\/10\/image_b793f7e2-02e7-4b44-beb7-8a00d4c82dc0.jpg",994,1234,false],"woocommerce_thumbnail":["https:\/\/myreplicawatches.io\/wp-content\/uploads\/2023\/10\/image_b793f7e2-02e7-4b44-beb7-8a00d4c82dc0-300x300.jpg",300,300,true],"woocommerce_single":["https:\/\/myreplicawatches.io\/wp-content\/uploads\/2023\/10\/image_b793f7e2-02e7-4b44-beb7-8a00d4c82dc0-600x745.jpg",600,745,true],"woocommerce_gallery_thumbnail":["https:\/\/myreplicawatches.io\/wp-content\/uploads\/2023\/10\/image_b793f7e2-02e7-4b44-beb7-8a00d4c82dc0-100x100.jpg",100,100,true],"variation_swatches_image_size":["https:\/\/myreplicawatches.io\/wp-content\/uploads\/2023\/10\/image_b793f7e2-02e7-4b44-beb7-8a00d4c82dc0.jpg",40,50,false],"variation_swatches_tooltip_size":["https:\/\/myreplicawatches.io\/wp-content\/uploads\/2023\/10\/image_b793f7e2-02e7-4b44-beb7-8a00d4c82dc0.jpg",81,100,false],"dgwt-wcas-product-suggestion":["https:\/\/myreplicawatches.io\/wp-content\/uploads\/2023\/10\/image_b793f7e2-02e7-4b44-beb7-8a00d4c82dc0-64x79.jpg",64,79,true]},"uagb_author_info":{"display_name":"admin","author_link":"https:\/\/myreplicawatches.io\/de\/author\/"},"uagb_comment_info":0,"uagb_excerpt":"Mejor Clon Suizo Rolex R\u00e9plica GMT Esfera Meteorito &#8211; Mejor Versi\u00f3n Clonada Los pedidos mediante BitCoin y transferencias bancarias directas incluyen un gran descuento Contacta con nosotros para m\u00e1s informaci\u00f3n Caja del reloj con papeles y documentos incluidos. Los Pedidos por Transferencia Bancaria Directa incluyen un gran Descuento ( Contacta con nosotros para m\u00e1s informaci\u00f3n","jetpack_sharing_enabled":true,"_links":{"self":[{"href":"https:\/\/myreplicawatches.io\/de\/wp-json\/wp\/v2\/product\/11587","targetHints":{"allow":["GET"]}}],"collection":[{"href":"https:\/\/myreplicawatches.io\/de\/wp-json\/wp\/v2\/product"}],"about":[{"href":"https:\/\/myreplicawatches.io\/de\/wp-json\/wp\/v2\/types\/product"}],"replies":[{"embeddable":true,"href":"https:\/\/myreplicawatches.io\/de\/wp-json\/wp\/v2\/comments?post=11587"}],"wp:featuredmedia":[{"embeddable":true,"href":"https:\/\/myreplicawatches.io\/de\/wp-json\/wp\/v2\/media\/6506"}],"wp:attachment":[{"href":"https:\/\/myreplicawatches.io\/de\/wp-json\/wp\/v2\/media?parent=11587"}],"wp:term":[{"taxonomy":"product_brand","embeddable":true,"href":"https:\/\/myreplicawatches.io\/de\/wp-json\/wp\/v2\/product_brand?post=11587"},{"taxonomy":"product_cat","embeddable":true,"href":"https:\/\/myreplicawatches.io\/de\/wp-json\/wp\/v2\/product_cat?post=11587"},{"taxonomy":"product_tag","embeddable":true,"href":"https:\/\/myreplicawatches.io\/de\/wp-json\/wp\/v2\/product_tag?post=11587"}],"curies":[{"name":"wp","href":"https:\/\/api.w.org\/{rel}","templated":true}]}}