{"id":11578,"date":"2023-10-03T21:31:54","date_gmt":"2023-10-03T21:31:54","guid":{"rendered":"https:\/\/myreplicawatches.io\/product\/clon-suizo-replica-rolex-daydate-oro-rosa-esfera-chocolate\/"},"modified":"2025-11-16T12:36:47","modified_gmt":"2025-11-16T12:36:47","slug":"clon-suizo-replica-rolex-daydate-oro-rosa-esfera-chocolate","status":"publish","type":"product","link":"https:\/\/myreplicawatches.io\/de\/product\/clon-suizo-replica-rolex-daydate-oro-rosa-esfera-chocolate\/","title":{"rendered":"Clon Suizo Replica Rolex DayDate Oro Rosa Esfera Chocolate"},"content":{"rendered":"<h2 style=\"text-align: center;\">Clon Suizo Replica Rolex DayDate Oro Rosa Esfera Chocolate &#8211; Clon Replica De La Mejor Calidad<\/h2>\n<h2 style=\"text-align: center;\"><span style=\"color: #e25041;\">Los pedidos mediante BitCoin y transferencias bancarias directas incluyen un gran descuento <\/span><\/h2>\n<p style=\"text-align: center;\"><span style=\"color: #000000; background-color: #ffffff; font-size: 18px; font-family: Futura, sans-serif;\"><strong>Caja del reloj con papeles y documentos incluidos.<\/strong><\/span><\/p>\n<p>&nbsp;<\/p>\n<div class=\"att-grp-detail col-sm-12\">\n<h4><\/h4>\n<p><ins>RELOJES DE FABRICACI\u00d3N SUIZA Clon 1:1 del clon suizo R\u00e9plica Rolex DayDate Oro rosa Esfera chocolate<\/ins><\/p>\n<ul>\n<li>Se ve y se siente exactamente igual. \u2714<\/li>\n<li>No se puede diferenciar entre el verdadero \u2714<\/li>\n<li>Resistente al agua 300 m \u2714<\/li>\n<li>Cristal de zafiro antirrayado con revestimiento AR \u2714<\/li>\n<li>Relojes de acero 904L y oro aut\u00e9ntico. \u2714<\/li>\n<li>Mismo peso que el original. \u2714<\/li>\n<li>Mismo Mecanismo que el Real \u2714 ( MISMO Movimiento SUIZO, Exactamente igual que el real )<\/li>\n<li>Movimiento Autom\u00e1tico \u2714 ( El segundero no hace tictac, se mueve suavemente como el original )<\/li>\n<\/ul>\n<h4>INFORMACI\u00d3N del Clon Suizo R\u00e9plica Rolex DayDate Oro Rosa Esfera Chocolate<\/h4>\n<div class=\"att-sngl-detail\">\n<div class=\"detail-data\"><\/div>\n<div class=\"detail-data\">MARCA &#8211; R\u00e9plica <span style=\"font-size: 16px;\">Rolex<\/span><\/div>\n<\/div>\n<div class=\"att-sngl-detail\">\n<div class=\"detail-label\"><\/div>\n<\/div>\n<div class=\"att-sngl-detail\">\n<div class=\"detail-label\">N\u00daMERO DE MODELO &#8211; 228235-CHODP<\/div>\n<\/div>\n<div class=\"att-sngl-detail\">\n<div class=\"detail-label\">SERIE &#8211; Fecha diurna 40<\/div>\n<\/div>\n<div class=\"att-sngl-detail\">\n<div class=\"detail-label\">A\u00d1O DEL MODELO &#8211; 2006-actual Rolex moderno<\/div>\n<div class=\"detail-data\"><\/div>\n<\/div>\n<\/div>\n<div class=\"att-grp-detail col-sm-12\">\n<h4>CASO &#8211; CORONA<\/h4>\n<div class=\"att-sngl-detail\">\n<div class=\"detail-data\">Atornillar &#8211; <span style=\"font-size: 16px;\">BEZEL<\/span><\/div>\n<\/div>\n<div class=\"att-sngl-detail\">\n<div class=\"detail-data\">Oro rosa &#8211; Acanalado<\/div>\n<\/div>\n<div class=\"att-sngl-detail\">\n<div class=\"detail-label\">MOVIMIENTO &#8211; Autom\u00e1tico suizo<\/div>\n<\/div>\n<div class=\"att-sngl-detail\">\n<div class=\"detail-label\">CAJA TRASERA &#8211; S\u00f3lida<\/div>\n<\/div>\n<div class=\"att-sngl-detail\">\n<div class=\"detail-label\">MATERIAL &#8211; Oro rosa<\/div>\n<\/div>\n<div class=\"att-sngl-detail\">\n<div class=\"detail-label\">TAMA\u00d1O DE LA CAJA &#8211; 40 mm<\/div>\n<\/div>\n<div class=\"att-sngl-detail\">\n<div class=\"detail-label\">FORMA DE LA CAJA &#8211; Redonda<\/div>\n<div class=\"detail-data\"><\/div>\n<\/div>\n<\/div>\n<div class=\"att-grp-detail col-sm-12\">\n<h4>MARCA<\/h4>\n<div class=\"att-sngl-detail\">\n<div class=\"detail-label\">TIPO DE DIAL &#8211; Anal\u00f3gico<\/div>\n<\/div>\n<div class=\"att-sngl-detail\">\n<div class=\"detail-label\">FECHA A &#8211; 3 en punto<\/div>\n<\/div>\n<div class=\"att-sngl-detail\">\n<div class=\"detail-label\">COLOR DEL DIAL &#8211; Chocolate<\/div>\n<\/div>\n<div class=\"att-sngl-detail\">\n<div class=\"detail-label\">MARCADORES DE DIAL &#8211; Engastados con diamantes<\/div>\n<\/div>\n<div><\/div>\n<\/div>\n<div class=\"att-grp-detail col-sm-12\">\n<h4>PULSERA<\/h4>\n<div class=\"att-sngl-detail\">\n<div class=\"detail-label\">MATERIAL DE LA BANDA &#8211; Oro rosa<\/div>\n<\/div>\n<div class=\"att-sngl-detail\">\n<div class=\"detail-label\">CLASP &#8211; Corona plegable oculta<\/div>\n<\/div>\n<div class=\"att-sngl-detail\">\n<div class=\"detail-label\">PULSERA &#8211; Presidente<\/div>\n<\/div>\n<div class=\"att-sngl-detail\">\n<div class=\"detail-label\">TIPO DE PULSERA &#8211; Presidente actual de 3\u00aa generaci\u00f3n<\/div>\n<div class=\"detail-data\"><\/div>\n<\/div>\n<\/div>\n<div class=\"att-grp-detail col-sm-12\">\n<h4>INFORMACI\u00d3N ADICIONAL<\/h4>\n<div class=\"att-sngl-detail\">\n<div class=\"detail-label\">ESTILO DE RELOJ &#8211; Reloj de vestir<\/div>\n<\/div>\n<div class=\"att-sngl-detail\">\n<div class=\"detail-label\">G\u00c9NERO &#8211; Masculino<\/div>\n<\/div>\n<div class=\"att-sngl-detail\">\n<div class=\"detail-label\">PA\u00cdS DE FABRICACI\u00d3N &#8211; Suiza<\/div>\n<\/div>\n<div class=\"att-sngl-detail\">\n<div class=\"detail-label\">COMPLICACI\u00d3N &#8211; Fecha, D\u00eda<\/div>\n<\/div>\n<div class=\"att-sngl-detail\">\n<div class=\"detail-label\">RESISTENCIA AL AGUA &#8211; 300 Metros<\/div>\n<div class=\"detail-data\"><\/div>\n<div class=\"detail-data\">\n<p>&nbsp;<\/p>\n<h4>Garant\u00eda<\/h4>\n<p>100% de satisfacci\u00f3n garantizada Si no quedas satisfecho al 100% con tu primera myreplicawatches.io, nos comprometemos a arreglarlo todo.<\/p>\n<h4><strong>Entrega<\/strong><\/h4>\n<p>Env\u00edo DHL a todo el mundo &#8211; De 10 a 15 d\u00edas estimado de llegada Despu\u00e9s de hacer tu pedido, por favor, deja pasar 2-3 d\u00edas para el env\u00edo de tu producto. Recibir\u00e1s tu n\u00famero de seguimiento inmediatamente despu\u00e9s de que enviemos tu producto.<\/p>\n<div class=\"att-grp-detail col-sm-12\">\n<div class=\"att-sngl-detail\"><\/div>\n<\/div>\n<div><\/div>\n<\/div>\n<div class=\"detail-data\"><\/div>\n<div class=\"detail-data\"><\/div>\n<\/div>\n<\/div>\n<div><\/div>\n","protected":false},"excerpt":{"rendered":"<p>Clon Suizo Replica Rolex DayDate Oro Rosa Esfera Chocolate &#8211; Clon Replica De La Mejor Calidad Los pedidos mediante BitCoin y transferencias bancarias directas incluyen un gran descuento Caja del reloj con papeles y documentos incluidos. &nbsp; RELOJES DE FABRICACI\u00d3N SUIZA Clon 1:1 del clon suizo R\u00e9plica Rolex DayDate Oro rosa Esfera chocolate Se ve<\/p>\n","protected":false},"featured_media":8661,"comment_status":"open","ping_status":"closed","template":"","meta":{"_uag_custom_page_level_css":"","site-sidebar-layout":"default","site-content-layout":"","ast-site-content-layout":"default","site-content-style":"default","site-sidebar-style":"default","ast-global-header-display":"","ast-banner-title-visibility":"","ast-main-header-display":"","ast-hfb-above-header-display":"","ast-hfb-below-header-display":"","ast-hfb-mobile-header-display":"","site-post-title":"","ast-breadcrumbs-content":"","ast-featured-img":"","footer-sml-layout":"","theme-transparent-header-meta":"default","adv-header-id-meta":"","stick-header-meta":"default","header-above-stick-meta":"","header-main-stick-meta":"","header-below-stick-meta":"","astra-migrate-meta-layouts":"set","ast-page-background-enabled":"default","ast-page-background-meta":{"desktop":{"background-color":"var(--ast-global-color-4)","background-image":"","background-repeat":"repeat","background-position":"center center","background-size":"auto","background-attachment":"scroll","background-type":"","background-media":"","overlay-type":"","overlay-color":"","overlay-opacity":"","overlay-gradient":""},"tablet":{"background-color":"","background-image":"","background-repeat":"repeat","background-position":"center center","background-size":"auto","background-attachment":"scroll","background-type":"","background-media":"","overlay-type":"","overlay-color":"","overlay-opacity":"","overlay-gradient":""},"mobile":{"background-color":"","background-image":"","background-repeat":"repeat","background-position":"center center","background-size":"auto","background-attachment":"scroll","background-type":"","background-media":"","overlay-type":"","overlay-color":"","overlay-opacity":"","overlay-gradient":""}},"ast-content-background-meta":{"desktop":{"background-color":"var(--ast-global-color-5)","background-image":"","background-repeat":"repeat","background-position":"center center","background-size":"auto","background-attachment":"scroll","background-type":"","background-media":"","overlay-type":"","overlay-color":"","overlay-opacity":"","overlay-gradient":""},"tablet":{"background-color":"var(--ast-global-color-5)","background-image":"","background-repeat":"repeat","background-position":"center center","background-size":"auto","background-attachment":"scroll","background-type":"","background-media":"","overlay-type":"","overlay-color":"","overlay-opacity":"","overlay-gradient":""},"mobile":{"background-color":"var(--ast-global-color-5)","background-image":"","background-repeat":"repeat","background-position":"center center","background-size":"auto","background-attachment":"scroll","background-type":"","background-media":"","overlay-type":"","overlay-color":"","overlay-opacity":"","overlay-gradient":""}}},"product_brand":[],"product_cat":[181,168,154,158],"product_tag":[],"class_list":{"0":"post-11578","1":"product","2":"type-product","3":"status-publish","4":"has-post-thumbnail","6":"product_cat-day-date-replica-relojo-rolex","7":"product_cat-productos-mas-nuevos","8":"product_cat-replicas-de-relojes-mas-vendidas","9":"product_cat-superclones","10":"desktop-align-left","11":"tablet-align-left","12":"mobile-align-left","13":"ast-product-gallery-layout-vertical-slider","15":"first","16":"instock","17":"sale","18":"shipping-taxable","19":"purchasable","20":"product-type-simple"},"uagb_featured_image_src":{"full":["https:\/\/myreplicawatches.io\/wp-content\/uploads\/2023\/10\/Replica-rolex-Sky-dweller-rose-gold-81-1.jpg",1080,1080,false],"thumbnail":["https:\/\/myreplicawatches.io\/wp-content\/uploads\/2023\/10\/Replica-rolex-Sky-dweller-rose-gold-81-1-150x150.jpg",150,150,true],"medium":["https:\/\/myreplicawatches.io\/wp-content\/uploads\/2023\/10\/Replica-rolex-Sky-dweller-rose-gold-81-1-300x300.jpg",300,300,true],"medium_large":["https:\/\/myreplicawatches.io\/wp-content\/uploads\/2023\/10\/Replica-rolex-Sky-dweller-rose-gold-81-1-768x768.jpg",768,768,true],"large":["https:\/\/myreplicawatches.io\/wp-content\/uploads\/2023\/10\/Replica-rolex-Sky-dweller-rose-gold-81-1-1024x1024.jpg",1024,1024,true],"1536x1536":["https:\/\/myreplicawatches.io\/wp-content\/uploads\/2023\/10\/Replica-rolex-Sky-dweller-rose-gold-81-1.jpg",1080,1080,false],"2048x2048":["https:\/\/myreplicawatches.io\/wp-content\/uploads\/2023\/10\/Replica-rolex-Sky-dweller-rose-gold-81-1.jpg",1080,1080,false],"woocommerce_thumbnail":["https:\/\/myreplicawatches.io\/wp-content\/uploads\/2023\/10\/Replica-rolex-Sky-dweller-rose-gold-81-1-300x300.jpg",300,300,true],"woocommerce_single":["https:\/\/myreplicawatches.io\/wp-content\/uploads\/2023\/10\/Replica-rolex-Sky-dweller-rose-gold-81-1-600x600.jpg",600,600,true],"woocommerce_gallery_thumbnail":["https:\/\/myreplicawatches.io\/wp-content\/uploads\/2023\/10\/Replica-rolex-Sky-dweller-rose-gold-81-1-100x100.jpg",100,100,true],"variation_swatches_image_size":["https:\/\/myreplicawatches.io\/wp-content\/uploads\/2023\/10\/Replica-rolex-Sky-dweller-rose-gold-81-1-50x50.jpg",50,50,true],"variation_swatches_tooltip_size":["https:\/\/myreplicawatches.io\/wp-content\/uploads\/2023\/10\/Replica-rolex-Sky-dweller-rose-gold-81-1-100x100.jpg",100,100,true],"dgwt-wcas-product-suggestion":["https:\/\/myreplicawatches.io\/wp-content\/uploads\/2023\/10\/Replica-rolex-Sky-dweller-rose-gold-81-1-64x64.jpg",64,64,true]},"uagb_author_info":{"display_name":"admin","author_link":"https:\/\/myreplicawatches.io\/de\/author\/"},"uagb_comment_info":0,"uagb_excerpt":"Clon Suizo Replica Rolex DayDate Oro Rosa Esfera Chocolate &#8211; Clon Replica De La Mejor Calidad Los pedidos mediante BitCoin y transferencias bancarias directas incluyen un gran descuento Caja del reloj con papeles y documentos incluidos. &nbsp; RELOJES DE FABRICACI\u00d3N SUIZA Clon 1:1 del clon suizo R\u00e9plica Rolex DayDate Oro rosa Esfera chocolate Se ve","jetpack_sharing_enabled":true,"_links":{"self":[{"href":"https:\/\/myreplicawatches.io\/de\/wp-json\/wp\/v2\/product\/11578","targetHints":{"allow":["GET"]}}],"collection":[{"href":"https:\/\/myreplicawatches.io\/de\/wp-json\/wp\/v2\/product"}],"about":[{"href":"https:\/\/myreplicawatches.io\/de\/wp-json\/wp\/v2\/types\/product"}],"replies":[{"embeddable":true,"href":"https:\/\/myreplicawatches.io\/de\/wp-json\/wp\/v2\/comments?post=11578"}],"wp:featuredmedia":[{"embeddable":true,"href":"https:\/\/myreplicawatches.io\/de\/wp-json\/wp\/v2\/media\/8661"}],"wp:attachment":[{"href":"https:\/\/myreplicawatches.io\/de\/wp-json\/wp\/v2\/media?parent=11578"}],"wp:term":[{"taxonomy":"product_brand","embeddable":true,"href":"https:\/\/myreplicawatches.io\/de\/wp-json\/wp\/v2\/product_brand?post=11578"},{"taxonomy":"product_cat","embeddable":true,"href":"https:\/\/myreplicawatches.io\/de\/wp-json\/wp\/v2\/product_cat?post=11578"},{"taxonomy":"product_tag","embeddable":true,"href":"https:\/\/myreplicawatches.io\/de\/wp-json\/wp\/v2\/product_tag?post=11578"}],"curies":[{"name":"wp","href":"https:\/\/api.w.org\/{rel}","templated":true}]}}