{"id":11563,"date":"2023-10-03T21:31:45","date_gmt":"2023-10-03T21:31:45","guid":{"rendered":"https:\/\/myreplicawatches.io\/product\/mejor-clon-suizo-audemars-piguet-caja-de-reloj-con-papeles\/"},"modified":"2025-11-16T12:38:22","modified_gmt":"2025-11-16T12:38:22","slug":"mejor-clon-suizo-audemars-piguet-caja-de-reloj-con-papeles","status":"publish","type":"product","link":"https:\/\/myreplicawatches.io\/de\/product\/mejor-clon-suizo-audemars-piguet-caja-de-reloj-con-papeles\/","title":{"rendered":"Mejor Clon Suizo Audemars Piguet Caja De Reloj Con Papeles"},"content":{"rendered":"<p>El mejor clon suizo de caja de reloj Audemars Piguet con papeles &#8211; La mejor versi\u00f3n de copia de esta caja de reloj del mercado.<\/p>\n<div class=\"product-single__description rte\">\n<dl>\n<dt><strong>Todos los papeles y la documentaci\u00f3n est\u00e1n incluidos en la caja de este reloj<\/strong><\/dt>\n<dt>Tama\u00f1o<strong> del paquete<\/strong><\/dt>\n<dd>20,0*15,0*11,0(cm)<\/dd>\n<\/dl>\n<dl>\n<dt><strong>Peso bruto\/paquete<\/strong><\/dt>\n<dd>0,78(kg)<\/dd>\n<\/dl>\n<dl>\n<dt><strong>Cajas y estuches Material<\/strong><\/dt>\n<dd>Madera<\/dd>\n<\/dl>\n<dl>\n<dt><strong>Color<\/strong><\/dt>\n<dd>Marr\u00f3n<\/dd>\n<\/dl>\n<dl>\n<dt><strong>Estilo<\/strong><\/dt>\n<dd>Moda<\/dd>\n<\/dl>\n<dl>\n<dt><strong>Vieja y nueva situaci\u00f3n<\/strong><\/dt>\n<dd>Nuevo<\/dd>\n<\/dl>\n<dl>\n<dt><strong>Di\u00e1metro del producto<\/strong><\/dt>\n<dd>13<\/dd>\n<\/dl>\n<dl>\n<dt><strong>Altura del producto<\/strong><\/dt>\n<dd>8.5<\/dd>\n<\/dl>\n<dl>\n<dt><strong>Longitud del producto<\/strong><\/dt>\n<dd>17.8<\/dd>\n<\/dl>\n<dl>\n<dt><strong>Anchura del producto<\/strong><\/dt>\n<dd>13<\/dd>\n<\/dl>\n<\/div>\n","protected":false},"excerpt":{"rendered":"<p>El mejor clon suizo de caja de reloj Audemars Piguet con papeles &#8211; La mejor versi\u00f3n de copia de esta caja de reloj del mercado. Todos los papeles y la documentaci\u00f3n est\u00e1n incluidos en la caja de este reloj Tama\u00f1o del paquete 20,0*15,0*11,0(cm) Peso bruto\/paquete 0,78(kg) Cajas y estuches Material Madera Color Marr\u00f3n Estilo Moda<\/p>\n","protected":false},"featured_media":30491,"comment_status":"open","ping_status":"closed","template":"","meta":{"_uag_custom_page_level_css":"","site-sidebar-layout":"default","site-content-layout":"","ast-site-content-layout":"default","site-content-style":"default","site-sidebar-style":"default","ast-global-header-display":"","ast-banner-title-visibility":"","ast-main-header-display":"","ast-hfb-above-header-display":"","ast-hfb-below-header-display":"","ast-hfb-mobile-header-display":"","site-post-title":"","ast-breadcrumbs-content":"","ast-featured-img":"","footer-sml-layout":"","theme-transparent-header-meta":"default","adv-header-id-meta":"","stick-header-meta":"default","header-above-stick-meta":"","header-main-stick-meta":"","header-below-stick-meta":"","astra-migrate-meta-layouts":"set","ast-page-background-enabled":"default","ast-page-background-meta":{"desktop":{"background-color":"var(--ast-global-color-4)","background-image":"","background-repeat":"repeat","background-position":"center center","background-size":"auto","background-attachment":"scroll","background-type":"","background-media":"","overlay-type":"","overlay-color":"","overlay-opacity":"","overlay-gradient":""},"tablet":{"background-color":"","background-image":"","background-repeat":"repeat","background-position":"center center","background-size":"auto","background-attachment":"scroll","background-type":"","background-media":"","overlay-type":"","overlay-color":"","overlay-opacity":"","overlay-gradient":""},"mobile":{"background-color":"","background-image":"","background-repeat":"repeat","background-position":"center center","background-size":"auto","background-attachment":"scroll","background-type":"","background-media":"","overlay-type":"","overlay-color":"","overlay-opacity":"","overlay-gradient":""}},"ast-content-background-meta":{"desktop":{"background-color":"var(--ast-global-color-5)","background-image":"","background-repeat":"repeat","background-position":"center center","background-size":"auto","background-attachment":"scroll","background-type":"","background-media":"","overlay-type":"","overlay-color":"","overlay-opacity":"","overlay-gradient":""},"tablet":{"background-color":"var(--ast-global-color-5)","background-image":"","background-repeat":"repeat","background-position":"center center","background-size":"auto","background-attachment":"scroll","background-type":"","background-media":"","overlay-type":"","overlay-color":"","overlay-opacity":"","overlay-gradient":""},"mobile":{"background-color":"var(--ast-global-color-5)","background-image":"","background-repeat":"repeat","background-position":"center center","background-size":"auto","background-attachment":"scroll","background-type":"","background-media":"","overlay-type":"","overlay-color":"","overlay-opacity":"","overlay-gradient":""}}},"product_brand":[],"product_cat":[178,168,149,154,160,158],"product_tag":[],"class_list":{"0":"post-11563","1":"product","2":"type-product","3":"status-publish","4":"has-post-thumbnail","6":"product_cat-cajas-replica-de-relojes","7":"product_cat-productos-mas-nuevos","8":"product_cat-relojes-replica-audemars-piguet","9":"product_cat-replicas-de-relojes-mas-vendidas","10":"product_cat-super-clon-audemars-piguet","11":"product_cat-superclones","12":"desktop-align-left","13":"tablet-align-left","14":"mobile-align-left","15":"ast-product-gallery-layout-vertical-slider","17":"first","18":"instock","19":"sale","20":"shipping-taxable","21":"purchasable","22":"product-type-simple"},"uagb_featured_image_src":{"full":["https:\/\/myreplicawatches.io\/wp-content\/uploads\/2023\/10\/e1d739379edd21b7588c291c9760e7a8.jpg",1440,1080,false],"thumbnail":["https:\/\/myreplicawatches.io\/wp-content\/uploads\/2023\/10\/e1d739379edd21b7588c291c9760e7a8-150x150.jpg",150,150,true],"medium":["https:\/\/myreplicawatches.io\/wp-content\/uploads\/2023\/10\/e1d739379edd21b7588c291c9760e7a8-300x225.jpg",300,225,true],"medium_large":["https:\/\/myreplicawatches.io\/wp-content\/uploads\/2023\/10\/e1d739379edd21b7588c291c9760e7a8-768x576.jpg",768,576,true],"large":["https:\/\/myreplicawatches.io\/wp-content\/uploads\/2023\/10\/e1d739379edd21b7588c291c9760e7a8-1024x768.jpg",1024,768,true],"1536x1536":["https:\/\/myreplicawatches.io\/wp-content\/uploads\/2023\/10\/e1d739379edd21b7588c291c9760e7a8.jpg",1440,1080,false],"2048x2048":["https:\/\/myreplicawatches.io\/wp-content\/uploads\/2023\/10\/e1d739379edd21b7588c291c9760e7a8.jpg",1440,1080,false],"woocommerce_thumbnail":["https:\/\/myreplicawatches.io\/wp-content\/uploads\/2023\/10\/e1d739379edd21b7588c291c9760e7a8-300x300.jpg",300,300,true],"woocommerce_single":["https:\/\/myreplicawatches.io\/wp-content\/uploads\/2023\/10\/e1d739379edd21b7588c291c9760e7a8-600x450.jpg",600,450,true],"woocommerce_gallery_thumbnail":["https:\/\/myreplicawatches.io\/wp-content\/uploads\/2023\/10\/e1d739379edd21b7588c291c9760e7a8-100x100.jpg",100,100,true],"variation_swatches_image_size":["https:\/\/myreplicawatches.io\/wp-content\/uploads\/2023\/10\/e1d739379edd21b7588c291c9760e7a8-50x50.jpg",50,50,true],"variation_swatches_tooltip_size":["https:\/\/myreplicawatches.io\/wp-content\/uploads\/2023\/10\/e1d739379edd21b7588c291c9760e7a8-100x100.jpg",100,100,true],"dgwt-wcas-product-suggestion":["https:\/\/myreplicawatches.io\/wp-content\/uploads\/2023\/10\/e1d739379edd21b7588c291c9760e7a8-64x48.jpg",64,48,true]},"uagb_author_info":{"display_name":"admin","author_link":"https:\/\/myreplicawatches.io\/de\/author\/"},"uagb_comment_info":0,"uagb_excerpt":"El mejor clon suizo de caja de reloj Audemars Piguet con papeles &#8211; La mejor versi\u00f3n de copia de esta caja de reloj del mercado. Todos los papeles y la documentaci\u00f3n est\u00e1n incluidos en la caja de este reloj Tama\u00f1o del paquete 20,0*15,0*11,0(cm) Peso bruto\/paquete 0,78(kg) Cajas y estuches Material Madera Color Marr\u00f3n Estilo Moda","jetpack_sharing_enabled":true,"_links":{"self":[{"href":"https:\/\/myreplicawatches.io\/de\/wp-json\/wp\/v2\/product\/11563","targetHints":{"allow":["GET"]}}],"collection":[{"href":"https:\/\/myreplicawatches.io\/de\/wp-json\/wp\/v2\/product"}],"about":[{"href":"https:\/\/myreplicawatches.io\/de\/wp-json\/wp\/v2\/types\/product"}],"replies":[{"embeddable":true,"href":"https:\/\/myreplicawatches.io\/de\/wp-json\/wp\/v2\/comments?post=11563"}],"wp:featuredmedia":[{"embeddable":true,"href":"https:\/\/myreplicawatches.io\/de\/wp-json\/wp\/v2\/media\/30491"}],"wp:attachment":[{"href":"https:\/\/myreplicawatches.io\/de\/wp-json\/wp\/v2\/media?parent=11563"}],"wp:term":[{"taxonomy":"product_brand","embeddable":true,"href":"https:\/\/myreplicawatches.io\/de\/wp-json\/wp\/v2\/product_brand?post=11563"},{"taxonomy":"product_cat","embeddable":true,"href":"https:\/\/myreplicawatches.io\/de\/wp-json\/wp\/v2\/product_cat?post=11563"},{"taxonomy":"product_tag","embeddable":true,"href":"https:\/\/myreplicawatches.io\/de\/wp-json\/wp\/v2\/product_tag?post=11563"}],"curies":[{"name":"wp","href":"https:\/\/api.w.org\/{rel}","templated":true}]}}