{"id":11521,"date":"2023-10-03T21:34:09","date_gmt":"2023-10-03T21:34:09","guid":{"rendered":"https:\/\/myreplicawatches.io\/product\/rolex-sky-dweller-replica-plata-verde\/"},"modified":"2026-01-11T00:22:18","modified_gmt":"2026-01-11T00:22:18","slug":"rolex-sky-dweller-replica-plata-verde","status":"publish","type":"product","link":"https:\/\/myreplicawatches.io\/de\/product\/rolex-sky-dweller-replica-plata-verde\/","title":{"rendered":"Rolex Sky-Dweller R\u00e9plica Plata Verde"},"content":{"rendered":"<p>El Rolex Sky-Dweller R\u00e9plica Plata Verde acaba de recibir su actualizaci\u00f3n m\u00e1s extravagante en a\u00f1os, con un nuevo conjunto de colores de esfera que incluye una esfera verde menta y otra verde azulada, combinadas con las versiones de oro Rolesor y Everose, propiedad de la marca, respectivamente.<br \/>\nEste a\u00f1o marca el regreso del material de oro blanco de 19 quilates, mientras que el movimiento, muy parecido al que se encuentra en el nuevo Cosmography, recibe un escape Chronergy para una mayor resistencia al magnetismo e impulsa el calendario anual del reloj.<\/p>\n<h3>Ventajas de poseer un Rolex Sky-Dweller R\u00e9plica 2023 Verde<\/h3>\n<ul>\n<li>Una r\u00e9plica puede comprarse a un precio mucho m\u00e1s barato que uno aut\u00e9ntico, sin embargo, un reloj r\u00e9plica parecer\u00e1 y se sentir\u00e1 igual que el original.<\/li>\n<li>Lo \u00faltimo que alguien quiere es gastarse una fortuna para conseguir un reloj de lujo que tiene peque\u00f1as diferencias con nuestras r\u00e9plicas de relojes.<\/li>\n<li>Muchos entusiastas de los relojes no quieren gastarse miles de d\u00f3lares en relojes y quieren tener esa gran sensaci\u00f3n de poseer un gran reloj de una marca de lujo. Aqu\u00ed es cuando entran en juego los relojes myreplicawatches.io y proporcionan esa sensaci\u00f3n a sus clientes.<\/li>\n<li>\u00bf Tienes ya un aut\u00e9ntico reloj de alta gama que no quieres llevar por motivos de seguridad o por razones de devaluaci\u00f3n en algunas ocasiones ? Lleva tu Reloj Rolex Sky-Dweller R\u00e9plica Verde 2023 de alta calidad y si\u00e9ntete m\u00e1s seguro, ten la misma confianza, protege tus objetos de valor<\/li>\n<\/ul>\n<p><b>Marca:<\/b> Rolex <b>Colecci\u00f3n:<\/b> Sky-dweller <b>Movimiento:<\/b> Autom\u00e1tico <b>G\u00e9nero:<\/b> Hombre <b>Caja:<\/b> 42 Mm <b>Modelo:<\/b> 2023<\/p>\n","protected":false},"excerpt":{"rendered":"<p>El Rolex Sky-Dweller R\u00e9plica Plata Verde acaba de recibir su actualizaci\u00f3n m\u00e1s extravagante en a\u00f1os, con un nuevo conjunto de colores de esfera que incluye una esfera verde menta y otra verde azulada, combinadas con las versiones de oro Rolesor y Everose, propiedad de la marca, respectivamente. Este a\u00f1o marca el regreso del material de<\/p>\n","protected":false},"featured_media":8539,"comment_status":"open","ping_status":"closed","template":"","meta":{"_uag_custom_page_level_css":"","site-sidebar-layout":"default","site-content-layout":"","ast-site-content-layout":"default","site-content-style":"default","site-sidebar-style":"default","ast-global-header-display":"","ast-banner-title-visibility":"","ast-main-header-display":"","ast-hfb-above-header-display":"","ast-hfb-below-header-display":"","ast-hfb-mobile-header-display":"","site-post-title":"","ast-breadcrumbs-content":"","ast-featured-img":"","footer-sml-layout":"","theme-transparent-header-meta":"default","adv-header-id-meta":"","stick-header-meta":"default","header-above-stick-meta":"","header-main-stick-meta":"","header-below-stick-meta":"","astra-migrate-meta-layouts":"set","ast-page-background-enabled":"default","ast-page-background-meta":{"desktop":{"background-color":"var(--ast-global-color-4)","background-image":"","background-repeat":"repeat","background-position":"center center","background-size":"auto","background-attachment":"scroll","background-type":"","background-media":"","overlay-type":"","overlay-color":"","overlay-opacity":"","overlay-gradient":""},"tablet":{"background-color":"","background-image":"","background-repeat":"repeat","background-position":"center center","background-size":"auto","background-attachment":"scroll","background-type":"","background-media":"","overlay-type":"","overlay-color":"","overlay-opacity":"","overlay-gradient":""},"mobile":{"background-color":"","background-image":"","background-repeat":"repeat","background-position":"center center","background-size":"auto","background-attachment":"scroll","background-type":"","background-media":"","overlay-type":"","overlay-color":"","overlay-opacity":"","overlay-gradient":""}},"ast-content-background-meta":{"desktop":{"background-color":"var(--ast-global-color-5)","background-image":"","background-repeat":"repeat","background-position":"center center","background-size":"auto","background-attachment":"scroll","background-type":"","background-media":"","overlay-type":"","overlay-color":"","overlay-opacity":"","overlay-gradient":""},"tablet":{"background-color":"var(--ast-global-color-5)","background-image":"","background-repeat":"repeat","background-position":"center center","background-size":"auto","background-attachment":"scroll","background-type":"","background-media":"","overlay-type":"","overlay-color":"","overlay-opacity":"","overlay-gradient":""},"mobile":{"background-color":"var(--ast-global-color-5)","background-image":"","background-repeat":"repeat","background-position":"center center","background-size":"auto","background-attachment":"scroll","background-type":"","background-media":"","overlay-type":"","overlay-color":"","overlay-opacity":"","overlay-gradient":""}}},"product_brand":[],"product_cat":[152,168,162,154,179],"product_tag":[647,1602,1948,561,648,559,932,180,565,555,1616,440,474,560,465,488,1615,785,2900,882,567,441],"class_list":{"0":"post-11521","1":"product","2":"type-product","3":"status-publish","4":"has-post-thumbnail","6":"product_cat-nueva-coleccion-2024","7":"product_cat-productos-mas-nuevos","8":"product_cat-replica-super-clon-rolex-aaa","9":"product_cat-replicas-de-relojes-mas-vendidas","10":"product_cat-habitante-del-cielo","11":"product_tag-automatic-watch-es","12":"product_tag-best-replica","13":"product_tag-classic-design-es","14":"product_tag-collectible","15":"product_tag-elegant-es","16":"product_tag-exclusive","17":"product_tag-green-dial-es","18":"product_tag-habitante-del-cielo","19":"product_tag-high-quality-es","20":"product_tag-limited-edition","21":"product_tag-luxury-timepiece","22":"product_tag-luxury-watch","23":"product_tag-mens-watch","24":"product_tag-premium","25":"product_tag-replica","26":"product_tag-rolex-clone","27":"product_tag-rolex-sky-dweller","28":"product_tag-silver-case","29":"product_tag-sky-dweller-es","30":"product_tag-sporty-es","31":"product_tag-stylish-es","32":"product_tag-swiss-movement","33":"desktop-align-left","34":"tablet-align-left","35":"mobile-align-left","36":"ast-product-gallery-layout-vertical-slider","37":"ast-product-single-variable","39":"first","40":"instock","41":"sale","42":"shipping-taxable","43":"purchasable","44":"product-type-variable"},"uagb_featured_image_src":{"full":["https:\/\/myreplicawatches.io\/wp-content\/uploads\/2023\/10\/Replica-rolex-Sky-dweller-rose-gold-52.jpg",1080,1080,false],"thumbnail":["https:\/\/myreplicawatches.io\/wp-content\/uploads\/2023\/10\/Replica-rolex-Sky-dweller-rose-gold-52-150x150.jpg",150,150,true],"medium":["https:\/\/myreplicawatches.io\/wp-content\/uploads\/2023\/10\/Replica-rolex-Sky-dweller-rose-gold-52-300x300.jpg",300,300,true],"medium_large":["https:\/\/myreplicawatches.io\/wp-content\/uploads\/2023\/10\/Replica-rolex-Sky-dweller-rose-gold-52-768x768.jpg",768,768,true],"large":["https:\/\/myreplicawatches.io\/wp-content\/uploads\/2023\/10\/Replica-rolex-Sky-dweller-rose-gold-52-1024x1024.jpg",1024,1024,true],"1536x1536":["https:\/\/myreplicawatches.io\/wp-content\/uploads\/2023\/10\/Replica-rolex-Sky-dweller-rose-gold-52.jpg",1080,1080,false],"2048x2048":["https:\/\/myreplicawatches.io\/wp-content\/uploads\/2023\/10\/Replica-rolex-Sky-dweller-rose-gold-52.jpg",1080,1080,false],"woocommerce_thumbnail":["https:\/\/myreplicawatches.io\/wp-content\/uploads\/2023\/10\/Replica-rolex-Sky-dweller-rose-gold-52-300x300.jpg",300,300,true],"woocommerce_single":["https:\/\/myreplicawatches.io\/wp-content\/uploads\/2023\/10\/Replica-rolex-Sky-dweller-rose-gold-52-600x600.jpg",600,600,true],"woocommerce_gallery_thumbnail":["https:\/\/myreplicawatches.io\/wp-content\/uploads\/2023\/10\/Replica-rolex-Sky-dweller-rose-gold-52-100x100.jpg",100,100,true],"variation_swatches_image_size":["https:\/\/myreplicawatches.io\/wp-content\/uploads\/2023\/10\/Replica-rolex-Sky-dweller-rose-gold-52-50x50.jpg",50,50,true],"variation_swatches_tooltip_size":["https:\/\/myreplicawatches.io\/wp-content\/uploads\/2023\/10\/Replica-rolex-Sky-dweller-rose-gold-52-100x100.jpg",100,100,true],"dgwt-wcas-product-suggestion":["https:\/\/myreplicawatches.io\/wp-content\/uploads\/2023\/10\/Replica-rolex-Sky-dweller-rose-gold-52-64x64.jpg",64,64,true]},"uagb_author_info":{"display_name":"admin","author_link":"https:\/\/myreplicawatches.io\/de\/author\/"},"uagb_comment_info":0,"uagb_excerpt":"El Rolex Sky-Dweller R\u00e9plica Plata Verde acaba de recibir su actualizaci\u00f3n m\u00e1s extravagante en a\u00f1os, con un nuevo conjunto de colores de esfera que incluye una esfera verde menta y otra verde azulada, combinadas con las versiones de oro Rolesor y Everose, propiedad de la marca, respectivamente. Este a\u00f1o marca el regreso del material de","jetpack_sharing_enabled":true,"_links":{"self":[{"href":"https:\/\/myreplicawatches.io\/de\/wp-json\/wp\/v2\/product\/11521","targetHints":{"allow":["GET"]}}],"collection":[{"href":"https:\/\/myreplicawatches.io\/de\/wp-json\/wp\/v2\/product"}],"about":[{"href":"https:\/\/myreplicawatches.io\/de\/wp-json\/wp\/v2\/types\/product"}],"replies":[{"embeddable":true,"href":"https:\/\/myreplicawatches.io\/de\/wp-json\/wp\/v2\/comments?post=11521"}],"wp:featuredmedia":[{"embeddable":true,"href":"https:\/\/myreplicawatches.io\/de\/wp-json\/wp\/v2\/media\/8539"}],"wp:attachment":[{"href":"https:\/\/myreplicawatches.io\/de\/wp-json\/wp\/v2\/media?parent=11521"}],"wp:term":[{"taxonomy":"product_brand","embeddable":true,"href":"https:\/\/myreplicawatches.io\/de\/wp-json\/wp\/v2\/product_brand?post=11521"},{"taxonomy":"product_cat","embeddable":true,"href":"https:\/\/myreplicawatches.io\/de\/wp-json\/wp\/v2\/product_cat?post=11521"},{"taxonomy":"product_tag","embeddable":true,"href":"https:\/\/myreplicawatches.io\/de\/wp-json\/wp\/v2\/product_tag?post=11521"}],"curies":[{"name":"wp","href":"https:\/\/api.w.org\/{rel}","templated":true}]}}