{"id":11509,"date":"2023-10-03T21:34:15","date_gmt":"2023-10-03T21:34:15","guid":{"rendered":"https:\/\/myreplicawatches.io\/product\/explorer-40mm-plata-negro-replica-modelo-2023\/"},"modified":"2025-12-05T10:30:39","modified_gmt":"2025-12-05T10:30:39","slug":"explorer-40mm-plata-negro-replica-modelo-2023","status":"publish","type":"product","link":"https:\/\/myreplicawatches.io\/de\/product\/explorer-40mm-plata-negro-replica-modelo-2023\/","title":{"rendered":"Explorer 40mm Plata Negro R\u00e9plica Modelo 2023"},"content":{"rendered":"<h3>Explorer 40mm R\u00e9plica Plata Negro Modelo 2023 &#8211; R\u00e9plica de modelo de la mejor calidad.<\/h3>\n<p>&nbsp;<\/p>\n<h3>Ventajas de poseer el modelo Explorer 40mm Plata Negro R\u00e9plica 2023<\/h3>\n<ul>\n<li>Una r\u00e9plica puede comprarse a un precio mucho m\u00e1s barato que uno aut\u00e9ntico, sin embargo, un reloj r\u00e9plica parecer\u00e1 y se sentir\u00e1 igual que el original.<\/li>\n<li>Lo \u00faltimo que alguien quiere es gastarse una fortuna para conseguir un reloj de lujo que tiene peque\u00f1as diferencias con nuestras r\u00e9plicas de relojes.<\/li>\n<li>Muchos entusiastas de los relojes no quieren gastarse miles de d\u00f3lares en relojes y quieren tener esa gran sensaci\u00f3n de poseer un gran reloj de una marca de lujo. Es entonces cuando entran en juego los relojes IP y proporcionan esa sensaci\u00f3n a sus clientes.<\/li>\n<li>\u00bf Tienes ya un aut\u00e9ntico reloj de alta gama que no quieres llevar por motivos de seguridad o por razones de devaluaci\u00f3n en algunas ocasiones ? Lleva tu Reloj Replica de Alta Calidad Explorer 40mm Plata Negro Modelo 2023 y si\u00e9ntete m\u00e1s seguro, ten la misma confianza, protege tus objetos de valor<\/li>\n<\/ul>\n<p><strong>Tama\u00f1o de la caja:<\/strong> 40 mm <strong>Materiales:<\/strong> Oystersteel <strong>Calibre:<\/strong> 3230 <strong>Reserva de marcha:<\/strong> 48 horas<strong> Movimiento autom\u00e1ticoA\u00f1o<\/strong><strong>: <\/strong>2023 Env\u00edo expr\u00e9s disponible para este modelo.<br \/>\nHaz tu pedido hoy y rec\u00edbelo en aproximadamente 6 &#8211; 12 d\u00edas.<br \/>\nPor favor, espera de 1 a 3 d\u00edas para enviar tu producto, despu\u00e9s de enviarlo te enviaremos toda la informaci\u00f3n de seguimiento por correo electr\u00f3nico y texto.<\/p>\n","protected":false},"excerpt":{"rendered":"<p>Explorer 40mm R\u00e9plica Plata Negro Modelo 2023 &#8211; R\u00e9plica de modelo de la mejor calidad. &nbsp; Ventajas de poseer el modelo Explorer 40mm Plata Negro R\u00e9plica 2023 Una r\u00e9plica puede comprarse a un precio mucho m\u00e1s barato que uno aut\u00e9ntico, sin embargo, un reloj r\u00e9plica parecer\u00e1 y se sentir\u00e1 igual que el original. Lo \u00faltimo<\/p>\n","protected":false},"featured_media":6688,"comment_status":"open","ping_status":"closed","template":"","meta":{"_uag_custom_page_level_css":"","site-sidebar-layout":"default","site-content-layout":"","ast-site-content-layout":"default","site-content-style":"default","site-sidebar-style":"default","ast-global-header-display":"","ast-banner-title-visibility":"","ast-main-header-display":"","ast-hfb-above-header-display":"","ast-hfb-below-header-display":"","ast-hfb-mobile-header-display":"","site-post-title":"","ast-breadcrumbs-content":"","ast-featured-img":"","footer-sml-layout":"","theme-transparent-header-meta":"default","adv-header-id-meta":"","stick-header-meta":"default","header-above-stick-meta":"","header-main-stick-meta":"","header-below-stick-meta":"","astra-migrate-meta-layouts":"set","ast-page-background-enabled":"default","ast-page-background-meta":{"desktop":{"background-color":"var(--ast-global-color-4)","background-image":"","background-repeat":"repeat","background-position":"center center","background-size":"auto","background-attachment":"scroll","background-type":"","background-media":"","overlay-type":"","overlay-color":"","overlay-opacity":"","overlay-gradient":""},"tablet":{"background-color":"","background-image":"","background-repeat":"repeat","background-position":"center center","background-size":"auto","background-attachment":"scroll","background-type":"","background-media":"","overlay-type":"","overlay-color":"","overlay-opacity":"","overlay-gradient":""},"mobile":{"background-color":"","background-image":"","background-repeat":"repeat","background-position":"center center","background-size":"auto","background-attachment":"scroll","background-type":"","background-media":"","overlay-type":"","overlay-color":"","overlay-opacity":"","overlay-gradient":""}},"ast-content-background-meta":{"desktop":{"background-color":"var(--ast-global-color-5)","background-image":"","background-repeat":"repeat","background-position":"center center","background-size":"auto","background-attachment":"scroll","background-type":"","background-media":"","overlay-type":"","overlay-color":"","overlay-opacity":"","overlay-gradient":""},"tablet":{"background-color":"var(--ast-global-color-5)","background-image":"","background-repeat":"repeat","background-position":"center center","background-size":"auto","background-attachment":"scroll","background-type":"","background-media":"","overlay-type":"","overlay-color":"","overlay-opacity":"","overlay-gradient":""},"mobile":{"background-color":"var(--ast-global-color-5)","background-image":"","background-repeat":"repeat","background-position":"center center","background-size":"auto","background-attachment":"scroll","background-type":"","background-media":"","overlay-type":"","overlay-color":"","overlay-opacity":"","overlay-gradient":""}}},"product_brand":[],"product_cat":[216,152,168,162,154],"product_tag":[623,1594,629,1159,953,631,1145,624,1591,1593,1592,1156,866,783,560,1157,1155,1147,1158,465],"class_list":{"0":"post-11509","1":"product","2":"type-product","3":"status-publish","4":"has-post-thumbnail","6":"product_cat-explorador","7":"product_cat-nueva-coleccion-2024","8":"product_cat-productos-mas-nuevos","9":"product_cat-replica-super-clon-rolex-aaa","10":"product_cat-replicas-de-relojes-mas-vendidas","11":"product_tag-alta-calidad","12":"product_tag-caja-de-acero","13":"product_tag-coleccionable","14":"product_tag-diseno-clasico","15":"product_tag-edicion-limitada","16":"product_tag-elegante","17":"product_tag-estiloso","18":"product_tag-exclusivo","19":"product_tag-explorer-40mm","20":"product_tag-mejor-replica","21":"product_tag-modelo-2023","22":"product_tag-movimiento-suizo","23":"product_tag-negro","24":"product_tag-plata","25":"product_tag-premium","26":"product_tag-reloj-automatico","27":"product_tag-reloj-de-lujo","28":"product_tag-reloj-deportivo","29":"product_tag-reloj-para-hombre","30":"product_tag-replica","31":"desktop-align-left","32":"tablet-align-left","33":"mobile-align-left","34":"ast-product-gallery-layout-vertical-slider","35":"ast-product-single-variable","37":"first","38":"instock","39":"shipping-taxable","40":"purchasable","41":"product-type-variable"},"uagb_featured_image_src":{"full":["https:\/\/myreplicawatches.io\/wp-content\/uploads\/2023\/10\/Screenshot2023-04-14at1.12.15AM.png",644,766,false],"thumbnail":["https:\/\/myreplicawatches.io\/wp-content\/uploads\/2023\/10\/Screenshot2023-04-14at1.12.15AM-150x150.png",150,150,true],"medium":["https:\/\/myreplicawatches.io\/wp-content\/uploads\/2023\/10\/Screenshot2023-04-14at1.12.15AM-252x300.png",252,300,true],"medium_large":["https:\/\/myreplicawatches.io\/wp-content\/uploads\/2023\/10\/Screenshot2023-04-14at1.12.15AM.png",644,766,false],"large":["https:\/\/myreplicawatches.io\/wp-content\/uploads\/2023\/10\/Screenshot2023-04-14at1.12.15AM.png",644,766,false],"1536x1536":["https:\/\/myreplicawatches.io\/wp-content\/uploads\/2023\/10\/Screenshot2023-04-14at1.12.15AM.png",644,766,false],"2048x2048":["https:\/\/myreplicawatches.io\/wp-content\/uploads\/2023\/10\/Screenshot2023-04-14at1.12.15AM.png",644,766,false],"woocommerce_thumbnail":["https:\/\/myreplicawatches.io\/wp-content\/uploads\/2023\/10\/Screenshot2023-04-14at1.12.15AM-300x300.png",300,300,true],"woocommerce_single":["https:\/\/myreplicawatches.io\/wp-content\/uploads\/2023\/10\/Screenshot2023-04-14at1.12.15AM-600x714.png",600,714,true],"woocommerce_gallery_thumbnail":["https:\/\/myreplicawatches.io\/wp-content\/uploads\/2023\/10\/Screenshot2023-04-14at1.12.15AM-100x100.png",100,100,true],"variation_swatches_image_size":["https:\/\/myreplicawatches.io\/wp-content\/uploads\/2023\/10\/Screenshot2023-04-14at1.12.15AM.png",42,50,false],"variation_swatches_tooltip_size":["https:\/\/myreplicawatches.io\/wp-content\/uploads\/2023\/10\/Screenshot2023-04-14at1.12.15AM.png",84,100,false],"dgwt-wcas-product-suggestion":["https:\/\/myreplicawatches.io\/wp-content\/uploads\/2023\/10\/Screenshot2023-04-14at1.12.15AM-64x76.png",64,76,true]},"uagb_author_info":{"display_name":"admin","author_link":"https:\/\/myreplicawatches.io\/de\/author\/"},"uagb_comment_info":0,"uagb_excerpt":"Explorer 40mm R\u00e9plica Plata Negro Modelo 2023 &#8211; R\u00e9plica de modelo de la mejor calidad. &nbsp; Ventajas de poseer el modelo Explorer 40mm Plata Negro R\u00e9plica 2023 Una r\u00e9plica puede comprarse a un precio mucho m\u00e1s barato que uno aut\u00e9ntico, sin embargo, un reloj r\u00e9plica parecer\u00e1 y se sentir\u00e1 igual que el original. Lo \u00faltimo","jetpack_sharing_enabled":true,"_links":{"self":[{"href":"https:\/\/myreplicawatches.io\/de\/wp-json\/wp\/v2\/product\/11509","targetHints":{"allow":["GET"]}}],"collection":[{"href":"https:\/\/myreplicawatches.io\/de\/wp-json\/wp\/v2\/product"}],"about":[{"href":"https:\/\/myreplicawatches.io\/de\/wp-json\/wp\/v2\/types\/product"}],"replies":[{"embeddable":true,"href":"https:\/\/myreplicawatches.io\/de\/wp-json\/wp\/v2\/comments?post=11509"}],"wp:featuredmedia":[{"embeddable":true,"href":"https:\/\/myreplicawatches.io\/de\/wp-json\/wp\/v2\/media\/6688"}],"wp:attachment":[{"href":"https:\/\/myreplicawatches.io\/de\/wp-json\/wp\/v2\/media?parent=11509"}],"wp:term":[{"taxonomy":"product_brand","embeddable":true,"href":"https:\/\/myreplicawatches.io\/de\/wp-json\/wp\/v2\/product_brand?post=11509"},{"taxonomy":"product_cat","embeddable":true,"href":"https:\/\/myreplicawatches.io\/de\/wp-json\/wp\/v2\/product_cat?post=11509"},{"taxonomy":"product_tag","embeddable":true,"href":"https:\/\/myreplicawatches.io\/de\/wp-json\/wp\/v2\/product_tag?post=11509"}],"curies":[{"name":"wp","href":"https:\/\/api.w.org\/{rel}","templated":true}]}}