{"id":11463,"date":"2023-10-03T21:35:26","date_gmt":"2023-10-03T21:35:26","guid":{"rendered":"https:\/\/myreplicawatches.io\/product\/super-clon-replica-patek-philippe-caja-de-madera-para-reloj\/"},"modified":"2025-07-30T23:15:34","modified_gmt":"2025-07-30T23:15:34","slug":"super-clon-replica-patek-philippe-caja-de-madera-para-reloj","status":"publish","type":"product","link":"https:\/\/myreplicawatches.io\/de\/product\/super-clon-replica-patek-philippe-caja-de-madera-para-reloj\/","title":{"rendered":"Super Clon R\u00e9plica Patek Philippe Caja de madera para reloj"},"content":{"rendered":"<div id=\"titlewrap\" style=\"text-align: center;\">Super Clon R\u00e9plica Patek Philippe Caja de madera para reloj &#8211; Mejor Clon R\u00e9plica Caja de reloj Versi\u00f3n<\/div>\n<div><\/div>\n<h2 style=\"text-align: center;\"><span style=\"color: #e25041;\">Los pedidos mediante BitCoin y transferencias bancarias directas incluyen un gran descuento <\/span><span style=\"color: #e25041;\">Contacta con nosotros para m\u00e1s informaci\u00f3n <\/span><\/h2>\n<ul>\n<li><strong>Cajas y estuches Material :<\/strong><span class=\"des-wrap\"><b>Madera<\/b> <\/span><\/li>\n<li><strong>Color : Rojo<\/strong><\/li>\n<li><strong>Estilo :<\/strong><span class=\"des-wrap\"><b>Lujo<\/b> <\/span><\/li>\n<li><strong>Situaci\u00f3n antigua y nueva :<\/strong><span class=\"des-wrap\"><b>Nuevo con etiquetas<\/b> <\/span><\/li>\n<li><strong>Forma de la caja :<\/strong><span class=\"des-wrap\"><b>Cuadrada<\/b> <\/span><\/li>\n<li><strong>Altura del producto :<\/strong><span class=\"des-wrap\"><b>100<\/b> <\/span><\/li>\n<li><strong>Longitud del producto :<\/strong><span class=\"des-wrap\"><b>200<\/b> <\/span><\/li>\n<li><strong>Anchura del producto :<\/strong><span class=\"des-wrap\"><b>16<\/b> <\/span><\/li>\n<\/ul>\n","protected":false},"excerpt":{"rendered":"<p>Super Clon R\u00e9plica Patek Philippe Caja de madera para reloj &#8211; Mejor Clon R\u00e9plica Caja de reloj Versi\u00f3n Los pedidos mediante BitCoin y transferencias bancarias directas incluyen un gran descuento Contacta con nosotros para m\u00e1s informaci\u00f3n Cajas y estuches Material :Madera Color : Rojo Estilo :Lujo Situaci\u00f3n antigua y nueva :Nuevo con etiquetas Forma de<\/p>\n","protected":false},"featured_media":30467,"comment_status":"open","ping_status":"closed","template":"","meta":{"_uag_custom_page_level_css":"","site-sidebar-layout":"default","site-content-layout":"","ast-site-content-layout":"default","site-content-style":"default","site-sidebar-style":"default","ast-global-header-display":"","ast-banner-title-visibility":"","ast-main-header-display":"","ast-hfb-above-header-display":"","ast-hfb-below-header-display":"","ast-hfb-mobile-header-display":"","site-post-title":"","ast-breadcrumbs-content":"","ast-featured-img":"","footer-sml-layout":"","theme-transparent-header-meta":"default","adv-header-id-meta":"","stick-header-meta":"default","header-above-stick-meta":"","header-main-stick-meta":"","header-below-stick-meta":"","astra-migrate-meta-layouts":"set","ast-page-background-enabled":"default","ast-page-background-meta":{"desktop":{"background-color":"var(--ast-global-color-4)","background-image":"","background-repeat":"repeat","background-position":"center center","background-size":"auto","background-attachment":"scroll","background-type":"","background-media":"","overlay-type":"","overlay-color":"","overlay-opacity":"","overlay-gradient":""},"tablet":{"background-color":"","background-image":"","background-repeat":"repeat","background-position":"center center","background-size":"auto","background-attachment":"scroll","background-type":"","background-media":"","overlay-type":"","overlay-color":"","overlay-opacity":"","overlay-gradient":""},"mobile":{"background-color":"","background-image":"","background-repeat":"repeat","background-position":"center center","background-size":"auto","background-attachment":"scroll","background-type":"","background-media":"","overlay-type":"","overlay-color":"","overlay-opacity":"","overlay-gradient":""}},"ast-content-background-meta":{"desktop":{"background-color":"var(--ast-global-color-5)","background-image":"","background-repeat":"repeat","background-position":"center center","background-size":"auto","background-attachment":"scroll","background-type":"","background-media":"","overlay-type":"","overlay-color":"","overlay-opacity":"","overlay-gradient":""},"tablet":{"background-color":"var(--ast-global-color-5)","background-image":"","background-repeat":"repeat","background-position":"center center","background-size":"auto","background-attachment":"scroll","background-type":"","background-media":"","overlay-type":"","overlay-color":"","overlay-opacity":"","overlay-gradient":""},"mobile":{"background-color":"var(--ast-global-color-5)","background-image":"","background-repeat":"repeat","background-position":"center center","background-size":"auto","background-attachment":"scroll","background-type":"","background-media":"","overlay-type":"","overlay-color":"","overlay-opacity":"","overlay-gradient":""}}},"product_brand":[],"product_cat":[178,168,153,154,190,158],"product_tag":[1868,461,473,2157,442,2160,440,252,2146,218,2159,465,2162,464,2156,720,2154,2161,2155,2158],"class_list":{"0":"post-11463","1":"product","2":"type-product","3":"status-publish","4":"has-post-thumbnail","6":"product_cat-cajas-replica-de-relojes","7":"product_cat-productos-mas-nuevos","8":"product_cat-replica-patek-philippe","9":"product_cat-replicas-de-relojes-mas-vendidas","10":"product_cat-super-clon-patek-philippe","11":"product_cat-superclones","12":"product_tag-classic-style","13":"product_tag-collectors-item","14":"product_tag-elegant-design","15":"product_tag-exclusive-box","16":"product_tag-high-quality-replica","17":"product_tag-luxury-storage","18":"product_tag-luxury-watch","19":"product_tag-patek-philippe-es","20":"product_tag-patek-philippe-replica-es","21":"product_tag-patek-philippe-suizo","22":"product_tag-premium-watch-box","23":"product_tag-replica","24":"product_tag-stylish-box","25":"product_tag-super-clone","26":"product_tag-watch-accessories","27":"product_tag-watch-box-es","28":"product_tag-watch-case","29":"product_tag-watch-display","30":"product_tag-watch-storage","31":"product_tag-wooden-case","32":"desktop-align-left","33":"tablet-align-left","34":"mobile-align-left","35":"ast-product-gallery-layout-vertical-slider","37":"first","38":"instock","39":"shipping-taxable","40":"purchasable","41":"product-type-simple"},"uagb_featured_image_src":{"full":["https:\/\/myreplicawatches.io\/wp-content\/uploads\/2023\/10\/a9a7e3dac5b3071bdafc39d22a30fa7b.jpg",1440,1080,false],"thumbnail":["https:\/\/myreplicawatches.io\/wp-content\/uploads\/2023\/10\/a9a7e3dac5b3071bdafc39d22a30fa7b-150x150.jpg",150,150,true],"medium":["https:\/\/myreplicawatches.io\/wp-content\/uploads\/2023\/10\/a9a7e3dac5b3071bdafc39d22a30fa7b-300x225.jpg",300,225,true],"medium_large":["https:\/\/myreplicawatches.io\/wp-content\/uploads\/2023\/10\/a9a7e3dac5b3071bdafc39d22a30fa7b-768x576.jpg",768,576,true],"large":["https:\/\/myreplicawatches.io\/wp-content\/uploads\/2023\/10\/a9a7e3dac5b3071bdafc39d22a30fa7b-1024x768.jpg",1024,768,true],"1536x1536":["https:\/\/myreplicawatches.io\/wp-content\/uploads\/2023\/10\/a9a7e3dac5b3071bdafc39d22a30fa7b.jpg",1440,1080,false],"2048x2048":["https:\/\/myreplicawatches.io\/wp-content\/uploads\/2023\/10\/a9a7e3dac5b3071bdafc39d22a30fa7b.jpg",1440,1080,false],"woocommerce_thumbnail":["https:\/\/myreplicawatches.io\/wp-content\/uploads\/2023\/10\/a9a7e3dac5b3071bdafc39d22a30fa7b-300x300.jpg",300,300,true],"woocommerce_single":["https:\/\/myreplicawatches.io\/wp-content\/uploads\/2023\/10\/a9a7e3dac5b3071bdafc39d22a30fa7b-600x450.jpg",600,450,true],"woocommerce_gallery_thumbnail":["https:\/\/myreplicawatches.io\/wp-content\/uploads\/2023\/10\/a9a7e3dac5b3071bdafc39d22a30fa7b-100x100.jpg",100,100,true],"variation_swatches_image_size":["https:\/\/myreplicawatches.io\/wp-content\/uploads\/2023\/10\/a9a7e3dac5b3071bdafc39d22a30fa7b-50x50.jpg",50,50,true],"variation_swatches_tooltip_size":["https:\/\/myreplicawatches.io\/wp-content\/uploads\/2023\/10\/a9a7e3dac5b3071bdafc39d22a30fa7b-100x100.jpg",100,100,true],"dgwt-wcas-product-suggestion":["https:\/\/myreplicawatches.io\/wp-content\/uploads\/2023\/10\/a9a7e3dac5b3071bdafc39d22a30fa7b-64x48.jpg",64,48,true]},"uagb_author_info":{"display_name":"admin","author_link":"https:\/\/myreplicawatches.io\/de\/author\/"},"uagb_comment_info":0,"uagb_excerpt":"Super Clon R\u00e9plica Patek Philippe Caja de madera para reloj &#8211; Mejor Clon R\u00e9plica Caja de reloj Versi\u00f3n Los pedidos mediante BitCoin y transferencias bancarias directas incluyen un gran descuento Contacta con nosotros para m\u00e1s informaci\u00f3n Cajas y estuches Material :Madera Color : Rojo Estilo :Lujo Situaci\u00f3n antigua y nueva :Nuevo con etiquetas Forma de","jetpack_sharing_enabled":true,"_links":{"self":[{"href":"https:\/\/myreplicawatches.io\/de\/wp-json\/wp\/v2\/product\/11463","targetHints":{"allow":["GET"]}}],"collection":[{"href":"https:\/\/myreplicawatches.io\/de\/wp-json\/wp\/v2\/product"}],"about":[{"href":"https:\/\/myreplicawatches.io\/de\/wp-json\/wp\/v2\/types\/product"}],"replies":[{"embeddable":true,"href":"https:\/\/myreplicawatches.io\/de\/wp-json\/wp\/v2\/comments?post=11463"}],"wp:featuredmedia":[{"embeddable":true,"href":"https:\/\/myreplicawatches.io\/de\/wp-json\/wp\/v2\/media\/30467"}],"wp:attachment":[{"href":"https:\/\/myreplicawatches.io\/de\/wp-json\/wp\/v2\/media?parent=11463"}],"wp:term":[{"taxonomy":"product_brand","embeddable":true,"href":"https:\/\/myreplicawatches.io\/de\/wp-json\/wp\/v2\/product_brand?post=11463"},{"taxonomy":"product_cat","embeddable":true,"href":"https:\/\/myreplicawatches.io\/de\/wp-json\/wp\/v2\/product_cat?post=11463"},{"taxonomy":"product_tag","embeddable":true,"href":"https:\/\/myreplicawatches.io\/de\/wp-json\/wp\/v2\/product_tag?post=11463"}],"curies":[{"name":"wp","href":"https:\/\/api.w.org\/{rel}","templated":true}]}}