{"id":11425,"date":"2023-10-03T21:37:53","date_gmt":"2023-10-03T21:37:53","guid":{"rendered":"https:\/\/myreplicawatches.io\/product\/replica-patek-watch-caja-de-madera-con-logo-y-papeles-best-quality-replica-box\/"},"modified":"2026-03-29T16:21:18","modified_gmt":"2026-03-29T16:21:18","slug":"replica-patek-watch-caja-de-madera-con-logo-y-papeles-best-quality-replica-box","status":"publish","type":"product","link":"https:\/\/myreplicawatches.io\/de\/product\/replica-patek-watch-caja-de-madera-con-logo-y-papeles-best-quality-replica-box\/","title":{"rendered":"Replica Patek Watch Caja De Madera Con Logo Y Papeles | Best Quality Replica Box"},"content":{"rendered":"<h2>Caja r\u00e9plica reloj Patek &#8211; Caja clon calidad AAAA+<\/h2>\n<h3>Ventajas de poseer una r\u00e9plica de caja de reloj Patek &#8211;<\/h3>\n<ul>\n<li>Una r\u00e9plica de caja de reloj Patek puede comprarse a un precio mucho m\u00e1s barato que una aut\u00e9ntica, sin embargo, una r\u00e9plica de caja tendr\u00e1 el mismo aspecto y tacto que la original.<\/li>\n<li>Lo \u00faltimo que alguien quiere es gastarse una fortuna para conseguir una caja de reloj de lujo que tenga peque\u00f1as diferencias con nuestras cajas de reloj r\u00e9plica.<\/li>\n<li>Muchos entusiastas de los relojes no quieren gastarse miles de d\u00f3lares en relojes y quieren tener esa gran sensaci\u00f3n de poseer un gran reloj de una marca de lujo. Es entonces cuando entran en juego los relojes IP y proporcionan esa sensaci\u00f3n a sus clientes. Compra tu R\u00e9plica de Reloj Patek de Alta Calidad con Caja de Reloj y si\u00e9ntete m\u00e1s seguro, ten la misma confianza, protege tus objetos de valor<\/li>\n<\/ul>\n<ul>\n<li><strong>Cajas y estuches Material:<\/strong><span class=\"des-wrap\"><b>Madera<\/b> <\/span><\/li>\n<li><strong>Color: Rojo<\/strong><\/li>\n<li><strong>Estilo:<\/strong><span class=\"des-wrap\"><b>Lujo<\/b> <\/span><\/li>\n<li><strong>Situaci\u00f3n antigua y nueva:<\/strong><span class=\"des-wrap\"><b>Nuevo con etiquetas<\/b> <\/span><\/li>\n<li><strong>Forma de la caja:<\/strong><span class=\"des-wrap\"><b>Cuadrada<\/b> <\/span><\/li>\n<li><strong>Altura del producto:<\/strong><span class=\"des-wrap\"><b>100<\/b> <\/span><\/li>\n<li><strong>Longitud del producto:<\/strong><span class=\"des-wrap\"><b>200<\/b> <\/span><\/li>\n<li><strong>Anchura del producto:<\/strong><span class=\"des-wrap\"><b>16<\/b> <\/span><\/li>\n<\/ul>\n<p>&nbsp;<\/p>\n<p>ENV\u00cdO &#8211;<\/p>\n<p>La llegada estimada es de 4-12 d\u00edas despu\u00e9s del env\u00edo, recibir\u00e1s tu n\u00famero de seguimiento en 2-3 d\u00edas despu\u00e9s de tu pedido.<\/p>\n","protected":false},"excerpt":{"rendered":"<p>Caja r\u00e9plica reloj Patek &#8211; Caja clon calidad AAAA+ Ventajas de poseer una r\u00e9plica de caja de reloj Patek &#8211; Una r\u00e9plica de caja de reloj Patek puede comprarse a un precio mucho m\u00e1s barato que una aut\u00e9ntica, sin embargo, una r\u00e9plica de caja tendr\u00e1 el mismo aspecto y tacto que la original. Lo \u00faltimo<\/p>\n","protected":false},"featured_media":8484,"comment_status":"open","ping_status":"closed","template":"","meta":{"_uag_custom_page_level_css":"","site-sidebar-layout":"default","site-content-layout":"","ast-site-content-layout":"default","site-content-style":"default","site-sidebar-style":"default","ast-global-header-display":"","ast-banner-title-visibility":"","ast-main-header-display":"","ast-hfb-above-header-display":"","ast-hfb-below-header-display":"","ast-hfb-mobile-header-display":"","site-post-title":"","ast-breadcrumbs-content":"","ast-featured-img":"","footer-sml-layout":"","theme-transparent-header-meta":"default","adv-header-id-meta":"","stick-header-meta":"default","header-above-stick-meta":"","header-main-stick-meta":"","header-below-stick-meta":"","astra-migrate-meta-layouts":"set","ast-page-background-enabled":"default","ast-page-background-meta":{"desktop":{"background-color":"var(--ast-global-color-4)","background-image":"","background-repeat":"repeat","background-position":"center center","background-size":"auto","background-attachment":"scroll","background-type":"","background-media":"","overlay-type":"","overlay-color":"","overlay-opacity":"","overlay-gradient":""},"tablet":{"background-color":"","background-image":"","background-repeat":"repeat","background-position":"center center","background-size":"auto","background-attachment":"scroll","background-type":"","background-media":"","overlay-type":"","overlay-color":"","overlay-opacity":"","overlay-gradient":""},"mobile":{"background-color":"","background-image":"","background-repeat":"repeat","background-position":"center center","background-size":"auto","background-attachment":"scroll","background-type":"","background-media":"","overlay-type":"","overlay-color":"","overlay-opacity":"","overlay-gradient":""}},"ast-content-background-meta":{"desktop":{"background-color":"var(--ast-global-color-5)","background-image":"","background-repeat":"repeat","background-position":"center center","background-size":"auto","background-attachment":"scroll","background-type":"","background-media":"","overlay-type":"","overlay-color":"","overlay-opacity":"","overlay-gradient":""},"tablet":{"background-color":"var(--ast-global-color-5)","background-image":"","background-repeat":"repeat","background-position":"center center","background-size":"auto","background-attachment":"scroll","background-type":"","background-media":"","overlay-type":"","overlay-color":"","overlay-opacity":"","overlay-gradient":""},"mobile":{"background-color":"var(--ast-global-color-5)","background-image":"","background-repeat":"repeat","background-position":"center center","background-size":"auto","background-attachment":"scroll","background-type":"","background-media":"","overlay-type":"","overlay-color":"","overlay-opacity":"","overlay-gradient":""}}},"product_brand":[],"product_cat":[178,168,153,154],"product_tag":[2905,2903,759,2911,2908,2899,2910,2146,2159,2909,2897,2901,2912,720,2913,2155,2907],"class_list":{"0":"post-11425","1":"product","2":"type-product","3":"status-publish","4":"has-post-thumbnail","6":"product_cat-cajas-replica-de-relojes","7":"product_cat-productos-mas-nuevos","8":"product_cat-replica-patek-philippe","9":"product_cat-replicas-de-relojes-mas-vendidas","10":"product_tag-best-quality-replica","11":"product_tag-high-quality-watch-box","12":"product_tag-luxury-watch-box","13":"product_tag-patek-box","14":"product_tag-patek-box-with-papers","15":"product_tag-patek-philippe-box","16":"product_tag-patek-philippe-case","17":"product_tag-patek-philippe-replica-es","18":"product_tag-premium-watch-box","19":"product_tag-replica-box-with-logo","20":"product_tag-replica-patek","21":"product_tag-replica-watch-box","22":"product_tag-replica-watch-storage","23":"product_tag-watch-box-es","24":"product_tag-watch-display-box","25":"product_tag-watch-storage","26":"product_tag-wooden-box-with-logo","27":"desktop-align-left","28":"tablet-align-left","29":"mobile-align-left","30":"ast-product-gallery-layout-vertical-slider","32":"first","33":"instock","34":"sale","35":"shipping-taxable","36":"purchasable","37":"product-type-simple"},"uagb_featured_image_src":{"full":["https:\/\/myreplicawatches.io\/wp-content\/uploads\/2023\/10\/Replica-rolex-Sky-dweller-rose-gold-14.jpg",540,540,false],"thumbnail":["https:\/\/myreplicawatches.io\/wp-content\/uploads\/2023\/10\/Replica-rolex-Sky-dweller-rose-gold-14-150x150.jpg",150,150,true],"medium":["https:\/\/myreplicawatches.io\/wp-content\/uploads\/2023\/10\/Replica-rolex-Sky-dweller-rose-gold-14-300x300.jpg",300,300,true],"medium_large":["https:\/\/myreplicawatches.io\/wp-content\/uploads\/2023\/10\/Replica-rolex-Sky-dweller-rose-gold-14.jpg",540,540,false],"large":["https:\/\/myreplicawatches.io\/wp-content\/uploads\/2023\/10\/Replica-rolex-Sky-dweller-rose-gold-14.jpg",540,540,false],"1536x1536":["https:\/\/myreplicawatches.io\/wp-content\/uploads\/2023\/10\/Replica-rolex-Sky-dweller-rose-gold-14.jpg",540,540,false],"2048x2048":["https:\/\/myreplicawatches.io\/wp-content\/uploads\/2023\/10\/Replica-rolex-Sky-dweller-rose-gold-14.jpg",540,540,false],"woocommerce_thumbnail":["https:\/\/myreplicawatches.io\/wp-content\/uploads\/2023\/10\/Replica-rolex-Sky-dweller-rose-gold-14-300x300.jpg",300,300,true],"woocommerce_single":["https:\/\/myreplicawatches.io\/wp-content\/uploads\/2023\/10\/Replica-rolex-Sky-dweller-rose-gold-14.jpg",540,540,false],"woocommerce_gallery_thumbnail":["https:\/\/myreplicawatches.io\/wp-content\/uploads\/2023\/10\/Replica-rolex-Sky-dweller-rose-gold-14-100x100.jpg",100,100,true],"variation_swatches_image_size":["https:\/\/myreplicawatches.io\/wp-content\/uploads\/2023\/10\/Replica-rolex-Sky-dweller-rose-gold-14-50x50.jpg",50,50,true],"variation_swatches_tooltip_size":["https:\/\/myreplicawatches.io\/wp-content\/uploads\/2023\/10\/Replica-rolex-Sky-dweller-rose-gold-14-100x100.jpg",100,100,true],"dgwt-wcas-product-suggestion":["https:\/\/myreplicawatches.io\/wp-content\/uploads\/2023\/10\/Replica-rolex-Sky-dweller-rose-gold-14-64x64.jpg",64,64,true]},"uagb_author_info":{"display_name":"admin","author_link":"https:\/\/myreplicawatches.io\/de\/author\/"},"uagb_comment_info":0,"uagb_excerpt":"Caja r\u00e9plica reloj Patek &#8211; Caja clon calidad AAAA+ Ventajas de poseer una r\u00e9plica de caja de reloj Patek &#8211; Una r\u00e9plica de caja de reloj Patek puede comprarse a un precio mucho m\u00e1s barato que una aut\u00e9ntica, sin embargo, una r\u00e9plica de caja tendr\u00e1 el mismo aspecto y tacto que la original. Lo \u00faltimo","jetpack_sharing_enabled":true,"_links":{"self":[{"href":"https:\/\/myreplicawatches.io\/de\/wp-json\/wp\/v2\/product\/11425","targetHints":{"allow":["GET"]}}],"collection":[{"href":"https:\/\/myreplicawatches.io\/de\/wp-json\/wp\/v2\/product"}],"about":[{"href":"https:\/\/myreplicawatches.io\/de\/wp-json\/wp\/v2\/types\/product"}],"replies":[{"embeddable":true,"href":"https:\/\/myreplicawatches.io\/de\/wp-json\/wp\/v2\/comments?post=11425"}],"wp:featuredmedia":[{"embeddable":true,"href":"https:\/\/myreplicawatches.io\/de\/wp-json\/wp\/v2\/media\/8484"}],"wp:attachment":[{"href":"https:\/\/myreplicawatches.io\/de\/wp-json\/wp\/v2\/media?parent=11425"}],"wp:term":[{"taxonomy":"product_brand","embeddable":true,"href":"https:\/\/myreplicawatches.io\/de\/wp-json\/wp\/v2\/product_brand?post=11425"},{"taxonomy":"product_cat","embeddable":true,"href":"https:\/\/myreplicawatches.io\/de\/wp-json\/wp\/v2\/product_cat?post=11425"},{"taxonomy":"product_tag","embeddable":true,"href":"https:\/\/myreplicawatches.io\/de\/wp-json\/wp\/v2\/product_tag?post=11425"}],"curies":[{"name":"wp","href":"https:\/\/api.w.org\/{rel}","templated":true}]}}