{"id":11421,"date":"2023-10-03T21:38:00","date_gmt":"2023-10-03T21:38:00","guid":{"rendered":"https:\/\/myreplicawatches.io\/product\/audemars-piguet-royal-oak-replica-plata-esfera-negra-15400stoo1220st01\/"},"modified":"2025-11-16T12:35:07","modified_gmt":"2025-11-16T12:35:07","slug":"audemars-piguet-royal-oak-replica-plata-esfera-negra-15400stoo1220st01","status":"publish","type":"product","link":"https:\/\/myreplicawatches.io\/de\/product\/audemars-piguet-royal-oak-replica-plata-esfera-negra-15400stoo1220st01\/","title":{"rendered":"Audemars Piguet Royal Oak R\u00e9plica Plata Esfera Negra 15400STOO1220ST01"},"content":{"rendered":"<h3>Audemars Piguet Royal Oak R\u00e9plica &#8211; El mejor reloj clon r\u00e9plica<\/h3>\n<div class=\"woocommerce-product-details__short-description\">\n<div class=\"woocommerce-product-details__short-description\">\n<p>&nbsp;<\/p>\n<h3>Ventajas de poseer el Audemars Piguet Royal Oak R\u00e9plica<\/h3>\n<ul>\n<li>Una r\u00e9plica puede comprarse a un precio mucho m\u00e1s barato que uno aut\u00e9ntico, sin embargo, un reloj r\u00e9plica parecer\u00e1 y se sentir\u00e1 igual que el original.<\/li>\n<li>Lo \u00faltimo que alguien quiere es gastarse una fortuna para conseguir un reloj de lujo que tiene peque\u00f1as diferencias con nuestras r\u00e9plicas de relojes.<\/li>\n<li>Muchos entusiastas de los relojes no quieren gastarse miles de d\u00f3lares en relojes y quieren tener esa gran sensaci\u00f3n de poseer un gran reloj de una marca de lujo. Es entonces cuando myreplicawatches.io entra en escena y proporciona esa sensaci\u00f3n a sus clientes.<\/li>\n<li>\u00bf Tienes ya un aut\u00e9ntico reloj de alta gama que no quieres llevar por motivos de seguridad o por razones de devaluaci\u00f3n en algunas ocasiones ? Lleva tu r\u00e9plica de reloj Audemars Piguet Royal Oak de alta calidad y si\u00e9ntete m\u00e1s seguro, ten la misma confianza, protege tus objetos de valor<\/li>\n<\/ul>\n<p style=\"text-align: center;\"><img decoding=\"async\" src=\"https:\/\/cdn.shopify.com\/s\/files\/1\/0273\/4840\/2250\/files\/product_desc_below_large_large_large_1080x_0a8cc31c-058a-492d-92bf-c6126a0768e4_480x480.png?v=1574892362\" alt=\"\" width=\"300\" height=\"111\" title=\"\"><\/p>\n<p>&nbsp;<\/p>\n<p>&nbsp;<\/p>\n<h3 style=\"text-align: center;\">Descripci\u00f3n<\/h3>\n<p style=\"text-align: center;\"><strong>Marca<\/strong>:Audemars Piguet<\/p>\n<p style=\"text-align: center;\"><strong>Gama<\/strong>:Roble Real<\/p>\n<p style=\"text-align: center;\"><strong>Model<\/strong>:25860ST.OO.1110ST.05<\/p>\n<p style=\"text-align: center;\"><strong>Sexo<\/strong>:Hombre<\/p>\n<p style=\"text-align: center;\"><strong>Movimiento<\/strong>: Autom\u00e1tico<\/p>\n<p style=\"text-align: center;\"><strong>Tama\u00f1o de la caja<\/strong>:39 MM<\/p>\n<p style=\"text-align: center;\"><strong>Material de la caja<\/strong>:Acero<\/p>\n<p style=\"text-align: center;\"><strong>Material de la pulsera<\/strong>:Acero<\/p>\n<p style=\"text-align: center;\"><strong>Tipo de esfera<\/strong>:Bast\u00f3n de plata<\/p>\n<p style=\"text-align: center;\"><strong>Resistencia al agua<\/strong>:Resistente al agua<\/p>\n<\/div>\n<\/div>\n<form class=\"cart\" action=\"http:\/\/watchlegends.io\/shop\/audemars-piguet-royal-oak-25860st-oo-1110st-05\/\" enctype=\"multipart\/form-data\" method=\"post\">\n<div id=\"yith_wapo_groups_container\" class=\"yith_wapo_groups_container enable-collapse-feature\"><\/div>\n<div class=\"quantity\"><\/div>\n<div class=\"quantity\">\n<h2>Garant\u00eda<\/h2>\n<p>100% de satisfacci\u00f3n garantizada Si no est\u00e1s satisfecho al 100% con tu primer Reloj myreplicawatches.io, prometemos arreglarlo todo.<\/p>\n<h2>Entrega<\/h2>\n<p>Env\u00edo DHL a todo el mundo &#8211; Estimaci\u00f3n de llegada en 3-10 d\u00edas Despu\u00e9s de realizar tu pedido, por favor, deja pasar 2-3 d\u00edas para el env\u00edo de tu producto. Recibir\u00e1s tu n\u00famero de seguimiento inmediatamente despu\u00e9s de que enviemos tu producto. <img decoding=\"async\" src=\"https:\/\/cdn.shopify.com\/s\/files\/1\/0074\/6776\/1723\/files\/product_desc_below_large_large_a32e7262-b9bf-4a85-ac82-2638c1f67ae1_large_1_large.png?v=1539348476\" alt=\"\" title=\"\"><\/p>\n<\/div>\n<\/form>\n","protected":false},"excerpt":{"rendered":"<p>Audemars Piguet Royal Oak R\u00e9plica &#8211; El mejor reloj clon r\u00e9plica &nbsp; Ventajas de poseer el Audemars Piguet Royal Oak R\u00e9plica Una r\u00e9plica puede comprarse a un precio mucho m\u00e1s barato que uno aut\u00e9ntico, sin embargo, un reloj r\u00e9plica parecer\u00e1 y se sentir\u00e1 igual que el original. Lo \u00faltimo que alguien quiere es gastarse una<\/p>\n","protected":false},"featured_media":6923,"comment_status":"open","ping_status":"closed","template":"","meta":{"_uag_custom_page_level_css":"","site-sidebar-layout":"default","site-content-layout":"","ast-site-content-layout":"default","site-content-style":"default","site-sidebar-style":"default","ast-global-header-display":"","ast-banner-title-visibility":"","ast-main-header-display":"","ast-hfb-above-header-display":"","ast-hfb-below-header-display":"","ast-hfb-mobile-header-display":"","site-post-title":"","ast-breadcrumbs-content":"","ast-featured-img":"","footer-sml-layout":"","theme-transparent-header-meta":"default","adv-header-id-meta":"","stick-header-meta":"default","header-above-stick-meta":"","header-main-stick-meta":"","header-below-stick-meta":"","astra-migrate-meta-layouts":"set","ast-page-background-enabled":"default","ast-page-background-meta":{"desktop":{"background-color":"var(--ast-global-color-4)","background-image":"","background-repeat":"repeat","background-position":"center center","background-size":"auto","background-attachment":"scroll","background-type":"","background-media":"","overlay-type":"","overlay-color":"","overlay-opacity":"","overlay-gradient":""},"tablet":{"background-color":"","background-image":"","background-repeat":"repeat","background-position":"center center","background-size":"auto","background-attachment":"scroll","background-type":"","background-media":"","overlay-type":"","overlay-color":"","overlay-opacity":"","overlay-gradient":""},"mobile":{"background-color":"","background-image":"","background-repeat":"repeat","background-position":"center center","background-size":"auto","background-attachment":"scroll","background-type":"","background-media":"","overlay-type":"","overlay-color":"","overlay-opacity":"","overlay-gradient":""}},"ast-content-background-meta":{"desktop":{"background-color":"var(--ast-global-color-5)","background-image":"","background-repeat":"repeat","background-position":"center center","background-size":"auto","background-attachment":"scroll","background-type":"","background-media":"","overlay-type":"","overlay-color":"","overlay-opacity":"","overlay-gradient":""},"tablet":{"background-color":"var(--ast-global-color-5)","background-image":"","background-repeat":"repeat","background-position":"center center","background-size":"auto","background-attachment":"scroll","background-type":"","background-media":"","overlay-type":"","overlay-color":"","overlay-opacity":"","overlay-gradient":""},"mobile":{"background-color":"var(--ast-global-color-5)","background-image":"","background-repeat":"repeat","background-position":"center center","background-size":"auto","background-attachment":"scroll","background-type":"","background-media":"","overlay-type":"","overlay-color":"","overlay-opacity":"","overlay-gradient":""}}},"product_brand":[],"product_cat":[152,168,149,154],"product_tag":[3356,3359,3312,3354,1471,3467,3314,1201,2952,1995,1627,2021,602,3355,3364,3360,3362],"class_list":{"0":"post-11421","1":"product","2":"type-product","3":"status-publish","4":"has-post-thumbnail","6":"product_cat-nueva-coleccion-2024","7":"product_cat-productos-mas-nuevos","8":"product_cat-relojes-replica-audemars-piguet","9":"product_cat-replicas-de-relojes-mas-vendidas","10":"product_tag-audemars-piguet-15400-es","11":"product_tag-audemars-piguet-15400stoo1220st01-es","12":"product_tag-audemars-piguet-replica","13":"product_tag-audemars-piguet-royal-oak-es","14":"product_tag-fashion-watch","15":"product_tag-premium-replica-es","16":"product_tag-reloj-audemars-piguet","17":"product_tag-reloj-de-alta-gama-es","18":"product_tag-reloj-de-marca-es","19":"product_tag-reloj-elegante-es","20":"product_tag-reloj-exclusivo-es","21":"product_tag-reloj-suizo","22":"product_tag-royal-oak-es","23":"product_tag-royal-oak-replica-es","24":"product_tag-royal-oak-silver","25":"product_tag-silver-black-dial","26":"product_tag-silver-dial-watch","27":"desktop-align-left","28":"tablet-align-left","29":"mobile-align-left","30":"ast-product-gallery-layout-vertical-slider","32":"first","33":"instock","34":"sale","35":"shipping-taxable","36":"purchasable","37":"product-type-simple"},"uagb_featured_image_src":{"full":["https:\/\/myreplicawatches.io\/wp-content\/uploads\/2023\/10\/replica-audemars-piguet-royal-oak-15400stoo1220st01.jpg",1000,1000,false],"thumbnail":["https:\/\/myreplicawatches.io\/wp-content\/uploads\/2023\/10\/replica-audemars-piguet-royal-oak-15400stoo1220st01-150x150.png",150,150,true],"medium":["https:\/\/myreplicawatches.io\/wp-content\/uploads\/2023\/10\/replica-audemars-piguet-royal-oak-15400stoo1220st01-300x300.png",300,300,true],"medium_large":["https:\/\/myreplicawatches.io\/wp-content\/uploads\/2023\/10\/replica-audemars-piguet-royal-oak-15400stoo1220st01-768x768.png",768,768,true],"large":["https:\/\/myreplicawatches.io\/wp-content\/uploads\/2023\/10\/replica-audemars-piguet-royal-oak-15400stoo1220st01.jpg",1000,1000,false],"1536x1536":["https:\/\/myreplicawatches.io\/wp-content\/uploads\/2023\/10\/replica-audemars-piguet-royal-oak-15400stoo1220st01.jpg",1000,1000,false],"2048x2048":["https:\/\/myreplicawatches.io\/wp-content\/uploads\/2023\/10\/replica-audemars-piguet-royal-oak-15400stoo1220st01.jpg",1000,1000,false],"woocommerce_thumbnail":["https:\/\/myreplicawatches.io\/wp-content\/uploads\/2023\/10\/replica-audemars-piguet-royal-oak-15400stoo1220st01-300x300.jpg",300,300,true],"woocommerce_single":["https:\/\/myreplicawatches.io\/wp-content\/uploads\/2023\/10\/replica-audemars-piguet-royal-oak-15400stoo1220st01-600x600.jpg",600,600,true],"woocommerce_gallery_thumbnail":["https:\/\/myreplicawatches.io\/wp-content\/uploads\/2023\/10\/replica-audemars-piguet-royal-oak-15400stoo1220st01-100x100.jpg",100,100,true],"variation_swatches_image_size":["https:\/\/myreplicawatches.io\/wp-content\/uploads\/2023\/10\/replica-audemars-piguet-royal-oak-15400stoo1220st01.jpg",50,50,false],"variation_swatches_tooltip_size":["https:\/\/myreplicawatches.io\/wp-content\/uploads\/2023\/10\/replica-audemars-piguet-royal-oak-15400stoo1220st01.jpg",100,100,false],"dgwt-wcas-product-suggestion":["https:\/\/myreplicawatches.io\/wp-content\/uploads\/2023\/10\/replica-audemars-piguet-royal-oak-15400stoo1220st01-64x64.jpg",64,64,true]},"uagb_author_info":{"display_name":"admin","author_link":"https:\/\/myreplicawatches.io\/de\/author\/"},"uagb_comment_info":0,"uagb_excerpt":"Audemars Piguet Royal Oak R\u00e9plica &#8211; El mejor reloj clon r\u00e9plica &nbsp; Ventajas de poseer el Audemars Piguet Royal Oak R\u00e9plica Una r\u00e9plica puede comprarse a un precio mucho m\u00e1s barato que uno aut\u00e9ntico, sin embargo, un reloj r\u00e9plica parecer\u00e1 y se sentir\u00e1 igual que el original. Lo \u00faltimo que alguien quiere es gastarse una","jetpack_sharing_enabled":true,"_links":{"self":[{"href":"https:\/\/myreplicawatches.io\/de\/wp-json\/wp\/v2\/product\/11421","targetHints":{"allow":["GET"]}}],"collection":[{"href":"https:\/\/myreplicawatches.io\/de\/wp-json\/wp\/v2\/product"}],"about":[{"href":"https:\/\/myreplicawatches.io\/de\/wp-json\/wp\/v2\/types\/product"}],"replies":[{"embeddable":true,"href":"https:\/\/myreplicawatches.io\/de\/wp-json\/wp\/v2\/comments?post=11421"}],"wp:featuredmedia":[{"embeddable":true,"href":"https:\/\/myreplicawatches.io\/de\/wp-json\/wp\/v2\/media\/6923"}],"wp:attachment":[{"href":"https:\/\/myreplicawatches.io\/de\/wp-json\/wp\/v2\/media?parent=11421"}],"wp:term":[{"taxonomy":"product_brand","embeddable":true,"href":"https:\/\/myreplicawatches.io\/de\/wp-json\/wp\/v2\/product_brand?post=11421"},{"taxonomy":"product_cat","embeddable":true,"href":"https:\/\/myreplicawatches.io\/de\/wp-json\/wp\/v2\/product_cat?post=11421"},{"taxonomy":"product_tag","embeddable":true,"href":"https:\/\/myreplicawatches.io\/de\/wp-json\/wp\/v2\/product_tag?post=11421"}],"curies":[{"name":"wp","href":"https:\/\/api.w.org\/{rel}","templated":true}]}}