{"id":11319,"date":"2023-10-03T21:51:16","date_gmt":"2023-10-03T21:51:16","guid":{"rendered":"https:\/\/myreplicawatches.io\/product\/richard-mille-clon-suizo-rm-35-02-rafa-rojo\/"},"modified":"2026-01-11T00:24:37","modified_gmt":"2026-01-11T00:24:37","slug":"richard-mille-clon-suizo-rm-35-02-rafa-rojo","status":"publish","type":"product","link":"https:\/\/myreplicawatches.io\/de\/product\/richard-mille-clon-suizo-rm-35-02-rafa-rojo\/","title":{"rendered":"Richard Mille Clon Suizo RM 35-02 Rafa Rojo"},"content":{"rendered":"<h2>Richard Mille Clon Suizo RM 35-02 Rafa Rojo &#8211; Clon Suizo de M\u00e1xima Calidad<\/h2>\n<div><\/div>\n<div>\n<h3 style=\"text-align: center;\"><\/h3>\n<h3 style=\"text-align: center;\"><img fetchpriority=\"high\" decoding=\"async\" src=\"https:\/\/cdn.shopify.com\/s\/files\/1\/0271\/1440\/5936\/files\/product_desc_below_large_large_large_17dd0e32-b2bb-44ab-a793-4e82bb509d40_480x480.png?v=1572726538\" alt=\"\" width=\"384\" height=\"142\" title=\"\"><\/h3>\n<h3>Ventajas de poseer Richard Mille Clon Suizo RM 35-02 Rafa:<\/h3>\n<ul>\n<li>Una r\u00e9plica puede comprarse a un precio mucho m\u00e1s barato que uno aut\u00e9ntico, sin embargo, un reloj r\u00e9plica parecer\u00e1 y se sentir\u00e1 igual que el original.<\/li>\n<li>Lo \u00faltimo que alguien quiere es gastarse una fortuna para conseguir un reloj de lujo que tiene peque\u00f1as diferencias con nuestras r\u00e9plicas de relojes.<\/li>\n<li>Muchos entusiastas de los relojes no quieren gastarse miles de d\u00f3lares en relojes y quieren tener esa gran sensaci\u00f3n de poseer un gran reloj de una marca de lujo. Es entonces cuando entran en juego los relojes IP y proporcionan esa sensaci\u00f3n a sus clientes.<\/li>\n<li>\u00bf Tienes ya un aut\u00e9ntico reloj de alta gama que no quieres llevar por motivos de seguridad o por razones de devaluaci\u00f3n en algunas ocasiones ? Lleva tu Reloj Richard Mille Clon Suizo RM 35-02 Rafa de alta calidad y si\u00e9ntete m\u00e1s seguro, ten la misma confianza, protege tus objetos de valor<\/li>\n<\/ul>\n<\/div>\n<h3>Descripci\u00f3n Richard Mille Clon Suizo RM 35-02 Rafa<\/h3>\n<ul id=\"productDetailsList\" class=\"floatingBox clearfix\">\n<li><span class=\"product-info-label t\">Modelo:<\/span><span class=\"c\">RM 35-02<\/span><\/li>\n<\/ul>\n<ul>\n<li><span class=\"t\">Marca<\/span><span class=\"c\">Richard Mille RM35-2<\/span><\/li>\n<li><span class=\"t\">Estilo<\/span><span class=\"c\">Reloj mec\u00e1nico para hombre Domineering<\/span><\/li>\n<li><span class=\"t\">Tama\u00f1o:<\/span><span class=\"c\">43MMx 50MMx 17,5MM<\/span><\/li>\n<li><span class=\"t\">Movimiento:<\/span><span class=\"c\">Aut\u00e9ntico movimiento autom\u00e1tico suizo de joyer\u00eda niquelado 9015<\/span><\/li>\n<li><span class=\"t\">Superficie de espejo:<\/span><span class=\"c\">Cristal frontal de zafiro antirreflejos resistente a los ara\u00f1azos<\/span><\/li>\n<li><span class=\"t\">Material:<\/span><span class=\"c\">Caja de fibra de carbono totalmente forjada, anillo rojo<\/span><\/li>\n<li><span class=\"t\">Hebilla:<\/span><span class=\"c\">Con cierre desplegable<\/span><\/li>\n<\/ul>\n<p><span class=\"c\"><img decoding=\"async\" style=\"display: block; margin-left: auto; margin-right: auto;\" src=\"https:\/\/cdn.shopify.com\/s\/files\/1\/0271\/1440\/5936\/files\/ezgif.com-video-to-gif_10_480x480.gif?v=1573043949\" alt=\"\" width=\"436\" height=\"247\" title=\"\"><\/span><\/p>\n<p>&nbsp;<\/p>\n<h2>Garant\u00eda<\/h2>\n<p>  100% de satisfacci\u00f3n garantizada Si no est\u00e1s satisfecho al 100% con tu primer reloj Myreplicawatches.io, nos comprometemos a arreglarlo todo.  <\/p>\n<h2>Entrega<\/h2>\n<p>  Env\u00edo DHL a todo el mundo &#8211; De 3 a 10 d\u00edas estimaci\u00f3n de llegada Despu\u00e9s de hacer tu pedido, por favor, deja pasar 2-3 d\u00edas para el env\u00edo de tu producto. Recibir\u00e1s tu n\u00famero de seguimiento inmediatamente despu\u00e9s de que enviemos tu producto.<\/p>\n","protected":false},"excerpt":{"rendered":"<p>Richard Mille Clon Suizo RM 35-02 Rafa Rojo &#8211; Clon Suizo de M\u00e1xima Calidad Ventajas de poseer Richard Mille Clon Suizo RM 35-02 Rafa: Una r\u00e9plica puede comprarse a un precio mucho m\u00e1s barato que uno aut\u00e9ntico, sin embargo, un reloj r\u00e9plica parecer\u00e1 y se sentir\u00e1 igual que el original. Lo \u00faltimo que alguien quiere<\/p>\n","protected":false},"featured_media":8537,"comment_status":"open","ping_status":"closed","template":"","meta":{"_uag_custom_page_level_css":"","site-sidebar-layout":"default","site-content-layout":"","ast-site-content-layout":"default","site-content-style":"default","site-sidebar-style":"default","ast-global-header-display":"","ast-banner-title-visibility":"","ast-main-header-display":"","ast-hfb-above-header-display":"","ast-hfb-below-header-display":"","ast-hfb-mobile-header-display":"","site-post-title":"","ast-breadcrumbs-content":"","ast-featured-img":"","footer-sml-layout":"","theme-transparent-header-meta":"default","adv-header-id-meta":"","stick-header-meta":"default","header-above-stick-meta":"","header-main-stick-meta":"","header-below-stick-meta":"","astra-migrate-meta-layouts":"default","ast-page-background-enabled":"default","ast-page-background-meta":{"desktop":{"background-color":"var(--ast-global-color-4)","background-image":"","background-repeat":"repeat","background-position":"center center","background-size":"auto","background-attachment":"scroll","background-type":"","background-media":"","overlay-type":"","overlay-color":"","overlay-opacity":"","overlay-gradient":""},"tablet":{"background-color":"","background-image":"","background-repeat":"repeat","background-position":"center center","background-size":"auto","background-attachment":"scroll","background-type":"","background-media":"","overlay-type":"","overlay-color":"","overlay-opacity":"","overlay-gradient":""},"mobile":{"background-color":"","background-image":"","background-repeat":"repeat","background-position":"center center","background-size":"auto","background-attachment":"scroll","background-type":"","background-media":"","overlay-type":"","overlay-color":"","overlay-opacity":"","overlay-gradient":""}},"ast-content-background-meta":{"desktop":{"background-color":"var(--ast-global-color-5)","background-image":"","background-repeat":"repeat","background-position":"center center","background-size":"auto","background-attachment":"scroll","background-type":"","background-media":"","overlay-type":"","overlay-color":"","overlay-opacity":"","overlay-gradient":""},"tablet":{"background-color":"var(--ast-global-color-5)","background-image":"","background-repeat":"repeat","background-position":"center center","background-size":"auto","background-attachment":"scroll","background-type":"","background-media":"","overlay-type":"","overlay-color":"","overlay-opacity":"","overlay-gradient":""},"mobile":{"background-color":"var(--ast-global-color-5)","background-image":"","background-repeat":"repeat","background-position":"center center","background-size":"auto","background-attachment":"scroll","background-type":"","background-media":"","overlay-type":"","overlay-color":"","overlay-opacity":"","overlay-gradient":""}}},"product_brand":[],"product_cat":[168,220,154,158,398],"product_tag":[470,555,3813,440,474,3931,4645,4647,478,4646,221,4644,499,1944,441,933],"class_list":{"0":"post-11319","1":"product","2":"type-product","3":"status-publish","4":"has-post-thumbnail","6":"product_cat-productos-mas-nuevos","7":"product_cat-replica-richard-mille","8":"product_cat-replicas-de-relojes-mas-vendidas","9":"product_cat-superclones","10":"product_cat-super-clone-richard-mille-replica-es","11":"product_tag-high-end-replica","12":"product_tag-limited-edition","13":"product_tag-luxury-replica-watch-es","14":"product_tag-luxury-watch","15":"product_tag-mens-watch","16":"product_tag-rafa-nadal","17":"product_tag-rafa-red","18":"product_tag-red-watch","19":"product_tag-richard-mille","20":"product_tag-richard-mille-replica","21":"product_tag-richard-mille-suizo","22":"product_tag-rm-35-02","23":"product_tag-sports-watch","24":"product_tag-swiss-clone-es","25":"product_tag-swiss-movement","26":"product_tag-watch-es","27":"desktop-align-left","28":"tablet-align-left","29":"mobile-align-left","30":"ast-product-gallery-layout-vertical-slider","32":"first","33":"instock","34":"sale","35":"shipping-taxable","36":"purchasable","37":"product-type-simple"},"uagb_featured_image_src":{"full":["https:\/\/myreplicawatches.io\/wp-content\/uploads\/2023\/10\/Replica-rolex-Sky-dweller-rose-gold-50.jpg",1080,1080,false],"thumbnail":["https:\/\/myreplicawatches.io\/wp-content\/uploads\/2023\/10\/Replica-rolex-Sky-dweller-rose-gold-50-150x150.jpg",150,150,true],"medium":["https:\/\/myreplicawatches.io\/wp-content\/uploads\/2023\/10\/Replica-rolex-Sky-dweller-rose-gold-50-300x300.jpg",300,300,true],"medium_large":["https:\/\/myreplicawatches.io\/wp-content\/uploads\/2023\/10\/Replica-rolex-Sky-dweller-rose-gold-50-768x768.jpg",768,768,true],"large":["https:\/\/myreplicawatches.io\/wp-content\/uploads\/2023\/10\/Replica-rolex-Sky-dweller-rose-gold-50-1024x1024.jpg",1024,1024,true],"1536x1536":["https:\/\/myreplicawatches.io\/wp-content\/uploads\/2023\/10\/Replica-rolex-Sky-dweller-rose-gold-50.jpg",1080,1080,false],"2048x2048":["https:\/\/myreplicawatches.io\/wp-content\/uploads\/2023\/10\/Replica-rolex-Sky-dweller-rose-gold-50.jpg",1080,1080,false],"woocommerce_thumbnail":["https:\/\/myreplicawatches.io\/wp-content\/uploads\/2023\/10\/Replica-rolex-Sky-dweller-rose-gold-50-300x300.jpg",300,300,true],"woocommerce_single":["https:\/\/myreplicawatches.io\/wp-content\/uploads\/2023\/10\/Replica-rolex-Sky-dweller-rose-gold-50-600x600.jpg",600,600,true],"woocommerce_gallery_thumbnail":["https:\/\/myreplicawatches.io\/wp-content\/uploads\/2023\/10\/Replica-rolex-Sky-dweller-rose-gold-50-100x100.jpg",100,100,true],"variation_swatches_image_size":["https:\/\/myreplicawatches.io\/wp-content\/uploads\/2023\/10\/Replica-rolex-Sky-dweller-rose-gold-50-50x50.jpg",50,50,true],"variation_swatches_tooltip_size":["https:\/\/myreplicawatches.io\/wp-content\/uploads\/2023\/10\/Replica-rolex-Sky-dweller-rose-gold-50-100x100.jpg",100,100,true],"dgwt-wcas-product-suggestion":["https:\/\/myreplicawatches.io\/wp-content\/uploads\/2023\/10\/Replica-rolex-Sky-dweller-rose-gold-50-64x64.jpg",64,64,true]},"uagb_author_info":{"display_name":"admin","author_link":"https:\/\/myreplicawatches.io\/de\/author\/"},"uagb_comment_info":0,"uagb_excerpt":"Richard Mille Clon Suizo RM 35-02 Rafa Rojo &#8211; Clon Suizo de M\u00e1xima Calidad Ventajas de poseer Richard Mille Clon Suizo RM 35-02 Rafa: Una r\u00e9plica puede comprarse a un precio mucho m\u00e1s barato que uno aut\u00e9ntico, sin embargo, un reloj r\u00e9plica parecer\u00e1 y se sentir\u00e1 igual que el original. Lo \u00faltimo que alguien quiere","jetpack_sharing_enabled":true,"_links":{"self":[{"href":"https:\/\/myreplicawatches.io\/de\/wp-json\/wp\/v2\/product\/11319","targetHints":{"allow":["GET"]}}],"collection":[{"href":"https:\/\/myreplicawatches.io\/de\/wp-json\/wp\/v2\/product"}],"about":[{"href":"https:\/\/myreplicawatches.io\/de\/wp-json\/wp\/v2\/types\/product"}],"replies":[{"embeddable":true,"href":"https:\/\/myreplicawatches.io\/de\/wp-json\/wp\/v2\/comments?post=11319"}],"wp:featuredmedia":[{"embeddable":true,"href":"https:\/\/myreplicawatches.io\/de\/wp-json\/wp\/v2\/media\/8537"}],"wp:attachment":[{"href":"https:\/\/myreplicawatches.io\/de\/wp-json\/wp\/v2\/media?parent=11319"}],"wp:term":[{"taxonomy":"product_brand","embeddable":true,"href":"https:\/\/myreplicawatches.io\/de\/wp-json\/wp\/v2\/product_brand?post=11319"},{"taxonomy":"product_cat","embeddable":true,"href":"https:\/\/myreplicawatches.io\/de\/wp-json\/wp\/v2\/product_cat?post=11319"},{"taxonomy":"product_tag","embeddable":true,"href":"https:\/\/myreplicawatches.io\/de\/wp-json\/wp\/v2\/product_tag?post=11319"}],"curies":[{"name":"wp","href":"https:\/\/api.w.org\/{rel}","templated":true}]}}