{"id":11318,"date":"2023-10-03T21:51:15","date_gmt":"2023-10-03T21:51:15","guid":{"rendered":"https:\/\/myreplicawatches.io\/product\/richard-mille-swiss-made-clon-rm-50-03-tourbilon-formula-1-rojo\/"},"modified":"2025-02-21T07:13:19","modified_gmt":"2025-02-21T07:13:19","slug":"richard-mille-swiss-made-clon-rm-50-03-tourbilon-formula-1-rojo","status":"publish","type":"product","link":"https:\/\/myreplicawatches.io\/de\/product\/richard-mille-swiss-made-clon-rm-50-03-tourbilon-formula-1-rojo\/","title":{"rendered":"Richard Mille Swiss Made Clon RM 50-03 Tourbilon F\u00f3rmula 1 Rojo"},"content":{"rendered":"<h2>Richard Mille Swiss Made Clon RM 50-03 Tourbilon &#8211; R\u00e9plica de reloj de la mejor edici\u00f3n<\/h2>\n<p>&nbsp;<\/p>\n<h3>Ventajas de poseer Richard Mille Swiss Made Clon RM 50-03:<\/h3>\n<ul>\n<li>Una r\u00e9plica puede comprarse a un precio mucho m\u00e1s barato que uno aut\u00e9ntico, sin embargo, un reloj r\u00e9plica parecer\u00e1 y se sentir\u00e1 igual que el original.<\/li>\n<li>Lo \u00faltimo que alguien quiere es gastarse una fortuna para conseguir un reloj de lujo que tiene peque\u00f1as diferencias con nuestras r\u00e9plicas de relojes.<\/li>\n<li>Muchos entusiastas de los relojes no quieren gastarse miles de d\u00f3lares en relojes y quieren tener esa gran sensaci\u00f3n de poseer un gran reloj de una marca de lujo. Es entonces cuando myreplicawatches.io entra en escena y proporciona esa sensaci\u00f3n a sus clientes.<\/li>\n<li>\u00bf Tienes ya un aut\u00e9ntico reloj de alta gama que no quieres llevar por motivos de seguridad o por razones de devaluaci\u00f3n en algunas ocasiones ? Lleva tu Reloj Richard Mille Swiss Made Clone RM 50-03 de alta calidad y si\u00e9ntete m\u00e1s seguro, ten la misma confianza, protege tus objetos de valor<\/li>\n<\/ul>\n<h2>Descripci\u00f3n<\/h2>\n<div>Material de la caja: Carbono<\/div>\n<div>Nombre de marca: Richard Mille Swiss Made Clon RM 50-03<\/div>\n<div>Profundidad de resistencia al agua: <span class=\"propery-des\" title=\"\">agua a prueba de vida<\/span><\/div>\n<div>Movimiento:<span class=\"propery-des\" title=\"\"> Movimiento Manual Suizo<\/span><\/div>\n<div>Di\u00e1metro de la esfera: 44,50 mm x 49,65 mm<\/div>\n<div>Tipo de cierre: Hebilla de desarrollo<\/div>\n<div>Cajas: <span class=\"propery-des\" title=\"Ning\u00fan paquete\">paquete de caja com\u00fan con<\/span> papel<\/div>\n<div>Sexo: masculino<\/div>\n<div>Tipo de material de la correa: correa de velcro de nailon<\/div>\n<div>Grosor de la caja: 16,10 mm<\/div>\n<div>Funciones:<span class=\"propery-des\" title=\"modelo\"> Horas, Minutos, Reserva de marcha, Cron\u00f3grafo, Tourbillon<\/span><\/div>\n<div><\/div>\n<div><\/div>\n<div><\/div>\n<div><\/div>\n<h2><span class=\"propery-des\" title=\"modelo\"><strong>Garant\u00eda<\/strong> <\/span><\/h2>\n<div><span class=\"propery-des\" title=\"modelo\">100% de satisfacci\u00f3n garantizada Si no quedas satisfecho al 100% con tu primer Reloj Eleven Clocks, nos comprometemos a arreglarlo todo.<\/span><\/div>\n<div><\/div>\n<div><\/div>\n<div><\/div>\n<h2><span class=\"propery-des\" title=\"modelo\">Entrega<\/span><\/h2>\n<div><\/div>\n<div>Env\u00edo DHL a todo el mundo &#8211; De 3 a 10 d\u00edas de plazo estimado de llegada (cargo adicional). Env\u00edo gratuito a todo el mundo &#8211; 10 &#8211; 19 D\u00edas estimaci\u00f3n llegada. Una vez realizado el pedido, el env\u00edo del producto tardar\u00e1 de 2 a 3 d\u00edas. Recibir\u00e1s tu n\u00famero de seguimiento inmediatamente despu\u00e9s de que enviemos tu producto.<\/div>\n","protected":false},"excerpt":{"rendered":"<p>Richard Mille Swiss Made Clon RM 50-03 Tourbilon &#8211; R\u00e9plica de reloj de la mejor edici\u00f3n &nbsp; Ventajas de poseer Richard Mille Swiss Made Clon RM 50-03: Una r\u00e9plica puede comprarse a un precio mucho m\u00e1s barato que uno aut\u00e9ntico, sin embargo, un reloj r\u00e9plica parecer\u00e1 y se sentir\u00e1 igual que el original. Lo \u00faltimo<\/p>\n","protected":false},"featured_media":8531,"comment_status":"open","ping_status":"closed","template":"","meta":{"_uag_custom_page_level_css":"","site-sidebar-layout":"default","site-content-layout":"","ast-site-content-layout":"default","site-content-style":"default","site-sidebar-style":"default","ast-global-header-display":"","ast-banner-title-visibility":"","ast-main-header-display":"","ast-hfb-above-header-display":"","ast-hfb-below-header-display":"","ast-hfb-mobile-header-display":"","site-post-title":"","ast-breadcrumbs-content":"","ast-featured-img":"","footer-sml-layout":"","theme-transparent-header-meta":"default","adv-header-id-meta":"","stick-header-meta":"default","header-above-stick-meta":"","header-main-stick-meta":"","header-below-stick-meta":"","astra-migrate-meta-layouts":"set","ast-page-background-enabled":"default","ast-page-background-meta":{"desktop":{"background-color":"var(--ast-global-color-4)","background-image":"","background-repeat":"repeat","background-position":"center center","background-size":"auto","background-attachment":"scroll","background-type":"","background-media":"","overlay-type":"","overlay-color":"","overlay-opacity":"","overlay-gradient":""},"tablet":{"background-color":"","background-image":"","background-repeat":"repeat","background-position":"center center","background-size":"auto","background-attachment":"scroll","background-type":"","background-media":"","overlay-type":"","overlay-color":"","overlay-opacity":"","overlay-gradient":""},"mobile":{"background-color":"","background-image":"","background-repeat":"repeat","background-position":"center center","background-size":"auto","background-attachment":"scroll","background-type":"","background-media":"","overlay-type":"","overlay-color":"","overlay-opacity":"","overlay-gradient":""}},"ast-content-background-meta":{"desktop":{"background-color":"var(--ast-global-color-5)","background-image":"","background-repeat":"repeat","background-position":"center center","background-size":"auto","background-attachment":"scroll","background-type":"","background-media":"","overlay-type":"","overlay-color":"","overlay-opacity":"","overlay-gradient":""},"tablet":{"background-color":"var(--ast-global-color-5)","background-image":"","background-repeat":"repeat","background-position":"center center","background-size":"auto","background-attachment":"scroll","background-type":"","background-media":"","overlay-type":"","overlay-color":"","overlay-opacity":"","overlay-gradient":""},"mobile":{"background-color":"var(--ast-global-color-5)","background-image":"","background-repeat":"repeat","background-position":"center center","background-size":"auto","background-attachment":"scroll","background-type":"","background-media":"","overlay-type":"","overlay-color":"","overlay-opacity":"","overlay-gradient":""}}},"product_brand":[],"product_cat":[168,220,154,158,398],"product_tag":[942,4661,4663,470,555,3813,440,474,4647,478,4646,221,4657,499,600,441,4659,933],"class_list":{"0":"post-11318","1":"product","2":"type-product","3":"status-publish","4":"has-post-thumbnail","6":"product_cat-productos-mas-nuevos","7":"product_cat-replica-richard-mille","8":"product_cat-replicas-de-relojes-mas-vendidas","9":"product_cat-superclones","10":"product_cat-super-clone-richard-mille-replica-es","11":"product_tag-clone","12":"product_tag-formula-1-es","13":"product_tag-formula-1-watch-es","14":"product_tag-high-end-replica","15":"product_tag-limited-edition","16":"product_tag-luxury-replica-watch-es","17":"product_tag-luxury-watch","18":"product_tag-mens-watch","19":"product_tag-red-watch","20":"product_tag-richard-mille","21":"product_tag-richard-mille-replica","22":"product_tag-richard-mille-suizo","23":"product_tag-rm-50-03-es","24":"product_tag-sports-watch","25":"product_tag-swiss-made","26":"product_tag-swiss-movement","27":"product_tag-tourbilon-es","28":"product_tag-watch-es","29":"desktop-align-left","30":"tablet-align-left","31":"mobile-align-left","32":"ast-product-gallery-layout-vertical-slider","34":"first","35":"instock","36":"shipping-taxable","37":"purchasable","38":"product-type-simple"},"uagb_featured_image_src":{"full":["https:\/\/myreplicawatches.io\/wp-content\/uploads\/2023\/10\/Replica-rolex-Sky-dweller-rose-gold-46.jpg",1080,1080,false],"thumbnail":["https:\/\/myreplicawatches.io\/wp-content\/uploads\/2023\/10\/Replica-rolex-Sky-dweller-rose-gold-46-150x150.jpg",150,150,true],"medium":["https:\/\/myreplicawatches.io\/wp-content\/uploads\/2023\/10\/Replica-rolex-Sky-dweller-rose-gold-46-300x300.jpg",300,300,true],"medium_large":["https:\/\/myreplicawatches.io\/wp-content\/uploads\/2023\/10\/Replica-rolex-Sky-dweller-rose-gold-46-768x768.jpg",768,768,true],"large":["https:\/\/myreplicawatches.io\/wp-content\/uploads\/2023\/10\/Replica-rolex-Sky-dweller-rose-gold-46-1024x1024.jpg",1024,1024,true],"1536x1536":["https:\/\/myreplicawatches.io\/wp-content\/uploads\/2023\/10\/Replica-rolex-Sky-dweller-rose-gold-46.jpg",1080,1080,false],"2048x2048":["https:\/\/myreplicawatches.io\/wp-content\/uploads\/2023\/10\/Replica-rolex-Sky-dweller-rose-gold-46.jpg",1080,1080,false],"woocommerce_thumbnail":["https:\/\/myreplicawatches.io\/wp-content\/uploads\/2023\/10\/Replica-rolex-Sky-dweller-rose-gold-46-300x300.jpg",300,300,true],"woocommerce_single":["https:\/\/myreplicawatches.io\/wp-content\/uploads\/2023\/10\/Replica-rolex-Sky-dweller-rose-gold-46-600x600.jpg",600,600,true],"woocommerce_gallery_thumbnail":["https:\/\/myreplicawatches.io\/wp-content\/uploads\/2023\/10\/Replica-rolex-Sky-dweller-rose-gold-46-100x100.jpg",100,100,true],"variation_swatches_image_size":["https:\/\/myreplicawatches.io\/wp-content\/uploads\/2023\/10\/Replica-rolex-Sky-dweller-rose-gold-46-50x50.jpg",50,50,true],"variation_swatches_tooltip_size":["https:\/\/myreplicawatches.io\/wp-content\/uploads\/2023\/10\/Replica-rolex-Sky-dweller-rose-gold-46-100x100.jpg",100,100,true],"dgwt-wcas-product-suggestion":["https:\/\/myreplicawatches.io\/wp-content\/uploads\/2023\/10\/Replica-rolex-Sky-dweller-rose-gold-46-64x64.jpg",64,64,true]},"uagb_author_info":{"display_name":"admin","author_link":"https:\/\/myreplicawatches.io\/de\/author\/"},"uagb_comment_info":0,"uagb_excerpt":"Richard Mille Swiss Made Clon RM 50-03 Tourbilon &#8211; R\u00e9plica de reloj de la mejor edici\u00f3n &nbsp; Ventajas de poseer Richard Mille Swiss Made Clon RM 50-03: Una r\u00e9plica puede comprarse a un precio mucho m\u00e1s barato que uno aut\u00e9ntico, sin embargo, un reloj r\u00e9plica parecer\u00e1 y se sentir\u00e1 igual que el original. Lo \u00faltimo","jetpack_sharing_enabled":true,"_links":{"self":[{"href":"https:\/\/myreplicawatches.io\/de\/wp-json\/wp\/v2\/product\/11318","targetHints":{"allow":["GET"]}}],"collection":[{"href":"https:\/\/myreplicawatches.io\/de\/wp-json\/wp\/v2\/product"}],"about":[{"href":"https:\/\/myreplicawatches.io\/de\/wp-json\/wp\/v2\/types\/product"}],"replies":[{"embeddable":true,"href":"https:\/\/myreplicawatches.io\/de\/wp-json\/wp\/v2\/comments?post=11318"}],"wp:featuredmedia":[{"embeddable":true,"href":"https:\/\/myreplicawatches.io\/de\/wp-json\/wp\/v2\/media\/8531"}],"wp:attachment":[{"href":"https:\/\/myreplicawatches.io\/de\/wp-json\/wp\/v2\/media?parent=11318"}],"wp:term":[{"taxonomy":"product_brand","embeddable":true,"href":"https:\/\/myreplicawatches.io\/de\/wp-json\/wp\/v2\/product_brand?post=11318"},{"taxonomy":"product_cat","embeddable":true,"href":"https:\/\/myreplicawatches.io\/de\/wp-json\/wp\/v2\/product_cat?post=11318"},{"taxonomy":"product_tag","embeddable":true,"href":"https:\/\/myreplicawatches.io\/de\/wp-json\/wp\/v2\/product_tag?post=11318"}],"curies":[{"name":"wp","href":"https:\/\/api.w.org\/{rel}","templated":true}]}}