{"id":11316,"date":"2023-10-03T21:51:06","date_gmt":"2023-10-03T21:51:06","guid":{"rendered":"https:\/\/myreplicawatches.io\/product\/richard-mille-clon-suizo-rm55-bubba-watson-negro\/"},"modified":"2026-01-11T00:27:20","modified_gmt":"2026-01-11T00:27:20","slug":"richard-mille-clon-suizo-rm55-bubba-watson-negro","status":"publish","type":"product","link":"https:\/\/myreplicawatches.io\/de\/product\/richard-mille-clon-suizo-rm55-bubba-watson-negro\/","title":{"rendered":"Richard Mille Clon Suizo &#8211; RM55 Bubba Watson Negro"},"content":{"rendered":"<h2>Richard Mille Clon Suizo &#8211; RM55 Bubba Watson Negro &#8211; Top Clon Suizo<\/h2>\n<p>&nbsp;<\/p>\n<p><strong>Todos los relojes tienen 1 a\u00f1o de garant\u00edaTodos los<\/strong><strong>relojes vienen con su caja original con papeles y documentaci\u00f3n.RELOJES DE FABRICACI\u00d3N JAPONESA Clon 1:1Richard<\/strong> Mille<strong>son TODOS DE FABRICACI\u00d3N SUIZA<\/strong> Richard Mille Clon Suizo &#8211; RM55 Bubba Watson Negro <ins>RELOJES SWISS MADE Clon 1:1<\/ins><\/p>\n<ul>\n<li>Se ve y se siente exactamente igual. \u2714<\/li>\n<li>No se puede diferenciar entre el verdadero \u2714<\/li>\n<li>Resistente al agua 300 m \u2714<\/li>\n<li>Cristal de zafiro antirrayado con revestimiento AR \u2714<\/li>\n<li>Relojes de acero 904L y oro aut\u00e9ntico. \u2714<\/li>\n<li>Mismo peso que el original. \u2714<\/li>\n<li>Mismo Mecanismo que el Real \u2714 ( MISMO Movimiento SUIZO, Exactamente igual que el real )<\/li>\n<li>Movimiento Autom\u00e1tico \u2714 ( El segundero no hace tictac, se mueve suavemente como el original )<\/li>\n<\/ul>\n<p>Richard Mille Clon Suizo &#8211; RM55 Bubba Watson Negro<br \/>\n<strong>Movimiento <\/strong> (Autom\u00e1tico)<br \/>\nMecanismo suizo<strong>de calidad <\/strong><br \/>\n<strong>Bisel <\/strong>Bisel atornillado chapado en iones<br \/>\n<strong>Corona <\/strong>Corona chapada en iones con ribete de caucho negro<br \/>\n<strong>Pulsera <\/strong>Correa de caucho negro termograbado<br \/>\n<strong>Tipo de correa <\/strong>Caucho<br \/>\n<strong>Cierre de reloj <\/strong>Cierre basculante <strong>Cristal <\/strong>de zafiro <strong>Color <\/strong>Negro <strong>Color de la esfera <\/strong>Negro <strong>Sexo <\/strong>Hombres <strong>Di\u00e1metro<\/strong> 51 x 43 <strong>Longitud de la pulsera<\/strong>1 95 x 25 <strong>Grosor de la caja <\/strong>18 mm<\/p>\n<h2>Garant\u00eda<\/h2>\n<p>100% de satisfacci\u00f3n garantizada Si no quedas satisfecho al 100% con tu primer reloj myreplicawatches.io, nos comprometemos a arreglarlo todo.<\/p>\n<h2>Entrega<\/h2>\n<p>Env\u00edo DHL a todo el mundo &#8211; De 3 a 10 d\u00edas estimaci\u00f3n de llegada Despu\u00e9s de hacer tu pedido, por favor, deja pasar 2-3 d\u00edas para el env\u00edo de tu producto. Recibir\u00e1s tu n\u00famero de seguimiento inmediatamente despu\u00e9s de que enviemos tu producto.<\/p>\n","protected":false},"excerpt":{"rendered":"<p>Richard Mille Clon Suizo &#8211; RM55 Bubba Watson Negro &#8211; Top Clon Suizo &nbsp; Todos los relojes tienen 1 a\u00f1o de garant\u00edaTodos losrelojes vienen con su caja original con papeles y documentaci\u00f3n.RELOJES DE FABRICACI\u00d3N JAPONESA Clon 1:1Richard Milleson TODOS DE FABRICACI\u00d3N SUIZA Richard Mille Clon Suizo &#8211; RM55 Bubba Watson Negro RELOJES SWISS MADE Clon<\/p>\n","protected":false},"featured_media":8538,"comment_status":"open","ping_status":"closed","template":"","meta":{"_uag_custom_page_level_css":"","site-sidebar-layout":"default","site-content-layout":"","ast-site-content-layout":"default","site-content-style":"default","site-sidebar-style":"default","ast-global-header-display":"","ast-banner-title-visibility":"","ast-main-header-display":"","ast-hfb-above-header-display":"","ast-hfb-below-header-display":"","ast-hfb-mobile-header-display":"","site-post-title":"","ast-breadcrumbs-content":"","ast-featured-img":"","footer-sml-layout":"","theme-transparent-header-meta":"default","adv-header-id-meta":"","stick-header-meta":"default","header-above-stick-meta":"","header-main-stick-meta":"","header-below-stick-meta":"","astra-migrate-meta-layouts":"set","ast-page-background-enabled":"default","ast-page-background-meta":{"desktop":{"background-color":"var(--ast-global-color-4)","background-image":"","background-repeat":"repeat","background-position":"center center","background-size":"auto","background-attachment":"scroll","background-type":"","background-media":"","overlay-type":"","overlay-color":"","overlay-opacity":"","overlay-gradient":""},"tablet":{"background-color":"","background-image":"","background-repeat":"repeat","background-position":"center center","background-size":"auto","background-attachment":"scroll","background-type":"","background-media":"","overlay-type":"","overlay-color":"","overlay-opacity":"","overlay-gradient":""},"mobile":{"background-color":"","background-image":"","background-repeat":"repeat","background-position":"center center","background-size":"auto","background-attachment":"scroll","background-type":"","background-media":"","overlay-type":"","overlay-color":"","overlay-opacity":"","overlay-gradient":""}},"ast-content-background-meta":{"desktop":{"background-color":"var(--ast-global-color-5)","background-image":"","background-repeat":"repeat","background-position":"center center","background-size":"auto","background-attachment":"scroll","background-type":"","background-media":"","overlay-type":"","overlay-color":"","overlay-opacity":"","overlay-gradient":""},"tablet":{"background-color":"var(--ast-global-color-5)","background-image":"","background-repeat":"repeat","background-position":"center center","background-size":"auto","background-attachment":"scroll","background-type":"","background-media":"","overlay-type":"","overlay-color":"","overlay-opacity":"","overlay-gradient":""},"mobile":{"background-color":"var(--ast-global-color-5)","background-image":"","background-repeat":"repeat","background-position":"center center","background-size":"auto","background-attachment":"scroll","background-type":"","background-media":"","overlay-type":"","overlay-color":"","overlay-opacity":"","overlay-gradient":""}}},"product_brand":[],"product_cat":[168,220,154,158,398],"product_tag":[3458,4671,4672,470,555,3813,440,474,478,4646,221,3757,499,1944,441,933],"class_list":{"0":"post-11316","1":"product","2":"type-product","3":"status-publish","4":"has-post-thumbnail","6":"product_cat-productos-mas-nuevos","7":"product_cat-replica-richard-mille","8":"product_cat-replicas-de-relojes-mas-vendidas","9":"product_cat-superclones","10":"product_cat-super-clone-richard-mille-replica-es","11":"product_tag-black-watch-es","12":"product_tag-bubba-watson","13":"product_tag-bubba-watson-watch","14":"product_tag-high-end-replica","15":"product_tag-limited-edition","16":"product_tag-luxury-replica-watch-es","17":"product_tag-luxury-watch","18":"product_tag-mens-watch","19":"product_tag-richard-mille","20":"product_tag-richard-mille-replica","21":"product_tag-richard-mille-suizo","22":"product_tag-rm55","23":"product_tag-sports-watch","24":"product_tag-swiss-clone-es","25":"product_tag-swiss-movement","26":"product_tag-watch-es","27":"desktop-align-left","28":"tablet-align-left","29":"mobile-align-left","30":"ast-product-gallery-layout-vertical-slider","32":"first","33":"instock","34":"sale","35":"shipping-taxable","36":"purchasable","37":"product-type-simple"},"uagb_featured_image_src":{"full":["https:\/\/myreplicawatches.io\/wp-content\/uploads\/2023\/10\/Replica-rolex-Sky-dweller-rose-gold-51.jpg",1080,1080,false],"thumbnail":["https:\/\/myreplicawatches.io\/wp-content\/uploads\/2023\/10\/Replica-rolex-Sky-dweller-rose-gold-51-150x150.jpg",150,150,true],"medium":["https:\/\/myreplicawatches.io\/wp-content\/uploads\/2023\/10\/Replica-rolex-Sky-dweller-rose-gold-51-300x300.jpg",300,300,true],"medium_large":["https:\/\/myreplicawatches.io\/wp-content\/uploads\/2023\/10\/Replica-rolex-Sky-dweller-rose-gold-51-768x768.jpg",768,768,true],"large":["https:\/\/myreplicawatches.io\/wp-content\/uploads\/2023\/10\/Replica-rolex-Sky-dweller-rose-gold-51-1024x1024.jpg",1024,1024,true],"1536x1536":["https:\/\/myreplicawatches.io\/wp-content\/uploads\/2023\/10\/Replica-rolex-Sky-dweller-rose-gold-51.jpg",1080,1080,false],"2048x2048":["https:\/\/myreplicawatches.io\/wp-content\/uploads\/2023\/10\/Replica-rolex-Sky-dweller-rose-gold-51.jpg",1080,1080,false],"woocommerce_thumbnail":["https:\/\/myreplicawatches.io\/wp-content\/uploads\/2023\/10\/Replica-rolex-Sky-dweller-rose-gold-51-300x300.jpg",300,300,true],"woocommerce_single":["https:\/\/myreplicawatches.io\/wp-content\/uploads\/2023\/10\/Replica-rolex-Sky-dweller-rose-gold-51-600x600.jpg",600,600,true],"woocommerce_gallery_thumbnail":["https:\/\/myreplicawatches.io\/wp-content\/uploads\/2023\/10\/Replica-rolex-Sky-dweller-rose-gold-51-100x100.jpg",100,100,true],"variation_swatches_image_size":["https:\/\/myreplicawatches.io\/wp-content\/uploads\/2023\/10\/Replica-rolex-Sky-dweller-rose-gold-51-50x50.jpg",50,50,true],"variation_swatches_tooltip_size":["https:\/\/myreplicawatches.io\/wp-content\/uploads\/2023\/10\/Replica-rolex-Sky-dweller-rose-gold-51-100x100.jpg",100,100,true],"dgwt-wcas-product-suggestion":["https:\/\/myreplicawatches.io\/wp-content\/uploads\/2023\/10\/Replica-rolex-Sky-dweller-rose-gold-51-64x64.jpg",64,64,true]},"uagb_author_info":{"display_name":"admin","author_link":"https:\/\/myreplicawatches.io\/de\/author\/"},"uagb_comment_info":0,"uagb_excerpt":"Richard Mille Clon Suizo &#8211; RM55 Bubba Watson Negro &#8211; Top Clon Suizo &nbsp; Todos los relojes tienen 1 a\u00f1o de garant\u00edaTodos losrelojes vienen con su caja original con papeles y documentaci\u00f3n.RELOJES DE FABRICACI\u00d3N JAPONESA Clon 1:1Richard Milleson TODOS DE FABRICACI\u00d3N SUIZA Richard Mille Clon Suizo &#8211; RM55 Bubba Watson Negro RELOJES SWISS MADE Clon","jetpack_sharing_enabled":true,"_links":{"self":[{"href":"https:\/\/myreplicawatches.io\/de\/wp-json\/wp\/v2\/product\/11316","targetHints":{"allow":["GET"]}}],"collection":[{"href":"https:\/\/myreplicawatches.io\/de\/wp-json\/wp\/v2\/product"}],"about":[{"href":"https:\/\/myreplicawatches.io\/de\/wp-json\/wp\/v2\/types\/product"}],"replies":[{"embeddable":true,"href":"https:\/\/myreplicawatches.io\/de\/wp-json\/wp\/v2\/comments?post=11316"}],"wp:featuredmedia":[{"embeddable":true,"href":"https:\/\/myreplicawatches.io\/de\/wp-json\/wp\/v2\/media\/8538"}],"wp:attachment":[{"href":"https:\/\/myreplicawatches.io\/de\/wp-json\/wp\/v2\/media?parent=11316"}],"wp:term":[{"taxonomy":"product_brand","embeddable":true,"href":"https:\/\/myreplicawatches.io\/de\/wp-json\/wp\/v2\/product_brand?post=11316"},{"taxonomy":"product_cat","embeddable":true,"href":"https:\/\/myreplicawatches.io\/de\/wp-json\/wp\/v2\/product_cat?post=11316"},{"taxonomy":"product_tag","embeddable":true,"href":"https:\/\/myreplicawatches.io\/de\/wp-json\/wp\/v2\/product_tag?post=11316"}],"curies":[{"name":"wp","href":"https:\/\/api.w.org\/{rel}","templated":true}]}}