{"id":11311,"date":"2023-10-03T21:49:51","date_gmt":"2023-10-03T21:49:51","guid":{"rendered":"https:\/\/myreplicawatches.io\/product\/mejor-tiffany-co-clon-patek-philippe-nautilus\/"},"modified":"2025-11-16T12:38:22","modified_gmt":"2025-11-16T12:38:22","slug":"mejor-tiffany-co-clon-patek-philippe-nautilus","status":"publish","type":"product","link":"https:\/\/myreplicawatches.io\/de\/product\/mejor-tiffany-co-clon-patek-philippe-nautilus\/","title":{"rendered":"Mejor Tiffany &amp; Co Clon Patek Philippe Nautilus"},"content":{"rendered":"<h3>Mejor Tiffany &amp; Co Clon Patek Philippe Nautilus &#8211; Mejor R\u00e9plica Clon Fabricada en Suiza<\/h3>\n<p>&nbsp;<\/p>\n<h3>Ventajas de poseer el Mejor Clon Tiffany &amp; Co Patek Philippe Nautilus &#8211; Mejor R\u00e9plica Clon Fabricada en Suiza:<\/h3>\n<ul>\n<li>Una r\u00e9plica puede comprarse a un precio mucho m\u00e1s barato que uno aut\u00e9ntico, sin embargo, un reloj r\u00e9plica parecer\u00e1 y se sentir\u00e1 igual que el original.<\/li>\n<li>Lo \u00faltimo que alguien quiere es gastarse una fortuna para conseguir un reloj de lujo que tiene peque\u00f1as diferencias con nuestras r\u00e9plicas de relojes.<\/li>\n<li>Muchos entusiastas de los relojes no quieren gastarse miles de d\u00f3lares en relojes y quieren tener esa gran sensaci\u00f3n de poseer un gran reloj de una marca de lujo. Aqu\u00ed es cuando entran en juego los relojes myreplicawatches.io y proporcionan esa sensaci\u00f3n a sus clientes.<\/li>\n<li>\u00bf Tienes ya un aut\u00e9ntico reloj de alta gama que no quieres llevar por motivos de seguridad o por razones de devaluaci\u00f3n en algunas ocasiones ? Lleva tu High Best Tiffany &amp; Co Clon Patek Philippe Nautilus y si\u00e9ntete m\u00e1s seguro, ten la misma confianza, protege tus objetos de valor<\/li>\n<\/ul>\n<p><strong><b>Di\u00e1metro de la caja<\/b><\/strong>:40mm<br \/>\n<strong><b>Grosor<\/b><\/strong>8,3 mm<br \/>\n<strong><b>Bisel:<\/b><\/strong>Bisel de acero inoxidable macizo<br \/>\n<strong><b>Material de la caja:<\/b><\/strong>Acero inoxidable macizo 316F (construcci\u00f3n de la caja 1:1 como la original)<br \/>\n<strong><b>Esfera:<\/b><\/strong>Esfera firmada por Tiffany &amp; Co. (Superlume de grado suizo en agujas)<br \/>\n<strong><b>Correa:<\/b><\/strong>Acero inoxidable macizo 316F con hebilla desplegable doble<br \/>\n<strong><b>Cristal:<\/b><\/strong>Cristal de zafiro a prueba de ara\u00f1azos <strong><b>Fondo de la caja<\/b><\/strong>:Fondo de vitrina<br \/>\n<strong><b>Movimiento:<\/b><\/strong>Movimiento autom\u00e1tico Super Clon 324 (28.800 bph) chapado en platino con puentes\/placas decorados y rotor chapado en oro con insignias como el calibre original PP324CS (\u00fanica edici\u00f3n del mercado con el volante en la misma posici\u00f3n que el original)<br \/>\n<strong><b>Funci\u00f3n:<\/b><\/strong>Horas, minutos, indicaci\u00f3n de subsegundos y cron\u00f3grafo <strong><b>Resistencia al agua:<\/b><\/strong>&gt;20 metros<br \/>\n<strong><b>Descripci\u00f3n:<\/b><\/strong>Nautilus 5711\/1A 1:1 Mejor esfera firmada por Tiffany &amp; Co. en brazalete SS A324 Super Clon<\/p>\n","protected":false},"excerpt":{"rendered":"<p>Mejor Tiffany &amp; Co Clon Patek Philippe Nautilus &#8211; Mejor R\u00e9plica Clon Fabricada en Suiza &nbsp; Ventajas de poseer el Mejor Clon Tiffany &amp; Co Patek Philippe Nautilus &#8211; Mejor R\u00e9plica Clon Fabricada en Suiza: Una r\u00e9plica puede comprarse a un precio mucho m\u00e1s barato que uno aut\u00e9ntico, sin embargo, un reloj r\u00e9plica parecer\u00e1 y<\/p>\n","protected":false},"featured_media":7280,"comment_status":"open","ping_status":"closed","template":"","meta":{"_uag_custom_page_level_css":"","site-sidebar-layout":"default","site-content-layout":"","ast-site-content-layout":"default","site-content-style":"default","site-sidebar-style":"default","ast-global-header-display":"","ast-banner-title-visibility":"","ast-main-header-display":"","ast-hfb-above-header-display":"","ast-hfb-below-header-display":"","ast-hfb-mobile-header-display":"","site-post-title":"","ast-breadcrumbs-content":"","ast-featured-img":"","footer-sml-layout":"","theme-transparent-header-meta":"default","adv-header-id-meta":"","stick-header-meta":"default","header-above-stick-meta":"","header-main-stick-meta":"","header-below-stick-meta":"","astra-migrate-meta-layouts":"set","ast-page-background-enabled":"default","ast-page-background-meta":{"desktop":{"background-color":"var(--ast-global-color-4)","background-image":"","background-repeat":"repeat","background-position":"center center","background-size":"auto","background-attachment":"scroll","background-type":"","background-media":"","overlay-type":"","overlay-color":"","overlay-opacity":"","overlay-gradient":""},"tablet":{"background-color":"","background-image":"","background-repeat":"repeat","background-position":"center center","background-size":"auto","background-attachment":"scroll","background-type":"","background-media":"","overlay-type":"","overlay-color":"","overlay-opacity":"","overlay-gradient":""},"mobile":{"background-color":"","background-image":"","background-repeat":"repeat","background-position":"center center","background-size":"auto","background-attachment":"scroll","background-type":"","background-media":"","overlay-type":"","overlay-color":"","overlay-opacity":"","overlay-gradient":""}},"ast-content-background-meta":{"desktop":{"background-color":"var(--ast-global-color-5)","background-image":"","background-repeat":"repeat","background-position":"center center","background-size":"auto","background-attachment":"scroll","background-type":"","background-media":"","overlay-type":"","overlay-color":"","overlay-opacity":"","overlay-gradient":""},"tablet":{"background-color":"var(--ast-global-color-5)","background-image":"","background-repeat":"repeat","background-position":"center center","background-size":"auto","background-attachment":"scroll","background-type":"","background-media":"","overlay-type":"","overlay-color":"","overlay-opacity":"","overlay-gradient":""},"mobile":{"background-color":"var(--ast-global-color-5)","background-image":"","background-repeat":"repeat","background-position":"center center","background-size":"auto","background-attachment":"scroll","background-type":"","background-media":"","overlay-type":"","overlay-color":"","overlay-opacity":"","overlay-gradient":""}}},"product_brand":[],"product_cat":[152,168,153,154,190,158],"product_tag":[961,444,470,3813,440,4566,474,467,477,252,2146,441,4568,4570,933],"class_list":{"0":"post-11311","1":"product","2":"type-product","3":"status-publish","4":"has-post-thumbnail","6":"product_cat-nueva-coleccion-2024","7":"product_cat-productos-mas-nuevos","8":"product_cat-replica-patek-philippe","9":"product_cat-replicas-de-relojes-mas-vendidas","10":"product_cat-super-clon-patek-philippe","11":"product_cat-superclones","12":"product_tag-clon-es","13":"product_tag-designer-watch","14":"product_tag-high-end-replica","15":"product_tag-luxury-replica-watch-es","16":"product_tag-luxury-watch","17":"product_tag-mejor","18":"product_tag-mens-watch","19":"product_tag-nautilus","20":"product_tag-nautilus-replica","21":"product_tag-patek-philippe-es","22":"product_tag-patek-philippe-replica-es","23":"product_tag-swiss-movement","24":"product_tag-tiffany-co","25":"product_tag-tiffany-co-replica","26":"product_tag-watch-es","27":"desktop-align-left","28":"tablet-align-left","29":"mobile-align-left","30":"ast-product-gallery-layout-vertical-slider","31":"ast-product-single-variable","33":"first","34":"instock","35":"shipping-taxable","36":"purchasable","37":"product-type-variable"},"uagb_featured_image_src":{"full":["https:\/\/myreplicawatches.io\/wp-content\/uploads\/2023\/10\/Screenshot2022-01-15at8.33.25PM.jpg",976,1088,false],"thumbnail":["https:\/\/myreplicawatches.io\/wp-content\/uploads\/2023\/10\/Screenshot2022-01-15at8.33.25PM-150x150.png",150,150,true],"medium":["https:\/\/myreplicawatches.io\/wp-content\/uploads\/2023\/10\/Screenshot2022-01-15at8.33.25PM-269x300.png",269,300,true],"medium_large":["https:\/\/myreplicawatches.io\/wp-content\/uploads\/2023\/10\/Screenshot2022-01-15at8.33.25PM-768x856.png",768,856,true],"large":["https:\/\/myreplicawatches.io\/wp-content\/uploads\/2023\/10\/Screenshot2022-01-15at8.33.25PM-919x1024.png",919,1024,true],"1536x1536":["https:\/\/myreplicawatches.io\/wp-content\/uploads\/2023\/10\/Screenshot2022-01-15at8.33.25PM.jpg",976,1088,false],"2048x2048":["https:\/\/myreplicawatches.io\/wp-content\/uploads\/2023\/10\/Screenshot2022-01-15at8.33.25PM.jpg",976,1088,false],"woocommerce_thumbnail":["https:\/\/myreplicawatches.io\/wp-content\/uploads\/2023\/10\/Screenshot2022-01-15at8.33.25PM-300x300.jpg",300,300,true],"woocommerce_single":["https:\/\/myreplicawatches.io\/wp-content\/uploads\/2023\/10\/Screenshot2022-01-15at8.33.25PM-600x669.jpg",600,669,true],"woocommerce_gallery_thumbnail":["https:\/\/myreplicawatches.io\/wp-content\/uploads\/2023\/10\/Screenshot2022-01-15at8.33.25PM-100x100.jpg",100,100,true],"variation_swatches_image_size":["https:\/\/myreplicawatches.io\/wp-content\/uploads\/2023\/10\/Screenshot2022-01-15at8.33.25PM.jpg",45,50,false],"variation_swatches_tooltip_size":["https:\/\/myreplicawatches.io\/wp-content\/uploads\/2023\/10\/Screenshot2022-01-15at8.33.25PM.jpg",90,100,false],"dgwt-wcas-product-suggestion":["https:\/\/myreplicawatches.io\/wp-content\/uploads\/2023\/10\/Screenshot2022-01-15at8.33.25PM-64x71.jpg",64,71,true]},"uagb_author_info":{"display_name":"admin","author_link":"https:\/\/myreplicawatches.io\/de\/author\/"},"uagb_comment_info":0,"uagb_excerpt":"Mejor Tiffany &amp; Co Clon Patek Philippe Nautilus &#8211; Mejor R\u00e9plica Clon Fabricada en Suiza &nbsp; Ventajas de poseer el Mejor Clon Tiffany &amp; Co Patek Philippe Nautilus &#8211; Mejor R\u00e9plica Clon Fabricada en Suiza: Una r\u00e9plica puede comprarse a un precio mucho m\u00e1s barato que uno aut\u00e9ntico, sin embargo, un reloj r\u00e9plica parecer\u00e1 y","jetpack_sharing_enabled":true,"_links":{"self":[{"href":"https:\/\/myreplicawatches.io\/de\/wp-json\/wp\/v2\/product\/11311","targetHints":{"allow":["GET"]}}],"collection":[{"href":"https:\/\/myreplicawatches.io\/de\/wp-json\/wp\/v2\/product"}],"about":[{"href":"https:\/\/myreplicawatches.io\/de\/wp-json\/wp\/v2\/types\/product"}],"replies":[{"embeddable":true,"href":"https:\/\/myreplicawatches.io\/de\/wp-json\/wp\/v2\/comments?post=11311"}],"wp:featuredmedia":[{"embeddable":true,"href":"https:\/\/myreplicawatches.io\/de\/wp-json\/wp\/v2\/media\/7280"}],"wp:attachment":[{"href":"https:\/\/myreplicawatches.io\/de\/wp-json\/wp\/v2\/media?parent=11311"}],"wp:term":[{"taxonomy":"product_brand","embeddable":true,"href":"https:\/\/myreplicawatches.io\/de\/wp-json\/wp\/v2\/product_brand?post=11311"},{"taxonomy":"product_cat","embeddable":true,"href":"https:\/\/myreplicawatches.io\/de\/wp-json\/wp\/v2\/product_cat?post=11311"},{"taxonomy":"product_tag","embeddable":true,"href":"https:\/\/myreplicawatches.io\/de\/wp-json\/wp\/v2\/product_tag?post=11311"}],"curies":[{"name":"wp","href":"https:\/\/api.w.org\/{rel}","templated":true}]}}