{"id":11276,"date":"2023-10-03T21:40:01","date_gmt":"2023-10-03T21:40:01","guid":{"rendered":"https:\/\/myreplicawatches.io\/product\/iwc-pilot-top-gun-movie-replica-cronografo-iw389001-ceramica-esfera-negra7750-2022\/"},"modified":"2026-01-11T00:29:57","modified_gmt":"2026-01-11T00:29:57","slug":"iwc-pilot-top-gun-movie-replica-cronografo-iw389001-ceramica-esfera-negra7750-2022","status":"publish","type":"product","link":"https:\/\/myreplicawatches.io\/de\/product\/iwc-pilot-top-gun-movie-replica-cronografo-iw389001-ceramica-esfera-negra7750-2022\/","title":{"rendered":"IWC Pilot Top Gun Movie R\u00e9plica Cron\u00f3grafo IW389001 Cer\u00e1mica Esfera Negra7750 2022"},"content":{"rendered":"<p>IWC Pilot Top Gun Movie Replica &#8211; Reloj copia clon de la mejor calidad<\/p>\n<h3>Ventajas de poseer la r\u00e9plica de pel\u00edcula IWC Pilot Top Gun:<\/h3>\n<ul>\n<li>Una r\u00e9plica puede comprarse a un precio mucho m\u00e1s barato que uno aut\u00e9ntico, sin embargo, un reloj r\u00e9plica parecer\u00e1 y se sentir\u00e1 igual que el original.<\/li>\n<li>Lo \u00faltimo que alguien quiere es gastarse una fortuna para conseguir un reloj de lujo que tiene peque\u00f1as diferencias con nuestras r\u00e9plicas de relojes.<\/li>\n<li>Muchos entusiastas de los relojes no quieren gastarse miles de d\u00f3lares en relojes y quieren tener esa gran sensaci\u00f3n de poseer un gran reloj de una marca de lujo. Aqu\u00ed es cuando entran en juego los relojes myreplicawatches.io y proporcionan esa sensaci\u00f3n a sus clientes.<\/li>\n<li>\u00bf Tienes ya un aut\u00e9ntico reloj de alta gama que no quieres llevar por motivos de seguridad o por razones de devaluaci\u00f3n en algunas ocasiones ? Lleva tu r\u00e9plica de reloj IWC Pilot Top Gun Movie de alta calidad y si\u00e9ntete m\u00e1s seguro, ten la misma confianza, protege tus objetos de valor<\/li>\n<\/ul>\n<p>Recientemente, hemos podido confirmar cu\u00e1l era el reloj que llevaba Tom Cruise en Top Gun: Maverick.<br \/>\nEl IWC Top Gun est\u00e1 repleto de funciones avanzadas incre\u00edblemente \u00fatiles para las misiones de aviaci\u00f3n.<br \/>\nFabricado con materiales de alta calidad, este reloj tiene una construcci\u00f3n potente y est\u00e1 hecho para soportar todo tipo de condiciones adversas. <strong>DESCRIPCI\u00d3N<\/strong> Movimiento: Movimiento Autom\u00e1tico SWISS ETA 7750 28800bph Funciones: Horas, Minutos, Segundos, D\u00eda y Fecha y Cron\u00f3grafo Tama\u00f1o: 44 mm x 16,5 mm Caja: Esfera de cer\u00e1mica: Esfera antracita Bisel: Bisel de cer\u00e1mica Cristal: Cristal de zafiro a prueba de ara\u00f1azos con revestimiento AR Correa: Correa de nailon negro Cierre: Cierre desplegable<\/p>\n","protected":false},"excerpt":{"rendered":"<p>IWC Pilot Top Gun Movie Replica &#8211; Reloj copia clon de la mejor calidad Ventajas de poseer la r\u00e9plica de pel\u00edcula IWC Pilot Top Gun: Una r\u00e9plica puede comprarse a un precio mucho m\u00e1s barato que uno aut\u00e9ntico, sin embargo, un reloj r\u00e9plica parecer\u00e1 y se sentir\u00e1 igual que el original. Lo \u00faltimo que alguien<\/p>\n","protected":false},"featured_media":8571,"comment_status":"open","ping_status":"closed","template":"","meta":{"_uag_custom_page_level_css":"","site-sidebar-layout":"default","site-content-layout":"","ast-site-content-layout":"default","site-content-style":"default","site-sidebar-style":"default","ast-global-header-display":"","ast-banner-title-visibility":"","ast-main-header-display":"","ast-hfb-above-header-display":"","ast-hfb-below-header-display":"","ast-hfb-mobile-header-display":"","site-post-title":"","ast-breadcrumbs-content":"","ast-featured-img":"","footer-sml-layout":"","theme-transparent-header-meta":"default","adv-header-id-meta":"","stick-header-meta":"","header-above-stick-meta":"","header-main-stick-meta":"","header-below-stick-meta":"","astra-migrate-meta-layouts":"set","ast-page-background-enabled":"default","ast-page-background-meta":{"desktop":{"background-color":"var(--ast-global-color-4)","background-image":"","background-repeat":"repeat","background-position":"center center","background-size":"auto","background-attachment":"scroll","background-type":"","background-media":"","overlay-type":"","overlay-color":"","overlay-opacity":"","overlay-gradient":""},"tablet":{"background-color":"","background-image":"","background-repeat":"repeat","background-position":"center center","background-size":"auto","background-attachment":"scroll","background-type":"","background-media":"","overlay-type":"","overlay-color":"","overlay-opacity":"","overlay-gradient":""},"mobile":{"background-color":"","background-image":"","background-repeat":"repeat","background-position":"center center","background-size":"auto","background-attachment":"scroll","background-type":"","background-media":"","overlay-type":"","overlay-color":"","overlay-opacity":"","overlay-gradient":""}},"ast-content-background-meta":{"desktop":{"background-color":"var(--ast-global-color-5)","background-image":"","background-repeat":"repeat","background-position":"center center","background-size":"auto","background-attachment":"scroll","background-type":"","background-media":"","overlay-type":"","overlay-color":"","overlay-opacity":"","overlay-gradient":""},"tablet":{"background-color":"var(--ast-global-color-5)","background-image":"","background-repeat":"repeat","background-position":"center center","background-size":"auto","background-attachment":"scroll","background-type":"","background-media":"","overlay-type":"","overlay-color":"","overlay-opacity":"","overlay-gradient":""},"mobile":{"background-color":"var(--ast-global-color-5)","background-image":"","background-repeat":"repeat","background-position":"center center","background-size":"auto","background-attachment":"scroll","background-type":"","background-media":"","overlay-type":"","overlay-color":"","overlay-opacity":"","overlay-gradient":""}}},"product_brand":[],"product_cat":[168,233,154],"product_tag":[3271,3789,3803,3787,442,3791,3805,3785,3786,3793,3782,3797,3807,3792,3801,3813,3810,3809,3795,3783,3815,3799],"class_list":{"0":"post-11276","1":"product","2":"type-product","3":"status-publish","4":"has-post-thumbnail","6":"product_cat-productos-mas-nuevos","7":"product_cat-replica-iwc","8":"product_cat-replicas-de-relojes-mas-vendidas","9":"product_tag-aviation-watch","10":"product_tag-ceramic-black-dial","11":"product_tag-ceramic-watch","12":"product_tag-chronograph-iw389001","13":"product_tag-high-quality-replica","14":"product_tag-iwc-7750","15":"product_tag-iwc-black-dial","16":"product_tag-iwc-chronograph","17":"product_tag-iwc-iw389001-es","18":"product_tag-iwc-pilot-chronograph","19":"product_tag-iwc-pilot-top-gun-es","20":"product_tag-iwc-pilot-watch","21":"product_tag-iwc-sports-watch","22":"product_tag-iwc-top-gun-movie-es","23":"product_tag-iwc-watch-2022","24":"product_tag-luxury-replica-watch-es","25":"product_tag-movie-inspired-watch","26":"product_tag-precision-chronograph","27":"product_tag-replica-iwc-chronograph","28":"product_tag-replica-iwc-pilot-es","29":"product_tag-replica-luxury-watch-es","30":"product_tag-top-gun-watch","31":"desktop-align-left","32":"tablet-align-left","33":"mobile-align-left","34":"ast-product-gallery-layout-vertical-slider","36":"first","37":"instock","38":"sale","39":"shipping-taxable","40":"purchasable","41":"product-type-simple"},"uagb_featured_image_src":{"full":["https:\/\/myreplicawatches.io\/wp-content\/uploads\/2023\/10\/Replica-rolex-Sky-dweller-rose-gold-79.jpg",1080,1080,false],"thumbnail":["https:\/\/myreplicawatches.io\/wp-content\/uploads\/2023\/10\/Replica-rolex-Sky-dweller-rose-gold-79-150x150.jpg",150,150,true],"medium":["https:\/\/myreplicawatches.io\/wp-content\/uploads\/2023\/10\/Replica-rolex-Sky-dweller-rose-gold-79-300x300.jpg",300,300,true],"medium_large":["https:\/\/myreplicawatches.io\/wp-content\/uploads\/2023\/10\/Replica-rolex-Sky-dweller-rose-gold-79-768x768.jpg",768,768,true],"large":["https:\/\/myreplicawatches.io\/wp-content\/uploads\/2023\/10\/Replica-rolex-Sky-dweller-rose-gold-79-1024x1024.jpg",1024,1024,true],"1536x1536":["https:\/\/myreplicawatches.io\/wp-content\/uploads\/2023\/10\/Replica-rolex-Sky-dweller-rose-gold-79.jpg",1080,1080,false],"2048x2048":["https:\/\/myreplicawatches.io\/wp-content\/uploads\/2023\/10\/Replica-rolex-Sky-dweller-rose-gold-79.jpg",1080,1080,false],"woocommerce_thumbnail":["https:\/\/myreplicawatches.io\/wp-content\/uploads\/2023\/10\/Replica-rolex-Sky-dweller-rose-gold-79-300x300.jpg",300,300,true],"woocommerce_single":["https:\/\/myreplicawatches.io\/wp-content\/uploads\/2023\/10\/Replica-rolex-Sky-dweller-rose-gold-79-600x600.jpg",600,600,true],"woocommerce_gallery_thumbnail":["https:\/\/myreplicawatches.io\/wp-content\/uploads\/2023\/10\/Replica-rolex-Sky-dweller-rose-gold-79-100x100.jpg",100,100,true],"variation_swatches_image_size":["https:\/\/myreplicawatches.io\/wp-content\/uploads\/2023\/10\/Replica-rolex-Sky-dweller-rose-gold-79-50x50.jpg",50,50,true],"variation_swatches_tooltip_size":["https:\/\/myreplicawatches.io\/wp-content\/uploads\/2023\/10\/Replica-rolex-Sky-dweller-rose-gold-79-100x100.jpg",100,100,true],"dgwt-wcas-product-suggestion":["https:\/\/myreplicawatches.io\/wp-content\/uploads\/2023\/10\/Replica-rolex-Sky-dweller-rose-gold-79-64x64.jpg",64,64,true]},"uagb_author_info":{"display_name":"admin","author_link":"https:\/\/myreplicawatches.io\/de\/author\/"},"uagb_comment_info":0,"uagb_excerpt":"IWC Pilot Top Gun Movie Replica &#8211; Reloj copia clon de la mejor calidad Ventajas de poseer la r\u00e9plica de pel\u00edcula IWC Pilot Top Gun: Una r\u00e9plica puede comprarse a un precio mucho m\u00e1s barato que uno aut\u00e9ntico, sin embargo, un reloj r\u00e9plica parecer\u00e1 y se sentir\u00e1 igual que el original. Lo \u00faltimo que alguien","jetpack_sharing_enabled":true,"_links":{"self":[{"href":"https:\/\/myreplicawatches.io\/de\/wp-json\/wp\/v2\/product\/11276","targetHints":{"allow":["GET"]}}],"collection":[{"href":"https:\/\/myreplicawatches.io\/de\/wp-json\/wp\/v2\/product"}],"about":[{"href":"https:\/\/myreplicawatches.io\/de\/wp-json\/wp\/v2\/types\/product"}],"replies":[{"embeddable":true,"href":"https:\/\/myreplicawatches.io\/de\/wp-json\/wp\/v2\/comments?post=11276"}],"wp:featuredmedia":[{"embeddable":true,"href":"https:\/\/myreplicawatches.io\/de\/wp-json\/wp\/v2\/media\/8571"}],"wp:attachment":[{"href":"https:\/\/myreplicawatches.io\/de\/wp-json\/wp\/v2\/media?parent=11276"}],"wp:term":[{"taxonomy":"product_brand","embeddable":true,"href":"https:\/\/myreplicawatches.io\/de\/wp-json\/wp\/v2\/product_brand?post=11276"},{"taxonomy":"product_cat","embeddable":true,"href":"https:\/\/myreplicawatches.io\/de\/wp-json\/wp\/v2\/product_cat?post=11276"},{"taxonomy":"product_tag","embeddable":true,"href":"https:\/\/myreplicawatches.io\/de\/wp-json\/wp\/v2\/product_tag?post=11276"}],"curies":[{"name":"wp","href":"https:\/\/api.w.org\/{rel}","templated":true}]}}