{"id":11231,"date":"2023-10-03T21:38:43","date_gmt":"2023-10-03T21:38:43","guid":{"rendered":"https:\/\/myreplicawatches.io\/product\/replica-clon-patek-philippe-nautilus-5712-1a-001-cronografo-multifuncion\/"},"modified":"2025-09-20T14:38:58","modified_gmt":"2025-09-20T14:38:58","slug":"replica-clon-patek-philippe-nautilus-5712-1a-001-cronografo-multifuncion","status":"publish","type":"product","link":"https:\/\/myreplicawatches.io\/de\/product\/replica-clon-patek-philippe-nautilus-5712-1a-001-cronografo-multifuncion\/","title":{"rendered":"R\u00e9plica Clon Patek Philippe Nautilus 5712\/1A-001 Cron\u00f3grafo multifunci\u00f3n"},"content":{"rendered":"<h2>R\u00e9plica clon Patek Philippe Nautilus 5712 &#8211; R\u00e9plica de reloj clon AAAA+ Calidad<\/h2>\n<p>&nbsp;<\/p>\n<h3>Ventajas del Clon Patek Philippe Nautilus 5712<\/h3>\n<ul>\n<li>Una r\u00e9plica puede comprarse a un precio mucho m\u00e1s barato que uno aut\u00e9ntico, sin embargo, un reloj r\u00e9plica parecer\u00e1 y se sentir\u00e1 igual que el original.<\/li>\n<li>Lo \u00faltimo que alguien quiere es gastarse una fortuna para conseguir un reloj de lujo que tiene peque\u00f1as diferencias con nuestras r\u00e9plicas de relojes.<\/li>\n<li>Muchos entusiastas de los relojes no quieren gastarse miles de d\u00f3lares en relojes y quieren tener esa gran sensaci\u00f3n de poseer un gran reloj de una marca de lujo. Es entonces cuando entran en juego los relojes IP y proporcionan esa sensaci\u00f3n a sus clientes.<\/li>\n<li>\u00bf Tienes ya un aut\u00e9ntico reloj de alta gama que no quieres llevar por motivos de seguridad o por razones de devaluaci\u00f3n en algunas ocasiones ? Lleva tu R\u00e9plica de Reloj de Alta Calidad y si\u00e9ntete m\u00e1s seguro, ten la misma confianza, protege tus objetos de valor<\/li>\n<\/ul>\n<p>&nbsp;<\/p>\n<div>2021 Super Clon Patek Philippe Nautilus 5712\/1A-001 Cron\u00f3grafo multifunci\u00f3n<\/div>\n<div>Estilo: Hombres<\/div>\n<div>Calificaci\u00f3n: mejor superclon<\/div>\n<div>Tipo de movimiento: clon-4180 autom\u00e1tico<\/div>\n<div>Funci\u00f3n: Hora, cron\u00f3grafo, fase lunar<\/div>\n<div>Cara: Azul<\/div>\n<div>Bisel: Acero pulido superior<\/div>\n<div>Tama\u00f1o: 40 mm<\/div>\n<div>Grosor: 8,5 MM<\/div>\n<div>Lateral: Acero pulido superior<\/div>\n<div>Cierre: Acero pulido superior<\/div>\n<div>Correa: Acero pulido superior<\/div>\n<div>Cristal: cristal de zafiro<\/div>\n<div>Material: Acero pulido superior<\/div>\n<div><\/div>\n<div><\/div>\n<div>Descripci\u00f3n: 2021 Super Patek Philippe Nautilus 5712\/1A-001 Reloj r\u00e9plica Cron\u00f3grafo Multifunci\u00f3n, Reloj clon Nautilus 1:1 de acero pulido con esfera azul.<\/div>\n<div><\/div>\n<div>\n<div><\/div>\n<div><\/div>\n<div>Proveedor de material:, Clon Suizo<\/div>\n<div><\/div>\n<\/div>\n<div>ENV\u00cdO &#8211;<\/div>\n<div>\n<div id=\"block-sections--16312354472099__text-with-icons-free-shipping\" class=\"text-with-icons__item snap-center\" role=\"group\" aria-label=\"Item 1 of 3\">\n<div class=\"text-with-icons__text-wrapper\">\n<div class=\"prose\">\n<p class=\"h6\">Env\u00edo gratuito Fedex Express entre 4 y 12 d\u00edas despu\u00e9s de realizar el pedido.<\/p>\n<p>Por favor, espera de 1 a 3 d\u00edas para el env\u00edo de tu producto y luego te enviaremos toda la informaci\u00f3n de seguimiento<\/p>\n<\/div>\n<\/div>\n<\/div>\n<div id=\"block-sections--16312354472099__text-with-icons-customer-support\" class=\"text-with-icons__item snap-center\" role=\"group\" aria-label=\"Item 2 of 3\">\n<div><\/div>\n<div class=\"text-with-icons__text-wrapper\">\n<div class=\"prose\"><\/div>\n<\/div>\n<\/div>\n<\/div>\n","protected":false},"excerpt":{"rendered":"<p>R\u00e9plica clon Patek Philippe Nautilus 5712 &#8211; R\u00e9plica de reloj clon AAAA+ Calidad &nbsp; Ventajas del Clon Patek Philippe Nautilus 5712 Una r\u00e9plica puede comprarse a un precio mucho m\u00e1s barato que uno aut\u00e9ntico, sin embargo, un reloj r\u00e9plica parecer\u00e1 y se sentir\u00e1 igual que el original. Lo \u00faltimo que alguien quiere es gastarse una<\/p>\n","protected":false},"featured_media":8486,"comment_status":"open","ping_status":"closed","template":"","meta":{"_uag_custom_page_level_css":"","site-sidebar-layout":"default","site-content-layout":"","ast-site-content-layout":"default","site-content-style":"default","site-sidebar-style":"default","ast-global-header-display":"","ast-banner-title-visibility":"","ast-main-header-display":"","ast-hfb-above-header-display":"","ast-hfb-below-header-display":"","ast-hfb-mobile-header-display":"","site-post-title":"","ast-breadcrumbs-content":"","ast-featured-img":"","footer-sml-layout":"","theme-transparent-header-meta":"default","adv-header-id-meta":"","stick-header-meta":"default","header-above-stick-meta":"","header-main-stick-meta":"","header-below-stick-meta":"","astra-migrate-meta-layouts":"set","ast-page-background-enabled":"default","ast-page-background-meta":{"desktop":{"background-color":"var(--ast-global-color-4)","background-image":"","background-repeat":"repeat","background-position":"center center","background-size":"auto","background-attachment":"scroll","background-type":"","background-media":"","overlay-type":"","overlay-color":"","overlay-opacity":"","overlay-gradient":""},"tablet":{"background-color":"","background-image":"","background-repeat":"repeat","background-position":"center center","background-size":"auto","background-attachment":"scroll","background-type":"","background-media":"","overlay-type":"","overlay-color":"","overlay-opacity":"","overlay-gradient":""},"mobile":{"background-color":"","background-image":"","background-repeat":"repeat","background-position":"center center","background-size":"auto","background-attachment":"scroll","background-type":"","background-media":"","overlay-type":"","overlay-color":"","overlay-opacity":"","overlay-gradient":""}},"ast-content-background-meta":{"desktop":{"background-color":"var(--ast-global-color-5)","background-image":"","background-repeat":"repeat","background-position":"center center","background-size":"auto","background-attachment":"scroll","background-type":"","background-media":"","overlay-type":"","overlay-color":"","overlay-opacity":"","overlay-gradient":""},"tablet":{"background-color":"var(--ast-global-color-5)","background-image":"","background-repeat":"repeat","background-position":"center center","background-size":"auto","background-attachment":"scroll","background-type":"","background-media":"","overlay-type":"","overlay-color":"","overlay-opacity":"","overlay-gradient":""},"mobile":{"background-color":"var(--ast-global-color-5)","background-image":"","background-repeat":"repeat","background-position":"center center","background-size":"auto","background-attachment":"scroll","background-type":"","background-media":"","overlay-type":"","overlay-color":"","overlay-opacity":"","overlay-gradient":""}}},"product_brand":[],"product_cat":[168,153,154,190,158],"product_tag":[647,494,447,3612,444,1964,2039,1471,470,440,474,3614,3613,2146,3455,3467,437,462,3453,452,2712],"class_list":{"0":"post-11231","1":"product","2":"type-product","3":"status-publish","4":"has-post-thumbnail","6":"product_cat-productos-mas-nuevos","7":"product_cat-replica-patek-philippe","8":"product_cat-replicas-de-relojes-mas-vendidas","9":"product_cat-super-clon-patek-philippe","10":"product_cat-superclones","11":"product_tag-automatic-watch-es","12":"product_tag-chronograph","13":"product_tag-classic-watch","14":"product_tag-clone-patek-philippe","15":"product_tag-designer-watch","16":"product_tag-elegant-timepiece","17":"product_tag-exclusive-watch","18":"product_tag-fashion-watch","19":"product_tag-high-end-replica","20":"product_tag-luxury-watch","21":"product_tag-mens-watch","22":"product_tag-multi-function-chronograph","23":"product_tag-nautilus-5712-1a-001","24":"product_tag-patek-philippe-replica-es","25":"product_tag-precision-replica-es","26":"product_tag-premium-replica-es","27":"product_tag-replica-patek-philippe","28":"product_tag-stylish-watch","29":"product_tag-swiss-design-es","30":"product_tag-swiss-replica","31":"product_tag-timeless-design","32":"desktop-align-left","33":"tablet-align-left","34":"mobile-align-left","35":"ast-product-gallery-layout-vertical-slider","36":"ast-product-single-variable","38":"first","39":"instock","40":"sale","41":"shipping-taxable","42":"purchasable","43":"product-type-variable"},"uagb_featured_image_src":{"full":["https:\/\/myreplicawatches.io\/wp-content\/uploads\/2023\/10\/Replica-rolex-Sky-dweller-rose-gold-16.jpg",540,540,false],"thumbnail":["https:\/\/myreplicawatches.io\/wp-content\/uploads\/2023\/10\/Replica-rolex-Sky-dweller-rose-gold-16-150x150.jpg",150,150,true],"medium":["https:\/\/myreplicawatches.io\/wp-content\/uploads\/2023\/10\/Replica-rolex-Sky-dweller-rose-gold-16-300x300.jpg",300,300,true],"medium_large":["https:\/\/myreplicawatches.io\/wp-content\/uploads\/2023\/10\/Replica-rolex-Sky-dweller-rose-gold-16.jpg",540,540,false],"large":["https:\/\/myreplicawatches.io\/wp-content\/uploads\/2023\/10\/Replica-rolex-Sky-dweller-rose-gold-16.jpg",540,540,false],"1536x1536":["https:\/\/myreplicawatches.io\/wp-content\/uploads\/2023\/10\/Replica-rolex-Sky-dweller-rose-gold-16.jpg",540,540,false],"2048x2048":["https:\/\/myreplicawatches.io\/wp-content\/uploads\/2023\/10\/Replica-rolex-Sky-dweller-rose-gold-16.jpg",540,540,false],"woocommerce_thumbnail":["https:\/\/myreplicawatches.io\/wp-content\/uploads\/2023\/10\/Replica-rolex-Sky-dweller-rose-gold-16-300x300.jpg",300,300,true],"woocommerce_single":["https:\/\/myreplicawatches.io\/wp-content\/uploads\/2023\/10\/Replica-rolex-Sky-dweller-rose-gold-16.jpg",540,540,false],"woocommerce_gallery_thumbnail":["https:\/\/myreplicawatches.io\/wp-content\/uploads\/2023\/10\/Replica-rolex-Sky-dweller-rose-gold-16-100x100.jpg",100,100,true],"variation_swatches_image_size":["https:\/\/myreplicawatches.io\/wp-content\/uploads\/2023\/10\/Replica-rolex-Sky-dweller-rose-gold-16-50x50.jpg",50,50,true],"variation_swatches_tooltip_size":["https:\/\/myreplicawatches.io\/wp-content\/uploads\/2023\/10\/Replica-rolex-Sky-dweller-rose-gold-16-100x100.jpg",100,100,true],"dgwt-wcas-product-suggestion":["https:\/\/myreplicawatches.io\/wp-content\/uploads\/2023\/10\/Replica-rolex-Sky-dweller-rose-gold-16-64x64.jpg",64,64,true]},"uagb_author_info":{"display_name":"admin","author_link":"https:\/\/myreplicawatches.io\/de\/author\/"},"uagb_comment_info":0,"uagb_excerpt":"R\u00e9plica clon Patek Philippe Nautilus 5712 &#8211; R\u00e9plica de reloj clon AAAA+ Calidad &nbsp; Ventajas del Clon Patek Philippe Nautilus 5712 Una r\u00e9plica puede comprarse a un precio mucho m\u00e1s barato que uno aut\u00e9ntico, sin embargo, un reloj r\u00e9plica parecer\u00e1 y se sentir\u00e1 igual que el original. Lo \u00faltimo que alguien quiere es gastarse una","jetpack_sharing_enabled":true,"_links":{"self":[{"href":"https:\/\/myreplicawatches.io\/de\/wp-json\/wp\/v2\/product\/11231","targetHints":{"allow":["GET"]}}],"collection":[{"href":"https:\/\/myreplicawatches.io\/de\/wp-json\/wp\/v2\/product"}],"about":[{"href":"https:\/\/myreplicawatches.io\/de\/wp-json\/wp\/v2\/types\/product"}],"replies":[{"embeddable":true,"href":"https:\/\/myreplicawatches.io\/de\/wp-json\/wp\/v2\/comments?post=11231"}],"wp:featuredmedia":[{"embeddable":true,"href":"https:\/\/myreplicawatches.io\/de\/wp-json\/wp\/v2\/media\/8486"}],"wp:attachment":[{"href":"https:\/\/myreplicawatches.io\/de\/wp-json\/wp\/v2\/media?parent=11231"}],"wp:term":[{"taxonomy":"product_brand","embeddable":true,"href":"https:\/\/myreplicawatches.io\/de\/wp-json\/wp\/v2\/product_brand?post=11231"},{"taxonomy":"product_cat","embeddable":true,"href":"https:\/\/myreplicawatches.io\/de\/wp-json\/wp\/v2\/product_cat?post=11231"},{"taxonomy":"product_tag","embeddable":true,"href":"https:\/\/myreplicawatches.io\/de\/wp-json\/wp\/v2\/product_tag?post=11231"}],"curies":[{"name":"wp","href":"https:\/\/api.w.org\/{rel}","templated":true}]}}