{"id":11217,"date":"2023-10-03T21:45:56","date_gmt":"2023-10-03T21:45:56","guid":{"rendered":"https:\/\/myreplicawatches.io\/product\/replica-omega-seamaster-planet-ocean-bisel-naranja\/"},"modified":"2025-07-27T12:03:41","modified_gmt":"2025-07-27T12:03:41","slug":"replica-omega-seamaster-planet-ocean-bisel-naranja","status":"publish","type":"product","link":"https:\/\/myreplicawatches.io\/de\/product\/replica-omega-seamaster-planet-ocean-bisel-naranja\/","title":{"rendered":"R\u00e9plica Omega Seamaster Planet Ocean Bisel Naranja"},"content":{"rendered":"<h3>R\u00e9plica Omega Seamaster Planet Ocean Bisel Naranja &#8211; Mejor R\u00e9plica Clon AAAA+ Calidad<\/h3>\n<p>&nbsp;<\/p>\n<h5>Ventajas de poseer la R\u00e9plica Omega Seamaster Planet Ocean Bisel Naranja:<\/h5>\n<ul>\n<li>Una r\u00e9plica puede comprarse a un precio mucho m\u00e1s barato que uno aut\u00e9ntico, sin embargo, un reloj r\u00e9plica parecer\u00e1 y se sentir\u00e1 igual que el original.<\/li>\n<li>Lo \u00faltimo que alguien quiere es gastarse una fortuna para conseguir un reloj de lujo que tiene peque\u00f1as diferencias con nuestras r\u00e9plicas de relojes.<\/li>\n<li>Muchos entusiastas de los relojes no quieren gastarse miles de d\u00f3lares en relojes y quieren tener esa gran sensaci\u00f3n de poseer un gran reloj de una marca de lujo. Aqu\u00ed es cuando entran en juego los relojes myreplicawatches.io y proporcionan esa sensaci\u00f3n a sus clientes.<\/li>\n<li>\u00bf Tienes ya un aut\u00e9ntico reloj de alta gama que no quieres llevar por motivos de seguridad o por razones de devaluaci\u00f3n en algunas ocasiones ? Lleva tu Reloj Replica Omega Seamaster Planet Ocean Bisel Naranja de alta calidad y si\u00e9ntete m\u00e1s seguro, ten la misma confianza, protege tus objetos de valor<\/li>\n<\/ul>\n<p>Informaci\u00f3n adicional de la R\u00e9plica Omega Seamaster Planet Ocean Bisel Naranja Gama del producto &#8211; R\u00e9plica Seamaster Planet Ocean modelo &#8211; 2208.50.00 Material de la pulsera &#8211; Caucho negro Marca &#8211; R\u00e9plica Omega Material de la caja &#8211; Acero inoxidable de grado 316 Tama\u00f1o de la caja &#8211; 45,5 MM Tipo de esfera &#8211; Negra Sexo &#8211; Hombre Movimiento &#8211; Autom\u00e1tico Bisel &#8211; Naranja Resistente al agua &#8211; S\u00ed Material de la pulsera &#8211; Piel<\/p>\n","protected":false},"excerpt":{"rendered":"<p>R\u00e9plica Omega Seamaster Planet Ocean Bisel Naranja &#8211; Mejor R\u00e9plica Clon AAAA+ Calidad &nbsp; Ventajas de poseer la R\u00e9plica Omega Seamaster Planet Ocean Bisel Naranja: Una r\u00e9plica puede comprarse a un precio mucho m\u00e1s barato que uno aut\u00e9ntico, sin embargo, un reloj r\u00e9plica parecer\u00e1 y se sentir\u00e1 igual que el original. Lo \u00faltimo que alguien<\/p>\n","protected":false},"featured_media":7181,"comment_status":"open","ping_status":"closed","template":"","meta":{"_uag_custom_page_level_css":"","site-sidebar-layout":"default","site-content-layout":"","ast-site-content-layout":"default","site-content-style":"default","site-sidebar-style":"default","ast-global-header-display":"","ast-banner-title-visibility":"","ast-main-header-display":"","ast-hfb-above-header-display":"","ast-hfb-below-header-display":"","ast-hfb-mobile-header-display":"","site-post-title":"","ast-breadcrumbs-content":"","ast-featured-img":"","footer-sml-layout":"","theme-transparent-header-meta":"default","adv-header-id-meta":"","stick-header-meta":"default","header-above-stick-meta":"","header-main-stick-meta":"","header-below-stick-meta":"","astra-migrate-meta-layouts":"set","ast-page-background-enabled":"default","ast-page-background-meta":{"desktop":{"background-color":"var(--ast-global-color-4)","background-image":"","background-repeat":"repeat","background-position":"center center","background-size":"auto","background-attachment":"scroll","background-type":"","background-media":"","overlay-type":"","overlay-color":"","overlay-opacity":"","overlay-gradient":""},"tablet":{"background-color":"","background-image":"","background-repeat":"repeat","background-position":"center center","background-size":"auto","background-attachment":"scroll","background-type":"","background-media":"","overlay-type":"","overlay-color":"","overlay-opacity":"","overlay-gradient":""},"mobile":{"background-color":"","background-image":"","background-repeat":"repeat","background-position":"center center","background-size":"auto","background-attachment":"scroll","background-type":"","background-media":"","overlay-type":"","overlay-color":"","overlay-opacity":"","overlay-gradient":""}},"ast-content-background-meta":{"desktop":{"background-color":"var(--ast-global-color-5)","background-image":"","background-repeat":"repeat","background-position":"center center","background-size":"auto","background-attachment":"scroll","background-type":"","background-media":"","overlay-type":"","overlay-color":"","overlay-opacity":"","overlay-gradient":""},"tablet":{"background-color":"var(--ast-global-color-5)","background-image":"","background-repeat":"repeat","background-position":"center center","background-size":"auto","background-attachment":"scroll","background-type":"","background-media":"","overlay-type":"","overlay-color":"","overlay-opacity":"","overlay-gradient":""},"mobile":{"background-color":"var(--ast-global-color-5)","background-image":"","background-repeat":"repeat","background-position":"center center","background-size":"auto","background-attachment":"scroll","background-type":"","background-media":"","overlay-type":"","overlay-color":"","overlay-opacity":"","overlay-gradient":""}}},"product_brand":[],"product_cat":[168,150,226,154],"product_tag":[647,446,1209,489,440,474,3023,1955,4468,1149,2486,499,1961,1937,4469],"class_list":{"0":"post-11217","1":"product","2":"type-product","3":"status-publish","4":"has-post-thumbnail","6":"product_cat-productos-mas-nuevos","7":"product_cat-relojes-replica-omega-de-la-mej","8":"product_cat-replica-omega-seamaster","9":"product_cat-replicas-de-relojes-mas-vendidas","10":"product_tag-automatic-watch-es","11":"product_tag-elegant-watch","12":"product_tag-high-end-watch","13":"product_tag-iconic-design","14":"product_tag-luxury-watch","15":"product_tag-mens-watch","16":"product_tag-omega-replica-es","17":"product_tag-omega-seamaster-es","18":"product_tag-orange-bezel","19":"product_tag-planet-ocean","20":"product_tag-replica-omega","21":"product_tag-sports-watch","22":"product_tag-stylish-timepiece-es","23":"product_tag-swiss-watch-es","24":"product_tag-water-resistant-watch","25":"desktop-align-left","26":"tablet-align-left","27":"mobile-align-left","28":"ast-product-gallery-layout-vertical-slider","29":"ast-product-gallery-with-no-image","31":"first","32":"instock","33":"sale","34":"shipping-taxable","35":"purchasable","36":"product-type-simple"},"uagb_featured_image_src":{"full":["https:\/\/myreplicawatches.io\/wp-content\/uploads\/2023\/10\/replica-omega-seamaster-planet-ocean-22085000.jpg",600,600,false],"thumbnail":["https:\/\/myreplicawatches.io\/wp-content\/uploads\/2023\/10\/replica-omega-seamaster-planet-ocean-22085000-150x150.jpg",150,150,true],"medium":["https:\/\/myreplicawatches.io\/wp-content\/uploads\/2023\/10\/replica-omega-seamaster-planet-ocean-22085000-300x300.jpg",300,300,true],"medium_large":["https:\/\/myreplicawatches.io\/wp-content\/uploads\/2023\/10\/replica-omega-seamaster-planet-ocean-22085000.jpg",600,600,false],"large":["https:\/\/myreplicawatches.io\/wp-content\/uploads\/2023\/10\/replica-omega-seamaster-planet-ocean-22085000.jpg",600,600,false],"1536x1536":["https:\/\/myreplicawatches.io\/wp-content\/uploads\/2023\/10\/replica-omega-seamaster-planet-ocean-22085000.jpg",600,600,false],"2048x2048":["https:\/\/myreplicawatches.io\/wp-content\/uploads\/2023\/10\/replica-omega-seamaster-planet-ocean-22085000.jpg",600,600,false],"woocommerce_thumbnail":["https:\/\/myreplicawatches.io\/wp-content\/uploads\/2023\/10\/replica-omega-seamaster-planet-ocean-22085000-300x300.jpg",300,300,true],"woocommerce_single":["https:\/\/myreplicawatches.io\/wp-content\/uploads\/2023\/10\/replica-omega-seamaster-planet-ocean-22085000.jpg",600,600,false],"woocommerce_gallery_thumbnail":["https:\/\/myreplicawatches.io\/wp-content\/uploads\/2023\/10\/replica-omega-seamaster-planet-ocean-22085000-100x100.jpg",100,100,true],"variation_swatches_image_size":["https:\/\/myreplicawatches.io\/wp-content\/uploads\/2023\/10\/replica-omega-seamaster-planet-ocean-22085000.jpg",50,50,false],"variation_swatches_tooltip_size":["https:\/\/myreplicawatches.io\/wp-content\/uploads\/2023\/10\/replica-omega-seamaster-planet-ocean-22085000.jpg",100,100,false],"dgwt-wcas-product-suggestion":["https:\/\/myreplicawatches.io\/wp-content\/uploads\/2023\/10\/replica-omega-seamaster-planet-ocean-22085000-64x64.jpg",64,64,true]},"uagb_author_info":{"display_name":"admin","author_link":"https:\/\/myreplicawatches.io\/de\/author\/"},"uagb_comment_info":0,"uagb_excerpt":"R\u00e9plica Omega Seamaster Planet Ocean Bisel Naranja &#8211; Mejor R\u00e9plica Clon AAAA+ Calidad &nbsp; Ventajas de poseer la R\u00e9plica Omega Seamaster Planet Ocean Bisel Naranja: Una r\u00e9plica puede comprarse a un precio mucho m\u00e1s barato que uno aut\u00e9ntico, sin embargo, un reloj r\u00e9plica parecer\u00e1 y se sentir\u00e1 igual que el original. Lo \u00faltimo que alguien","jetpack_sharing_enabled":true,"_links":{"self":[{"href":"https:\/\/myreplicawatches.io\/de\/wp-json\/wp\/v2\/product\/11217","targetHints":{"allow":["GET"]}}],"collection":[{"href":"https:\/\/myreplicawatches.io\/de\/wp-json\/wp\/v2\/product"}],"about":[{"href":"https:\/\/myreplicawatches.io\/de\/wp-json\/wp\/v2\/types\/product"}],"replies":[{"embeddable":true,"href":"https:\/\/myreplicawatches.io\/de\/wp-json\/wp\/v2\/comments?post=11217"}],"wp:featuredmedia":[{"embeddable":true,"href":"https:\/\/myreplicawatches.io\/de\/wp-json\/wp\/v2\/media\/7181"}],"wp:attachment":[{"href":"https:\/\/myreplicawatches.io\/de\/wp-json\/wp\/v2\/media?parent=11217"}],"wp:term":[{"taxonomy":"product_brand","embeddable":true,"href":"https:\/\/myreplicawatches.io\/de\/wp-json\/wp\/v2\/product_brand?post=11217"},{"taxonomy":"product_cat","embeddable":true,"href":"https:\/\/myreplicawatches.io\/de\/wp-json\/wp\/v2\/product_cat?post=11217"},{"taxonomy":"product_tag","embeddable":true,"href":"https:\/\/myreplicawatches.io\/de\/wp-json\/wp\/v2\/product_tag?post=11217"}],"curies":[{"name":"wp","href":"https:\/\/api.w.org\/{rel}","templated":true}]}}