{"id":11156,"date":"2023-10-03T22:06:10","date_gmt":"2023-10-03T22:06:10","guid":{"rendered":"https:\/\/myreplicawatches.io\/product\/breitling-navitimer-replica-a23322\/"},"modified":"2026-03-20T16:20:58","modified_gmt":"2026-03-20T16:20:58","slug":"breitling-navitimer-replica-a23322","status":"publish","type":"product","link":"https:\/\/myreplicawatches.io\/de\/product\/breitling-navitimer-replica-a23322\/","title":{"rendered":"Breitling Navitimer R\u00e9plica A23322"},"content":{"rendered":"<h4>Breitling Navitimer R\u00e9plica A23322 &#8211; R\u00e9plica Clon de la mejor calidad<\/h4>\n<p>&nbsp;<\/p>\n<h3>Ventajas de poseer el Breitling Navitimer R\u00e9plica A23322:<\/h3>\n<ul>\n<li>Una r\u00e9plica puede comprarse a un precio mucho m\u00e1s barato que uno aut\u00e9ntico, sin embargo, un reloj r\u00e9plica parecer\u00e1 y se sentir\u00e1 igual que el original.<\/li>\n<li>Lo \u00faltimo que alguien quiere es gastarse una fortuna para conseguir un reloj de lujo que tiene peque\u00f1as diferencias con nuestras r\u00e9plicas de relojes.<\/li>\n<li>Muchos entusiastas de los relojes no quieren gastarse miles de d\u00f3lares en relojes y quieren tener esa gran sensaci\u00f3n de poseer un gran reloj de una marca de lujo. Aqu\u00ed es cuando entran en juego los relojes myreplicawatches.io y proporcionan esa sensaci\u00f3n a sus clientes.<\/li>\n<li>\u00bf Tienes ya un aut\u00e9ntico reloj de alta gama que no quieres llevar por motivos de seguridad o por razones de devaluaci\u00f3n en algunas ocasiones ? Lleva tu Reloj Breitling Navitimer R\u00e9plica A23322 de alta calidad y si\u00e9ntete m\u00e1s seguro, ten la misma confianza, protege tus objetos de valor<\/li>\n<\/ul>\n<h4>Breitling Navitimer Replica A23322 &#8211; Detalles<\/h4>\n<table cellspacing=\"0\" cellpadding=\"0\">\n<tbody>\n<tr>\n<td class=\"t\">Marca<\/td>\n<td class=\"c\">Breitling<\/td>\n<\/tr>\n<tr>\n<td class=\"t\">Gama<\/td>\n<td class=\"c\">Navitimer<\/td>\n<\/tr>\n<tr>\n<td class=\"t\">Modelo<\/td>\n<td class=\"c\">A23322<\/td>\n<\/tr>\n<tr>\n<td class=\"t\">G\u00e9nero<\/td>\n<td class=\"c\">Hombres<\/td>\n<\/tr>\n<tr>\n<td class=\"t\">Movimiento<\/td>\n<td class=\"c\">Cuarzo<\/td>\n<\/tr>\n<tr>\n<td class=\"t\">Tama\u00f1o_estuche<\/td>\n<td class=\"c\">41,8 MM<\/td>\n<\/tr>\n<tr>\n<td class=\"t\">Material_Caja<\/td>\n<td class=\"c\">Acero<\/td>\n<\/tr>\n<tr>\n<td class=\"t\">Material_pulsera<\/td>\n<td class=\"c\">Cuero &#8211; Negro<\/td>\n<\/tr>\n<tr>\n<td class=\"t\">Tipo_dial<\/td>\n<td class=\"c\">Bast\u00f3n negro<\/td>\n<\/tr>\n<tr>\n<td class=\"t\">Resistencia_al_agua<\/td>\n<td class=\"c\">Resistente al agua para actividades cotidianas<\/td>\n<\/tr>\n<\/tbody>\n<\/table>\n<p>ENV\u00cdO EXPR\u00c9S GRATUITO DE Fedex 4 &#8211; 12 d\u00edas Estimaci\u00f3n de llegada una vez enviado el paquete.<br \/>\nPor favor, espera 1-3 d\u00edas para el env\u00edo de tus productos.<\/p>\n","protected":false},"excerpt":{"rendered":"<p>Breitling Navitimer R\u00e9plica A23322 &#8211; R\u00e9plica Clon de la mejor calidad &nbsp; Ventajas de poseer el Breitling Navitimer R\u00e9plica A23322: Una r\u00e9plica puede comprarse a un precio mucho m\u00e1s barato que uno aut\u00e9ntico, sin embargo, un reloj r\u00e9plica parecer\u00e1 y se sentir\u00e1 igual que el original. Lo \u00faltimo que alguien quiere es gastarse una fortuna<\/p>\n","protected":false},"featured_media":7908,"comment_status":"open","ping_status":"closed","template":"","meta":{"_uag_custom_page_level_css":"","site-sidebar-layout":"default","site-content-layout":"","ast-site-content-layout":"default","site-content-style":"default","site-sidebar-style":"default","ast-global-header-display":"","ast-banner-title-visibility":"","ast-main-header-display":"","ast-hfb-above-header-display":"","ast-hfb-below-header-display":"","ast-hfb-mobile-header-display":"","site-post-title":"","ast-breadcrumbs-content":"","ast-featured-img":"","footer-sml-layout":"","theme-transparent-header-meta":"default","adv-header-id-meta":"","stick-header-meta":"default","header-above-stick-meta":"","header-main-stick-meta":"","header-below-stick-meta":"","astra-migrate-meta-layouts":"set","ast-page-background-enabled":"default","ast-page-background-meta":{"desktop":{"background-color":"var(--ast-global-color-4)","background-image":"","background-repeat":"repeat","background-position":"center center","background-size":"auto","background-attachment":"scroll","background-type":"","background-media":"","overlay-type":"","overlay-color":"","overlay-opacity":"","overlay-gradient":""},"tablet":{"background-color":"","background-image":"","background-repeat":"repeat","background-position":"center center","background-size":"auto","background-attachment":"scroll","background-type":"","background-media":"","overlay-type":"","overlay-color":"","overlay-opacity":"","overlay-gradient":""},"mobile":{"background-color":"","background-image":"","background-repeat":"repeat","background-position":"center center","background-size":"auto","background-attachment":"scroll","background-type":"","background-media":"","overlay-type":"","overlay-color":"","overlay-opacity":"","overlay-gradient":""}},"ast-content-background-meta":{"desktop":{"background-color":"var(--ast-global-color-5)","background-image":"","background-repeat":"repeat","background-position":"center center","background-size":"auto","background-attachment":"scroll","background-type":"","background-media":"","overlay-type":"","overlay-color":"","overlay-opacity":"","overlay-gradient":""},"tablet":{"background-color":"var(--ast-global-color-5)","background-image":"","background-repeat":"repeat","background-position":"center center","background-size":"auto","background-attachment":"scroll","background-type":"","background-media":"","overlay-type":"","overlay-color":"","overlay-opacity":"","overlay-gradient":""},"mobile":{"background-color":"var(--ast-global-color-5)","background-image":"","background-repeat":"repeat","background-position":"center center","background-size":"auto","background-attachment":"scroll","background-type":"","background-media":"","overlay-type":"","overlay-color":"","overlay-opacity":"","overlay-gradient":""}}},"product_brand":[],"product_cat":[152,168,242,154],"product_tag":[4463,1001,494,1948,648,559,4269,565,440,474,4259,937,465,2363,482,1028],"class_list":{"0":"post-11156","1":"product","2":"type-product","3":"status-publish","4":"has-post-thumbnail","6":"product_cat-nueva-coleccion-2024","7":"product_cat-productos-mas-nuevos","8":"product_cat-replica-breitling","9":"product_cat-replicas-de-relojes-mas-vendidas","10":"product_tag-a23322","11":"product_tag-breitling-es","12":"product_tag-chronograph","13":"product_tag-classic-design-es","14":"product_tag-elegant-es","15":"product_tag-exclusive","16":"product_tag-functional","17":"product_tag-high-quality-es","18":"product_tag-luxury-watch","19":"product_tag-mens-watch","20":"product_tag-navitimer-es","21":"product_tag-prestigious-es","22":"product_tag-replica","23":"product_tag-sophisticated-es","24":"product_tag-sport-watch","25":"product_tag-stainless-steel-es","26":"desktop-align-left","27":"tablet-align-left","28":"mobile-align-left","29":"ast-product-gallery-layout-vertical-slider","31":"first","32":"instock","33":"sale","34":"shipping-taxable","35":"purchasable","36":"product-type-simple"},"uagb_featured_image_src":{"full":["https:\/\/myreplicawatches.io\/wp-content\/uploads\/2023\/10\/Screenshot2022-09-10at7.37.38PM.jpg",988,1250,false],"thumbnail":["https:\/\/myreplicawatches.io\/wp-content\/uploads\/2023\/10\/Screenshot2022-09-10at7.37.38PM-150x150.png",150,150,true],"medium":["https:\/\/myreplicawatches.io\/wp-content\/uploads\/2023\/10\/Screenshot2022-09-10at7.37.38PM-237x300.png",237,300,true],"medium_large":["https:\/\/myreplicawatches.io\/wp-content\/uploads\/2023\/10\/Screenshot2022-09-10at7.37.38PM-768x972.png",768,972,true],"large":["https:\/\/myreplicawatches.io\/wp-content\/uploads\/2023\/10\/Screenshot2022-09-10at7.37.38PM-809x1024.png",809,1024,true],"1536x1536":["https:\/\/myreplicawatches.io\/wp-content\/uploads\/2023\/10\/Screenshot2022-09-10at7.37.38PM.jpg",988,1250,false],"2048x2048":["https:\/\/myreplicawatches.io\/wp-content\/uploads\/2023\/10\/Screenshot2022-09-10at7.37.38PM.jpg",988,1250,false],"woocommerce_thumbnail":["https:\/\/myreplicawatches.io\/wp-content\/uploads\/2023\/10\/Screenshot2022-09-10at7.37.38PM-300x300.jpg",300,300,true],"woocommerce_single":["https:\/\/myreplicawatches.io\/wp-content\/uploads\/2023\/10\/Screenshot2022-09-10at7.37.38PM-600x759.jpg",600,759,true],"woocommerce_gallery_thumbnail":["https:\/\/myreplicawatches.io\/wp-content\/uploads\/2023\/10\/Screenshot2022-09-10at7.37.38PM-100x100.jpg",100,100,true],"variation_swatches_image_size":["https:\/\/myreplicawatches.io\/wp-content\/uploads\/2023\/10\/Screenshot2022-09-10at7.37.38PM.jpg",40,50,false],"variation_swatches_tooltip_size":["https:\/\/myreplicawatches.io\/wp-content\/uploads\/2023\/10\/Screenshot2022-09-10at7.37.38PM.jpg",79,100,false],"dgwt-wcas-product-suggestion":["https:\/\/myreplicawatches.io\/wp-content\/uploads\/2023\/10\/Screenshot2022-09-10at7.37.38PM-64x81.jpg",64,81,true]},"uagb_author_info":{"display_name":"admin","author_link":"https:\/\/myreplicawatches.io\/de\/author\/"},"uagb_comment_info":0,"uagb_excerpt":"Breitling Navitimer R\u00e9plica A23322 &#8211; R\u00e9plica Clon de la mejor calidad &nbsp; Ventajas de poseer el Breitling Navitimer R\u00e9plica A23322: Una r\u00e9plica puede comprarse a un precio mucho m\u00e1s barato que uno aut\u00e9ntico, sin embargo, un reloj r\u00e9plica parecer\u00e1 y se sentir\u00e1 igual que el original. Lo \u00faltimo que alguien quiere es gastarse una fortuna","jetpack_sharing_enabled":true,"_links":{"self":[{"href":"https:\/\/myreplicawatches.io\/de\/wp-json\/wp\/v2\/product\/11156","targetHints":{"allow":["GET"]}}],"collection":[{"href":"https:\/\/myreplicawatches.io\/de\/wp-json\/wp\/v2\/product"}],"about":[{"href":"https:\/\/myreplicawatches.io\/de\/wp-json\/wp\/v2\/types\/product"}],"replies":[{"embeddable":true,"href":"https:\/\/myreplicawatches.io\/de\/wp-json\/wp\/v2\/comments?post=11156"}],"wp:featuredmedia":[{"embeddable":true,"href":"https:\/\/myreplicawatches.io\/de\/wp-json\/wp\/v2\/media\/7908"}],"wp:attachment":[{"href":"https:\/\/myreplicawatches.io\/de\/wp-json\/wp\/v2\/media?parent=11156"}],"wp:term":[{"taxonomy":"product_brand","embeddable":true,"href":"https:\/\/myreplicawatches.io\/de\/wp-json\/wp\/v2\/product_brand?post=11156"},{"taxonomy":"product_cat","embeddable":true,"href":"https:\/\/myreplicawatches.io\/de\/wp-json\/wp\/v2\/product_cat?post=11156"},{"taxonomy":"product_tag","embeddable":true,"href":"https:\/\/myreplicawatches.io\/de\/wp-json\/wp\/v2\/product_tag?post=11156"}],"curies":[{"name":"wp","href":"https:\/\/api.w.org\/{rel}","templated":true}]}}