{"id":11146,"date":"2023-10-03T22:05:19","date_gmt":"2023-10-03T22:05:19","guid":{"rendered":"https:\/\/myreplicawatches.io\/product\/replica-audemars-piguet-royal-oak-oro-rosa-con-pulsera-de-piel\/"},"modified":"2025-11-16T12:42:06","modified_gmt":"2025-11-16T12:42:06","slug":"replica-audemars-piguet-royal-oak-oro-rosa-con-pulsera-de-piel","status":"publish","type":"product","link":"https:\/\/myreplicawatches.io\/de\/product\/replica-audemars-piguet-royal-oak-oro-rosa-con-pulsera-de-piel\/","title":{"rendered":"R\u00e9plica Audemars Piguet Royal Oak &#8211; Oro rosa con pulsera de piel"},"content":{"rendered":"<h3>R\u00e9plica Audemars Piguet Royal Oak &#8211; Oro rosa con correa de piel &#8211; La mejor copia de calidad AAAA+<\/h3>\n<p>&nbsp;<\/p>\n<div class=\"product-info__text\">\n<div class=\"prose\">\n<h5>Ventajas de poseer la R\u00e9plica Audemars Piguet Royal Oak &#8211; Oro rosa con correa de piel:<\/h5>\n<ul>\n<li>Una r\u00e9plica puede comprarse a un precio mucho m\u00e1s barato que uno aut\u00e9ntico, sin embargo, un reloj r\u00e9plica parecer\u00e1 y se sentir\u00e1 igual que el original.<\/li>\n<li>Lo \u00faltimo que alguien quiere es gastarse una fortuna para conseguir un reloj de lujo que tiene peque\u00f1as diferencias con nuestras r\u00e9plicas de relojes.<\/li>\n<li>Muchos entusiastas de los relojes no quieren gastarse miles de d\u00f3lares en relojes y quieren tener esa gran sensaci\u00f3n de poseer un gran reloj de una marca de lujo. Aqu\u00ed es cuando entran en juego los relojes myreplicawatches.io y proporcionan esa sensaci\u00f3n a sus clientes.<\/li>\n<li>\u00bf Tienes ya un aut\u00e9ntico reloj de alta gama que no quieres llevar por motivos de seguridad o por razones de devaluaci\u00f3n en algunas ocasiones ? Lleva tu R\u00e9plica de reloj Audemars Piguet Royal Oak de alta calidad &#8211; Oro rosa con correa de piel y si\u00e9ntete m\u00e1s seguro, ten la misma confianza, protege tus objetos de valor<\/li>\n<\/ul>\n<\/div>\n<\/div>\n<div class=\"product-info__description\">\n<div class=\"prose\"><\/div>\n<\/div>\n<dl>\n<dt><img decoding=\"async\" class=\"aligncenter\" src=\"https:\/\/cdn.shopify.com\/s\/files\/1\/0273\/4840\/2250\/files\/product_desc_below_large_large_large_1080x_0a8cc31c-058a-492d-92bf-c6126a0768e4_480x480.png?v=1574892362\" alt=\"\" width=\"300\" height=\"111\" title=\"\"><\/dt>\n<\/dl>\n<div>\n<dl>\n<dt>\n<div>Categor\u00eda: R\u00e9plica Audemars Piguet<\/div>\n<\/dt>\n<\/dl>\n<\/div>\n<div>\n<dl><\/dl>\n<dl>\n<dt>Movimiento: Autom\u00e1tico<\/dt>\n<\/dl>\n<dl>\n<dt>Color de la correa: Negro(cuero)<\/dt>\n<\/dl>\n<dl>\n<dt>Forma de la esfera: Redonda<\/dt>\n<\/dl>\n<dl>\n<dt>Longitud de la banda: 23<\/dt>\n<\/dl>\n<dl>\n<dt>Visualizaci\u00f3n del dial: Anal\u00f3gica<\/dt>\n<\/dl>\n<dl>\n<dt>Di\u00e1metro de la esfera: 42<\/dt>\n<\/dl>\n<dl>\n<dt>Tipo de material de la correa: Piel<\/dt>\n<\/dl>\n<dl>\n<dt>Tipo de material de la caja: Oro rosa<\/dt>\n<\/dl>\n<\/div>\n<dl>\n<dt>\n<div>Tipo de material de la esfera: Oro rosa<\/div>\n<div><\/div>\n<div>\n<h2><\/h2>\n<h2>Garant\u00eda<\/h2>\n<p>100% de satisfacci\u00f3n garantizada Si no est\u00e1s satisfecho al 100% con tu primer Reloj MYREPLICAWATCHES.IO, nos comprometemos a arreglarlo todo.<\/p>\n<h2>Entrega<\/h2>\n<p>Env\u00edo DHL a todo el mundo &#8211; De 3 a 10 d\u00edas estimaci\u00f3n de llegada Despu\u00e9s de hacer tu pedido, por favor, deja pasar 2-3 d\u00edas para el env\u00edo de tu producto. Recibir\u00e1s tu n\u00famero de seguimiento inmediatamente despu\u00e9s de que enviemos tu producto<\/p>\n<\/div>\n<\/dt>\n<\/dl>\n","protected":false},"excerpt":{"rendered":"<p>R\u00e9plica Audemars Piguet Royal Oak &#8211; Oro rosa con correa de piel &#8211; La mejor copia de calidad AAAA+ &nbsp; Ventajas de poseer la R\u00e9plica Audemars Piguet Royal Oak &#8211; Oro rosa con correa de piel: Una r\u00e9plica puede comprarse a un precio mucho m\u00e1s barato que uno aut\u00e9ntico, sin embargo, un reloj r\u00e9plica parecer\u00e1<\/p>\n","protected":false},"featured_media":7854,"comment_status":"open","ping_status":"closed","template":"","meta":{"_uag_custom_page_level_css":"","site-sidebar-layout":"default","site-content-layout":"","ast-site-content-layout":"default","site-content-style":"default","site-sidebar-style":"default","ast-global-header-display":"","ast-banner-title-visibility":"","ast-main-header-display":"","ast-hfb-above-header-display":"","ast-hfb-below-header-display":"","ast-hfb-mobile-header-display":"","site-post-title":"","ast-breadcrumbs-content":"","ast-featured-img":"","footer-sml-layout":"","theme-transparent-header-meta":"default","adv-header-id-meta":"","stick-header-meta":"default","header-above-stick-meta":"","header-main-stick-meta":"","header-below-stick-meta":"","astra-migrate-meta-layouts":"set","ast-page-background-enabled":"default","ast-page-background-meta":{"desktop":{"background-color":"var(--ast-global-color-4)","background-image":"","background-repeat":"repeat","background-position":"center center","background-size":"auto","background-attachment":"scroll","background-type":"","background-media":"","overlay-type":"","overlay-color":"","overlay-opacity":"","overlay-gradient":""},"tablet":{"background-color":"","background-image":"","background-repeat":"repeat","background-position":"center center","background-size":"auto","background-attachment":"scroll","background-type":"","background-media":"","overlay-type":"","overlay-color":"","overlay-opacity":"","overlay-gradient":""},"mobile":{"background-color":"","background-image":"","background-repeat":"repeat","background-position":"center center","background-size":"auto","background-attachment":"scroll","background-type":"","background-media":"","overlay-type":"","overlay-color":"","overlay-opacity":"","overlay-gradient":""}},"ast-content-background-meta":{"desktop":{"background-color":"var(--ast-global-color-5)","background-image":"","background-repeat":"repeat","background-position":"center center","background-size":"auto","background-attachment":"scroll","background-type":"","background-media":"","overlay-type":"","overlay-color":"","overlay-opacity":"","overlay-gradient":""},"tablet":{"background-color":"var(--ast-global-color-5)","background-image":"","background-repeat":"repeat","background-position":"center center","background-size":"auto","background-attachment":"scroll","background-type":"","background-media":"","overlay-type":"","overlay-color":"","overlay-opacity":"","overlay-gradient":""},"mobile":{"background-color":"var(--ast-global-color-5)","background-image":"","background-repeat":"repeat","background-position":"center center","background-size":"auto","background-attachment":"scroll","background-type":"","background-media":"","overlay-type":"","overlay-color":"","overlay-opacity":"","overlay-gradient":""}}},"product_brand":[],"product_cat":[168,149,154],"product_tag":[599,1873,447,2401,444,446,2039,450,470,2725,4597,440,474,3467,465,668,602,462,1937],"class_list":{"0":"post-11146","1":"product","2":"type-product","3":"status-publish","4":"has-post-thumbnail","6":"product_cat-productos-mas-nuevos","7":"product_cat-relojes-replica-audemars-piguet","8":"product_cat-replicas-de-relojes-mas-vendidas","9":"product_tag-audemars-piguet","10":"product_tag-automatic-movement","11":"product_tag-classic-watch","12":"product_tag-collectors-watch","13":"product_tag-designer-watch","14":"product_tag-elegant-watch","15":"product_tag-exclusive-watch","16":"product_tag-fine-watchmaking","17":"product_tag-high-end-replica","18":"product_tag-imitation-watch","19":"product_tag-leather-band","20":"product_tag-luxury-watch","21":"product_tag-mens-watch","22":"product_tag-premium-replica-es","23":"product_tag-replica","24":"product_tag-rose-gold-es","25":"product_tag-royal-oak-es","26":"product_tag-stylish-watch","27":"product_tag-swiss-watch-es","28":"desktop-align-left","29":"tablet-align-left","30":"mobile-align-left","31":"ast-product-gallery-layout-vertical-slider","33":"first","34":"instock","35":"sale","36":"shipping-taxable","37":"purchasable","38":"product-type-simple"},"uagb_featured_image_src":{"full":["https:\/\/myreplicawatches.io\/wp-content\/uploads\/2023\/10\/replica-royal-oak-selfwinding-leather.jpg",1338,1362,false],"thumbnail":["https:\/\/myreplicawatches.io\/wp-content\/uploads\/2023\/10\/replica-royal-oak-selfwinding-leather-150x150.png",150,150,true],"medium":["https:\/\/myreplicawatches.io\/wp-content\/uploads\/2023\/10\/replica-royal-oak-selfwinding-leather-295x300.png",295,300,true],"medium_large":["https:\/\/myreplicawatches.io\/wp-content\/uploads\/2023\/10\/replica-royal-oak-selfwinding-leather-768x782.png",768,782,true],"large":["https:\/\/myreplicawatches.io\/wp-content\/uploads\/2023\/10\/replica-royal-oak-selfwinding-leather-1006x1024.png",1006,1024,true],"1536x1536":["https:\/\/myreplicawatches.io\/wp-content\/uploads\/2023\/10\/replica-royal-oak-selfwinding-leather.jpg",1338,1362,false],"2048x2048":["https:\/\/myreplicawatches.io\/wp-content\/uploads\/2023\/10\/replica-royal-oak-selfwinding-leather.jpg",1338,1362,false],"woocommerce_thumbnail":["https:\/\/myreplicawatches.io\/wp-content\/uploads\/2023\/10\/replica-royal-oak-selfwinding-leather-300x300.jpg",300,300,true],"woocommerce_single":["https:\/\/myreplicawatches.io\/wp-content\/uploads\/2023\/10\/replica-royal-oak-selfwinding-leather-600x611.jpg",600,611,true],"woocommerce_gallery_thumbnail":["https:\/\/myreplicawatches.io\/wp-content\/uploads\/2023\/10\/replica-royal-oak-selfwinding-leather-100x100.jpg",100,100,true],"variation_swatches_image_size":["https:\/\/myreplicawatches.io\/wp-content\/uploads\/2023\/10\/replica-royal-oak-selfwinding-leather.jpg",50,50,false],"variation_swatches_tooltip_size":["https:\/\/myreplicawatches.io\/wp-content\/uploads\/2023\/10\/replica-royal-oak-selfwinding-leather.jpg",98,100,false],"dgwt-wcas-product-suggestion":["https:\/\/myreplicawatches.io\/wp-content\/uploads\/2023\/10\/replica-royal-oak-selfwinding-leather-64x65.jpg",64,65,true]},"uagb_author_info":{"display_name":"admin","author_link":"https:\/\/myreplicawatches.io\/de\/author\/"},"uagb_comment_info":0,"uagb_excerpt":"R\u00e9plica Audemars Piguet Royal Oak &#8211; Oro rosa con correa de piel &#8211; La mejor copia de calidad AAAA+ &nbsp; Ventajas de poseer la R\u00e9plica Audemars Piguet Royal Oak &#8211; Oro rosa con correa de piel: Una r\u00e9plica puede comprarse a un precio mucho m\u00e1s barato que uno aut\u00e9ntico, sin embargo, un reloj r\u00e9plica parecer\u00e1","jetpack_sharing_enabled":true,"_links":{"self":[{"href":"https:\/\/myreplicawatches.io\/de\/wp-json\/wp\/v2\/product\/11146","targetHints":{"allow":["GET"]}}],"collection":[{"href":"https:\/\/myreplicawatches.io\/de\/wp-json\/wp\/v2\/product"}],"about":[{"href":"https:\/\/myreplicawatches.io\/de\/wp-json\/wp\/v2\/types\/product"}],"replies":[{"embeddable":true,"href":"https:\/\/myreplicawatches.io\/de\/wp-json\/wp\/v2\/comments?post=11146"}],"wp:featuredmedia":[{"embeddable":true,"href":"https:\/\/myreplicawatches.io\/de\/wp-json\/wp\/v2\/media\/7854"}],"wp:attachment":[{"href":"https:\/\/myreplicawatches.io\/de\/wp-json\/wp\/v2\/media?parent=11146"}],"wp:term":[{"taxonomy":"product_brand","embeddable":true,"href":"https:\/\/myreplicawatches.io\/de\/wp-json\/wp\/v2\/product_brand?post=11146"},{"taxonomy":"product_cat","embeddable":true,"href":"https:\/\/myreplicawatches.io\/de\/wp-json\/wp\/v2\/product_cat?post=11146"},{"taxonomy":"product_tag","embeddable":true,"href":"https:\/\/myreplicawatches.io\/de\/wp-json\/wp\/v2\/product_tag?post=11146"}],"curies":[{"name":"wp","href":"https:\/\/api.w.org\/{rel}","templated":true}]}}