{"id":11145,"date":"2023-10-03T22:05:32","date_gmt":"2023-10-03T22:05:32","guid":{"rendered":"https:\/\/myreplicawatches.io\/product\/replica-patek-philippe-tiffany-co-best-super-clone\/"},"modified":"2025-09-24T07:55:25","modified_gmt":"2025-09-24T07:55:25","slug":"replica-patek-philippe-tiffany-co-best-super-clone","status":"publish","type":"product","link":"https:\/\/myreplicawatches.io\/de\/product\/replica-patek-philippe-tiffany-co-best-super-clone\/","title":{"rendered":"R\u00e9plica Patek Philippe Tiffany &amp; co Best Super Clone"},"content":{"rendered":"<h3>R\u00e9plica Patek Philippe Tiffany &amp; co Best Super Clone &#8211; La mejor versi\u00f3n del mercado, modelo actualizado 2024<\/h3>\n<p>&nbsp;<\/p>\n<p><strong>Ver nuestro art\u00edculo sobre la R\u00e9plica Patek Philippe Nautilus <\/strong> https:\/\/myreplicawatches.io\/replica-patek-philippe-nautilus-best-clone-aaa\/<\/p>\n<h3>Ventajas de poseer una r\u00e9plica Patek Philippe Tiffany &amp; co Best Super Clone:<\/h3>\n<ul>\n<li>Una r\u00e9plica puede comprarse a un precio mucho m\u00e1s barato que uno aut\u00e9ntico, sin embargo, un reloj r\u00e9plica parecer\u00e1 y se sentir\u00e1 igual que el original.<\/li>\n<li>Lo \u00faltimo que alguien quiere es gastarse una fortuna para conseguir un reloj de lujo que tiene peque\u00f1as diferencias con nuestras r\u00e9plicas de relojes.<\/li>\n<li>Muchos entusiastas de los relojes no quieren gastarse miles de d\u00f3lares en relojes y quieren tener esa gran sensaci\u00f3n de poseer un gran reloj de una marca de lujo. Aqu\u00ed es cuando entran en juego los relojes myreplicawatches.io y proporcionan esa sensaci\u00f3n a sus clientes.<\/li>\n<li>\u00bf Tienes ya un aut\u00e9ntico reloj de alta gama que no quieres llevar por motivos de seguridad o por razones de devaluaci\u00f3n en algunas ocasiones ? Lleva tu Reloj Replica de Alta Calidad Patek Philippe Tiffany &amp; co Best Super Clone y si\u00e9ntete m\u00e1s seguro, ten la misma confianza, protege tus objetos de valor<\/li>\n<\/ul>\n<p>Patek Philippe Ha Anunciado La Futura Creaci\u00f3n De 170 Ejemplares De Una Versi\u00f3n Especial De Su Reloj Deportivo M\u00e1s Famoso, El Nautilus 5711.<br \/>\nLa Edici\u00f3n Naci\u00f3 Como Parte De La Colaboraci\u00f3n Con Tiffany &amp; Co: El Reloj Se Cre\u00f3 Para Celebrar Los 170 A\u00f1os De Colaboraci\u00f3n Entre El Relojero Suizo Y Tiffany, As\u00ed Como La Nueva Propiedad De Tiffany Bajo El Gigante Franc\u00e9s Del Lujo LVMH.<br \/>\nModelo: Patek Philippe Nautilus 5711 Tiffany &amp; Co.<br \/>\nR\u00e9plica Tama\u00f1o: 40mm X 9mm Movimiento: Clon Suizo Patek Philippe 324SC Movimiento Autom\u00e1tico 28800bph Funciones: Horas, minutos, segundos y fecha Caja: Acero inoxidable 904L Bisel: Acero inoxidable 904L <ins>SWISS MADE WATCHES Clon 1:1<\/ins><\/p>\n<ul>\n<li>Se ve y se siente exactamente igual. \u2714<\/li>\n<li>No se puede diferenciar entre el verdadero \u2714<\/li>\n<li>Resistente al agua 300 m \u2714<\/li>\n<li>Cristal de zafiro antirrayado con revestimiento AR \u2714<\/li>\n<li>Relojes de acero 904L y oro aut\u00e9ntico. \u2714<\/li>\n<li>Mismo peso que el original. \u2714<\/li>\n<li>Mismo Mecanismo que el Real \u2714 ( MISMO Movimiento SUIZO, Exactamente igual que el real )<\/li>\n<li>Movimiento Autom\u00e1tico \u2714 ( El segundero no hace tictac, se mueve suavemente como el original )<\/li>\n<\/ul>\n","protected":false},"excerpt":{"rendered":"<p>R\u00e9plica Patek Philippe Tiffany &amp; co Best Super Clone &#8211; La mejor versi\u00f3n del mercado, modelo actualizado 2024 &nbsp; Ver nuestro art\u00edculo sobre la R\u00e9plica Patek Philippe Nautilus https:\/\/myreplicawatches.io\/replica-patek-philippe-nautilus-best-clone-aaa\/ Ventajas de poseer una r\u00e9plica Patek Philippe Tiffany &amp; co Best Super Clone: Una r\u00e9plica puede comprarse a un precio mucho m\u00e1s barato que uno aut\u00e9ntico,<\/p>\n","protected":false},"featured_media":7875,"comment_status":"open","ping_status":"closed","template":"","meta":{"_uag_custom_page_level_css":"","site-sidebar-layout":"default","site-content-layout":"","ast-site-content-layout":"default","site-content-style":"default","site-sidebar-style":"default","ast-global-header-display":"","ast-banner-title-visibility":"","ast-main-header-display":"","ast-hfb-above-header-display":"","ast-hfb-below-header-display":"","ast-hfb-mobile-header-display":"","site-post-title":"","ast-breadcrumbs-content":"","ast-featured-img":"","footer-sml-layout":"","theme-transparent-header-meta":"default","adv-header-id-meta":"","stick-header-meta":"default","header-above-stick-meta":"","header-main-stick-meta":"","header-below-stick-meta":"","astra-migrate-meta-layouts":"set","ast-page-background-enabled":"default","ast-page-background-meta":{"desktop":{"background-color":"var(--ast-global-color-4)","background-image":"","background-repeat":"repeat","background-position":"center center","background-size":"auto","background-attachment":"scroll","background-type":"","background-media":"","overlay-type":"","overlay-color":"","overlay-opacity":"","overlay-gradient":""},"tablet":{"background-color":"","background-image":"","background-repeat":"repeat","background-position":"center center","background-size":"auto","background-attachment":"scroll","background-type":"","background-media":"","overlay-type":"","overlay-color":"","overlay-opacity":"","overlay-gradient":""},"mobile":{"background-color":"","background-image":"","background-repeat":"repeat","background-position":"center center","background-size":"auto","background-attachment":"scroll","background-type":"","background-media":"","overlay-type":"","overlay-color":"","overlay-opacity":"","overlay-gradient":""}},"ast-content-background-meta":{"desktop":{"background-color":"var(--ast-global-color-5)","background-image":"","background-repeat":"repeat","background-position":"center center","background-size":"auto","background-attachment":"scroll","background-type":"","background-media":"","overlay-type":"","overlay-color":"","overlay-opacity":"","overlay-gradient":""},"tablet":{"background-color":"var(--ast-global-color-5)","background-image":"","background-repeat":"repeat","background-position":"center center","background-size":"auto","background-attachment":"scroll","background-type":"","background-media":"","overlay-type":"","overlay-color":"","overlay-opacity":"","overlay-gradient":""},"mobile":{"background-color":"var(--ast-global-color-5)","background-image":"","background-repeat":"repeat","background-position":"center center","background-size":"auto","background-attachment":"scroll","background-type":"","background-media":"","overlay-type":"","overlay-color":"","overlay-opacity":"","overlay-gradient":""}}},"product_brand":[],"product_cat":[168,153,154,190,158],"product_tag":[],"class_list":{"0":"post-11145","1":"product","2":"type-product","3":"status-publish","4":"has-post-thumbnail","6":"product_cat-productos-mas-nuevos","7":"product_cat-replica-patek-philippe","8":"product_cat-replicas-de-relojes-mas-vendidas","9":"product_cat-super-clon-patek-philippe","10":"product_cat-superclones","11":"desktop-align-left","12":"tablet-align-left","13":"mobile-align-left","14":"ast-product-gallery-layout-vertical-slider","15":"ast-product-single-variable","17":"first","18":"instock","19":"sale","20":"shipping-taxable","21":"purchasable","22":"product-type-variable"},"uagb_featured_image_src":{"full":["https:\/\/myreplicawatches.io\/wp-content\/uploads\/2023\/10\/Screenshot2022-03-31at12.14.31AM.jpg",976,1248,false],"thumbnail":["https:\/\/myreplicawatches.io\/wp-content\/uploads\/2023\/10\/Screenshot2022-03-31at12.14.31AM-150x150.png",150,150,true],"medium":["https:\/\/myreplicawatches.io\/wp-content\/uploads\/2023\/10\/Screenshot2022-03-31at12.14.31AM-235x300.png",235,300,true],"medium_large":["https:\/\/myreplicawatches.io\/wp-content\/uploads\/2023\/10\/Screenshot2022-03-31at12.14.31AM-768x982.png",768,982,true],"large":["https:\/\/myreplicawatches.io\/wp-content\/uploads\/2023\/10\/Screenshot2022-03-31at12.14.31AM-801x1024.png",801,1024,true],"1536x1536":["https:\/\/myreplicawatches.io\/wp-content\/uploads\/2023\/10\/Screenshot2022-03-31at12.14.31AM.jpg",976,1248,false],"2048x2048":["https:\/\/myreplicawatches.io\/wp-content\/uploads\/2023\/10\/Screenshot2022-03-31at12.14.31AM.jpg",976,1248,false],"woocommerce_thumbnail":["https:\/\/myreplicawatches.io\/wp-content\/uploads\/2023\/10\/Screenshot2022-03-31at12.14.31AM-300x300.jpg",300,300,true],"woocommerce_single":["https:\/\/myreplicawatches.io\/wp-content\/uploads\/2023\/10\/Screenshot2022-03-31at12.14.31AM-600x767.jpg",600,767,true],"woocommerce_gallery_thumbnail":["https:\/\/myreplicawatches.io\/wp-content\/uploads\/2023\/10\/Screenshot2022-03-31at12.14.31AM-100x100.jpg",100,100,true],"variation_swatches_image_size":["https:\/\/myreplicawatches.io\/wp-content\/uploads\/2023\/10\/Screenshot2022-03-31at12.14.31AM.jpg",39,50,false],"variation_swatches_tooltip_size":["https:\/\/myreplicawatches.io\/wp-content\/uploads\/2023\/10\/Screenshot2022-03-31at12.14.31AM.jpg",78,100,false],"dgwt-wcas-product-suggestion":["https:\/\/myreplicawatches.io\/wp-content\/uploads\/2023\/10\/Screenshot2022-03-31at12.14.31AM-64x82.jpg",64,82,true]},"uagb_author_info":{"display_name":"admin","author_link":"https:\/\/myreplicawatches.io\/de\/author\/"},"uagb_comment_info":0,"uagb_excerpt":"R\u00e9plica Patek Philippe Tiffany &amp; co Best Super Clone &#8211; La mejor versi\u00f3n del mercado, modelo actualizado 2024 &nbsp; Ver nuestro art\u00edculo sobre la R\u00e9plica Patek Philippe Nautilus https:\/\/myreplicawatches.io\/replica-patek-philippe-nautilus-best-clone-aaa\/ Ventajas de poseer una r\u00e9plica Patek Philippe Tiffany &amp; co Best Super Clone: Una r\u00e9plica puede comprarse a un precio mucho m\u00e1s barato que uno aut\u00e9ntico,","jetpack_sharing_enabled":true,"_links":{"self":[{"href":"https:\/\/myreplicawatches.io\/de\/wp-json\/wp\/v2\/product\/11145","targetHints":{"allow":["GET"]}}],"collection":[{"href":"https:\/\/myreplicawatches.io\/de\/wp-json\/wp\/v2\/product"}],"about":[{"href":"https:\/\/myreplicawatches.io\/de\/wp-json\/wp\/v2\/types\/product"}],"replies":[{"embeddable":true,"href":"https:\/\/myreplicawatches.io\/de\/wp-json\/wp\/v2\/comments?post=11145"}],"wp:featuredmedia":[{"embeddable":true,"href":"https:\/\/myreplicawatches.io\/de\/wp-json\/wp\/v2\/media\/7875"}],"wp:attachment":[{"href":"https:\/\/myreplicawatches.io\/de\/wp-json\/wp\/v2\/media?parent=11145"}],"wp:term":[{"taxonomy":"product_brand","embeddable":true,"href":"https:\/\/myreplicawatches.io\/de\/wp-json\/wp\/v2\/product_brand?post=11145"},{"taxonomy":"product_cat","embeddable":true,"href":"https:\/\/myreplicawatches.io\/de\/wp-json\/wp\/v2\/product_cat?post=11145"},{"taxonomy":"product_tag","embeddable":true,"href":"https:\/\/myreplicawatches.io\/de\/wp-json\/wp\/v2\/product_tag?post=11145"}],"curies":[{"name":"wp","href":"https:\/\/api.w.org\/{rel}","templated":true}]}}