{"id":11112,"date":"2023-10-03T21:57:31","date_gmt":"2023-10-03T21:57:31","guid":{"rendered":"https:\/\/myreplicawatches.io\/product\/replica-rolex-datejust-edicion-especial-81209-azul-baston\/"},"modified":"2025-07-30T22:22:28","modified_gmt":"2025-07-30T22:22:28","slug":"replica-rolex-datejust-edicion-especial-81209-azul-baston","status":"publish","type":"product","link":"https:\/\/myreplicawatches.io\/de\/product\/replica-rolex-datejust-edicion-especial-81209-azul-baston\/","title":{"rendered":"R\u00e9plica Rolex Datejust Edici\u00f3n Especial 81209 Azul Bast\u00f3n"},"content":{"rendered":"<p>Informaci\u00f3n adicional<\/p>\n<p>Informaci\u00f3n adicional<\/p>\n<p>Gama de productos<\/p>\n<p>Datejust Edici\u00f3n Especial<\/p>\n<p>Resistente al agua<\/p>\n<p>Resistente al agua<\/p>\n<p>modelo<\/p>\n<p>81209<\/p>\n<p>Material de la pulsera<\/p>\n<p>Oro blanco (Pearlmaster)<\/p>\n<p>Marca<\/p>\n<p>Rolex<\/p>\n<p>Material del malet\u00edn<\/p>\n<p>Oro blanco<\/p>\n<p>Tama\u00f1o de la caja<\/p>\n<p>31 MM<\/p>\n<p>Tipo de dial<\/p>\n<p>Bast\u00f3n azul<\/p>\n<p>G\u00e9nero<\/p>\n<p>Unisex<\/p>\n<p>Modelo<\/p>\n<p>81209<\/p>\n<p>Movimiento<\/p>\n<p>Autom\u00e1tico<\/p>\n<p>Gama<\/p>\n<p>Datejust Edici\u00f3n Especial<\/p>\n<p>Resistente al agua<\/p>\n<p>Resistencia al agua<\/p>\n<p>Material de la pulsera<\/p>\n<p>Acero<\/p>\n","protected":false},"excerpt":{"rendered":"<p>Informaci\u00f3n adicional Informaci\u00f3n adicional Gama de productos Datejust Edici\u00f3n Especial Resistente al agua Resistente al agua modelo 81209 Material de la pulsera Oro blanco (Pearlmaster) Marca Rolex Material del malet\u00edn Oro blanco Tama\u00f1o de la caja 31 MM Tipo de dial Bast\u00f3n azul G\u00e9nero Unisex Modelo 81209 Movimiento Autom\u00e1tico Gama Datejust Edici\u00f3n Especial Resistente al<\/p>\n","protected":false},"featured_media":7545,"comment_status":"open","ping_status":"closed","template":"","meta":{"_uag_custom_page_level_css":"","site-sidebar-layout":"default","site-content-layout":"","ast-site-content-layout":"default","site-content-style":"default","site-sidebar-style":"default","ast-global-header-display":"","ast-banner-title-visibility":"","ast-main-header-display":"","ast-hfb-above-header-display":"","ast-hfb-below-header-display":"","ast-hfb-mobile-header-display":"","site-post-title":"","ast-breadcrumbs-content":"","ast-featured-img":"","footer-sml-layout":"","theme-transparent-header-meta":"default","adv-header-id-meta":"","stick-header-meta":"default","header-above-stick-meta":"","header-main-stick-meta":"","header-below-stick-meta":"","astra-migrate-meta-layouts":"set","ast-page-background-enabled":"default","ast-page-background-meta":{"desktop":{"background-color":"var(--ast-global-color-4)","background-image":"","background-repeat":"repeat","background-position":"center center","background-size":"auto","background-attachment":"scroll","background-type":"","background-media":"","overlay-type":"","overlay-color":"","overlay-opacity":"","overlay-gradient":""},"tablet":{"background-color":"","background-image":"","background-repeat":"repeat","background-position":"center center","background-size":"auto","background-attachment":"scroll","background-type":"","background-media":"","overlay-type":"","overlay-color":"","overlay-opacity":"","overlay-gradient":""},"mobile":{"background-color":"","background-image":"","background-repeat":"repeat","background-position":"center center","background-size":"auto","background-attachment":"scroll","background-type":"","background-media":"","overlay-type":"","overlay-color":"","overlay-opacity":"","overlay-gradient":""}},"ast-content-background-meta":{"desktop":{"background-color":"var(--ast-global-color-5)","background-image":"","background-repeat":"repeat","background-position":"center center","background-size":"auto","background-attachment":"scroll","background-type":"","background-media":"","overlay-type":"","overlay-color":"","overlay-opacity":"","overlay-gradient":""},"tablet":{"background-color":"var(--ast-global-color-5)","background-image":"","background-repeat":"repeat","background-position":"center center","background-size":"auto","background-attachment":"scroll","background-type":"","background-media":"","overlay-type":"","overlay-color":"","overlay-opacity":"","overlay-gradient":""},"mobile":{"background-color":"var(--ast-global-color-5)","background-image":"","background-repeat":"repeat","background-position":"center center","background-size":"auto","background-attachment":"scroll","background-type":"","background-media":"","overlay-type":"","overlay-color":"","overlay-opacity":"","overlay-gradient":""}}},"product_brand":[],"product_cat":[168,161,162,154],"product_tag":[458,647,5021,871,447,4983,5020,444,446,2039,1471,4852,475,474,453,3401,4981,452,3584],"class_list":{"0":"post-11112","1":"product","2":"type-product","3":"status-publish","4":"has-post-thumbnail","6":"product_cat-productos-mas-nuevos","7":"product_cat-replica-date-just","8":"product_cat-replica-super-clon-rolex-aaa","9":"product_cat-replicas-de-relojes-mas-vendidas","10":"product_tag-affordable-luxury","11":"product_tag-automatic-watch-es","12":"product_tag-blue-baton","13":"product_tag-blue-dial-es","14":"product_tag-classic-watch","15":"product_tag-date-watch-es","16":"product_tag-datejust-special-edition-81209","17":"product_tag-designer-watch","18":"product_tag-elegant-watch","19":"product_tag-exclusive-watch","20":"product_tag-fashion-watch","21":"product_tag-luxury-imitation","22":"product_tag-luxury-replica","23":"product_tag-mens-watch","24":"product_tag-replica-rolex","25":"product_tag-rolex-datejust","26":"product_tag-stainless-steel-watch-es","27":"product_tag-swiss-replica","28":"product_tag-timeless-watch","29":"desktop-align-left","30":"tablet-align-left","31":"mobile-align-left","32":"ast-product-gallery-layout-vertical-slider","33":"ast-product-gallery-with-no-image","35":"first","36":"instock","37":"shipping-taxable","38":"purchasable","39":"product-type-simple"},"uagb_featured_image_src":{"full":["https:\/\/myreplicawatches.io\/wp-content\/uploads\/2023\/10\/replica-rolex-datejust-special-edition-81209-blue-baton.jpg",500,640,false],"thumbnail":["https:\/\/myreplicawatches.io\/wp-content\/uploads\/2023\/10\/replica-rolex-datejust-special-edition-81209-blue-baton-150x150.jpg",150,150,true],"medium":["https:\/\/myreplicawatches.io\/wp-content\/uploads\/2023\/10\/replica-rolex-datejust-special-edition-81209-blue-baton-234x300.jpg",234,300,true],"medium_large":["https:\/\/myreplicawatches.io\/wp-content\/uploads\/2023\/10\/replica-rolex-datejust-special-edition-81209-blue-baton.jpg",500,640,false],"large":["https:\/\/myreplicawatches.io\/wp-content\/uploads\/2023\/10\/replica-rolex-datejust-special-edition-81209-blue-baton.jpg",500,640,false],"1536x1536":["https:\/\/myreplicawatches.io\/wp-content\/uploads\/2023\/10\/replica-rolex-datejust-special-edition-81209-blue-baton.jpg",500,640,false],"2048x2048":["https:\/\/myreplicawatches.io\/wp-content\/uploads\/2023\/10\/replica-rolex-datejust-special-edition-81209-blue-baton.jpg",500,640,false],"woocommerce_thumbnail":["https:\/\/myreplicawatches.io\/wp-content\/uploads\/2023\/10\/replica-rolex-datejust-special-edition-81209-blue-baton-300x300.jpg",300,300,true],"woocommerce_single":["https:\/\/myreplicawatches.io\/wp-content\/uploads\/2023\/10\/replica-rolex-datejust-special-edition-81209-blue-baton.jpg",500,640,false],"woocommerce_gallery_thumbnail":["https:\/\/myreplicawatches.io\/wp-content\/uploads\/2023\/10\/replica-rolex-datejust-special-edition-81209-blue-baton-100x100.jpg",100,100,true],"variation_swatches_image_size":["https:\/\/myreplicawatches.io\/wp-content\/uploads\/2023\/10\/replica-rolex-datejust-special-edition-81209-blue-baton.jpg",39,50,false],"variation_swatches_tooltip_size":["https:\/\/myreplicawatches.io\/wp-content\/uploads\/2023\/10\/replica-rolex-datejust-special-edition-81209-blue-baton.jpg",78,100,false],"dgwt-wcas-product-suggestion":["https:\/\/myreplicawatches.io\/wp-content\/uploads\/2023\/10\/replica-rolex-datejust-special-edition-81209-blue-baton-64x82.jpg",64,82,true]},"uagb_author_info":{"display_name":"admin","author_link":"https:\/\/myreplicawatches.io\/de\/author\/"},"uagb_comment_info":0,"uagb_excerpt":"Informaci\u00f3n adicional Informaci\u00f3n adicional Gama de productos Datejust Edici\u00f3n Especial Resistente al agua Resistente al agua modelo 81209 Material de la pulsera Oro blanco (Pearlmaster) Marca Rolex Material del malet\u00edn Oro blanco Tama\u00f1o de la caja 31 MM Tipo de dial Bast\u00f3n azul G\u00e9nero Unisex Modelo 81209 Movimiento Autom\u00e1tico Gama Datejust Edici\u00f3n Especial Resistente al","jetpack_sharing_enabled":true,"_links":{"self":[{"href":"https:\/\/myreplicawatches.io\/de\/wp-json\/wp\/v2\/product\/11112","targetHints":{"allow":["GET"]}}],"collection":[{"href":"https:\/\/myreplicawatches.io\/de\/wp-json\/wp\/v2\/product"}],"about":[{"href":"https:\/\/myreplicawatches.io\/de\/wp-json\/wp\/v2\/types\/product"}],"replies":[{"embeddable":true,"href":"https:\/\/myreplicawatches.io\/de\/wp-json\/wp\/v2\/comments?post=11112"}],"wp:featuredmedia":[{"embeddable":true,"href":"https:\/\/myreplicawatches.io\/de\/wp-json\/wp\/v2\/media\/7545"}],"wp:attachment":[{"href":"https:\/\/myreplicawatches.io\/de\/wp-json\/wp\/v2\/media?parent=11112"}],"wp:term":[{"taxonomy":"product_brand","embeddable":true,"href":"https:\/\/myreplicawatches.io\/de\/wp-json\/wp\/v2\/product_brand?post=11112"},{"taxonomy":"product_cat","embeddable":true,"href":"https:\/\/myreplicawatches.io\/de\/wp-json\/wp\/v2\/product_cat?post=11112"},{"taxonomy":"product_tag","embeddable":true,"href":"https:\/\/myreplicawatches.io\/de\/wp-json\/wp\/v2\/product_tag?post=11112"}],"curies":[{"name":"wp","href":"https:\/\/api.w.org\/{rel}","templated":true}]}}