{"id":10947,"date":"2023-10-03T22:01:22","date_gmt":"2023-10-03T22:01:22","guid":{"rendered":"https:\/\/myreplicawatches.io\/product\/clon-suizo-replica-rolex-gmt-master-pepsi-jubilee\/"},"modified":"2025-11-16T12:36:47","modified_gmt":"2025-11-16T12:36:47","slug":"clon-suizo-replica-rolex-gmt-master-pepsi-jubilee","status":"publish","type":"product","link":"https:\/\/myreplicawatches.io\/de\/product\/clon-suizo-replica-rolex-gmt-master-pepsi-jubilee\/","title":{"rendered":"Clon suizo Replica Rolex GMT Master PEPSI Jubilee"},"content":{"rendered":"<h2 style=\"text-align: center;\">Clon suizo Replica Rolex GMT Master PEPSI Jubilee &#8211; Clon de la mejor calidad de la versi\u00f3n r\u00e9plica<\/h2>\n<h4 style=\"text-align: center;\"><span style=\"color: #e25041;\">Los pedidos mediante BitCoin y transferencias bancarias directas incluyen un gran descuento <\/span><span style=\"color: #e25041;\">Contacta con nosotros para m\u00e1s informaci\u00f3n <\/span><\/h4>\n<p style=\"text-align: center;\"><span style=\"color: #000000; background-color: #ffffff; font-size: 18px; font-family: Futura, sans-serif;\"><strong>Caja del reloj con papeles y documentos incluidos.<\/strong><\/span><\/p>\n<p style=\"text-align: left;\"><span style=\"color: #212b36; background-color: #ffffff; font-size: 14px; font-family: -apple-system, system-ui,;\"><strong><ins>Los Pedidos por Transferencia Bancaria Directa incluyen un gran Descuento ( Contacta con nosotros para m\u00e1s informaci\u00f3n )<\/ins><\/strong><\/span><\/p>\n<p style=\"text-align: left;\"><span style=\"color: #212b36; background-color: #ffffff; font-size: 14px; font-family: -apple-system, system-ui,;\"><strong>Todos los relojes tienen 1 a\u00f1o de garant\u00eda <\/strong><\/span><\/p>\n<p style=\"text-align: left;\"><span style=\"color: #212b36; background-color: #ffffff; font-size: 14px; font-family: -apple-system, system-ui,;\"><strong>Todos los relojes vienen con cajas de reloj originales con papeles y documentaci\u00f3n.RELOJES HECHOS EN JAP\u00d3N Clon 1:1<\/strong><\/span><\/p>\n<p style=\"text-align: left;\"><span style=\"color: #212b36; background-color: #ffffff; font-size: 14px; font-family: -apple-system, system-ui,;\"><ins>RELOJES HECHOS EN JAP\u00d3N Clon 1:1 del Clon Suizo R\u00e9plica Rolex GMT Master PEPSI Jubilee<\/ins><\/span><\/p>\n<ul>\n<li><span style=\"color: #212b36; background-color: #ffffff; font-size: 14px; font-family: -apple-system, system-ui,;\">Se ve y se siente exactamente igual. \u2714<\/span><\/li>\n<li><span style=\"color: #212b36; background-color: #ffffff; font-size: 14px; font-family: -apple-system, system-ui,;\">No se puede diferenciar entre el verdadero \u2714<\/span><\/li>\n<li><span style=\"color: #212b36; background-color: #ffffff; font-size: 14px; font-family: -apple-system, system-ui,;\">Resistente al agua 100 m \u2714<\/span><\/li>\n<li><span style=\"color: #212b36; background-color: #ffffff; font-size: 14px; font-family: -apple-system, system-ui,;\">Cristal de zafiro antirrayado con revestimiento AR \u2714<\/span><\/li>\n<li><span style=\"color: #212b36; background-color: #ffffff; font-size: 14px; font-family: -apple-system, system-ui,;\">Relojes de acero 904L y chapados en oro aut\u00e9ntico. \u2714<\/span><\/li>\n<li><span style=\"color: #212b36; background-color: #ffffff; font-size: 14px; font-family: -apple-system, system-ui,;\">Mismo peso que el original. \u2714<\/span><\/li>\n<li><span style=\"color: #212b36; background-color: #ffffff; font-size: 14px; font-family: -apple-system, system-ui,;\">Mismo Mecanismo que el Real \u2716 ( Mejor Movimiento Autom\u00e1tico Japon\u00e9s, peque\u00f1a diferencia detallada en el mecanismo ) <\/span><\/li>\n<li><span style=\"color: #212b36; background-color: #ffffff; font-size: 14px; font-family: -apple-system, system-ui,;\">Movimiento Autom\u00e1tico \u2714 ( El segundero no hace tictac, se mueve suavemente como el original )<\/span><\/li>\n<\/ul>\n<p style=\"text-align: left;\"><span style=\"color: #212b36; background-color: #ffffff; font-size: 14px; font-family: -apple-system, system-ui,;\"><ins>RELOJES DE FABRICACI\u00f3N SUIZA Clon 1:1 del Clon Suizo R\u00e9plica Rolex GMT Master PEPSI Jubilee<\/ins><\/span><\/p>\n<ul>\n<li><span style=\"color: #212b36; background-color: #ffffff; font-size: 14px; font-family: -apple-system, system-ui,;\">Se ve y se siente exactamente igual. \u2714<\/span><\/li>\n<li><span style=\"color: #212b36; background-color: #ffffff; font-size: 14px; font-family: -apple-system, system-ui,;\">No se puede diferenciar entre el verdadero \u2714<\/span><\/li>\n<li><span style=\"color: #212b36; background-color: #ffffff; font-size: 14px; font-family: -apple-system, system-ui,;\">Resistente al agua 300 m \u2714<\/span><\/li>\n<li><span style=\"color: #212b36; background-color: #ffffff; font-size: 14px; font-family: -apple-system, system-ui,;\">Cristal de zafiro antirrayado con revestimiento AR \u2714<\/span><\/li>\n<li><span style=\"color: #212b36; background-color: #ffffff; font-size: 14px; font-family: -apple-system, system-ui,;\">Relojes de acero 904L y oro aut\u00e9ntico. \u2714<\/span><\/li>\n<li><span style=\"color: #212b36; background-color: #ffffff; font-size: 14px; font-family: -apple-system, system-ui,;\">Mismo peso que el original. \u2714<\/span><\/li>\n<li><span style=\"color: #212b36; background-color: #ffffff; font-size: 14px; font-family: -apple-system, system-ui,;\">Mismo Mecanismo que el Real \u2714 ( MISMO Movimiento SUIZO, Exactamente igual que el real ) <\/span><\/li>\n<li><span style=\"color: #212b36; background-color: #ffffff; font-size: 14px; font-family: -apple-system, system-ui,;\">Movimiento Autom\u00e1tico \u2714 ( El segundero no hace tictac, se mueve suavemente como el original )<\/span><\/li>\n<\/ul>\n<p><img decoding=\"async\" style=\"display: block; margin-left: auto; margin-right: auto;\" src=\"\/\/cdn.shopify.com\/s\/files\/1\/0074\/6776\/1723\/files\/checkout_icon_large_9198cbd9-28e4-47f8-a1b4-510bb115bdc6_large.png?v=1539348458\" alt=\"\" title=\"\"><\/p>\n<p>&nbsp;<\/p>\n<div class=\"ec-tab-container\">\n<div class=\"ec-tab-picker tab-benefits-of-owning-this-watch ec-active-tab\"><\/div>\n<\/div>\n<div class=\"ec-tab-container\">\n<div class=\"ec-tab-picker tab-benefits-of-owning-this-watch ec-active-tab\"><\/div>\n<\/div>\n<h5>DESCRIPCI\u00d3N del clon suizo R\u00e9plica Rolex GMT Master PEPSI Jubilee<\/h5>\n<p>FUNCIONES:<\/p>\n<p>&nbsp;<\/p>\n<p>Agujas horaria, minutera y segundera centrales. Indicaci\u00f3n de 24 horas. Segundo huso horario con puesta en hora r\u00e1pida independiente de la aguja horaria. Fecha instant\u00e1nea. Parada-segundos para ajustar la hora con precisi\u00f3n.<\/p>\n<p>&nbsp;<\/p>\n<p>CASO MODELO:<\/p>\n<p>Caja central monobloque, fondo atornillado y corona de cuerda, 40 mm, acero 904L (igual que el original) con acabado ClearDLC\u2122 a prueba de ara\u00f1azos.MODELO CAJA:<\/p>\n<p>&nbsp;<\/p>\n<p>PULSERA:<\/p>\n<p>Jubileo, acero 904L con acabado ClearDLC\u2122 resistente a los ara\u00f1azos<\/p>\n<p>&nbsp;<\/p>\n<p>DIAL:<\/p>\n<p>Negro con marcadores SuperLuminova\u2122, fuente y tama\u00f1o de fecha correctos.<\/p>\n<p>&nbsp;<\/p>\n<p>BAZEL:<\/p>\n<p>Azul \/ Rojo Cerachrom Bisel, 24 horas, 24 muescas, bidireccional.<\/p>\n<p>&nbsp;<\/p>\n<p>Resistente al agua hasta 50 metros. Corona atornillada con junta de goma Deep-Sea.<\/p>\n<p>CLASP:<\/p>\n<p>Cierre de seguridad Jubilee plegable con eslab\u00f3n extensible de confort Easylink de 5 mm<\/p>\n<p>&nbsp;<\/p>\n<h5>Garant\u00eda<\/h5>\n<p>100% de satisfacci\u00f3n garantizada Si no est\u00e1s satisfecho al 100% con tu primer myreplicawatch, prometemos arreglarlo todo. Ofrecemos una garant\u00eda de 6 meses<\/p>\n<h5>Entrega<\/h5>\n<p>Env\u00edo DHL a todo el mundo &#8211; 3-10 D\u00edas estimados de llegada<\/p>\n<p>Una vez realizado el pedido, el env\u00edo del producto tardar\u00e1 de 2 a 3 d\u00edas. Recibir\u00e1s tu n\u00famero de seguimiento inmediatamente despu\u00e9s de que enviemos tu producto.<\/p>\n<p><img fetchpriority=\"high\" decoding=\"async\" class=\"\" style=\"display: block; margin-left: auto; margin-right: auto;\" src=\"\/\/cdn.shopify.com\/s\/files\/1\/0074\/6776\/1723\/files\/product_desc_below_large_large_a32e7262-b9bf-4a85-ac82-2638c1f67ae1_large_1_large.png?v=1539348476\" alt=\"\" width=\"390\" height=\"144\" title=\"\"><\/p>\n","protected":false},"excerpt":{"rendered":"<p>Clon suizo Replica Rolex GMT Master PEPSI Jubilee &#8211; Clon de la mejor calidad de la versi\u00f3n r\u00e9plica Los pedidos mediante BitCoin y transferencias bancarias directas incluyen un gran descuento Contacta con nosotros para m\u00e1s informaci\u00f3n Caja del reloj con papeles y documentos incluidos. Los Pedidos por Transferencia Bancaria Directa incluyen un gran Descuento (<\/p>\n","protected":false},"featured_media":7671,"comment_status":"open","ping_status":"closed","template":"","meta":{"_uag_custom_page_level_css":"","site-sidebar-layout":"default","site-content-layout":"","ast-site-content-layout":"default","site-content-style":"default","site-sidebar-style":"default","ast-global-header-display":"","ast-banner-title-visibility":"","ast-main-header-display":"","ast-hfb-above-header-display":"","ast-hfb-below-header-display":"","ast-hfb-mobile-header-display":"","site-post-title":"","ast-breadcrumbs-content":"","ast-featured-img":"","footer-sml-layout":"","theme-transparent-header-meta":"default","adv-header-id-meta":"","stick-header-meta":"default","header-above-stick-meta":"","header-main-stick-meta":"","header-below-stick-meta":"","astra-migrate-meta-layouts":"set","ast-page-background-enabled":"default","ast-page-background-meta":{"desktop":{"background-color":"var(--ast-global-color-4)","background-image":"","background-repeat":"repeat","background-position":"center center","background-size":"auto","background-attachment":"scroll","background-type":"","background-media":"","overlay-type":"","overlay-color":"","overlay-opacity":"","overlay-gradient":""},"tablet":{"background-color":"","background-image":"","background-repeat":"repeat","background-position":"center center","background-size":"auto","background-attachment":"scroll","background-type":"","background-media":"","overlay-type":"","overlay-color":"","overlay-opacity":"","overlay-gradient":""},"mobile":{"background-color":"","background-image":"","background-repeat":"repeat","background-position":"center center","background-size":"auto","background-attachment":"scroll","background-type":"","background-media":"","overlay-type":"","overlay-color":"","overlay-opacity":"","overlay-gradient":""}},"ast-content-background-meta":{"desktop":{"background-color":"var(--ast-global-color-5)","background-image":"","background-repeat":"repeat","background-position":"center center","background-size":"auto","background-attachment":"scroll","background-type":"","background-media":"","overlay-type":"","overlay-color":"","overlay-opacity":"","overlay-gradient":""},"tablet":{"background-color":"var(--ast-global-color-5)","background-image":"","background-repeat":"repeat","background-position":"center center","background-size":"auto","background-attachment":"scroll","background-type":"","background-media":"","overlay-type":"","overlay-color":"","overlay-opacity":"","overlay-gradient":""},"mobile":{"background-color":"var(--ast-global-color-5)","background-image":"","background-repeat":"repeat","background-position":"center center","background-size":"auto","background-attachment":"scroll","background-type":"","background-media":"","overlay-type":"","overlay-color":"","overlay-opacity":"","overlay-gradient":""}}},"product_brand":[],"product_cat":[168,154,174,170,158],"product_tag":[173],"class_list":{"0":"post-10947","1":"product","2":"type-product","3":"status-publish","4":"has-post-thumbnail","6":"product_cat-productos-mas-nuevos","7":"product_cat-replicas-de-relojes-mas-vendidas","8":"product_cat-replica-de-rolex-gmt-master-aaa","9":"product_cat-super-clon-rolex","10":"product_cat-superclones","11":"product_tag-rolex-suizo","12":"desktop-align-left","13":"tablet-align-left","14":"mobile-align-left","15":"ast-product-gallery-layout-vertical-slider","16":"ast-product-single-variable","18":"first","19":"instock","20":"shipping-taxable","21":"purchasable","22":"product-type-variable"},"uagb_featured_image_src":{"full":["https:\/\/myreplicawatches.io\/wp-content\/uploads\/2023\/10\/71q2Yok24aL.jpg",2000,2000,false],"thumbnail":["https:\/\/myreplicawatches.io\/wp-content\/uploads\/2023\/10\/71q2Yok24aL-150x150.jpg",150,150,true],"medium":["https:\/\/myreplicawatches.io\/wp-content\/uploads\/2023\/10\/71q2Yok24aL-300x300.jpg",300,300,true],"medium_large":["https:\/\/myreplicawatches.io\/wp-content\/uploads\/2023\/10\/71q2Yok24aL-768x768.jpg",768,768,true],"large":["https:\/\/myreplicawatches.io\/wp-content\/uploads\/2023\/10\/71q2Yok24aL-1024x1024.jpg",1024,1024,true],"1536x1536":["https:\/\/myreplicawatches.io\/wp-content\/uploads\/2023\/10\/71q2Yok24aL-1536x1536.jpg",1536,1536,true],"2048x2048":["https:\/\/myreplicawatches.io\/wp-content\/uploads\/2023\/10\/71q2Yok24aL.jpg",2000,2000,false],"woocommerce_thumbnail":["https:\/\/myreplicawatches.io\/wp-content\/uploads\/2023\/10\/71q2Yok24aL-300x300.jpg",300,300,true],"woocommerce_single":["https:\/\/myreplicawatches.io\/wp-content\/uploads\/2023\/10\/71q2Yok24aL-600x600.jpg",600,600,true],"woocommerce_gallery_thumbnail":["https:\/\/myreplicawatches.io\/wp-content\/uploads\/2023\/10\/71q2Yok24aL-100x100.jpg",100,100,true],"variation_swatches_image_size":["https:\/\/myreplicawatches.io\/wp-content\/uploads\/2023\/10\/71q2Yok24aL.jpg",50,50,false],"variation_swatches_tooltip_size":["https:\/\/myreplicawatches.io\/wp-content\/uploads\/2023\/10\/71q2Yok24aL.jpg",100,100,false],"dgwt-wcas-product-suggestion":["https:\/\/myreplicawatches.io\/wp-content\/uploads\/2023\/10\/71q2Yok24aL-64x64.jpg",64,64,true]},"uagb_author_info":{"display_name":"admin","author_link":"https:\/\/myreplicawatches.io\/de\/author\/"},"uagb_comment_info":0,"uagb_excerpt":"Clon suizo Replica Rolex GMT Master PEPSI Jubilee &#8211; Clon de la mejor calidad de la versi\u00f3n r\u00e9plica Los pedidos mediante BitCoin y transferencias bancarias directas incluyen un gran descuento Contacta con nosotros para m\u00e1s informaci\u00f3n Caja del reloj con papeles y documentos incluidos. Los Pedidos por Transferencia Bancaria Directa incluyen un gran Descuento (","jetpack_sharing_enabled":true,"_links":{"self":[{"href":"https:\/\/myreplicawatches.io\/de\/wp-json\/wp\/v2\/product\/10947","targetHints":{"allow":["GET"]}}],"collection":[{"href":"https:\/\/myreplicawatches.io\/de\/wp-json\/wp\/v2\/product"}],"about":[{"href":"https:\/\/myreplicawatches.io\/de\/wp-json\/wp\/v2\/types\/product"}],"replies":[{"embeddable":true,"href":"https:\/\/myreplicawatches.io\/de\/wp-json\/wp\/v2\/comments?post=10947"}],"wp:featuredmedia":[{"embeddable":true,"href":"https:\/\/myreplicawatches.io\/de\/wp-json\/wp\/v2\/media\/7671"}],"wp:attachment":[{"href":"https:\/\/myreplicawatches.io\/de\/wp-json\/wp\/v2\/media?parent=10947"}],"wp:term":[{"taxonomy":"product_brand","embeddable":true,"href":"https:\/\/myreplicawatches.io\/de\/wp-json\/wp\/v2\/product_brand?post=10947"},{"taxonomy":"product_cat","embeddable":true,"href":"https:\/\/myreplicawatches.io\/de\/wp-json\/wp\/v2\/product_cat?post=10947"},{"taxonomy":"product_tag","embeddable":true,"href":"https:\/\/myreplicawatches.io\/de\/wp-json\/wp\/v2\/product_tag?post=10947"}],"curies":[{"name":"wp","href":"https:\/\/api.w.org\/{rel}","templated":true}]}}