{"id":10945,"date":"2023-10-03T22:01:20","date_gmt":"2023-10-03T22:01:20","guid":{"rendered":"https:\/\/myreplicawatches.io\/product\/replica-de-reloj-rolex-gmt-master-pepsi\/"},"modified":"2025-09-20T14:39:30","modified_gmt":"2025-09-20T14:39:30","slug":"replica-de-reloj-rolex-gmt-master-pepsi","status":"publish","type":"product","link":"https:\/\/myreplicawatches.io\/de\/product\/replica-de-reloj-rolex-gmt-master-pepsi\/","title":{"rendered":"R\u00e9plica de reloj Rolex GMT Master Pepsi"},"content":{"rendered":"<h4>R\u00e9plica de reloj Rolex GMT Master Pepsi &#8211; R\u00e9plica de la mejor calidad AAAA<\/h4>\n<p>&nbsp;<\/p>\n<div class=\"product-info__text\">\n<div class=\"prose\">\n<h3>Ventajas de poseer el Reloj Rolex GMT Master Pepsi R\u00e9plica:<\/h3>\n<ul>\n<li>Una r\u00e9plica puede comprarse a un precio mucho m\u00e1s barato que uno aut\u00e9ntico, sin embargo, un reloj r\u00e9plica parecer\u00e1 y se sentir\u00e1 igual que el original.<\/li>\n<li>Lo \u00faltimo que alguien quiere es gastarse una fortuna para conseguir un reloj de lujo que tiene peque\u00f1as diferencias con nuestras r\u00e9plicas de relojes.<\/li>\n<li>Muchos entusiastas de los relojes no quieren gastarse miles de d\u00f3lares en relojes y quieren tener esa gran sensaci\u00f3n de poseer un gran reloj de una marca de lujo. Aqu\u00ed es cuando entran en juego los relojes myreplicawatches.io y proporcionan esa sensaci\u00f3n a sus clientes.<\/li>\n<li>\u00bf Tienes ya un aut\u00e9ntico reloj de alta gama que no quieres llevar por motivos de seguridad o por razones de devaluaci\u00f3n en algunas ocasiones ?<br \/>\nLleva tu reloj Rolex GMT Master Pepsi Replica de alta calidad y si\u00e9ntete m\u00e1s seguro, ten la misma confianza, protege tus objetos de valor<\/li>\n<\/ul>\n<\/div>\n<\/div>\n<div class=\"product-info__description\">\n<div class=\"prose\"><\/div>\n<\/div>\n<p><img decoding=\"async\" style=\"display: block; margin-left: auto; margin-right: auto;\" src=\"\/\/cdn.shopify.com\/s\/files\/1\/0074\/6776\/1723\/files\/checkout_icon_large_9198cbd9-28e4-47f8-a1b4-510bb115bdc6_large.png?v=1539348458\" alt=\"\" title=\"\"><\/p>\n<p>&nbsp;<\/p>\n<div class=\"ec-tab-container\">\n<div class=\"ec-tab-picker tab-benefits-of-owning-this-watch ec-active-tab\">\n<div class=\"ec-tab-container\">\n<div class=\"ec-tab-picker tab-benefits-of-owning-this-watch ec-active-tab\"><\/div>\n<\/div>\n<\/div>\n<\/div>\n<h5>DESCRIPCI\u00d3N del reloj Rolex GMT Master Pepsi Replica<\/h5>\n<p>FUNCIONES:<\/p>\n<p>&nbsp;<\/p>\n<p>Agujas horaria, minutera y segundera centrales. Indicaci\u00f3n de 24 horas. Segundo huso horario con puesta en hora r\u00e1pida independiente de la aguja horaria. Fecha instant\u00e1nea. Parada-segundos para ajustar la hora con precisi\u00f3n.<\/p>\n<p>&nbsp;<\/p>\n<p>CASO MODELO:<\/p>\n<p>Caja central monobloque, fondo atornillado y corona de cuerda, 40 mm, acero 904L (igual que el original) con acabado ClearDLC\u2122 a prueba de ara\u00f1azos.MODELO CAJA:<\/p>\n<p>&nbsp;<\/p>\n<p>PULSERA:<\/p>\n<p>Jubileo, Acero con acabado ClearDLC\u2122 resistente a los ara\u00f1azos<\/p>\n<p>&nbsp;<\/p>\n<p>DIAL:<\/p>\n<p>Negro con marcadores SuperLuminova\u2122, fuente y tama\u00f1o de fecha correctos.<\/p>\n<p>&nbsp;<\/p>\n<p>BAZEL:<\/p>\n<p>Azul \/ Rojo Cerachrom Bisel, 24 horas, 24 muescas, bidireccional.<\/p>\n<p>&nbsp;<\/p>\n<p>Resistente al agua hasta 50 metros. Corona atornillada con junta de goma Deep-Sea.<\/p>\n<p>CLASP:<\/p>\n<p>Cierre de seguridad Jubilee plegable con eslab\u00f3n extensible de confort Easylink de 5 mm<\/p>\n<p>&nbsp;<\/p>\n<p>&nbsp;<\/p>\n<h1>Garant\u00eda<\/h1>\n<p>100% de satisfacci\u00f3n garantizada Si no est\u00e1s satisfecho al 100% con tu primer reloj myreplicawatches.io, prometemos arreglarlo todo. Ofrecemos una garant\u00eda de 6 meses<\/p>\n<h1>Entrega<\/h1>\n<p>Env\u00edo DHL a todo el mundo &#8211; 3-10 D\u00edas estimados de llegada<\/p>\n<p>Una vez realizado el pedido, el env\u00edo del producto tardar\u00e1 de 2 a 3 d\u00edas. Recibir\u00e1s tu n\u00famero de seguimiento inmediatamente despu\u00e9s de que enviemos tu producto.<\/p>\n<p><img decoding=\"async\" style=\"display: block; margin-left: auto; margin-right: auto;\" src=\"\/\/cdn.shopify.com\/s\/files\/1\/0074\/6776\/1723\/files\/product_desc_below_large_large_a32e7262-b9bf-4a85-ac82-2638c1f67ae1_large_1_large.png?v=1539348476\" alt=\"\" title=\"\"><\/p>\n","protected":false},"excerpt":{"rendered":"<p>R\u00e9plica de reloj Rolex GMT Master Pepsi &#8211; R\u00e9plica de la mejor calidad AAAA &nbsp; Ventajas de poseer el Reloj Rolex GMT Master Pepsi R\u00e9plica: Una r\u00e9plica puede comprarse a un precio mucho m\u00e1s barato que uno aut\u00e9ntico, sin embargo, un reloj r\u00e9plica parecer\u00e1 y se sentir\u00e1 igual que el original. Lo \u00faltimo que alguien<\/p>\n","protected":false},"featured_media":7666,"comment_status":"open","ping_status":"closed","template":"","meta":{"_uag_custom_page_level_css":"","site-sidebar-layout":"default","site-content-layout":"","ast-site-content-layout":"default","site-content-style":"default","site-sidebar-style":"default","ast-global-header-display":"","ast-banner-title-visibility":"","ast-main-header-display":"","ast-hfb-above-header-display":"","ast-hfb-below-header-display":"","ast-hfb-mobile-header-display":"","site-post-title":"","ast-breadcrumbs-content":"","ast-featured-img":"","footer-sml-layout":"","theme-transparent-header-meta":"default","adv-header-id-meta":"","stick-header-meta":"default","header-above-stick-meta":"","header-main-stick-meta":"","header-below-stick-meta":"","astra-migrate-meta-layouts":"set","ast-page-background-enabled":"default","ast-page-background-meta":{"desktop":{"background-color":"var(--ast-global-color-4)","background-image":"","background-repeat":"repeat","background-position":"center center","background-size":"auto","background-attachment":"scroll","background-type":"","background-media":"","overlay-type":"","overlay-color":"","overlay-opacity":"","overlay-gradient":""},"tablet":{"background-color":"","background-image":"","background-repeat":"repeat","background-position":"center center","background-size":"auto","background-attachment":"scroll","background-type":"","background-media":"","overlay-type":"","overlay-color":"","overlay-opacity":"","overlay-gradient":""},"mobile":{"background-color":"","background-image":"","background-repeat":"repeat","background-position":"center center","background-size":"auto","background-attachment":"scroll","background-type":"","background-media":"","overlay-type":"","overlay-color":"","overlay-opacity":"","overlay-gradient":""}},"ast-content-background-meta":{"desktop":{"background-color":"var(--ast-global-color-5)","background-image":"","background-repeat":"repeat","background-position":"center center","background-size":"auto","background-attachment":"scroll","background-type":"","background-media":"","overlay-type":"","overlay-color":"","overlay-opacity":"","overlay-gradient":""},"tablet":{"background-color":"var(--ast-global-color-5)","background-image":"","background-repeat":"repeat","background-position":"center center","background-size":"auto","background-attachment":"scroll","background-type":"","background-media":"","overlay-type":"","overlay-color":"","overlay-opacity":"","overlay-gradient":""},"mobile":{"background-color":"var(--ast-global-color-5)","background-image":"","background-repeat":"repeat","background-position":"center center","background-size":"auto","background-attachment":"scroll","background-type":"","background-media":"","overlay-type":"","overlay-color":"","overlay-opacity":"","overlay-gradient":""}}},"product_brand":[],"product_cat":[168,162,154,174],"product_tag":[187],"class_list":{"0":"post-10945","1":"product","2":"type-product","3":"status-publish","4":"has-post-thumbnail","6":"product_cat-productos-mas-nuevos","7":"product_cat-replica-super-clon-rolex-aaa","8":"product_cat-replicas-de-relojes-mas-vendidas","9":"product_cat-replica-de-rolex-gmt-master-aaa","10":"product_tag-rolex-es","11":"desktop-align-left","12":"tablet-align-left","13":"mobile-align-left","14":"ast-product-gallery-layout-vertical-slider","15":"ast-product-single-variable","17":"first","18":"instock","19":"shipping-taxable","20":"product-type-variable"},"uagb_featured_image_src":{"full":["https:\/\/myreplicawatches.io\/wp-content\/uploads\/2023\/10\/Screenshot2023-06-30at7.40.39PM.jpg",1536,1566,false],"thumbnail":["https:\/\/myreplicawatches.io\/wp-content\/uploads\/2023\/10\/Screenshot2023-06-30at7.40.39PM-150x150.png",150,150,true],"medium":["https:\/\/myreplicawatches.io\/wp-content\/uploads\/2023\/10\/Screenshot2023-06-30at7.40.39PM-294x300.png",294,300,true],"medium_large":["https:\/\/myreplicawatches.io\/wp-content\/uploads\/2023\/10\/Screenshot2023-06-30at7.40.39PM-768x783.png",768,783,true],"large":["https:\/\/myreplicawatches.io\/wp-content\/uploads\/2023\/10\/Screenshot2023-06-30at7.40.39PM-1004x1024.png",1004,1024,true],"1536x1536":["https:\/\/myreplicawatches.io\/wp-content\/uploads\/2023\/10\/Screenshot2023-06-30at7.40.39PM-1507x1536.png",1507,1536,true],"2048x2048":["https:\/\/myreplicawatches.io\/wp-content\/uploads\/2023\/10\/Screenshot2023-06-30at7.40.39PM.jpg",1536,1566,false],"woocommerce_thumbnail":["https:\/\/myreplicawatches.io\/wp-content\/uploads\/2023\/10\/Screenshot2023-06-30at7.40.39PM-300x300.jpg",300,300,true],"woocommerce_single":["https:\/\/myreplicawatches.io\/wp-content\/uploads\/2023\/10\/Screenshot2023-06-30at7.40.39PM-600x612.jpg",600,612,true],"woocommerce_gallery_thumbnail":["https:\/\/myreplicawatches.io\/wp-content\/uploads\/2023\/10\/Screenshot2023-06-30at7.40.39PM-100x100.jpg",100,100,true],"variation_swatches_image_size":["https:\/\/myreplicawatches.io\/wp-content\/uploads\/2023\/10\/Screenshot2023-06-30at7.40.39PM.jpg",50,50,false],"variation_swatches_tooltip_size":["https:\/\/myreplicawatches.io\/wp-content\/uploads\/2023\/10\/Screenshot2023-06-30at7.40.39PM.jpg",98,100,false],"dgwt-wcas-product-suggestion":["https:\/\/myreplicawatches.io\/wp-content\/uploads\/2023\/10\/Screenshot2023-06-30at7.40.39PM-64x65.jpg",64,65,true]},"uagb_author_info":{"display_name":"admin","author_link":"https:\/\/myreplicawatches.io\/de\/author\/"},"uagb_comment_info":0,"uagb_excerpt":"R\u00e9plica de reloj Rolex GMT Master Pepsi &#8211; R\u00e9plica de la mejor calidad AAAA &nbsp; Ventajas de poseer el Reloj Rolex GMT Master Pepsi R\u00e9plica: Una r\u00e9plica puede comprarse a un precio mucho m\u00e1s barato que uno aut\u00e9ntico, sin embargo, un reloj r\u00e9plica parecer\u00e1 y se sentir\u00e1 igual que el original. Lo \u00faltimo que alguien","jetpack_sharing_enabled":true,"_links":{"self":[{"href":"https:\/\/myreplicawatches.io\/de\/wp-json\/wp\/v2\/product\/10945","targetHints":{"allow":["GET"]}}],"collection":[{"href":"https:\/\/myreplicawatches.io\/de\/wp-json\/wp\/v2\/product"}],"about":[{"href":"https:\/\/myreplicawatches.io\/de\/wp-json\/wp\/v2\/types\/product"}],"replies":[{"embeddable":true,"href":"https:\/\/myreplicawatches.io\/de\/wp-json\/wp\/v2\/comments?post=10945"}],"wp:featuredmedia":[{"embeddable":true,"href":"https:\/\/myreplicawatches.io\/de\/wp-json\/wp\/v2\/media\/7666"}],"wp:attachment":[{"href":"https:\/\/myreplicawatches.io\/de\/wp-json\/wp\/v2\/media?parent=10945"}],"wp:term":[{"taxonomy":"product_brand","embeddable":true,"href":"https:\/\/myreplicawatches.io\/de\/wp-json\/wp\/v2\/product_brand?post=10945"},{"taxonomy":"product_cat","embeddable":true,"href":"https:\/\/myreplicawatches.io\/de\/wp-json\/wp\/v2\/product_cat?post=10945"},{"taxonomy":"product_tag","embeddable":true,"href":"https:\/\/myreplicawatches.io\/de\/wp-json\/wp\/v2\/product_tag?post=10945"}],"curies":[{"name":"wp","href":"https:\/\/api.w.org\/{rel}","templated":true}]}}