{"id":13080,"date":"2023-10-03T21:27:33","date_gmt":"2023-10-03T21:27:33","guid":{"rendered":"https:\/\/myreplicawatches.io\/rueckerstattung-und-rueckgabebedingungen\/"},"modified":"2024-10-25T15:24:25","modified_gmt":"2024-10-25T15:24:25","slug":"rueckerstattung-und-rueckgabebedingungen","status":"publish","type":"page","link":"https:\/\/myreplicawatches.io\/de\/rueckerstattung-und-rueckgabebedingungen\/","title":{"rendered":"R\u00fcckerstattung und R\u00fcckgabebedingungen"},"content":{"rendered":"\t\t<div data-elementor-type=\"wp-page\" data-elementor-id=\"13080\" class=\"elementor elementor-13080 elementor-15\" data-elementor-post-type=\"page\">\n\t\t\t\t<div class=\"elementor-element elementor-element-163c804d e-flex e-con-boxed wpr-particle-no wpr-jarallax-no wpr-parallax-no wpr-sticky-section-no e-con e-parent\" data-id=\"163c804d\" data-element_type=\"container\">\n\t\t\t\t\t<div class=\"e-con-inner\">\n\t\t\t\t<div class=\"elementor-element elementor-element-39edfcea elementor-widget elementor-widget-text-editor\" data-id=\"39edfcea\" data-element_type=\"widget\" data-widget_type=\"text-editor.default\">\n\t\t\t\t<div class=\"elementor-widget-container\">\n\t\t\t\t\t\t\t\t\t<div style=\"border-width: 0px; border-color: rgb(var(--text-color) \/ .12); gap: var(--spacing-12); max-width: var(--page-max-width, 80ch); grid-auto-columns: minmax(0px, 1fr); margin-inline: auto; display: grid; margin-block-start: var(--spacing-4); color: #272727; font-family: Futura, sans-serif;\" title=\"Seite 12\">\n<div style=\"border-width: 0px; border-color: rgb(var(--text-color) \/ .12); --context-section-spacing-block-start: var(--section-outer-spacing-block); --context-section-spacing-block-end: var(--section-outer-spacing-block); --context-section-spacing-inline: var(--container-gutter); --calculated-section-spacing-block-start: var(--section-spacing-block-start, var(--section-spacing-block, var(--context-section-spacing-block-start))); --calculated-section-spacing-block-end: var(--section-spacing-block-end, var(--section-spacing-block, var(--context-section-spacing-block-end))); --calculated-section-spacing-inline: var(--section-spacing-inline, var(--context-section-spacing-inline)); --container-inner-width: min((100vw - var(--scrollbar-width, 0px)) - var(--calculated-section-spacing-inline, 0px) * 2, var(--container-max-width)); --container-outer-width: calc(((100vw - var(--scrollbar-width, 0px)) - var(--container-inner-width, 0px)) \/ 2); --section-stack-spacing-inline: var(--section-inner-spacing-inline, 0px); padding-inline-start: max(var(--calculated-section-spacing-inline),50% - var(--container-max-width) \/ 2); padding-inline-end: max(var(--calculated-section-spacing-inline),50% - var(--container-max-width) \/ 2); padding-block-start: calc(var(--background-differs-from-previous) * var(--calculated-section-spacing-block-start)); padding-block-end: var(--calculated-section-spacing-block-end);\">\n<div style=\"border-width: 0px; border-color: rgb(var(--text-color) \/ .12);\">\n<div style=\"border-width: 0px; border-color: rgb(var(--text-color) \/ .12);\">\n<p style=\"border-color: rgb(var(--text-color) \/ .12); margin-bottom: 0px;\"><span style=\"border-width: 0px; border-color: rgb(var(--text-color) \/ .12);\">Wir von MY Replica Watches m\u00f6chten, dass unsere Kunden ein unvergessliches Einkaufserlebnis haben. Deshalb ist unser Team f\u00fcr die Auswahl der besten Produkte verantwortlich, um einen Qualit\u00e4tskauf zu garantieren.<\/span><\/p>\n<p style=\"border-color: rgb(var(--text-color) \/ .12); margin-bottom: 0px; margin-block-start: var(--spacing-6);\"><span style=\"border-width: 0px; border-color: rgb(var(--text-color) \/ .12);\">Da wir wissen, dass wir in manchen F\u00e4llen nicht alle Ihre Erwartungen erf\u00fcllen k\u00f6nnen, haben wir<\/span><span style=\"border-width: 0px; border-color: rgb(var(--text-color) \/ .12); display: inline-block;\">ff<\/span><span style=\"border-width: 0px; border-color: rgb(var(--text-color) \/ .12); display: inline-block;\">Deshalb bieten wir Ihnen Service-R\u00fcckerstattungen an, damit Sie Ihren Einkauf bei uns weiterhin genie\u00dfen k\u00f6nnen.<\/span><\/p>\n<p style=\"border-color: rgb(var(--text-color) \/ .12); margin-bottom: 0px; margin-block-start: var(--spacing-6);\"> <\/p>\n<p style=\"border-color: rgb(var(--text-color) \/ .12); margin-bottom: 0px; margin-block-start: var(--spacing-6);\"><span style=\"border-width: 0px; border-color: rgb(var(--text-color) \/ .12);\">Bitte best\u00e4tigen Sie das Folgende:<\/span><\/p>\n<\/div>\n<\/div>\n<\/div>\n<\/div>\n<div style=\"border-width: 0px; border-color: rgb(var(--text-color) \/ .12); gap: var(--spacing-12); max-width: var(--page-max-width, 80ch); grid-auto-columns: minmax(0px, 1fr); margin-inline: auto; display: grid; margin-block-start: var(--spacing-4); color: #272727; font-family: Futura, sans-serif; margin-block-end: 0px !important;\" title=\"Seite 13\">\n<div style=\"border-width: 0px; border-color: rgb(var(--text-color) \/ .12); --context-section-spacing-block-start: var(--section-outer-spacing-block); --context-section-spacing-block-end: var(--section-outer-spacing-block); --context-section-spacing-inline: var(--container-gutter); --calculated-section-spacing-block-start: var(--section-spacing-block-start, var(--section-spacing-block, var(--context-section-spacing-block-start))); --calculated-section-spacing-block-end: var(--section-spacing-block-end, var(--section-spacing-block, var(--context-section-spacing-block-end))); --calculated-section-spacing-inline: var(--section-spacing-inline, var(--context-section-spacing-inline)); --container-inner-width: min((100vw - var(--scrollbar-width, 0px)) - var(--calculated-section-spacing-inline, 0px) * 2, var(--container-max-width)); --container-outer-width: calc(((100vw - var(--scrollbar-width, 0px)) - var(--container-inner-width, 0px)) \/ 2); --section-stack-spacing-inline: var(--section-inner-spacing-inline, 0px); padding-inline-start: max(var(--calculated-section-spacing-inline),50% - var(--container-max-width) \/ 2); padding-inline-end: max(var(--calculated-section-spacing-inline),50% - var(--container-max-width) \/ 2); padding-block-start: calc(var(--background-differs-from-previous) * var(--calculated-section-spacing-block-start)); padding-block-end: var(--calculated-section-spacing-block-end); margin-block-end: 0px !important;\">\n<div style=\"border-width: 0px; border-color: rgb(var(--text-color) \/ .12); margin-block-end: 0px !important;\">\n<div style=\"border-width: 0px; border-color: rgb(var(--text-color) \/ .12); margin-block-end: 0px !important;\">\n<p style=\"border-color: rgb(var(--text-color) \/ .12); margin-bottom: 0px;\"><span style=\"border-width: 0px; border-color: rgb(var(--text-color) \/ .12); display: inline-block; margin-block-end: 0px !important;\">Sie k\u00f6nnen jederzeit eine 100%ige R\u00fcckerstattung erhalten, indem Sie sich f\u00fcr ein anderes Produkt zum gleichen Preis entscheiden, oder Sie k\u00f6nnen das Paket an unseren Hauptsitz zur\u00fcckschicken und Sie erhalten Ihre volle R\u00fcckerstattung, sobald wir das Paket erhalten haben.\nDie Versandgeb\u00fchren werden vom Kunden getragen <\/span><\/p>\n<p style=\"border-color: rgb(var(--text-color) \/ .12); margin-bottom: 0px; margin-block-start: var(--spacing-6);\"><span style=\"border-width: 0px; border-color: rgb(var(--text-color) \/ .12); margin-block-end: 0px !important;\"> <\/span><\/p>\n<p style=\"border-color: rgb(var(--text-color) \/ .12); margin-bottom: 0px; margin-block-start: var(--spacing-6);\"><span style=\"border-width: 0px; border-color: rgb(var(--text-color) \/ .12); margin-block-end: 0px !important;\">Fordern Sie keine R\u00fcckerstattung nach Ablauf der angegebenen Frist<\/span><\/p>\n<p style=\"border-color: rgb(var(--text-color) \/ .12); margin-bottom: 0px; margin-block-start: var(--spacing-6);\"><span style=\"border-width: 0px; border-color: rgb(var(--text-color) \/ .12); margin-block-end: 0px !important;\">(10 Tage nachdem die Bestellung bei Ihnen eingetroffen ist)<\/span><\/p>\n<p style=\"border-color: rgb(var(--text-color) \/ .12); margin-bottom: 0px; margin-block-start: var(--spacing-6);\"> <\/p>\n<p style=\"border-color: rgb(var(--text-color) \/ .12); margin-bottom: 0px; margin-block-start: var(--spacing-6);\"><span style=\"border-width: 0px; border-color: rgb(var(--text-color) \/ .12); margin-block-end: 0px !important;\">Wenn Sie weitere Fragen haben, lassen Sie es uns bitte wissen. <\/span><\/p>\n<\/div>\n<\/div>\n<\/div>\n<\/div>\t\t\t\t\t\t\t\t<\/div>\n\t\t\t\t<\/div>\n\t\t\t\t\t<\/div>\n\t\t\t\t<\/div>\n\t\t\t\t<\/div>\n\t\t","protected":false},"excerpt":{"rendered":"<p>Wir von MY Replica Watches m\u00f6chten, dass unsere Kunden ein unvergessliches Einkaufserlebnis haben. Deshalb ist unser Team f\u00fcr die Auswahl der besten Produkte verantwortlich, um einen Qualit\u00e4tskauf zu garantieren. Da wir wissen, dass wir in manchen F\u00e4llen nicht alle Ihre Erwartungen erf\u00fcllen k\u00f6nnen, haben wirffDeshalb bieten wir Ihnen Service-R\u00fcckerstattungen an, damit Sie Ihren Einkauf bei<\/p>\n","protected":false},"author":1,"featured_media":0,"parent":0,"menu_order":0,"comment_status":"closed","ping_status":"closed","template":"","meta":{"_uag_custom_page_level_css":"","site-sidebar-layout":"default","site-content-layout":"","ast-site-content-layout":"default","site-content-style":"default","site-sidebar-style":"default","ast-global-header-display":"","ast-banner-title-visibility":"","ast-main-header-display":"","ast-hfb-above-header-display":"","ast-hfb-below-header-display":"","ast-hfb-mobile-header-display":"","site-post-title":"","ast-breadcrumbs-content":"","ast-featured-img":"","footer-sml-layout":"","theme-transparent-header-meta":"","adv-header-id-meta":"","stick-header-meta":"","header-above-stick-meta":"","header-main-stick-meta":"","header-below-stick-meta":"","astra-migrate-meta-layouts":"default","ast-page-background-enabled":"default","ast-page-background-meta":{"desktop":{"background-color":"var(--ast-global-color-4)","background-image":"","background-repeat":"repeat","background-position":"center center","background-size":"auto","background-attachment":"scroll","background-type":"","background-media":"","overlay-type":"","overlay-color":"","overlay-opacity":"","overlay-gradient":""},"tablet":{"background-color":"","background-image":"","background-repeat":"repeat","background-position":"center center","background-size":"auto","background-attachment":"scroll","background-type":"","background-media":"","overlay-type":"","overlay-color":"","overlay-opacity":"","overlay-gradient":""},"mobile":{"background-color":"","background-image":"","background-repeat":"repeat","background-position":"center center","background-size":"auto","background-attachment":"scroll","background-type":"","background-media":"","overlay-type":"","overlay-color":"","overlay-opacity":"","overlay-gradient":""}},"ast-content-background-meta":{"desktop":{"background-color":"var(--ast-global-color-5)","background-image":"","background-repeat":"repeat","background-position":"center center","background-size":"auto","background-attachment":"scroll","background-type":"","background-media":"","overlay-type":"","overlay-color":"","overlay-opacity":"","overlay-gradient":""},"tablet":{"background-color":"var(--ast-global-color-5)","background-image":"","background-repeat":"repeat","background-position":"center center","background-size":"auto","background-attachment":"scroll","background-type":"","background-media":"","overlay-type":"","overlay-color":"","overlay-opacity":"","overlay-gradient":""},"mobile":{"background-color":"var(--ast-global-color-5)","background-image":"","background-repeat":"repeat","background-position":"center center","background-size":"auto","background-attachment":"scroll","background-type":"","background-media":"","overlay-type":"","overlay-color":"","overlay-opacity":"","overlay-gradient":""}},"footnotes":""},"class_list":["post-13080","page","type-page","status-publish","hentry"],"uagb_featured_image_src":{"full":false,"thumbnail":false,"medium":false,"medium_large":false,"large":false,"1536x1536":false,"2048x2048":false,"woocommerce_thumbnail":false,"woocommerce_single":false,"woocommerce_gallery_thumbnail":false,"variation_swatches_image_size":false,"variation_swatches_tooltip_size":false,"dgwt-wcas-product-suggestion":false},"uagb_author_info":{"display_name":"admin","author_link":"https:\/\/myreplicawatches.io\/de\/author\/admin\/"},"uagb_comment_info":0,"uagb_excerpt":"Wir von MY Replica Watches m\u00f6chten, dass unsere Kunden ein unvergessliches Einkaufserlebnis haben. Deshalb ist unser Team f\u00fcr die Auswahl der besten Produkte verantwortlich, um einen Qualit\u00e4tskauf zu garantieren. Da wir wissen, dass wir in manchen F\u00e4llen nicht alle Ihre Erwartungen erf\u00fcllen k\u00f6nnen, haben wirffDeshalb bieten wir Ihnen Service-R\u00fcckerstattungen an, damit Sie Ihren Einkauf bei","jetpack_sharing_enabled":true,"_links":{"self":[{"href":"https:\/\/myreplicawatches.io\/de\/wp-json\/wp\/v2\/pages\/13080","targetHints":{"allow":["GET"]}}],"collection":[{"href":"https:\/\/myreplicawatches.io\/de\/wp-json\/wp\/v2\/pages"}],"about":[{"href":"https:\/\/myreplicawatches.io\/de\/wp-json\/wp\/v2\/types\/page"}],"author":[{"embeddable":true,"href":"https:\/\/myreplicawatches.io\/de\/wp-json\/wp\/v2\/users\/1"}],"replies":[{"embeddable":true,"href":"https:\/\/myreplicawatches.io\/de\/wp-json\/wp\/v2\/comments?post=13080"}],"version-history":[{"count":1,"href":"https:\/\/myreplicawatches.io\/de\/wp-json\/wp\/v2\/pages\/13080\/revisions"}],"predecessor-version":[{"id":13081,"href":"https:\/\/myreplicawatches.io\/de\/wp-json\/wp\/v2\/pages\/13080\/revisions\/13081"}],"wp:attachment":[{"href":"https:\/\/myreplicawatches.io\/de\/wp-json\/wp\/v2\/media?parent=13080"}],"curies":[{"name":"wp","href":"https:\/\/api.w.org\/{rel}","templated":true}]}}