{"id":13069,"date":"2023-10-13T11:09:06","date_gmt":"2023-10-13T11:09:06","guid":{"rendered":"https:\/\/myreplicawatches.io\/faqs\/"},"modified":"2025-03-18T09:33:25","modified_gmt":"2025-03-18T09:33:25","slug":"faqs","status":"publish","type":"page","link":"https:\/\/myreplicawatches.io\/de\/faqs\/","title":{"rendered":"FAQs"},"content":{"rendered":"\n<h2 class=\"wp-block-heading\"><strong>Frage :<\/strong> Was passiert, wenn der Zoll mein Paket beschlagnahmt?<\/h2>\n\n<p class=\"has-ast-global-color-2-color has-text-color\"><strong>Antwort : <\/strong>Wir haben selten Probleme mit dem Zoll und der Beschlagnahmung von Paketen. Sollte dies der Fall sein, erstatten wir Ihnen entweder den vollen Betrag oder versenden das Paket erneut mit einem anderen Kurier.   <\/p>\n\n<h2 class=\"wp-block-heading\"><strong>Frage<\/strong>: Wie schnell ist der Versand?  <\/h2>\n\n<p><strong>Antwort<\/strong>: Wir bieten eine Versandart an, Fedex Express Worldwide Shipping 3-10 gesch\u00e4tzte Ankunft Nachdem Sie eine Bestellung aufgegeben haben, senden wir Ihnen in den n\u00e4chsten 2 Tagen alle Informationen zur Sendungsverfolgung sowie einige Bilder Ihres Pakets. Wenn Sie Fragen haben, wenden Sie sich bitte hier an unseren Kundendienst: luxhyped1@gmail.com <\/p>\n\n<h2 class=\"wp-block-heading\"><strong>Frage<\/strong>: Wo befinden wir uns und von wo aus liefern wir?<\/h2>\n\n<p><strong>Antwort<\/strong>: Unser Hauptsitz befindet sich in London, Vereinigtes K\u00f6nigreich. Wir haben mehrere Verk\u00e4ufer auf der ganzen Welt, so dass jede Uhr von einem anderen Standort aus verschickt wird. Einige unserer Verk\u00e4ufer kommen aus China, Griechenland, Japan und der Schweiz.  <\/p>\n\n<h2 class=\"wp-block-heading\"><strong>Frage: <\/strong>Fallen zus\u00e4tzliche Steuern an oder werde ich Probleme mit dem Zoll bekommen?<\/h2>\n\n<p><strong>Antwort: <\/strong>Sie m\u00fcssen keine weiteren Steuern zahlen, die Steuer ist im Preis inbegriffen. Der Zoll war nie ein Problem. Wenn Ihr Paket einbehalten wird, schicken Sie Ihnen kostenlos ein neues zu.   <\/p>\n\n<h2 class=\"wp-block-heading &lt;div class=&quot;AVADA_PAGE_WRAPPER&quot; id=&quot;AVADA_PAGE_FAQS&quot;&gt;&lt;script src=&quot;https:\/\/helpdesk.avada.io\/scripttag\/avada-page-faqs.min.js?shop=hype-limit-accessories.myshopify.com&quot;&gt;&lt;\/script&gt;&lt;\/div&gt;\" id=\"AVADA_PAGE_FAQS\"><strong>Frage: <\/strong>Kann ich meine Bestellung \u00e4ndern oder stornieren?<\/h2>\n\n<p><strong>Antwort:<\/strong> Wenn Sie aus irgendeinem Grund nicht zufrieden sind, k\u00f6nnen Sie das Paket an uns zur\u00fcckschicken und erhalten eine R\u00fcckerstattung oder einen Umtausch gegen ein anderes Produkt.<\/p>\n\n<h2 class=\"wp-block-heading\"><strong>Frage:<\/strong> Versenden Sie international?<\/h2>\n\n<p><strong>Antwort:<\/strong> Ja, wir versenden international. Wir versenden nur per Expressversand. Bestellen Sie noch heute und Sie erhalten Ihr Paket in 4-10 Tagen. <\/p>\n\n<h2 class=\"wp-block-heading\"><strong>Fragen: <\/strong>Warum sollte ich Ihrer Website vertrauen?<\/h2>\n\n<p><strong>Antwort: <\/strong>Wir sind seit 2018 t\u00e4tig und haben Tausende von zufriedenen Kunden. Sie k\u00f6nnen auch hier unsere Kundenrezensionen sehen: https:\/\/myreplicawatches.io\/customers-reviews\/<\/p>\n\n<h2 class=\"wp-block-heading\"><strong>Frage:<\/strong> Welche Qualit\u00e4ten haben Sie?  <\/h2>\n\n<p><strong>Antwort<\/strong>:Wir haben drei Qualit\u00e4ten, AAAA+, Japan Clone und Swiss Clones.<\/p>\n\n<p>Auf keinen Fall ist die AAAA+ Qualit\u00e4t eine schlechte Qualit\u00e4t. Wir werden unseren Kunden niemals Uhren von schlechter Qualit\u00e4t verkaufen. Die AAAA+ Qualit\u00e4t ist unser Verkaufsschlager und die Leute kaufen diese Qualit\u00e4t eher wegen des guten Preises und der hochwertigen Materialien. <\/p>\n\n<p>Japan- und Schweizer Klone sind dagegen f\u00fcr Leute, die die n\u00e4chste Stufe erreichen wollen. Deshalb sind die Unterschiede zu den echten Klonen nur unter dem Mikroskop zu erkennen, selbst wenn sie mit ihnen verglichen werden.  <br\/><br\/>Alle Informationen zu den einzelnen Qualit\u00e4ten finden Sie unten:  <\/p>\n\n<p><strong><ins>AAAA+ Qualit\u00e4t WATCHES<\/ins><\/strong><\/p>\n\n<ul class=\"wp-block-list\">\n<li><strong>Wasserfest, aber nicht wasserdicht \u2714<\/strong><\/li>\n\n\n\n<li><strong>Kratzfestes Saphirglas mit AR-Beschichtung \u2714<\/strong><\/li>\n\n\n\n<li><strong>Stahlplattierte Uhren. \u2714<\/strong><\/li>\n\n\n\n<li><strong>Gleiches Gewicht wie das Original. \u2714<\/strong><\/li>\n\n\n\n<li><strong>Gleicher Mechanismus wie der Echte \u2716 ( Bestes japanisches Automatikwerk, kleiner Detailunterschied im Mechanismus )<\/strong><\/li>\n\n\n\n<li><strong>Automatisches Uhrwerk \u2714 ( Der Sekundenzeiger tickt nicht, er bewegt sich gleichm\u00e4\u00dfig wie das Original )<\/strong><\/li>\n<\/ul>\n\n<p><strong><ins>JAPAN MADE WATCHES 1:1 Klon<\/ins><\/strong><\/p>\n\n<ul class=\"wp-block-list\">\n<li><strong>Sieht genau so aus und f\u00fchlt sich auch so an. \u2714<\/strong><\/li>\n\n\n\n<li><strong>Sie k\u00f6nnen den Unterschied zwischen dem echten \u2714 nicht erkennen.<\/strong><\/li>\n\n\n\n<li><strong>Wasserdicht 100m \u2714<\/strong><\/li>\n\n\n\n<li><strong>Kratzfestes Saphirglas mit AR-Beschichtung \u2714<\/strong><\/li>\n\n\n\n<li><strong>904L Stahl und echt vergoldete Uhren. \u2714<\/strong><\/li>\n\n\n\n<li><strong>Gleiches Gewicht wie das Original. \u2714<\/strong><\/li>\n\n\n\n<li><strong>Gleicher Mechanismus wie der Echte \u2716 ( Bestes japanisches Automatikwerk, kleiner Detailunterschied im Mechanismus )<\/strong><\/li>\n\n\n\n<li><strong>Automatisches Uhrwerk \u2714 ( Der Sekundenzeiger tickt nicht, er bewegt sich gleichm\u00e4\u00dfig wie das Original )<\/strong><\/li>\n<\/ul>\n\n<p><strong><ins>SWISS MADE WATCHES 1:1 Klon<\/ins><\/strong><\/p>\n\n<ul class=\"wp-block-list\">\n<li><strong>Sieht genau so aus und f\u00fchlt sich auch so an. \u2714<\/strong><\/li>\n\n\n\n<li><strong>Sie k\u00f6nnen den Unterschied zwischen dem echten \u2714 nicht erkennen.<\/strong><\/li>\n\n\n\n<li><strong>Wasserdicht 300m \u2714<\/strong><\/li>\n\n\n\n<li><strong>Kratzfestes Saphirglas mit AR-Beschichtung \u2714<\/strong><\/li>\n\n\n\n<li><strong>Uhren aus 904L Stahl und echtem Gold. \u2714<\/strong><\/li>\n\n\n\n<li><strong>Gleiches Gewicht wie das Original. \u2714<\/strong><\/li>\n\n\n\n<li><strong>Gleicher Mechanismus wie bei der Echten \u2714 ( SAME SWISS Movement, exakt das gleiche wie bei der Echten )<\/strong><\/li>\n\n\n\n<li><strong>Automatisches Uhrwerk \u2714 ( Der Sekundenzeiger tickt nicht, er bewegt sich gleichm\u00e4\u00dfig wie das Original )<\/strong><\/li>\n\n\n\n<li><\/li>\n<\/ul>\n\n<h2 class=\"wp-block-heading\"><strong>Frage : <\/strong>Welche Zahlungsmittel werden akzeptiert?<\/h2>\n\n<p><strong>Antwort: <\/strong>Wir akzeptieren alle g\u00e4ngigen Kreditkarten, Cryptocurrency ( + 15% Rabatt ) und Direkt\u00fcberweisung ( + 15% Rabatt )<\/p>\n","protected":false},"excerpt":{"rendered":"<p>Frage : Was passiert, wenn der Zoll mein Paket beschlagnahmt? Antwort : Wir haben selten Probleme mit dem Zoll und der Beschlagnahmung von Paketen. Sollte dies der Fall sein, erstatten wir Ihnen entweder den vollen Betrag oder versenden das Paket erneut mit einem anderen Kurier. Frage: Wie schnell ist der Versand? Antwort: Wir bieten eine<\/p>\n","protected":false},"author":1,"featured_media":0,"parent":0,"menu_order":0,"comment_status":"closed","ping_status":"closed","template":"","meta":{"_uag_custom_page_level_css":"","site-sidebar-layout":"default","site-content-layout":"","ast-site-content-layout":"","site-content-style":"default","site-sidebar-style":"default","ast-global-header-display":"","ast-banner-title-visibility":"","ast-main-header-display":"","ast-hfb-above-header-display":"","ast-hfb-below-header-display":"","ast-hfb-mobile-header-display":"","site-post-title":"","ast-breadcrumbs-content":"","ast-featured-img":"","footer-sml-layout":"","theme-transparent-header-meta":"","adv-header-id-meta":"","stick-header-meta":"","header-above-stick-meta":"","header-main-stick-meta":"","header-below-stick-meta":"","astra-migrate-meta-layouts":"default","ast-page-background-enabled":"default","ast-page-background-meta":{"desktop":{"background-color":"var(--ast-global-color-4)","background-image":"","background-repeat":"repeat","background-position":"center center","background-size":"auto","background-attachment":"scroll","background-type":"","background-media":"","overlay-type":"","overlay-color":"","overlay-opacity":"","overlay-gradient":""},"tablet":{"background-color":"","background-image":"","background-repeat":"repeat","background-position":"center center","background-size":"auto","background-attachment":"scroll","background-type":"","background-media":"","overlay-type":"","overlay-color":"","overlay-opacity":"","overlay-gradient":""},"mobile":{"background-color":"","background-image":"","background-repeat":"repeat","background-position":"center center","background-size":"auto","background-attachment":"scroll","background-type":"","background-media":"","overlay-type":"","overlay-color":"","overlay-opacity":"","overlay-gradient":""}},"ast-content-background-meta":{"desktop":{"background-color":"var(--ast-global-color-5)","background-image":"","background-repeat":"repeat","background-position":"center center","background-size":"auto","background-attachment":"scroll","background-type":"","background-media":"","overlay-type":"","overlay-color":"","overlay-opacity":"","overlay-gradient":""},"tablet":{"background-color":"var(--ast-global-color-5)","background-image":"","background-repeat":"repeat","background-position":"center center","background-size":"auto","background-attachment":"scroll","background-type":"","background-media":"","overlay-type":"","overlay-color":"","overlay-opacity":"","overlay-gradient":""},"mobile":{"background-color":"var(--ast-global-color-5)","background-image":"","background-repeat":"repeat","background-position":"center center","background-size":"auto","background-attachment":"scroll","background-type":"","background-media":"","overlay-type":"","overlay-color":"","overlay-opacity":"","overlay-gradient":""}},"footnotes":""},"class_list":["post-13069","page","type-page","status-publish","hentry"],"uagb_featured_image_src":{"full":false,"thumbnail":false,"medium":false,"medium_large":false,"large":false,"1536x1536":false,"2048x2048":false,"woocommerce_thumbnail":false,"woocommerce_single":false,"woocommerce_gallery_thumbnail":false,"variation_swatches_image_size":false,"variation_swatches_tooltip_size":false,"dgwt-wcas-product-suggestion":false},"uagb_author_info":{"display_name":"admin","author_link":"https:\/\/myreplicawatches.io\/de\/author\/admin\/"},"uagb_comment_info":0,"uagb_excerpt":"Frage : Was passiert, wenn der Zoll mein Paket beschlagnahmt? Antwort : Wir haben selten Probleme mit dem Zoll und der Beschlagnahmung von Paketen. Sollte dies der Fall sein, erstatten wir Ihnen entweder den vollen Betrag oder versenden das Paket erneut mit einem anderen Kurier. Frage: Wie schnell ist der Versand? Antwort: Wir bieten eine","jetpack_sharing_enabled":true,"_links":{"self":[{"href":"https:\/\/myreplicawatches.io\/de\/wp-json\/wp\/v2\/pages\/13069","targetHints":{"allow":["GET"]}}],"collection":[{"href":"https:\/\/myreplicawatches.io\/de\/wp-json\/wp\/v2\/pages"}],"about":[{"href":"https:\/\/myreplicawatches.io\/de\/wp-json\/wp\/v2\/types\/page"}],"author":[{"embeddable":true,"href":"https:\/\/myreplicawatches.io\/de\/wp-json\/wp\/v2\/users\/1"}],"replies":[{"embeddable":true,"href":"https:\/\/myreplicawatches.io\/de\/wp-json\/wp\/v2\/comments?post=13069"}],"version-history":[{"count":2,"href":"https:\/\/myreplicawatches.io\/de\/wp-json\/wp\/v2\/pages\/13069\/revisions"}],"predecessor-version":[{"id":16469,"href":"https:\/\/myreplicawatches.io\/de\/wp-json\/wp\/v2\/pages\/13069\/revisions\/16469"}],"wp:attachment":[{"href":"https:\/\/myreplicawatches.io\/de\/wp-json\/wp\/v2\/media?parent=13069"}],"curies":[{"name":"wp","href":"https:\/\/api.w.org\/{rel}","templated":true}]}}