{"id":12693,"date":"2024-07-19T21:07:48","date_gmt":"2024-07-19T21:07:48","guid":{"rendered":"https:\/\/myreplicawatches.io\/kontaktieren-sie-uns\/"},"modified":"2024-11-12T00:31:42","modified_gmt":"2024-11-12T00:31:42","slug":"kontaktieren-sie-uns","status":"publish","type":"page","link":"https:\/\/myreplicawatches.io\/de\/kontaktieren-sie-uns\/","title":{"rendered":"Kontaktieren Sie uns"},"content":{"rendered":"\n<p>F\u00fcr Fragen, Modellanfragen und alle anderen Informationen, die Sie von uns ben\u00f6tigen, steht Ihnen unser Kundensupport zur Verf\u00fcgung.  <\/p>\n\n<p>Sie k\u00f6nnen uns eine E-Mail schicken an: <a href=\"mailto:info@cosmowatches.store\" target=\"_blank\" rel=\"noreferrer noopener\">luxhyped1@gmail.com<\/a><\/p>\n\n<p><strong>Adresse:<\/strong> Ariel Way, London W12 7GF, Vereinigtes K\u00f6nigreich  <\/p>\n\n<p><\/p>\n","protected":false},"excerpt":{"rendered":"<p>F\u00fcr Fragen, Modellanfragen und alle anderen Informationen, die Sie von uns ben\u00f6tigen, steht Ihnen unser Kundensupport zur Verf\u00fcgung. Sie k\u00f6nnen uns eine E-Mail schicken an: luxhyped1@gmail.com Adresse: Ariel Way, London W12 7GF, Vereinigtes K\u00f6nigreich<\/p>\n","protected":false},"author":1,"featured_media":0,"parent":0,"menu_order":0,"comment_status":"closed","ping_status":"closed","template":"","meta":{"_uag_custom_page_level_css":"","site-sidebar-layout":"default","site-content-layout":"","ast-site-content-layout":"default","site-content-style":"default","site-sidebar-style":"default","ast-global-header-display":"","ast-banner-title-visibility":"","ast-main-header-display":"","ast-hfb-above-header-display":"","ast-hfb-below-header-display":"","ast-hfb-mobile-header-display":"","site-post-title":"","ast-breadcrumbs-content":"","ast-featured-img":"","footer-sml-layout":"","theme-transparent-header-meta":"","adv-header-id-meta":"","stick-header-meta":"","header-above-stick-meta":"","header-main-stick-meta":"","header-below-stick-meta":"","astra-migrate-meta-layouts":"default","ast-page-background-enabled":"default","ast-page-background-meta":{"desktop":{"background-color":"var(--ast-global-color-4)","background-image":"","background-repeat":"repeat","background-position":"center center","background-size":"auto","background-attachment":"scroll","background-type":"","background-media":"","overlay-type":"","overlay-color":"","overlay-opacity":"","overlay-gradient":""},"tablet":{"background-color":"","background-image":"","background-repeat":"repeat","background-position":"center center","background-size":"auto","background-attachment":"scroll","background-type":"","background-media":"","overlay-type":"","overlay-color":"","overlay-opacity":"","overlay-gradient":""},"mobile":{"background-color":"","background-image":"","background-repeat":"repeat","background-position":"center center","background-size":"auto","background-attachment":"scroll","background-type":"","background-media":"","overlay-type":"","overlay-color":"","overlay-opacity":"","overlay-gradient":""}},"ast-content-background-meta":{"desktop":{"background-color":"var(--ast-global-color-5)","background-image":"","background-repeat":"repeat","background-position":"center center","background-size":"auto","background-attachment":"scroll","background-type":"","background-media":"","overlay-type":"","overlay-color":"","overlay-opacity":"","overlay-gradient":""},"tablet":{"background-color":"var(--ast-global-color-5)","background-image":"","background-repeat":"repeat","background-position":"center center","background-size":"auto","background-attachment":"scroll","background-type":"","background-media":"","overlay-type":"","overlay-color":"","overlay-opacity":"","overlay-gradient":""},"mobile":{"background-color":"var(--ast-global-color-5)","background-image":"","background-repeat":"repeat","background-position":"center center","background-size":"auto","background-attachment":"scroll","background-type":"","background-media":"","overlay-type":"","overlay-color":"","overlay-opacity":"","overlay-gradient":""}},"footnotes":""},"class_list":["post-12693","page","type-page","status-publish","hentry"],"uagb_featured_image_src":{"full":false,"thumbnail":false,"medium":false,"medium_large":false,"large":false,"1536x1536":false,"2048x2048":false,"woocommerce_thumbnail":false,"woocommerce_single":false,"woocommerce_gallery_thumbnail":false,"variation_swatches_image_size":false,"variation_swatches_tooltip_size":false,"dgwt-wcas-product-suggestion":false},"uagb_author_info":{"display_name":"admin","author_link":"https:\/\/myreplicawatches.io\/de\/author\/admin\/"},"uagb_comment_info":0,"uagb_excerpt":"F\u00fcr Fragen, Modellanfragen und alle anderen Informationen, die Sie von uns ben\u00f6tigen, steht Ihnen unser Kundensupport zur Verf\u00fcgung. Sie k\u00f6nnen uns eine E-Mail schicken an: luxhyped1@gmail.com Adresse: Ariel Way, London W12 7GF, Vereinigtes K\u00f6nigreich","jetpack_sharing_enabled":true,"_links":{"self":[{"href":"https:\/\/myreplicawatches.io\/de\/wp-json\/wp\/v2\/pages\/12693","targetHints":{"allow":["GET"]}}],"collection":[{"href":"https:\/\/myreplicawatches.io\/de\/wp-json\/wp\/v2\/pages"}],"about":[{"href":"https:\/\/myreplicawatches.io\/de\/wp-json\/wp\/v2\/types\/page"}],"author":[{"embeddable":true,"href":"https:\/\/myreplicawatches.io\/de\/wp-json\/wp\/v2\/users\/1"}],"replies":[{"embeddable":true,"href":"https:\/\/myreplicawatches.io\/de\/wp-json\/wp\/v2\/comments?post=12693"}],"version-history":[{"count":3,"href":"https:\/\/myreplicawatches.io\/de\/wp-json\/wp\/v2\/pages\/12693\/revisions"}],"predecessor-version":[{"id":13649,"href":"https:\/\/myreplicawatches.io\/de\/wp-json\/wp\/v2\/pages\/12693\/revisions\/13649"}],"wp:attachment":[{"href":"https:\/\/myreplicawatches.io\/de\/wp-json\/wp\/v2\/media?parent=12693"}],"curies":[{"name":"wp","href":"https:\/\/api.w.org\/{rel}","templated":true}]}}